{"id":18157,"date":"2020-03-06T00:11:52","date_gmt":"2020-03-05T23:11:52","guid":{"rendered":"https:\/\/www.vermikompostuj.cz\/produkt\/substrat-na-sadenie-a-vysev-semien-5-litrov\/"},"modified":"2020-03-06T00:11:52","modified_gmt":"2020-03-05T23:11:52","slug":"substrat-substrat-osivo-5-litrov","status":"publish","type":"product","link":"https:\/\/www.vermikompostuj.cz\/sk\/produkt\/substrat-substrat-osivo-5-litrov\/","title":{"rendered":"Substr\u00e1t na sadenie a v\u00fdsev semien (5 litrov)"},"content":{"rendered":"<p>Balenie obsahuje substr\u00e1t &#8211; vermikompost, ktor\u00fd poskytuje ide\u00e1lne prostredie na v\u00fdsev semien, zvy\u0161uje kl\u00ed\u010divos\u0165 semien a podporuje r\u00fdchly rast rastl\u00edn. Ide\u00e1lne pr\u00edrodn\u00e9 hnojivo, ktor\u00e9 neobsahuje \u017eiadne chemik\u00e1lie, tak\u017ee m\u00f4\u017eete pestova\u0165 ve\u013ek\u00e9 zdrav\u00e9 plody bez pou\u017eitia chemik\u00e1li\u00ed.<\/p>\n<h3>Pre\u010do je vermikompost dobr\u00fd pre na\u0161e rastliny?<\/h3>\n<ul>\n<li>\u0160t\u00e1tny sk\u00fa\u0161obn\u00fd \u00fastav preuk\u00e1zal o 33 % vy\u0161\u0161ie \u00farody papriky, jah\u00f4d a dokonca o 70 % vy\u0161\u0161ie \u00farody zemiakov pri rastlin\u00e1ch hnojen\u00fdch vermikompostom.<\/li>\n<li>V\u00fdsledn\u00fd vermikompost podporuje rast, kvitnutie, plodnos\u0165 a odolnos\u0165 rastl\u00edn vo\u010di chorob\u00e1m<\/li>\n<li>Produkuje hum\u00ednov\u00e9 kyseliny a cytokin\u00edny, ktor\u00e9 podporuj\u00fa zdrav\u00fd rast rastl\u00edn a zvy\u0161uj\u00fa obsah vitam\u00ednov a miner\u00e1lov v ovoc\u00ed a zelenine<\/li>\n<li>Zvy\u0161uje kl\u00ed\u010divos\u0165 semien a\u017e o 30 %<\/li>\n<li>Podporuje rast silnej\u0161\u00edch rastl\u00edn<\/li>\n<li>Zvy\u0161uje plodnos\u0165<\/li>\n<\/ul>\n","protected":false},"excerpt":{"rendered":"<p>Balenie obsahuje 5 litrov najlep\u0161ieho hnojiva pre va\u0161e rastliny &#8211; kvalitn\u00e9ho vermikompostu, ktor\u00fd produkuj\u00fa kalifornsk\u00e9 d\u00e1\u017e\u010fovky. Je to pr\u00edrodn\u00fd substr\u00e1t bohat\u00fd na miner\u00e1ly, enz\u00fdmy a \u017eiviny, ktor\u00e9 podporuj\u00fa rast rastl\u00edn a zvy\u0161uj\u00fa kl\u00ed\u010divos\u0165 semien. Ide\u00e1lny substr\u00e1t na v\u00fdsadbu a predpestovanie, ako aj na hnojenie u\u017e vysaden\u00fdch rastl\u00edn.<\/p>\n","protected":false},"featured_media":17876,"template":"","meta":{"site-sidebar-layout":"default","site-content-layout":"default","ast-global-header-display":"","ast-main-header-display":"","ast-hfb-above-header-display":"","ast-hfb-below-header-display":"","ast-hfb-mobile-header-display":"","site-post-title":"","ast-breadcrumbs-content":"","ast-featured-img":"","footer-sml-layout":"","theme-transparent-header-meta":"default","adv-header-id-meta":"","stick-header-meta":"","header-above-stick-meta":"","header-main-stick-meta":"","header-below-stick-meta":""},"product_brand":[],"product_cat":[144,151],"product_tag":[155,153,158,159,162,156,157,154,161,152,160],"class_list":{"0":"post-18157","1":"product","2":"type-product","3":"status-publish","4":"has-post-thumbnail","6":"product_cat-zahrada-sk","7":"product_cat-pestovanie-rastlin","8":"product_tag-cierna-zem","9":"product_tag-hnojivo-pre-rastliny","10":"product_tag-organicke-hnojivo-sk","11":"product_tag-pestovanie-rastlin","12":"product_tag-pestovatelia","13":"product_tag-prirodne-hnojivo","14":"product_tag-semena-sk","15":"product_tag-urodna-poda","16":"product_tag-veda-o-semenach","17":"product_tag-vermikompost-sk","18":"product_tag-vysadba-sk","19":"desktop-align-center","20":"tablet-align-center","21":"mobile-align-center","23":"first","24":"instock","25":"shipping-taxable","26":"purchasable","27":"product-type-simple"},"yoast_head":"<!-- This site is optimized with the Yoast SEO plugin v24.1 - https:\/\/yoast.com\/wordpress\/plugins\/seo\/ -->\n<title>- Pr\u00edrodn\u00e9 hnojivo<\/title>\n<meta name=\"description\" content=\"Baliaci substr\u00e1t na sadenie semien, predpestovanie rastl\u00edn, hnojenie rastl\u00edn, v\u00fdsev. Pr\u00edrodn\u00e9 hnojivo, ktor\u00e9 podporuje rast a \u00farodnos\u0165 rastl\u00edn.\" \/>\n<meta name=\"robots\" content=\"index, follow, max-snippet:-1, max-image-preview:large, max-video-preview:-1\" \/>\n<link rel=\"canonical\" href=\"https:\/\/www.vermikompostuj.cz\/sk\/produkt\/substrat-substrat-osivo-5-litrov\/\" \/>\n<meta property=\"og:locale\" content=\"sk_SK\" \/>\n<meta property=\"og:type\" content=\"article\" \/>\n<meta property=\"og:title\" content=\"- Pr\u00edrodn\u00e9 hnojivo\" \/>\n<meta property=\"og:description\" content=\"Baliaci substr\u00e1t na sadenie semien, predpestovanie rastl\u00edn, hnojenie rastl\u00edn, v\u00fdsev. Pr\u00edrodn\u00e9 hnojivo, ktor\u00e9 podporuje rast a \u00farodnos\u0165 rastl\u00edn.\" \/>\n<meta property=\"og:url\" content=\"https:\/\/www.vermikompostuj.cz\/sk\/produkt\/substrat-substrat-osivo-5-litrov\/\" \/>\n<meta property=\"og:site_name\" content=\"Vermikompostuj.cz\" \/>\n<meta property=\"article:publisher\" content=\"https:\/\/www.facebook.com\/prodejkalifornskychzizal\/\" \/>\n<meta property=\"og:image\" content=\"https:\/\/www.vermikompostuj.cz\/wp-content\/uploads\/2020\/02\/hands-1838658_1280.jpg\" \/>\n\t<meta property=\"og:image:width\" content=\"1280\" \/>\n\t<meta property=\"og:image:height\" content=\"856\" \/>\n\t<meta property=\"og:image:type\" content=\"image\/jpeg\" \/>\n<meta name=\"twitter:card\" content=\"summary_large_image\" \/>\n<meta name=\"twitter:label1\" content=\"Predpokladan\u00fd \u010das \u010d\u00edtania\" \/>\n\t<meta name=\"twitter:data1\" content=\"1 min\u00fata\" \/>\n<script type=\"application\/ld+json\" class=\"yoast-schema-graph\">{\"@context\":\"https:\/\/schema.org\",\"@graph\":[{\"@type\":\"WebPage\",\"@id\":\"https:\/\/www.vermikompostuj.cz\/sk\/produkt\/substrat-substrat-osivo-5-litrov\/\",\"url\":\"https:\/\/www.vermikompostuj.cz\/sk\/produkt\/substrat-substrat-osivo-5-litrov\/\",\"name\":\"- Pr\u00edrodn\u00e9 hnojivo\",\"isPartOf\":{\"@id\":\"https:\/\/www.vermikompostuj.cz\/sk\/cz\/#website\"},\"primaryImageOfPage\":{\"@id\":\"https:\/\/www.vermikompostuj.cz\/sk\/produkt\/substrat-substrat-osivo-5-litrov\/#primaryimage\"},\"image\":{\"@id\":\"https:\/\/www.vermikompostuj.cz\/sk\/produkt\/substrat-substrat-osivo-5-litrov\/#primaryimage\"},\"thumbnailUrl\":\"https:\/\/www.vermikompostuj.cz\/wp-content\/uploads\/2020\/02\/hands-1838658_1280.jpg\",\"datePublished\":\"2020-03-05T23:11:52+00:00\",\"dateModified\":\"2020-03-05T23:11:52+00:00\",\"description\":\"Baliaci substr\u00e1t na sadenie semien, predpestovanie rastl\u00edn, hnojenie rastl\u00edn, v\u00fdsev. Pr\u00edrodn\u00e9 hnojivo, ktor\u00e9 podporuje rast a \u00farodnos\u0165 rastl\u00edn.\",\"breadcrumb\":{\"@id\":\"https:\/\/www.vermikompostuj.cz\/sk\/produkt\/substrat-substrat-osivo-5-litrov\/#breadcrumb\"},\"inLanguage\":\"sk-SK\",\"potentialAction\":[{\"@type\":\"ReadAction\",\"target\":[\"https:\/\/www.vermikompostuj.cz\/sk\/produkt\/substrat-substrat-osivo-5-litrov\/\"]}]},{\"@type\":\"ImageObject\",\"inLanguage\":\"sk-SK\",\"@id\":\"https:\/\/www.vermikompostuj.cz\/sk\/produkt\/substrat-substrat-osivo-5-litrov\/#primaryimage\",\"url\":\"https:\/\/www.vermikompostuj.cz\/wp-content\/uploads\/2020\/02\/hands-1838658_1280.jpg\",\"contentUrl\":\"https:\/\/www.vermikompostuj.cz\/wp-content\/uploads\/2020\/02\/hands-1838658_1280.jpg\",\"width\":1280,\"height\":856,\"caption\":\"Vermikompost\"},{\"@type\":\"BreadcrumbList\",\"@id\":\"https:\/\/www.vermikompostuj.cz\/sk\/produkt\/substrat-substrat-osivo-5-litrov\/#breadcrumb\",\"itemListElement\":[{\"@type\":\"ListItem\",\"position\":1,\"name\":\"Dom\u016f\",\"item\":\"https:\/\/www.vermikompostuj.cz\/sk\/shop-2\/\"},{\"@type\":\"ListItem\",\"position\":2,\"name\":\"Shop\",\"item\":\"https:\/\/www.vermikompostuj.cz\/sk\/shop-2\/\"},{\"@type\":\"ListItem\",\"position\":3,\"name\":\"Substr\u00e1t na sadenie a v\u00fdsev semien (5 litrov)\"}]},{\"@type\":\"WebSite\",\"@id\":\"https:\/\/www.vermikompostuj.cz\/sk\/cz\/#website\",\"url\":\"https:\/\/www.vermikompostuj.cz\/sk\/cz\/\",\"name\":\"Vermikompostuj.cz-Prodej kalifornsk\u00fdch \u017e\u00ed\u017eal\",\"description\":\"Prodej kalifornsk\u00fdch \u017e\u00ed\u017eal\",\"publisher\":{\"@id\":\"https:\/\/www.vermikompostuj.cz\/sk\/cz\/#organization\"},\"potentialAction\":[{\"@type\":\"SearchAction\",\"target\":{\"@type\":\"EntryPoint\",\"urlTemplate\":\"https:\/\/www.vermikompostuj.cz\/sk\/cz\/?s={search_term_string}\"},\"query-input\":{\"@type\":\"PropertyValueSpecification\",\"valueRequired\":true,\"valueName\":\"search_term_string\"}}],\"inLanguage\":\"sk-SK\"},{\"@type\":\"Organization\",\"@id\":\"https:\/\/www.vermikompostuj.cz\/sk\/cz\/#organization\",\"name\":\"Vermikompostuj.cz\",\"url\":\"https:\/\/www.vermikompostuj.cz\/sk\/cz\/\",\"logo\":{\"@type\":\"ImageObject\",\"inLanguage\":\"sk-SK\",\"@id\":\"https:\/\/www.vermikompostuj.cz\/sk\/cz\/#\/schema\/logo\/image\/\",\"url\":\"https:\/\/www.vermikompostuj.cz\/wp-content\/uploads\/2020\/02\/8593932_001V-1.jpg\",\"contentUrl\":\"https:\/\/www.vermikompostuj.cz\/wp-content\/uploads\/2020\/02\/8593932_001V-1.jpg\",\"width\":840,\"height\":558,\"caption\":\"Vermikompostuj.cz\"},\"image\":{\"@id\":\"https:\/\/www.vermikompostuj.cz\/sk\/cz\/#\/schema\/logo\/image\/\"},\"sameAs\":[\"https:\/\/www.facebook.com\/prodejkalifornskychzizal\/\",\"https:\/\/www.instagram.com\/vermikompostuj.cz\/\",\"https:\/\/cs.wikipedia.org\/wiki\/Vermikompost\"]}]}<\/script>\n<!-- \/ Yoast SEO plugin. -->","yoast_head_json":{"title":"- Pr\u00edrodn\u00e9 hnojivo","description":"Baliaci substr\u00e1t na sadenie semien, predpestovanie rastl\u00edn, hnojenie rastl\u00edn, v\u00fdsev. Pr\u00edrodn\u00e9 hnojivo, ktor\u00e9 podporuje rast a \u00farodnos\u0165 rastl\u00edn.","robots":{"index":"index","follow":"follow","max-snippet":"max-snippet:-1","max-image-preview":"max-image-preview:large","max-video-preview":"max-video-preview:-1"},"canonical":"https:\/\/www.vermikompostuj.cz\/sk\/produkt\/substrat-substrat-osivo-5-litrov\/","og_locale":"sk_SK","og_type":"article","og_title":"- Pr\u00edrodn\u00e9 hnojivo","og_description":"Baliaci substr\u00e1t na sadenie semien, predpestovanie rastl\u00edn, hnojenie rastl\u00edn, v\u00fdsev. Pr\u00edrodn\u00e9 hnojivo, ktor\u00e9 podporuje rast a \u00farodnos\u0165 rastl\u00edn.","og_url":"https:\/\/www.vermikompostuj.cz\/sk\/produkt\/substrat-substrat-osivo-5-litrov\/","og_site_name":"Vermikompostuj.cz","article_publisher":"https:\/\/www.facebook.com\/prodejkalifornskychzizal\/","og_image":[{"width":1280,"height":856,"url":"https:\/\/www.vermikompostuj.cz\/wp-content\/uploads\/2020\/02\/hands-1838658_1280.jpg","type":"image\/jpeg"}],"twitter_card":"summary_large_image","twitter_misc":{"Predpokladan\u00fd \u010das \u010d\u00edtania":"1 min\u00fata"},"schema":{"@context":"https:\/\/schema.org","@graph":[{"@type":"WebPage","@id":"https:\/\/www.vermikompostuj.cz\/sk\/produkt\/substrat-substrat-osivo-5-litrov\/","url":"https:\/\/www.vermikompostuj.cz\/sk\/produkt\/substrat-substrat-osivo-5-litrov\/","name":"- Pr\u00edrodn\u00e9 hnojivo","isPartOf":{"@id":"https:\/\/www.vermikompostuj.cz\/sk\/cz\/#website"},"primaryImageOfPage":{"@id":"https:\/\/www.vermikompostuj.cz\/sk\/produkt\/substrat-substrat-osivo-5-litrov\/#primaryimage"},"image":{"@id":"https:\/\/www.vermikompostuj.cz\/sk\/produkt\/substrat-substrat-osivo-5-litrov\/#primaryimage"},"thumbnailUrl":"https:\/\/www.vermikompostuj.cz\/wp-content\/uploads\/2020\/02\/hands-1838658_1280.jpg","datePublished":"2020-03-05T23:11:52+00:00","dateModified":"2020-03-05T23:11:52+00:00","description":"Baliaci substr\u00e1t na sadenie semien, predpestovanie rastl\u00edn, hnojenie rastl\u00edn, v\u00fdsev. Pr\u00edrodn\u00e9 hnojivo, ktor\u00e9 podporuje rast a \u00farodnos\u0165 rastl\u00edn.","breadcrumb":{"@id":"https:\/\/www.vermikompostuj.cz\/sk\/produkt\/substrat-substrat-osivo-5-litrov\/#breadcrumb"},"inLanguage":"sk-SK","potentialAction":[{"@type":"ReadAction","target":["https:\/\/www.vermikompostuj.cz\/sk\/produkt\/substrat-substrat-osivo-5-litrov\/"]}]},{"@type":"ImageObject","inLanguage":"sk-SK","@id":"https:\/\/www.vermikompostuj.cz\/sk\/produkt\/substrat-substrat-osivo-5-litrov\/#primaryimage","url":"https:\/\/www.vermikompostuj.cz\/wp-content\/uploads\/2020\/02\/hands-1838658_1280.jpg","contentUrl":"https:\/\/www.vermikompostuj.cz\/wp-content\/uploads\/2020\/02\/hands-1838658_1280.jpg","width":1280,"height":856,"caption":"Vermikompost"},{"@type":"BreadcrumbList","@id":"https:\/\/www.vermikompostuj.cz\/sk\/produkt\/substrat-substrat-osivo-5-litrov\/#breadcrumb","itemListElement":[{"@type":"ListItem","position":1,"name":"Dom\u016f","item":"https:\/\/www.vermikompostuj.cz\/sk\/shop-2\/"},{"@type":"ListItem","position":2,"name":"Shop","item":"https:\/\/www.vermikompostuj.cz\/sk\/shop-2\/"},{"@type":"ListItem","position":3,"name":"Substr\u00e1t na sadenie a v\u00fdsev semien (5 litrov)"}]},{"@type":"WebSite","@id":"https:\/\/www.vermikompostuj.cz\/sk\/cz\/#website","url":"https:\/\/www.vermikompostuj.cz\/sk\/cz\/","name":"Vermikompostuj.cz-Prodej kalifornsk\u00fdch \u017e\u00ed\u017eal","description":"Prodej kalifornsk\u00fdch \u017e\u00ed\u017eal","publisher":{"@id":"https:\/\/www.vermikompostuj.cz\/sk\/cz\/#organization"},"potentialAction":[{"@type":"SearchAction","target":{"@type":"EntryPoint","urlTemplate":"https:\/\/www.vermikompostuj.cz\/sk\/cz\/?s={search_term_string}"},"query-input":{"@type":"PropertyValueSpecification","valueRequired":true,"valueName":"search_term_string"}}],"inLanguage":"sk-SK"},{"@type":"Organization","@id":"https:\/\/www.vermikompostuj.cz\/sk\/cz\/#organization","name":"Vermikompostuj.cz","url":"https:\/\/www.vermikompostuj.cz\/sk\/cz\/","logo":{"@type":"ImageObject","inLanguage":"sk-SK","@id":"https:\/\/www.vermikompostuj.cz\/sk\/cz\/#\/schema\/logo\/image\/","url":"https:\/\/www.vermikompostuj.cz\/wp-content\/uploads\/2020\/02\/8593932_001V-1.jpg","contentUrl":"https:\/\/www.vermikompostuj.cz\/wp-content\/uploads\/2020\/02\/8593932_001V-1.jpg","width":840,"height":558,"caption":"Vermikompostuj.cz"},"image":{"@id":"https:\/\/www.vermikompostuj.cz\/sk\/cz\/#\/schema\/logo\/image\/"},"sameAs":["https:\/\/www.facebook.com\/prodejkalifornskychzizal\/","https:\/\/www.instagram.com\/vermikompostuj.cz\/","https:\/\/cs.wikipedia.org\/wiki\/Vermikompost"]}]}},"_links":{"self":[{"href":"https:\/\/www.vermikompostuj.cz\/sk\/wp-json\/wp\/v2\/product\/18157","targetHints":{"allow":["GET"]}}],"collection":[{"href":"https:\/\/www.vermikompostuj.cz\/sk\/wp-json\/wp\/v2\/product"}],"about":[{"href":"https:\/\/www.vermikompostuj.cz\/sk\/wp-json\/wp\/v2\/types\/product"}],"version-history":[{"count":0,"href":"https:\/\/www.vermikompostuj.cz\/sk\/wp-json\/wp\/v2\/product\/18157\/revisions"}],"wp:featuredmedia":[{"embeddable":true,"href":"https:\/\/www.vermikompostuj.cz\/sk\/wp-json\/wp\/v2\/media\/17876"}],"wp:attachment":[{"href":"https:\/\/www.vermikompostuj.cz\/sk\/wp-json\/wp\/v2\/media?parent=18157"}],"wp:term":[{"taxonomy":"product_brand","embeddable":true,"href":"https:\/\/www.vermikompostuj.cz\/sk\/wp-json\/wp\/v2\/product_brand?post=18157"},{"taxonomy":"product_cat","embeddable":true,"href":"https:\/\/www.vermikompostuj.cz\/sk\/wp-json\/wp\/v2\/product_cat?post=18157"},{"taxonomy":"product_tag","embeddable":true,"href":"https:\/\/www.vermikompostuj.cz\/sk\/wp-json\/wp\/v2\/product_tag?post=18157"}],"curies":[{"name":"wp","href":"https:\/\/api.w.org\/{rel}","templated":true}]}}