{"id":18158,"date":"2020-03-21T18:30:17","date_gmt":"2020-03-21T17:30:17","guid":{"rendered":"https:\/\/www.vermikompostuj.cz\/produkt\/medvedik-pre-vasich-najdrahsich\/"},"modified":"2026-04-25T18:21:56","modified_gmt":"2026-04-25T17:21:56","slug":"medovnik-pre-vasu-lasku","status":"publish","type":"product","link":"https:\/\/www.vermikompostuj.cz\/sk\/produkt\/medovnik-pre-vasu-lasku\/","title":{"rendered":"Medved\u00edk &#8211; Pre va\u0161ich najdrah\u0161\u00edch"},"content":{"rendered":"<p><strong>Pre\u010do si k\u00fapi\u0165 medve\u010fa?<\/strong><\/p>\n<ul>\n<li>Skvel\u00fd dar\u010dek pre va\u0161ich bl\u00edzkych<\/li>\n<li>Ka\u017ed\u00e9 die\u0165a to ocen\u00ed a navy\u0161e prispejete k ich zdraviu.<\/li>\n<li>Ide\u00e1lne na d\u00e1vkovanie medu priamo do \u010daju alebo na pe\u010divo<\/li>\n<li>Med podporuje imunitu va\u0161ich det\u00ed<\/li>\n<li>100% pr\u00edrodn\u00fd med priamo od v\u010del\u00e1ra<\/li>\n<\/ul>\n","protected":false},"excerpt":{"rendered":"<p>Medovn\u00edk priamo od v\u010del\u00e1ra vy\u010dar\u00ed va\u0161im bl\u00edzkym \u00fasmev na tv\u00e1ri. Obsahuje 100 % pr\u00edrodn\u00fd kvetinov\u00fd med. Medved\u00edky sa dod\u00e1vaj\u00fa v dvoch ve\u013ekostiach 250 g a 400 g.<\/p>\n","protected":false},"featured_media":17987,"template":"","meta":{"site-sidebar-layout":"default","site-content-layout":"default","ast-global-header-display":"","ast-main-header-display":"","ast-hfb-above-header-display":"","ast-hfb-below-header-display":"","ast-hfb-mobile-header-display":"","site-post-title":"","ast-breadcrumbs-content":"","ast-featured-img":"","footer-sml-layout":"","theme-transparent-header-meta":"default","adv-header-id-meta":"","stick-header-meta":"","header-above-stick-meta":"","header-main-stick-meta":"","header-below-stick-meta":""},"product_brand":[],"product_cat":[147,146,165],"product_tag":[167,166,168],"class_list":{"0":"post-18158","1":"product","2":"type-product","3":"status-publish","4":"has-post-thumbnail","6":"product_cat-tipy-na-darceky","7":"product_cat-pre-deti","8":"product_cat-priamo-od-vcelara","9":"product_tag-darcek","10":"product_tag-priamo-od-vcelara","11":"product_tag-vcelie-produkty","12":"pa_a1-mensi-medvedik","13":"pa_a1-velky-medvedik","14":"desktop-align-center","15":"tablet-align-center","16":"mobile-align-center","18":"first","19":"instock","20":"shipping-taxable","21":"purchasable","22":"product-type-variable"},"yoast_head":"<!-- This site is optimized with the Yoast SEO plugin v24.1 - https:\/\/yoast.com\/wordpress\/plugins\/seo\/ -->\n<title>Honey Bear - Med priamo od v\u010del\u00e1ra -<\/title>\n<meta name=\"description\" content=\"Med medonosn\u00fd priamo od v\u010del\u00e1ra. Obsahuje 100 % pr\u00edrodn\u00fd kvetinov\u00fd med. Medvede sa dod\u00e1vaj\u00fa v dvoch ve\u013ekostiach 250 g a 400 g\" \/>\n<meta name=\"robots\" content=\"index, follow, max-snippet:-1, max-image-preview:large, max-video-preview:-1\" \/>\n<link rel=\"canonical\" href=\"https:\/\/www.vermikompostuj.cz\/sk\/produkt\/medovnik-pre-vasu-lasku\/\" \/>\n<meta property=\"og:locale\" content=\"sk_SK\" \/>\n<meta property=\"og:type\" content=\"article\" \/>\n<meta property=\"og:title\" content=\"Honey Bear - Med priamo od v\u010del\u00e1ra -\" \/>\n<meta property=\"og:description\" content=\"Med medonosn\u00fd priamo od v\u010del\u00e1ra. Obsahuje 100 % pr\u00edrodn\u00fd kvetinov\u00fd med. Medvede sa dod\u00e1vaj\u00fa v dvoch ve\u013ekostiach 250 g a 400 g\" \/>\n<meta property=\"og:url\" content=\"https:\/\/www.vermikompostuj.cz\/sk\/produkt\/medovnik-pre-vasu-lasku\/\" \/>\n<meta property=\"og:site_name\" content=\"Vermikompostuj.cz\" \/>\n<meta property=\"article:publisher\" content=\"https:\/\/www.facebook.com\/prodejkalifornskychzizal\/\" \/>\n<meta property=\"article:modified_time\" content=\"2026-04-25T17:21:56+00:00\" \/>\n<meta property=\"og:image\" content=\"https:\/\/www.vermikompostuj.cz\/wp-content\/uploads\/2020\/03\/mal\u00fd.jpg\" \/>\n\t<meta property=\"og:image:width\" content=\"1000\" \/>\n\t<meta property=\"og:image:height\" content=\"797\" \/>\n\t<meta property=\"og:image:type\" content=\"image\/jpeg\" \/>\n<meta name=\"twitter:card\" content=\"summary_large_image\" \/>\n<script type=\"application\/ld+json\" class=\"yoast-schema-graph\">{\"@context\":\"https:\/\/schema.org\",\"@graph\":[{\"@type\":\"WebPage\",\"@id\":\"https:\/\/www.vermikompostuj.cz\/sk\/produkt\/medovnik-pre-vasu-lasku\/\",\"url\":\"https:\/\/www.vermikompostuj.cz\/sk\/produkt\/medovnik-pre-vasu-lasku\/\",\"name\":\"Honey Bear - Med priamo od v\u010del\u00e1ra -\",\"isPartOf\":{\"@id\":\"https:\/\/www.vermikompostuj.cz\/sk\/cz\/#website\"},\"primaryImageOfPage\":{\"@id\":\"https:\/\/www.vermikompostuj.cz\/sk\/produkt\/medovnik-pre-vasu-lasku\/#primaryimage\"},\"image\":{\"@id\":\"https:\/\/www.vermikompostuj.cz\/sk\/produkt\/medovnik-pre-vasu-lasku\/#primaryimage\"},\"thumbnailUrl\":\"https:\/\/www.vermikompostuj.cz\/wp-content\/uploads\/2020\/03\/mal\u00fd.jpg\",\"datePublished\":\"2020-03-21T17:30:17+00:00\",\"dateModified\":\"2026-04-25T17:21:56+00:00\",\"description\":\"Med medonosn\u00fd priamo od v\u010del\u00e1ra. Obsahuje 100 % pr\u00edrodn\u00fd kvetinov\u00fd med. Medvede sa dod\u00e1vaj\u00fa v dvoch ve\u013ekostiach 250 g a 400 g\",\"breadcrumb\":{\"@id\":\"https:\/\/www.vermikompostuj.cz\/sk\/produkt\/medovnik-pre-vasu-lasku\/#breadcrumb\"},\"inLanguage\":\"sk-SK\",\"potentialAction\":[{\"@type\":\"ReadAction\",\"target\":[\"https:\/\/www.vermikompostuj.cz\/sk\/produkt\/medovnik-pre-vasu-lasku\/\"]}]},{\"@type\":\"ImageObject\",\"inLanguage\":\"sk-SK\",\"@id\":\"https:\/\/www.vermikompostuj.cz\/sk\/produkt\/medovnik-pre-vasu-lasku\/#primaryimage\",\"url\":\"https:\/\/www.vermikompostuj.cz\/wp-content\/uploads\/2020\/03\/mal\u00fd.jpg\",\"contentUrl\":\"https:\/\/www.vermikompostuj.cz\/wp-content\/uploads\/2020\/03\/mal\u00fd.jpg\",\"width\":1000,\"height\":797,\"caption\":\"Medov\u00fd medv\u00eddek\"},{\"@type\":\"BreadcrumbList\",\"@id\":\"https:\/\/www.vermikompostuj.cz\/sk\/produkt\/medovnik-pre-vasu-lasku\/#breadcrumb\",\"itemListElement\":[{\"@type\":\"ListItem\",\"position\":1,\"name\":\"Dom\u016f\",\"item\":\"https:\/\/www.vermikompostuj.cz\/sk\/shop-2\/\"},{\"@type\":\"ListItem\",\"position\":2,\"name\":\"Shop\",\"item\":\"https:\/\/www.vermikompostuj.cz\/sk\/shop-2\/\"},{\"@type\":\"ListItem\",\"position\":3,\"name\":\"Medved\u00edk &#8211; Pre va\u0161ich najdrah\u0161\u00edch\"}]},{\"@type\":\"WebSite\",\"@id\":\"https:\/\/www.vermikompostuj.cz\/sk\/cz\/#website\",\"url\":\"https:\/\/www.vermikompostuj.cz\/sk\/cz\/\",\"name\":\"Vermikompostuj.cz-Prodej kalifornsk\u00fdch \u017e\u00ed\u017eal\",\"description\":\"Prodej kalifornsk\u00fdch \u017e\u00ed\u017eal\",\"publisher\":{\"@id\":\"https:\/\/www.vermikompostuj.cz\/sk\/cz\/#organization\"},\"potentialAction\":[{\"@type\":\"SearchAction\",\"target\":{\"@type\":\"EntryPoint\",\"urlTemplate\":\"https:\/\/www.vermikompostuj.cz\/sk\/cz\/?s={search_term_string}\"},\"query-input\":{\"@type\":\"PropertyValueSpecification\",\"valueRequired\":true,\"valueName\":\"search_term_string\"}}],\"inLanguage\":\"sk-SK\"},{\"@type\":\"Organization\",\"@id\":\"https:\/\/www.vermikompostuj.cz\/sk\/cz\/#organization\",\"name\":\"Vermikompostuj.cz\",\"url\":\"https:\/\/www.vermikompostuj.cz\/sk\/cz\/\",\"logo\":{\"@type\":\"ImageObject\",\"inLanguage\":\"sk-SK\",\"@id\":\"https:\/\/www.vermikompostuj.cz\/sk\/cz\/#\/schema\/logo\/image\/\",\"url\":\"https:\/\/www.vermikompostuj.cz\/wp-content\/uploads\/2020\/02\/8593932_001V-1.jpg\",\"contentUrl\":\"https:\/\/www.vermikompostuj.cz\/wp-content\/uploads\/2020\/02\/8593932_001V-1.jpg\",\"width\":840,\"height\":558,\"caption\":\"Vermikompostuj.cz\"},\"image\":{\"@id\":\"https:\/\/www.vermikompostuj.cz\/sk\/cz\/#\/schema\/logo\/image\/\"},\"sameAs\":[\"https:\/\/www.facebook.com\/prodejkalifornskychzizal\/\",\"https:\/\/www.instagram.com\/vermikompostuj.cz\/\",\"https:\/\/cs.wikipedia.org\/wiki\/Vermikompost\"]}]}<\/script>\n<!-- \/ Yoast SEO plugin. -->","yoast_head_json":{"title":"Honey Bear - Med priamo od v\u010del\u00e1ra -","description":"Med medonosn\u00fd priamo od v\u010del\u00e1ra. Obsahuje 100 % pr\u00edrodn\u00fd kvetinov\u00fd med. Medvede sa dod\u00e1vaj\u00fa v dvoch ve\u013ekostiach 250 g a 400 g","robots":{"index":"index","follow":"follow","max-snippet":"max-snippet:-1","max-image-preview":"max-image-preview:large","max-video-preview":"max-video-preview:-1"},"canonical":"https:\/\/www.vermikompostuj.cz\/sk\/produkt\/medovnik-pre-vasu-lasku\/","og_locale":"sk_SK","og_type":"article","og_title":"Honey Bear - Med priamo od v\u010del\u00e1ra -","og_description":"Med medonosn\u00fd priamo od v\u010del\u00e1ra. Obsahuje 100 % pr\u00edrodn\u00fd kvetinov\u00fd med. Medvede sa dod\u00e1vaj\u00fa v dvoch ve\u013ekostiach 250 g a 400 g","og_url":"https:\/\/www.vermikompostuj.cz\/sk\/produkt\/medovnik-pre-vasu-lasku\/","og_site_name":"Vermikompostuj.cz","article_publisher":"https:\/\/www.facebook.com\/prodejkalifornskychzizal\/","article_modified_time":"2026-04-25T17:21:56+00:00","og_image":[{"width":1000,"height":797,"url":"https:\/\/www.vermikompostuj.cz\/wp-content\/uploads\/2020\/03\/mal\u00fd.jpg","type":"image\/jpeg"}],"twitter_card":"summary_large_image","schema":{"@context":"https:\/\/schema.org","@graph":[{"@type":"WebPage","@id":"https:\/\/www.vermikompostuj.cz\/sk\/produkt\/medovnik-pre-vasu-lasku\/","url":"https:\/\/www.vermikompostuj.cz\/sk\/produkt\/medovnik-pre-vasu-lasku\/","name":"Honey Bear - Med priamo od v\u010del\u00e1ra -","isPartOf":{"@id":"https:\/\/www.vermikompostuj.cz\/sk\/cz\/#website"},"primaryImageOfPage":{"@id":"https:\/\/www.vermikompostuj.cz\/sk\/produkt\/medovnik-pre-vasu-lasku\/#primaryimage"},"image":{"@id":"https:\/\/www.vermikompostuj.cz\/sk\/produkt\/medovnik-pre-vasu-lasku\/#primaryimage"},"thumbnailUrl":"https:\/\/www.vermikompostuj.cz\/wp-content\/uploads\/2020\/03\/mal\u00fd.jpg","datePublished":"2020-03-21T17:30:17+00:00","dateModified":"2026-04-25T17:21:56+00:00","description":"Med medonosn\u00fd priamo od v\u010del\u00e1ra. Obsahuje 100 % pr\u00edrodn\u00fd kvetinov\u00fd med. Medvede sa dod\u00e1vaj\u00fa v dvoch ve\u013ekostiach 250 g a 400 g","breadcrumb":{"@id":"https:\/\/www.vermikompostuj.cz\/sk\/produkt\/medovnik-pre-vasu-lasku\/#breadcrumb"},"inLanguage":"sk-SK","potentialAction":[{"@type":"ReadAction","target":["https:\/\/www.vermikompostuj.cz\/sk\/produkt\/medovnik-pre-vasu-lasku\/"]}]},{"@type":"ImageObject","inLanguage":"sk-SK","@id":"https:\/\/www.vermikompostuj.cz\/sk\/produkt\/medovnik-pre-vasu-lasku\/#primaryimage","url":"https:\/\/www.vermikompostuj.cz\/wp-content\/uploads\/2020\/03\/mal\u00fd.jpg","contentUrl":"https:\/\/www.vermikompostuj.cz\/wp-content\/uploads\/2020\/03\/mal\u00fd.jpg","width":1000,"height":797,"caption":"Medov\u00fd medv\u00eddek"},{"@type":"BreadcrumbList","@id":"https:\/\/www.vermikompostuj.cz\/sk\/produkt\/medovnik-pre-vasu-lasku\/#breadcrumb","itemListElement":[{"@type":"ListItem","position":1,"name":"Dom\u016f","item":"https:\/\/www.vermikompostuj.cz\/sk\/shop-2\/"},{"@type":"ListItem","position":2,"name":"Shop","item":"https:\/\/www.vermikompostuj.cz\/sk\/shop-2\/"},{"@type":"ListItem","position":3,"name":"Medved\u00edk &#8211; Pre va\u0161ich najdrah\u0161\u00edch"}]},{"@type":"WebSite","@id":"https:\/\/www.vermikompostuj.cz\/sk\/cz\/#website","url":"https:\/\/www.vermikompostuj.cz\/sk\/cz\/","name":"Vermikompostuj.cz-Prodej kalifornsk\u00fdch \u017e\u00ed\u017eal","description":"Prodej kalifornsk\u00fdch \u017e\u00ed\u017eal","publisher":{"@id":"https:\/\/www.vermikompostuj.cz\/sk\/cz\/#organization"},"potentialAction":[{"@type":"SearchAction","target":{"@type":"EntryPoint","urlTemplate":"https:\/\/www.vermikompostuj.cz\/sk\/cz\/?s={search_term_string}"},"query-input":{"@type":"PropertyValueSpecification","valueRequired":true,"valueName":"search_term_string"}}],"inLanguage":"sk-SK"},{"@type":"Organization","@id":"https:\/\/www.vermikompostuj.cz\/sk\/cz\/#organization","name":"Vermikompostuj.cz","url":"https:\/\/www.vermikompostuj.cz\/sk\/cz\/","logo":{"@type":"ImageObject","inLanguage":"sk-SK","@id":"https:\/\/www.vermikompostuj.cz\/sk\/cz\/#\/schema\/logo\/image\/","url":"https:\/\/www.vermikompostuj.cz\/wp-content\/uploads\/2020\/02\/8593932_001V-1.jpg","contentUrl":"https:\/\/www.vermikompostuj.cz\/wp-content\/uploads\/2020\/02\/8593932_001V-1.jpg","width":840,"height":558,"caption":"Vermikompostuj.cz"},"image":{"@id":"https:\/\/www.vermikompostuj.cz\/sk\/cz\/#\/schema\/logo\/image\/"},"sameAs":["https:\/\/www.facebook.com\/prodejkalifornskychzizal\/","https:\/\/www.instagram.com\/vermikompostuj.cz\/","https:\/\/cs.wikipedia.org\/wiki\/Vermikompost"]}]}},"_links":{"self":[{"href":"https:\/\/www.vermikompostuj.cz\/sk\/wp-json\/wp\/v2\/product\/18158","targetHints":{"allow":["GET"]}}],"collection":[{"href":"https:\/\/www.vermikompostuj.cz\/sk\/wp-json\/wp\/v2\/product"}],"about":[{"href":"https:\/\/www.vermikompostuj.cz\/sk\/wp-json\/wp\/v2\/types\/product"}],"version-history":[{"count":0,"href":"https:\/\/www.vermikompostuj.cz\/sk\/wp-json\/wp\/v2\/product\/18158\/revisions"}],"wp:featuredmedia":[{"embeddable":true,"href":"https:\/\/www.vermikompostuj.cz\/sk\/wp-json\/wp\/v2\/media\/17987"}],"wp:attachment":[{"href":"https:\/\/www.vermikompostuj.cz\/sk\/wp-json\/wp\/v2\/media?parent=18158"}],"wp:term":[{"taxonomy":"product_brand","embeddable":true,"href":"https:\/\/www.vermikompostuj.cz\/sk\/wp-json\/wp\/v2\/product_brand?post=18158"},{"taxonomy":"product_cat","embeddable":true,"href":"https:\/\/www.vermikompostuj.cz\/sk\/wp-json\/wp\/v2\/product_cat?post=18158"},{"taxonomy":"product_tag","embeddable":true,"href":"https:\/\/www.vermikompostuj.cz\/sk\/wp-json\/wp\/v2\/product_tag?post=18158"}],"curies":[{"name":"wp","href":"https:\/\/api.w.org\/{rel}","templated":true}]}}