{"id":18164,"date":"2020-03-06T00:00:31","date_gmt":"2020-03-05T23:00:31","guid":{"rendered":"https:\/\/www.vermikompostuj.cz\/produkt\/achuca-semena-paprikookurka-10ks\/"},"modified":"2020-03-06T00:00:31","modified_gmt":"2020-03-05T23:00:31","slug":"acokca-seed-papricorn-10ks","status":"publish","type":"product","link":"https:\/\/www.vermikompostuj.cz\/sk\/produkt\/acokca-seed-papricorn-10ks\/","title":{"rendered":"Achuca &#8211; semen\u00e1 &#8211; Paprikookurka (10ks)"},"content":{"rendered":"<p><strong>Semen\u00e1 (10ks) &#8211; A\u00e7okcha\/ Paprikookurka\/ Uhorka Inkov\/ Cyclanthera Pedata<\/strong> &#8211; to v\u0161etko s\u00fa n\u00e1zvy tejto rastliny, ktorej plody sa ozna\u010duj\u00fa ako  <strong style=\"font-style: inherit;\">superpotraviny<\/strong>, v\u010faka ich nepopierate\u013enej  <strong style=\"font-style: inherit;\">priazniv\u00e9 \u00fa\u010dinky na zdravie.<\/strong>  Jedna rastlina je schopn\u00e1 produkova\u0165  <strong style=\"font-style: inherit;\">a\u017e sto plodov!<\/strong>  Pestovanie je ve\u013emi jednoduch\u00e9, pre e\u0161te vy\u0161\u0161iu \u00farodnos\u0165 je vhodn\u00e9 pou\u017ei\u0165 choccu  <a style=\"font-style: inherit; font-weight: inherit;\" href=\"https:\/\/www.vermikompostuj.cz\/produkt\/zizali-caj-vermium-1-litr\/\">hnoji\u0165 pr\u00edrodn\u00fdm hnojivom &#8211; \u010dajom z d\u00e1\u017e\u010foviek<\/a>, ktor\u00fd neobsahuje \u017eiadne chemik\u00e1lie a m\u00f4\u017ee extr\u00e9mne  <strong style=\"font-style: inherit;\">kvalitn\u00e9 ekologick\u00e9 v\u00fdrobky!<\/strong><\/p>\n<h5 style=\"font-style: inherit;\"><strong style=\"font-style: inherit;\">\u010co je to vlastne achocha?<\/strong><\/h5>\n<ul style=\"font-style: inherit; font-weight: inherit;\">\n<li style=\"font-style: inherit; font-weight: inherit;\">Je to bujne rast\u00faca liana, ktor\u00e1 poch\u00e1dza z Ju\u017enej Ameriky.<\/li>\n<li style=\"font-style: inherit; font-weight: inherit;\">Plody n\u00e1padne pripom\u00ednaj\u00fa papriku, ale ich chu\u0165 je sk\u00f4r ako uhorka.<\/li>\n<li style=\"font-style: inherit; font-weight: inherit;\">Z jednej rastliny m\u00f4\u017eete nazbiera\u0165 a\u017e sto plodov!<\/li>\n<li style=\"font-style: inherit; font-weight: inherit;\">Ve\u013ekos\u0165 plodov sa pohybuje od 10 do 20 cm<\/li>\n<\/ul>\n<h5 style=\"font-style: inherit;\"><strong style=\"font-style: inherit;\">Pre\u010do pestova\u0165 achokka\/pepercorn?<\/strong><\/h5>\n<ul style=\"font-style: inherit; font-weight: inherit;\">\n<li style=\"font-style: inherit; font-weight: inherit;\">Z jednej rastliny m\u00f4\u017eete nazbiera\u0165 a\u017e sto plodov!<\/li>\n<li style=\"font-style: inherit; font-weight: inherit;\">Netrp\u00ed ples\u0148ami a rod\u00ed a\u017e do mrazov, ve\u013emi \u013eahko sa pestuje<\/li>\n<li style=\"font-style: inherit; font-weight: inherit;\">Plody sa m\u00f4\u017eu konzumova\u0165 surov\u00e9, nakladan\u00e9, varen\u00e9 a pe\u010den\u00e9.<\/li>\n<\/ul>\n<h5 style=\"font-style: inherit;\"><strong style=\"font-style: inherit;\">\u00da\u010dinky achocchi na zdravie<\/strong><\/h5>\n<ul style=\"font-style: inherit; font-weight: inherit;\">\n<li style=\"font-style: inherit; font-weight: inherit;\">P\u00f4sob\u00ed ako podporn\u00fd prostriedok pri cukrovke, preto\u017ee pom\u00e1ha stabilizova\u0165 hladinu cukru v krvi<\/li>\n<li style=\"font-style: inherit; font-weight: inherit;\">L\u00e1tky obsiahnut\u00e9 v a\u00e7ocha p\u00f4sobia pri lie\u010dbe a prevencii por\u00fach krvn\u00e9ho obehu, l\u00e1tky v a\u00e7ocha zbavuj\u00fa cievne steny cholesterolu<\/li>\n<li style=\"font-style: inherit; font-weight: inherit;\">Zni\u017euje krvn\u00fd tlak<\/li>\n<li style=\"font-style: inherit; font-weight: inherit;\">Listy achuky maj\u00fa protiz\u00e1palov\u00fd \u00fa\u010dinok<\/li>\n<li style=\"font-style: inherit; font-weight: inherit;\">Obsahuj\u00fa ve\u013ea vitam\u00ednov a miner\u00e1lov, napr\u00edklad vitam\u00edn C, B1, B2, hor\u010d\u00edk a v\u00e1pnik.<\/li>\n<\/ul>\n<h5 style=\"font-style: inherit;\"><strong style=\"font-style: inherit;\">Ako pestova\u0165 achocchiu?<\/strong><\/h5>\n<ul style=\"font-style: inherit; font-weight: inherit;\">\n<li style=\"font-style: inherit; font-weight: inherit;\">Odpor\u00fa\u010dame predpestovanie na parapete, v\u00fdsev po\u010das apr\u00edla<\/li>\n<li style=\"font-style: inherit; font-weight: inherit;\">V\u00fdsadba predpestovan\u00fdch saden\u00edc v z\u00e1hrade pribli\u017ene v polovici m\u00e1ja<\/li>\n<li style=\"font-style: inherit; font-weight: inherit;\">Umiestnite na dobre osvetlen\u00e9 miesto<\/li>\n<li style=\"font-style: inherit; font-weight: inherit;\">Je to plaziv\u00e1 rastlina, tak\u017ee sa oplat\u00ed vys\u00e1dza\u0165 ju v bl\u00edzkosti plotov, m\u00farov a podobne, na ktor\u00fdch narastie do obrovsk\u00fdch rozmerov.<\/li>\n<li style=\"font-style: inherit; font-weight: inherit;\">Achuca rod\u00ed od za\u010diatku augusta a\u017e do mrazov<\/li>\n<li style=\"font-style: inherit; font-weight: inherit;\">Zrel\u00e9 plody maj\u00fa hnedo\u010dierne semen\u00e1, ktor\u00e9 s\u00fa vhodn\u00e9 na v\u00fdsadbu v nasleduj\u00facom roku.<\/li>\n<\/ul>\n<h5 style=\"font-style: inherit;\"><strong style=\"font-style: inherit;\">Ako spracova\u0165 achoochu?<\/strong><\/h5>\n<ul style=\"font-style: inherit; font-weight: inherit;\">\n<li style=\"font-style: inherit; font-weight: inherit;\">Mlad\u00e9 plody sa daj\u00fa jes\u0165 surov\u00e9, s\u00fa ve\u013emi osvie\u017euj\u00face a chutia ako uhorka.<\/li>\n<li style=\"font-style: inherit; font-weight: inherit;\">Star\u0161ie ovocie je najlep\u0161ie naklada\u0165 do sladkokysl\u00e9ho alebo pikantn\u00e9ho n\u00e1levu, m\u00f4\u017ee sa naklada\u0165 rovnak\u00fdm sp\u00f4sobom ako uhorky.<\/li>\n<li style=\"font-style: inherit; font-weight: inherit;\">Pr\u00edprava jed\u00e1l, ako je m\u00e4sov\u00e1 polievka s ry\u017eou<\/li>\n<li style=\"font-style: inherit; font-weight: inherit;\">Vynikaj\u00face napr\u00edklad do \u0161al\u00e1tov alebo zeleninov\u00fdch polievok<\/li>\n<\/ul>\n<p style=\"font-style: inherit; font-weight: inherit;\">Odpor\u00fa\u010dame zak\u00fapi\u0165 koncentrovan\u00e9 pr\u00edrodn\u00e9 hnojivo &#8211; \u010daj z d\u00e1\u017e\u010foviek, ktor\u00fd podporuje rast, kvitnutie a plodnos\u0165 rastl\u00edn, m\u00f4\u017eete tie\u017e z\u00edska\u0165 obrovsk\u00fa \u00farodu kvalitn\u00fdch \u010dist\u00fdch bio plodov.<\/p>\n","protected":false},"excerpt":{"rendered":"<p><strong>A\u010dok\u010da<\/strong>, zn\u00e1ma aj ako <strong>paprikookurka<\/strong>, korila alebo inck\u00e1 uhorka, je bujne rast\u00faca liana, z jednej rastliny <strong>m\u00f4\u017eete zozbiera\u0165 a\u017e 100 plodov, ktor\u00e9<\/strong> maj\u00fa priazniv\u00e9 \u00fa\u010dinky na zdravie, tvarom pripom\u00ednaj\u00fa papriku, ale chu\u0165ou s\u00fa podobn\u00e9 uhork\u00e1m. V na\u0161ich podmienkach sa jej dar\u00ed, <strong>netrp\u00ed mrazom ani ples\u0148ou<\/strong>, rod\u00ed od augusta a\u017e do mrazov.<\/p>\n","protected":false},"featured_media":17981,"template":"","meta":{"site-sidebar-layout":"default","site-content-layout":"default","ast-global-header-display":"","ast-main-header-display":"","ast-hfb-above-header-display":"","ast-hfb-below-header-display":"","ast-hfb-mobile-header-display":"","site-post-title":"","ast-breadcrumbs-content":"","ast-featured-img":"","footer-sml-layout":"","theme-transparent-header-meta":"default","adv-header-id-meta":"","stick-header-meta":"","header-above-stick-meta":"","header-main-stick-meta":"","header-below-stick-meta":""},"product_brand":[],"product_cat":[144,151,147,146],"product_tag":[174,177,176,178,181,179,157,182,180],"class_list":{"0":"post-18164","1":"product","2":"type-product","3":"status-publish","4":"has-post-thumbnail","6":"product_cat-zahrada-sk","7":"product_cat-pestovanie-rastlin","8":"product_cat-tipy-na-darceky","9":"product_cat-pre-deti","10":"product_tag-achokcha","11":"product_tag-inkska-uhorka","12":"product_tag-korila-sk","13":"product_tag-peppercorn","14":"product_tag-pestovanie","15":"product_tag-predaj-achoche","16":"product_tag-semena-sk","17":"product_tag-tovaren-na-osiva","18":"product_tag-zahrada-sk","19":"desktop-align-center","20":"tablet-align-center","21":"mobile-align-center","23":"first","24":"instock","25":"shipping-taxable","26":"purchasable","27":"product-type-simple"},"yoast_head":"<!-- This site is optimized with the Yoast SEO plugin v24.1 - https:\/\/yoast.com\/wordpress\/plugins\/seo\/ -->\n<title>Achuca - semen\u00e1 - Paprikookurka (10ks) - Predaj na<\/title>\n<meta name=\"description\" content=\"Semen\u00e1 na predaj - 10 ks Achuca, zn\u00e1ma aj ako korenie, koriander alebo uhorka, je bujne rast\u00faca liana, z jednej rastliny m\u00f4\u017eete zozbiera\u0165 a\u017e 100 plodov.\" \/>\n<meta name=\"robots\" content=\"index, follow, max-snippet:-1, max-image-preview:large, max-video-preview:-1\" \/>\n<link rel=\"canonical\" href=\"https:\/\/www.vermikompostuj.cz\/sk\/produkt\/acokca-seed-papricorn-10ks\/\" \/>\n<meta property=\"og:locale\" content=\"sk_SK\" \/>\n<meta property=\"og:type\" content=\"article\" \/>\n<meta property=\"og:title\" content=\"Achuca - semen\u00e1 - Paprikookurka (10ks) - Predaj na\" \/>\n<meta property=\"og:description\" content=\"Semen\u00e1 na predaj - 10 ks Achuca, zn\u00e1ma aj ako korenie, koriander alebo uhorka, je bujne rast\u00faca liana, z jednej rastliny m\u00f4\u017eete zozbiera\u0165 a\u017e 100 plodov.\" \/>\n<meta property=\"og:url\" content=\"https:\/\/www.vermikompostuj.cz\/sk\/produkt\/acokca-seed-papricorn-10ks\/\" \/>\n<meta property=\"og:site_name\" content=\"Vermikompostuj.cz\" \/>\n<meta property=\"article:publisher\" content=\"https:\/\/www.facebook.com\/prodejkalifornskychzizal\/\" \/>\n<meta property=\"og:image\" content=\"https:\/\/www.vermikompostuj.cz\/wp-content\/uploads\/2020\/03\/acokca-cyclanthera-pedata-semena-paprikookurky-6-ks.jpg\" \/>\n\t<meta property=\"og:image:width\" content=\"700\" \/>\n\t<meta property=\"og:image:height\" content=\"800\" \/>\n\t<meta property=\"og:image:type\" content=\"image\/jpeg\" \/>\n<meta name=\"twitter:card\" content=\"summary_large_image\" \/>\n<meta name=\"twitter:label1\" content=\"Predpokladan\u00fd \u010das \u010d\u00edtania\" \/>\n\t<meta name=\"twitter:data1\" content=\"2 min\u00faty\" \/>\n<script type=\"application\/ld+json\" class=\"yoast-schema-graph\">{\"@context\":\"https:\/\/schema.org\",\"@graph\":[{\"@type\":\"WebPage\",\"@id\":\"https:\/\/www.vermikompostuj.cz\/sk\/produkt\/acokca-seed-papricorn-10ks\/\",\"url\":\"https:\/\/www.vermikompostuj.cz\/sk\/produkt\/acokca-seed-papricorn-10ks\/\",\"name\":\"Achuca - semen\u00e1 - Paprikookurka (10ks) - Predaj na\",\"isPartOf\":{\"@id\":\"https:\/\/www.vermikompostuj.cz\/sk\/cz\/#website\"},\"primaryImageOfPage\":{\"@id\":\"https:\/\/www.vermikompostuj.cz\/sk\/produkt\/acokca-seed-papricorn-10ks\/#primaryimage\"},\"image\":{\"@id\":\"https:\/\/www.vermikompostuj.cz\/sk\/produkt\/acokca-seed-papricorn-10ks\/#primaryimage\"},\"thumbnailUrl\":\"https:\/\/www.vermikompostuj.cz\/wp-content\/uploads\/2020\/03\/acokca-cyclanthera-pedata-semena-paprikookurky-6-ks.jpg\",\"datePublished\":\"2020-03-05T23:00:31+00:00\",\"dateModified\":\"2020-03-05T23:00:31+00:00\",\"description\":\"Semen\u00e1 na predaj - 10 ks Achuca, zn\u00e1ma aj ako korenie, koriander alebo uhorka, je bujne rast\u00faca liana, z jednej rastliny m\u00f4\u017eete zozbiera\u0165 a\u017e 100 plodov.\",\"breadcrumb\":{\"@id\":\"https:\/\/www.vermikompostuj.cz\/sk\/produkt\/acokca-seed-papricorn-10ks\/#breadcrumb\"},\"inLanguage\":\"sk-SK\",\"potentialAction\":[{\"@type\":\"ReadAction\",\"target\":[\"https:\/\/www.vermikompostuj.cz\/sk\/produkt\/acokca-seed-papricorn-10ks\/\"]}]},{\"@type\":\"ImageObject\",\"inLanguage\":\"sk-SK\",\"@id\":\"https:\/\/www.vermikompostuj.cz\/sk\/produkt\/acokca-seed-papricorn-10ks\/#primaryimage\",\"url\":\"https:\/\/www.vermikompostuj.cz\/wp-content\/uploads\/2020\/03\/acokca-cyclanthera-pedata-semena-paprikookurky-6-ks.jpg\",\"contentUrl\":\"https:\/\/www.vermikompostuj.cz\/wp-content\/uploads\/2020\/03\/acokca-cyclanthera-pedata-semena-paprikookurky-6-ks.jpg\",\"width\":700,\"height\":800,\"caption\":\"A\u010dok\u010da prodej semen\"},{\"@type\":\"BreadcrumbList\",\"@id\":\"https:\/\/www.vermikompostuj.cz\/sk\/produkt\/acokca-seed-papricorn-10ks\/#breadcrumb\",\"itemListElement\":[{\"@type\":\"ListItem\",\"position\":1,\"name\":\"Dom\u016f\",\"item\":\"https:\/\/www.vermikompostuj.cz\/sk\/shop-2\/\"},{\"@type\":\"ListItem\",\"position\":2,\"name\":\"Shop\",\"item\":\"https:\/\/www.vermikompostuj.cz\/sk\/shop-2\/\"},{\"@type\":\"ListItem\",\"position\":3,\"name\":\"Achuca &#8211; semen\u00e1 &#8211; Paprikookurka (10ks)\"}]},{\"@type\":\"WebSite\",\"@id\":\"https:\/\/www.vermikompostuj.cz\/sk\/cz\/#website\",\"url\":\"https:\/\/www.vermikompostuj.cz\/sk\/cz\/\",\"name\":\"Vermikompostuj.cz-Prodej kalifornsk\u00fdch \u017e\u00ed\u017eal\",\"description\":\"Prodej kalifornsk\u00fdch \u017e\u00ed\u017eal\",\"publisher\":{\"@id\":\"https:\/\/www.vermikompostuj.cz\/sk\/cz\/#organization\"},\"potentialAction\":[{\"@type\":\"SearchAction\",\"target\":{\"@type\":\"EntryPoint\",\"urlTemplate\":\"https:\/\/www.vermikompostuj.cz\/sk\/cz\/?s={search_term_string}\"},\"query-input\":{\"@type\":\"PropertyValueSpecification\",\"valueRequired\":true,\"valueName\":\"search_term_string\"}}],\"inLanguage\":\"sk-SK\"},{\"@type\":\"Organization\",\"@id\":\"https:\/\/www.vermikompostuj.cz\/sk\/cz\/#organization\",\"name\":\"Vermikompostuj.cz\",\"url\":\"https:\/\/www.vermikompostuj.cz\/sk\/cz\/\",\"logo\":{\"@type\":\"ImageObject\",\"inLanguage\":\"sk-SK\",\"@id\":\"https:\/\/www.vermikompostuj.cz\/sk\/cz\/#\/schema\/logo\/image\/\",\"url\":\"https:\/\/www.vermikompostuj.cz\/wp-content\/uploads\/2020\/02\/8593932_001V-1.jpg\",\"contentUrl\":\"https:\/\/www.vermikompostuj.cz\/wp-content\/uploads\/2020\/02\/8593932_001V-1.jpg\",\"width\":840,\"height\":558,\"caption\":\"Vermikompostuj.cz\"},\"image\":{\"@id\":\"https:\/\/www.vermikompostuj.cz\/sk\/cz\/#\/schema\/logo\/image\/\"},\"sameAs\":[\"https:\/\/www.facebook.com\/prodejkalifornskychzizal\/\",\"https:\/\/www.instagram.com\/vermikompostuj.cz\/\",\"https:\/\/cs.wikipedia.org\/wiki\/Vermikompost\"]}]}<\/script>\n<!-- \/ Yoast SEO plugin. -->","yoast_head_json":{"title":"Achuca - semen\u00e1 - Paprikookurka (10ks) - Predaj na","description":"Semen\u00e1 na predaj - 10 ks Achuca, zn\u00e1ma aj ako korenie, koriander alebo uhorka, je bujne rast\u00faca liana, z jednej rastliny m\u00f4\u017eete zozbiera\u0165 a\u017e 100 plodov.","robots":{"index":"index","follow":"follow","max-snippet":"max-snippet:-1","max-image-preview":"max-image-preview:large","max-video-preview":"max-video-preview:-1"},"canonical":"https:\/\/www.vermikompostuj.cz\/sk\/produkt\/acokca-seed-papricorn-10ks\/","og_locale":"sk_SK","og_type":"article","og_title":"Achuca - semen\u00e1 - Paprikookurka (10ks) - Predaj na","og_description":"Semen\u00e1 na predaj - 10 ks Achuca, zn\u00e1ma aj ako korenie, koriander alebo uhorka, je bujne rast\u00faca liana, z jednej rastliny m\u00f4\u017eete zozbiera\u0165 a\u017e 100 plodov.","og_url":"https:\/\/www.vermikompostuj.cz\/sk\/produkt\/acokca-seed-papricorn-10ks\/","og_site_name":"Vermikompostuj.cz","article_publisher":"https:\/\/www.facebook.com\/prodejkalifornskychzizal\/","og_image":[{"width":700,"height":800,"url":"https:\/\/www.vermikompostuj.cz\/wp-content\/uploads\/2020\/03\/acokca-cyclanthera-pedata-semena-paprikookurky-6-ks.jpg","type":"image\/jpeg"}],"twitter_card":"summary_large_image","twitter_misc":{"Predpokladan\u00fd \u010das \u010d\u00edtania":"2 min\u00faty"},"schema":{"@context":"https:\/\/schema.org","@graph":[{"@type":"WebPage","@id":"https:\/\/www.vermikompostuj.cz\/sk\/produkt\/acokca-seed-papricorn-10ks\/","url":"https:\/\/www.vermikompostuj.cz\/sk\/produkt\/acokca-seed-papricorn-10ks\/","name":"Achuca - semen\u00e1 - Paprikookurka (10ks) - Predaj na","isPartOf":{"@id":"https:\/\/www.vermikompostuj.cz\/sk\/cz\/#website"},"primaryImageOfPage":{"@id":"https:\/\/www.vermikompostuj.cz\/sk\/produkt\/acokca-seed-papricorn-10ks\/#primaryimage"},"image":{"@id":"https:\/\/www.vermikompostuj.cz\/sk\/produkt\/acokca-seed-papricorn-10ks\/#primaryimage"},"thumbnailUrl":"https:\/\/www.vermikompostuj.cz\/wp-content\/uploads\/2020\/03\/acokca-cyclanthera-pedata-semena-paprikookurky-6-ks.jpg","datePublished":"2020-03-05T23:00:31+00:00","dateModified":"2020-03-05T23:00:31+00:00","description":"Semen\u00e1 na predaj - 10 ks Achuca, zn\u00e1ma aj ako korenie, koriander alebo uhorka, je bujne rast\u00faca liana, z jednej rastliny m\u00f4\u017eete zozbiera\u0165 a\u017e 100 plodov.","breadcrumb":{"@id":"https:\/\/www.vermikompostuj.cz\/sk\/produkt\/acokca-seed-papricorn-10ks\/#breadcrumb"},"inLanguage":"sk-SK","potentialAction":[{"@type":"ReadAction","target":["https:\/\/www.vermikompostuj.cz\/sk\/produkt\/acokca-seed-papricorn-10ks\/"]}]},{"@type":"ImageObject","inLanguage":"sk-SK","@id":"https:\/\/www.vermikompostuj.cz\/sk\/produkt\/acokca-seed-papricorn-10ks\/#primaryimage","url":"https:\/\/www.vermikompostuj.cz\/wp-content\/uploads\/2020\/03\/acokca-cyclanthera-pedata-semena-paprikookurky-6-ks.jpg","contentUrl":"https:\/\/www.vermikompostuj.cz\/wp-content\/uploads\/2020\/03\/acokca-cyclanthera-pedata-semena-paprikookurky-6-ks.jpg","width":700,"height":800,"caption":"A\u010dok\u010da prodej semen"},{"@type":"BreadcrumbList","@id":"https:\/\/www.vermikompostuj.cz\/sk\/produkt\/acokca-seed-papricorn-10ks\/#breadcrumb","itemListElement":[{"@type":"ListItem","position":1,"name":"Dom\u016f","item":"https:\/\/www.vermikompostuj.cz\/sk\/shop-2\/"},{"@type":"ListItem","position":2,"name":"Shop","item":"https:\/\/www.vermikompostuj.cz\/sk\/shop-2\/"},{"@type":"ListItem","position":3,"name":"Achuca &#8211; semen\u00e1 &#8211; Paprikookurka (10ks)"}]},{"@type":"WebSite","@id":"https:\/\/www.vermikompostuj.cz\/sk\/cz\/#website","url":"https:\/\/www.vermikompostuj.cz\/sk\/cz\/","name":"Vermikompostuj.cz-Prodej kalifornsk\u00fdch \u017e\u00ed\u017eal","description":"Prodej kalifornsk\u00fdch \u017e\u00ed\u017eal","publisher":{"@id":"https:\/\/www.vermikompostuj.cz\/sk\/cz\/#organization"},"potentialAction":[{"@type":"SearchAction","target":{"@type":"EntryPoint","urlTemplate":"https:\/\/www.vermikompostuj.cz\/sk\/cz\/?s={search_term_string}"},"query-input":{"@type":"PropertyValueSpecification","valueRequired":true,"valueName":"search_term_string"}}],"inLanguage":"sk-SK"},{"@type":"Organization","@id":"https:\/\/www.vermikompostuj.cz\/sk\/cz\/#organization","name":"Vermikompostuj.cz","url":"https:\/\/www.vermikompostuj.cz\/sk\/cz\/","logo":{"@type":"ImageObject","inLanguage":"sk-SK","@id":"https:\/\/www.vermikompostuj.cz\/sk\/cz\/#\/schema\/logo\/image\/","url":"https:\/\/www.vermikompostuj.cz\/wp-content\/uploads\/2020\/02\/8593932_001V-1.jpg","contentUrl":"https:\/\/www.vermikompostuj.cz\/wp-content\/uploads\/2020\/02\/8593932_001V-1.jpg","width":840,"height":558,"caption":"Vermikompostuj.cz"},"image":{"@id":"https:\/\/www.vermikompostuj.cz\/sk\/cz\/#\/schema\/logo\/image\/"},"sameAs":["https:\/\/www.facebook.com\/prodejkalifornskychzizal\/","https:\/\/www.instagram.com\/vermikompostuj.cz\/","https:\/\/cs.wikipedia.org\/wiki\/Vermikompost"]}]}},"_links":{"self":[{"href":"https:\/\/www.vermikompostuj.cz\/sk\/wp-json\/wp\/v2\/product\/18164","targetHints":{"allow":["GET"]}}],"collection":[{"href":"https:\/\/www.vermikompostuj.cz\/sk\/wp-json\/wp\/v2\/product"}],"about":[{"href":"https:\/\/www.vermikompostuj.cz\/sk\/wp-json\/wp\/v2\/types\/product"}],"version-history":[{"count":0,"href":"https:\/\/www.vermikompostuj.cz\/sk\/wp-json\/wp\/v2\/product\/18164\/revisions"}],"wp:featuredmedia":[{"embeddable":true,"href":"https:\/\/www.vermikompostuj.cz\/sk\/wp-json\/wp\/v2\/media\/17981"}],"wp:attachment":[{"href":"https:\/\/www.vermikompostuj.cz\/sk\/wp-json\/wp\/v2\/media?parent=18164"}],"wp:term":[{"taxonomy":"product_brand","embeddable":true,"href":"https:\/\/www.vermikompostuj.cz\/sk\/wp-json\/wp\/v2\/product_brand?post=18164"},{"taxonomy":"product_cat","embeddable":true,"href":"https:\/\/www.vermikompostuj.cz\/sk\/wp-json\/wp\/v2\/product_cat?post=18164"},{"taxonomy":"product_tag","embeddable":true,"href":"https:\/\/www.vermikompostuj.cz\/sk\/wp-json\/wp\/v2\/product_tag?post=18164"}],"curies":[{"name":"wp","href":"https:\/\/api.w.org\/{rel}","templated":true}]}}