{"id":18168,"date":"2020-02-14T11:44:24","date_gmt":"2020-02-14T10:44:24","guid":{"rendered":"https:\/\/www.vermikompostuj.cz\/produkt\/kalifornska-liahna-dazdoviek\/"},"modified":"2023-07-02T15:33:28","modified_gmt":"2023-07-02T14:33:28","slug":"california-zines","status":"publish","type":"product","link":"https:\/\/www.vermikompostuj.cz\/sk\/produkt\/california-zines\/","title":{"rendered":"Kalifornsk\u00e1 liah\u0148a d\u00e1\u017e\u010foviek"},"content":{"rendered":"<p>T\u00e1to <strong>kalifornsk\u00e1<\/strong> n\u00e1sada na <strong>d\u00e1\u017e\u010fovky<\/strong> je \u00faplne ide\u00e1lna na zakladanie dom\u00e1cich <strong>vermikompost\u00e9rov<\/strong> alebo men\u0161\u00edch z\u00e1hradn\u00fdch vermikompost\u00e9rov. Obsahuje 150 &#8211; 200 dospel\u00fdch d\u00e1\u017e\u010foviek (v z\u00e1vislosti od ve\u013ekosti). Okrem dospel\u00fdch jedincov obsahuje aj z\u00e1motky, z ktor\u00fdch sa do 14 dn\u00ed vyliahnu \u010fal\u0161ie mlad\u00e9 d\u00e1\u017e\u010fovky. Okrem kalifornsk\u00fdch d\u00e1\u017e\u010foviek s\u00fa v liahni aj chvostoskoky, \u010do s\u00fa miniat\u00farne organizmy, ktor\u00e9 s\u00fa \u00faplne ne\u0161kodn\u00e9 a spolu s d\u00e1\u017e\u010fovkami sa podie\u013eaj\u00fa na procese kompostovania a vytv\u00e1rania kvalitnej p\u00f4dy. Kalifornsk\u00e9 d\u00e1\u017e\u010fovky rozkladaj\u00fa takmer v\u0161etok biologick\u00fd odpad a premie\u0148aj\u00fa ho na ve\u013emi \u00farodn\u00fd vermikompost.<\/p>\n<p><strong>Odpor\u00fa\u010danie:<\/strong> Ak zaklad\u00e1te vermikompost\u00e9r, zaobstarajte si <a href=\"http:\/\/www.vermikompostuj.cz\/produkt\/substrat-pro-zalozeni-vermikompost\/\" target=\"_blank\" rel=\"noopener noreferrer\">substr\u00e1t na zakladanie vermikompost\u00e9ru (5 litrov)<\/a>, ktor\u00fd v\u00e1m u\u013eah\u010d\u00ed zakladanie.<span style=\"font-size: 16px; font-style: normal; font-weight: 400;\">. Na r\u00fdchlej\u0161ie rozmno\u017eovanie kalifornsk\u00fdch d\u00e1\u017e\u010foviek a ur\u00fdchlenie cel\u00e9ho procesu kompostovania pou\u017eite <a href=\"http:\/\/www.vermikompostuj.cz\/produkt\/mineralnismes\/\" target=\"_blank\" rel=\"noopener noreferrer\">miner\u00e1lnu zmes na chov kalifornsk\u00fdch d\u00e1\u017e\u010foviek (250 g<\/a>), ktor\u00e1 dod\u00e1va do v\u00fdsledn\u00e9ho kompostu d\u00f4le\u017eit\u00e9 miner\u00e1ly a podporuje \u010dinnos\u0165 kalifornsk\u00fdch d\u00e1\u017e\u010foviek.<\/span><\/p>\n<h2>Pre\u010do si zaobstara\u0165 kalifornsk\u00e9 d\u00e1\u017e\u010fovky?<\/h2>\n<p>Kalifornsk\u00e1 d\u00e1\u017e\u010fovka, odborne naz\u00fdvan\u00e1 Eisenia Andrei, je <strong>\u0161peci\u00e1lny druh d\u00e1\u017e\u010fovky<\/strong>, ktor\u00fd je prisp\u00f4soben\u00fd na spracovanie ve\u013ek\u00e9ho mno\u017estva potravy a r\u00fdchle rozmno\u017eovanie, \u010do s\u00fa z\u00e1kladn\u00e9 vlastnosti pre vermikompostovanie.<\/p>\n<ul>\n<li>Vyu\u017eitie kuchynsk\u00e9ho a z\u00e1hradn\u00e9ho biologick\u00e9ho odpadu<\/li>\n<li>V\u00fdroba vlastn\u00e9ho kvalitn\u00e9ho pr\u00edrodn\u00e9ho hnojiva<\/li>\n<li>Ich chov je nen\u00e1ro\u010dn\u00fd<\/li>\n<li>Bez d\u00e1\u017e\u010foviek by nebola \u00farodn\u00e1 p\u00f4da<\/li>\n<li>Ide\u00e1lne zvieratko pre zanepr\u00e1zdnen\u00e9ho \u010dloveka, nepotrebuje ka\u017edodenn\u00fa starostlivos\u0165, ale je rado s vami a pom\u00e1ha v\u00e1m<\/li>\n<li>Trus d\u00e1\u017e\u010foviek obsahuje cenn\u00e9 enz\u00fdmy a hum\u00ednov\u00e9 kyseliny, ktor\u00e9 s\u00fa jedn\u00fdm z najlep\u0161\u00edch hnoj\u00edv pre rastliny.<\/li>\n<li>\u0160t\u00e1tny sk\u00fa\u0161obn\u00fd \u00fastav preuk\u00e1zal o 33 % vy\u0161\u0161ie \u00farody papriky, jah\u00f4d a dokonca o 70 % vy\u0161\u0161ie \u00farody zemiakov pri rastlin\u00e1ch hnojen\u00fdch vermikompostom.<\/li>\n<li>V\u00fdsledn\u00fd vermikompost podporuje rast, kvitnutie, plodnos\u0165 a odolnos\u0165 rastl\u00edn vo\u010di chorob\u00e1m<\/li>\n<li>Produkuje hum\u00ednov\u00e9 kyseliny a cytokin\u00edny, ktor\u00e9 podporuj\u00fa zdrav\u00fd rast rastl\u00edn a zvy\u0161uj\u00fa obsah vitam\u00ednov a miner\u00e1lov v ovoc\u00ed a zelenine<\/li>\n<li>Mno\u017eia sa ve\u013emi r\u00fdchlo, tak\u017ee ich po\u010det sa m\u00f4\u017ee zdvojn\u00e1sobi\u0165 u\u017e za 14 dn\u00ed.<\/li>\n<li>\u013dahko zn\u00e1\u0161aj\u00fa pobyt v dom\u00e1cich vermikompost\u00e9roch a vo ve\u013ek\u00fdch z\u00e1hradn\u00fdch kompostoch, z ktor\u00fdch neunikn\u00fa do vo\u013enej pr\u00edrody.<\/li>\n<\/ul>\n<h2>\u010c\u00edm k\u0155mi\u0165 kalifornsk\u00e9 d\u00e1\u017e\u010fovky?<\/h2>\n<ul>\n<li>Kalifornsk\u00e9 d\u00e1\u017e\u010fovky jedia ve\u013ea. Ale ako zisti\u0165, \u010do maj\u00fa najrad\u0161ej, je jednoduch\u00e9, jednoducho zmizne z vermikompost\u00e9ra ako prv\u00e9. \ud83d\ude0a V\u0161eobecne mo\u017eno poveda\u0165, \u017ee zvl\u00e1dnu v\u0161etok rastlinn\u00fd odpad z kuchyne a z\u00e1hrady a niektor\u00e9 \u017eivo\u010d\u00ed\u0161ne odpady, ale neodpor\u00fa\u010daj\u00fa sa kv\u00f4li z\u00e1pachu.<\/li>\n<\/ul>\n<div class=\"elementor-element elementor-element-c248826 elementor-widget elementor-widget-heading\" data-id=\"c248826\" data-element_type=\"widget\" data-widget_type=\"heading.default\">\n<div class=\"elementor-widget-container\">\n<h2 class=\"elementor-heading-title elementor-size-default\">Na \u010do si da\u0165 pozor?<\/h2>\n<\/div>\n<\/div>\n<div class=\"elementor-element elementor-element-c5b1022 elementor-widget elementor-widget-text-editor\" data-id=\"c5b1022\" data-element_type=\"widget\" data-widget_type=\"text-editor.default\">\n<div class=\"elementor-widget-container\">\n<div class=\"elementor-text-editor elementor-clearfix\">\n<ul>\n<li>Tento bod je ve\u013emi d\u00f4le\u017eit\u00fd, preto\u017ee kalifornsk\u00e9 d\u00e1\u017e\u010fovky s\u00fa ove\u013ea n\u00e1chylnej\u0161ie na teplotn\u00e9 extr\u00e9my ako na\u0161e \u010desk\u00e9 d\u00e1\u017e\u010fovky, najlep\u0161ie sa im dar\u00ed pri teplot\u00e1ch okolo 3-27 \u00b0C, \u010do nie je \u013eahk\u00e9 zabezpe\u010di\u0165 v mal\u00fdch dom\u00e1cich vermikompost\u00e9roch umiestnen\u00fdch napr\u00edklad na balk\u00f3ne.<\/li>\n<li>Vo v\u0161eobecnosti plat\u00ed, \u017ee cel\u00fd kompost\u00e9r nesmie na priamom slnku zamrzn\u00fa\u0165 alebo sa prehrieva\u0165 tak, aby teplota st\u00fapla nad 30 \u00b0C. Preto by som odpor\u00fa\u010dal umiestni\u0165 dom\u00e1ce vermikompost\u00e9ry priamo do kuchyne, aspo\u0148 v zime alebo cez leto, ke\u010f teploty dosahuj\u00fa extr\u00e9mne hodnoty. Ide\u00e1lne prostredie pre dom\u00e1ci vermikompost\u00e9r je bu\u010f priamo v kuchyni, alebo v pivniciach a gar\u00e1\u017each, kde teplota nekles\u00e1 pod bod mrazu.<\/li>\n<\/ul>\n<div class=\"elementor-element elementor-element-bd83737 elementor-widget elementor-widget-heading\" data-id=\"bd83737\" data-element_type=\"widget\" data-widget_type=\"heading.default\">\n<div class=\"elementor-widget-container\"><\/div>\n<\/div>\n<div class=\"elementor-element elementor-element-fb907ee elementor-widget elementor-widget-text-editor\" data-id=\"fb907ee\" data-element_type=\"widget\" data-widget_type=\"text-editor.default\">\n<div class=\"elementor-widget-container\">\n<div class=\"elementor-text-editor elementor-clearfix\">\n<div class=\"elementor-element elementor-element-75406c9 elementor-widget elementor-widget-text-editor\" data-id=\"75406c9\" data-element_type=\"widget\" data-widget_type=\"text-editor.default\">\n<div class=\"elementor-widget-container\">\n<div class=\"elementor-text-editor elementor-clearfix\">\n<div class=\"elementor-element elementor-element-fd2ea76 elementor-widget elementor-widget-text-editor\" data-id=\"fd2ea76\" data-element_type=\"widget\" data-widget_type=\"text-editor.default\">\n<div class=\"elementor-widget-container\">\n<div class=\"elementor-text-editor elementor-clearfix\"><\/div>\n<\/div>\n<\/div>\n<\/div>\n<\/div>\n<\/div>\n<\/div>\n<\/div>\n<\/div>\n<\/div>\n<\/div>\n<\/div>\n","protected":false},"excerpt":{"rendered":"<p><strong>Spo\u013eahliv\u00e1 kalifornsk\u00e1 liah\u0148a d\u00e1\u017e\u010foviek<\/strong> na zakladanie dom\u00e1cich a vonkaj\u0161\u00edch vermikompost\u00e9rov. V\u00fdvin obsahuje <strong>150-200 dospel\u00fdch jedincov<\/strong> vr\u00e1tane kok\u00f3nov. Kalifornsk\u00e9 d\u00e1\u017e\u010fovky s\u00fa ide\u00e1lne na za\u010datie <strong>vermikompostovania<\/strong> v men\u0161\u00edch kompost\u00e9roch. Pre v\u00e4\u010d\u0161ie kompost\u00e9ry odpor\u00fa\u010dam objedna\u0165 v\u00e4\u010d\u0161\u00ed po\u010det n\u00e1sad, aby sa kompostovanie dobre rozbehlo.<\/p>\n","protected":false},"featured_media":17940,"template":"","meta":{"site-sidebar-layout":"default","site-content-layout":"default","ast-global-header-display":"","ast-main-header-display":"","ast-hfb-above-header-display":"","ast-hfb-below-header-display":"","ast-hfb-mobile-header-display":"","site-post-title":"","ast-breadcrumbs-content":"","ast-featured-img":"","footer-sml-layout":"","theme-transparent-header-meta":"default","adv-header-id-meta":"","stick-header-meta":"","header-above-stick-meta":"","header-main-stick-meta":"","header-below-stick-meta":""},"product_brand":[],"product_cat":[145,170,144,147],"product_tag":[186,183,148,185,188,187,189,184,149],"class_list":{"0":"post-18168","1":"product","2":"type-product","3":"status-publish","4":"has-post-thumbnail","6":"product_cat-vsetko-pre-vermikompostovanie","7":"product_cat-kalifornske-dazdovky","8":"product_cat-zahrada-sk","9":"product_cat-tipy-na-darceky","10":"product_tag-dazdovky","11":"product_tag-kalifornska-liahna-dazdoviek","12":"product_tag-kalifornske-dazdovky","13":"product_tag-kompostovanie","14":"product_tag-praha-sk","15":"product_tag-predaj-dazdoviek","16":"product_tag-predaj-kalifornskych-dazdoviek","17":"product_tag-vermicomposter","18":"product_tag-vermikompostovanie","19":"desktop-align-center","20":"tablet-align-center","21":"mobile-align-center","23":"first","24":"instock","25":"sale","26":"shipping-taxable","27":"purchasable","28":"product-type-simple"},"yoast_head":"<!-- This site is optimized with the Yoast SEO plugin v24.1 - https:\/\/yoast.com\/wordpress\/plugins\/seo\/ -->\n<title>Kalifornsk\u00e9 d\u00e1\u017e\u010fovky pre vermikompost\u00e9ry -Predaj - Praha a rozvoz po celej \u010ceskej republike<\/title>\n<meta name=\"description\" content=\"Predaj kalifornsk\u00fdch d\u00e1\u017e\u010foviek na vermikompostovanie, n\u00e1sada obsahuje 150-200 ks. Kalifornsk\u00e9 d\u00e1\u017e\u010fovky do kompost\u00e9ra. Osobn\u00fd predaj v Prahe, rozvoz po celej \u010ceskej republike.\" \/>\n<meta name=\"robots\" content=\"index, follow, max-snippet:-1, max-image-preview:large, max-video-preview:-1\" \/>\n<link rel=\"canonical\" href=\"https:\/\/www.vermikompostuj.cz\/sk\/produkt\/california-zines\/\" \/>\n<meta property=\"og:locale\" content=\"sk_SK\" \/>\n<meta property=\"og:type\" content=\"article\" \/>\n<meta property=\"og:title\" content=\"Kalifornsk\u00e9 d\u00e1\u017e\u010fovky pre vermikompost\u00e9ry -Predaj - Praha a rozvoz po celej \u010ceskej republike\" \/>\n<meta property=\"og:description\" content=\"Predaj kalifornsk\u00fdch d\u00e1\u017e\u010foviek na vermikompostovanie, n\u00e1sada obsahuje 150-200 ks. Kalifornsk\u00e9 d\u00e1\u017e\u010fovky do kompost\u00e9ra. Osobn\u00fd predaj v Prahe, rozvoz po celej \u010ceskej republike.\" \/>\n<meta property=\"og:url\" content=\"https:\/\/www.vermikompostuj.cz\/sk\/produkt\/california-zines\/\" \/>\n<meta property=\"og:site_name\" content=\"Vermikompostuj.cz\" \/>\n<meta property=\"article:publisher\" content=\"https:\/\/www.facebook.com\/prodejkalifornskychzizal\/\" \/>\n<meta property=\"article:modified_time\" content=\"2023-07-02T14:33:28+00:00\" \/>\n<meta property=\"og:image\" content=\"https:\/\/www.vermikompostuj.cz\/wp-content\/uploads\/2020\/02\/8593932_001V-1.jpg\" \/>\n\t<meta property=\"og:image:width\" content=\"840\" \/>\n\t<meta property=\"og:image:height\" content=\"558\" \/>\n\t<meta property=\"og:image:type\" content=\"image\/jpeg\" \/>\n<meta name=\"twitter:card\" content=\"summary_large_image\" \/>\n<meta name=\"twitter:label1\" content=\"Predpokladan\u00fd \u010das \u010d\u00edtania\" \/>\n\t<meta name=\"twitter:data1\" content=\"3 min\u00faty\" \/>\n<script type=\"application\/ld+json\" class=\"yoast-schema-graph\">{\"@context\":\"https:\/\/schema.org\",\"@graph\":[{\"@type\":\"WebPage\",\"@id\":\"https:\/\/www.vermikompostuj.cz\/sk\/produkt\/california-zines\/\",\"url\":\"https:\/\/www.vermikompostuj.cz\/sk\/produkt\/california-zines\/\",\"name\":\"Kalifornsk\u00e9 d\u00e1\u017e\u010fovky pre vermikompost\u00e9ry -Predaj - Praha a rozvoz po celej \u010ceskej republike\",\"isPartOf\":{\"@id\":\"https:\/\/www.vermikompostuj.cz\/sk\/cz\/#website\"},\"primaryImageOfPage\":{\"@id\":\"https:\/\/www.vermikompostuj.cz\/sk\/produkt\/california-zines\/#primaryimage\"},\"image\":{\"@id\":\"https:\/\/www.vermikompostuj.cz\/sk\/produkt\/california-zines\/#primaryimage\"},\"thumbnailUrl\":\"https:\/\/www.vermikompostuj.cz\/wp-content\/uploads\/2020\/02\/8593932_001V-1.jpg\",\"datePublished\":\"2020-02-14T10:44:24+00:00\",\"dateModified\":\"2023-07-02T14:33:28+00:00\",\"description\":\"Predaj kalifornsk\u00fdch d\u00e1\u017e\u010foviek na vermikompostovanie, n\u00e1sada obsahuje 150-200 ks. Kalifornsk\u00e9 d\u00e1\u017e\u010fovky do kompost\u00e9ra. Osobn\u00fd predaj v Prahe, rozvoz po celej \u010ceskej republike.\",\"breadcrumb\":{\"@id\":\"https:\/\/www.vermikompostuj.cz\/sk\/produkt\/california-zines\/#breadcrumb\"},\"inLanguage\":\"sk-SK\",\"potentialAction\":[{\"@type\":\"ReadAction\",\"target\":[\"https:\/\/www.vermikompostuj.cz\/sk\/produkt\/california-zines\/\"]}]},{\"@type\":\"ImageObject\",\"inLanguage\":\"sk-SK\",\"@id\":\"https:\/\/www.vermikompostuj.cz\/sk\/produkt\/california-zines\/#primaryimage\",\"url\":\"https:\/\/www.vermikompostuj.cz\/wp-content\/uploads\/2020\/02\/8593932_001V-1.jpg\",\"contentUrl\":\"https:\/\/www.vermikompostuj.cz\/wp-content\/uploads\/2020\/02\/8593932_001V-1.jpg\",\"width\":840,\"height\":558,\"caption\":\"Kalifornsk\u00e9 d\u00e1\u017e\u010fovky v akcii\"},{\"@type\":\"BreadcrumbList\",\"@id\":\"https:\/\/www.vermikompostuj.cz\/sk\/produkt\/california-zines\/#breadcrumb\",\"itemListElement\":[{\"@type\":\"ListItem\",\"position\":1,\"name\":\"Dom\u016f\",\"item\":\"https:\/\/www.vermikompostuj.cz\/sk\/shop-2\/\"},{\"@type\":\"ListItem\",\"position\":2,\"name\":\"Shop\",\"item\":\"https:\/\/www.vermikompostuj.cz\/sk\/shop-2\/\"},{\"@type\":\"ListItem\",\"position\":3,\"name\":\"Kalifornsk\u00e1 liah\u0148a d\u00e1\u017e\u010foviek\"}]},{\"@type\":\"WebSite\",\"@id\":\"https:\/\/www.vermikompostuj.cz\/sk\/cz\/#website\",\"url\":\"https:\/\/www.vermikompostuj.cz\/sk\/cz\/\",\"name\":\"Vermikompostuj.cz-Prodej kalifornsk\u00fdch \u017e\u00ed\u017eal\",\"description\":\"Prodej kalifornsk\u00fdch \u017e\u00ed\u017eal\",\"publisher\":{\"@id\":\"https:\/\/www.vermikompostuj.cz\/sk\/cz\/#organization\"},\"potentialAction\":[{\"@type\":\"SearchAction\",\"target\":{\"@type\":\"EntryPoint\",\"urlTemplate\":\"https:\/\/www.vermikompostuj.cz\/sk\/cz\/?s={search_term_string}\"},\"query-input\":{\"@type\":\"PropertyValueSpecification\",\"valueRequired\":true,\"valueName\":\"search_term_string\"}}],\"inLanguage\":\"sk-SK\"},{\"@type\":\"Organization\",\"@id\":\"https:\/\/www.vermikompostuj.cz\/sk\/cz\/#organization\",\"name\":\"Vermikompostuj.cz\",\"url\":\"https:\/\/www.vermikompostuj.cz\/sk\/cz\/\",\"logo\":{\"@type\":\"ImageObject\",\"inLanguage\":\"sk-SK\",\"@id\":\"https:\/\/www.vermikompostuj.cz\/sk\/cz\/#\/schema\/logo\/image\/\",\"url\":\"https:\/\/www.vermikompostuj.cz\/wp-content\/uploads\/2020\/02\/8593932_001V-1.jpg\",\"contentUrl\":\"https:\/\/www.vermikompostuj.cz\/wp-content\/uploads\/2020\/02\/8593932_001V-1.jpg\",\"width\":840,\"height\":558,\"caption\":\"Vermikompostuj.cz\"},\"image\":{\"@id\":\"https:\/\/www.vermikompostuj.cz\/sk\/cz\/#\/schema\/logo\/image\/\"},\"sameAs\":[\"https:\/\/www.facebook.com\/prodejkalifornskychzizal\/\",\"https:\/\/www.instagram.com\/vermikompostuj.cz\/\",\"https:\/\/cs.wikipedia.org\/wiki\/Vermikompost\"]}]}<\/script>\n<!-- \/ Yoast SEO plugin. -->","yoast_head_json":{"title":"Kalifornsk\u00e9 d\u00e1\u017e\u010fovky pre vermikompost\u00e9ry -Predaj - Praha a rozvoz po celej \u010ceskej republike","description":"Predaj kalifornsk\u00fdch d\u00e1\u017e\u010foviek na vermikompostovanie, n\u00e1sada obsahuje 150-200 ks. Kalifornsk\u00e9 d\u00e1\u017e\u010fovky do kompost\u00e9ra. Osobn\u00fd predaj v Prahe, rozvoz po celej \u010ceskej republike.","robots":{"index":"index","follow":"follow","max-snippet":"max-snippet:-1","max-image-preview":"max-image-preview:large","max-video-preview":"max-video-preview:-1"},"canonical":"https:\/\/www.vermikompostuj.cz\/sk\/produkt\/california-zines\/","og_locale":"sk_SK","og_type":"article","og_title":"Kalifornsk\u00e9 d\u00e1\u017e\u010fovky pre vermikompost\u00e9ry -Predaj - Praha a rozvoz po celej \u010ceskej republike","og_description":"Predaj kalifornsk\u00fdch d\u00e1\u017e\u010foviek na vermikompostovanie, n\u00e1sada obsahuje 150-200 ks. Kalifornsk\u00e9 d\u00e1\u017e\u010fovky do kompost\u00e9ra. Osobn\u00fd predaj v Prahe, rozvoz po celej \u010ceskej republike.","og_url":"https:\/\/www.vermikompostuj.cz\/sk\/produkt\/california-zines\/","og_site_name":"Vermikompostuj.cz","article_publisher":"https:\/\/www.facebook.com\/prodejkalifornskychzizal\/","article_modified_time":"2023-07-02T14:33:28+00:00","og_image":[{"width":840,"height":558,"url":"https:\/\/www.vermikompostuj.cz\/wp-content\/uploads\/2020\/02\/8593932_001V-1.jpg","type":"image\/jpeg"}],"twitter_card":"summary_large_image","twitter_misc":{"Predpokladan\u00fd \u010das \u010d\u00edtania":"3 min\u00faty"},"schema":{"@context":"https:\/\/schema.org","@graph":[{"@type":"WebPage","@id":"https:\/\/www.vermikompostuj.cz\/sk\/produkt\/california-zines\/","url":"https:\/\/www.vermikompostuj.cz\/sk\/produkt\/california-zines\/","name":"Kalifornsk\u00e9 d\u00e1\u017e\u010fovky pre vermikompost\u00e9ry -Predaj - Praha a rozvoz po celej \u010ceskej republike","isPartOf":{"@id":"https:\/\/www.vermikompostuj.cz\/sk\/cz\/#website"},"primaryImageOfPage":{"@id":"https:\/\/www.vermikompostuj.cz\/sk\/produkt\/california-zines\/#primaryimage"},"image":{"@id":"https:\/\/www.vermikompostuj.cz\/sk\/produkt\/california-zines\/#primaryimage"},"thumbnailUrl":"https:\/\/www.vermikompostuj.cz\/wp-content\/uploads\/2020\/02\/8593932_001V-1.jpg","datePublished":"2020-02-14T10:44:24+00:00","dateModified":"2023-07-02T14:33:28+00:00","description":"Predaj kalifornsk\u00fdch d\u00e1\u017e\u010foviek na vermikompostovanie, n\u00e1sada obsahuje 150-200 ks. Kalifornsk\u00e9 d\u00e1\u017e\u010fovky do kompost\u00e9ra. Osobn\u00fd predaj v Prahe, rozvoz po celej \u010ceskej republike.","breadcrumb":{"@id":"https:\/\/www.vermikompostuj.cz\/sk\/produkt\/california-zines\/#breadcrumb"},"inLanguage":"sk-SK","potentialAction":[{"@type":"ReadAction","target":["https:\/\/www.vermikompostuj.cz\/sk\/produkt\/california-zines\/"]}]},{"@type":"ImageObject","inLanguage":"sk-SK","@id":"https:\/\/www.vermikompostuj.cz\/sk\/produkt\/california-zines\/#primaryimage","url":"https:\/\/www.vermikompostuj.cz\/wp-content\/uploads\/2020\/02\/8593932_001V-1.jpg","contentUrl":"https:\/\/www.vermikompostuj.cz\/wp-content\/uploads\/2020\/02\/8593932_001V-1.jpg","width":840,"height":558,"caption":"Kalifornsk\u00e9 d\u00e1\u017e\u010fovky v akcii"},{"@type":"BreadcrumbList","@id":"https:\/\/www.vermikompostuj.cz\/sk\/produkt\/california-zines\/#breadcrumb","itemListElement":[{"@type":"ListItem","position":1,"name":"Dom\u016f","item":"https:\/\/www.vermikompostuj.cz\/sk\/shop-2\/"},{"@type":"ListItem","position":2,"name":"Shop","item":"https:\/\/www.vermikompostuj.cz\/sk\/shop-2\/"},{"@type":"ListItem","position":3,"name":"Kalifornsk\u00e1 liah\u0148a d\u00e1\u017e\u010foviek"}]},{"@type":"WebSite","@id":"https:\/\/www.vermikompostuj.cz\/sk\/cz\/#website","url":"https:\/\/www.vermikompostuj.cz\/sk\/cz\/","name":"Vermikompostuj.cz-Prodej kalifornsk\u00fdch \u017e\u00ed\u017eal","description":"Prodej kalifornsk\u00fdch \u017e\u00ed\u017eal","publisher":{"@id":"https:\/\/www.vermikompostuj.cz\/sk\/cz\/#organization"},"potentialAction":[{"@type":"SearchAction","target":{"@type":"EntryPoint","urlTemplate":"https:\/\/www.vermikompostuj.cz\/sk\/cz\/?s={search_term_string}"},"query-input":{"@type":"PropertyValueSpecification","valueRequired":true,"valueName":"search_term_string"}}],"inLanguage":"sk-SK"},{"@type":"Organization","@id":"https:\/\/www.vermikompostuj.cz\/sk\/cz\/#organization","name":"Vermikompostuj.cz","url":"https:\/\/www.vermikompostuj.cz\/sk\/cz\/","logo":{"@type":"ImageObject","inLanguage":"sk-SK","@id":"https:\/\/www.vermikompostuj.cz\/sk\/cz\/#\/schema\/logo\/image\/","url":"https:\/\/www.vermikompostuj.cz\/wp-content\/uploads\/2020\/02\/8593932_001V-1.jpg","contentUrl":"https:\/\/www.vermikompostuj.cz\/wp-content\/uploads\/2020\/02\/8593932_001V-1.jpg","width":840,"height":558,"caption":"Vermikompostuj.cz"},"image":{"@id":"https:\/\/www.vermikompostuj.cz\/sk\/cz\/#\/schema\/logo\/image\/"},"sameAs":["https:\/\/www.facebook.com\/prodejkalifornskychzizal\/","https:\/\/www.instagram.com\/vermikompostuj.cz\/","https:\/\/cs.wikipedia.org\/wiki\/Vermikompost"]}]}},"_links":{"self":[{"href":"https:\/\/www.vermikompostuj.cz\/sk\/wp-json\/wp\/v2\/product\/18168","targetHints":{"allow":["GET"]}}],"collection":[{"href":"https:\/\/www.vermikompostuj.cz\/sk\/wp-json\/wp\/v2\/product"}],"about":[{"href":"https:\/\/www.vermikompostuj.cz\/sk\/wp-json\/wp\/v2\/types\/product"}],"version-history":[{"count":1,"href":"https:\/\/www.vermikompostuj.cz\/sk\/wp-json\/wp\/v2\/product\/18168\/revisions"}],"predecessor-version":[{"id":19197,"href":"https:\/\/www.vermikompostuj.cz\/sk\/wp-json\/wp\/v2\/product\/18168\/revisions\/19197"}],"wp:featuredmedia":[{"embeddable":true,"href":"https:\/\/www.vermikompostuj.cz\/sk\/wp-json\/wp\/v2\/media\/17940"}],"wp:attachment":[{"href":"https:\/\/www.vermikompostuj.cz\/sk\/wp-json\/wp\/v2\/media?parent=18168"}],"wp:term":[{"taxonomy":"product_brand","embeddable":true,"href":"https:\/\/www.vermikompostuj.cz\/sk\/wp-json\/wp\/v2\/product_brand?post=18168"},{"taxonomy":"product_cat","embeddable":true,"href":"https:\/\/www.vermikompostuj.cz\/sk\/wp-json\/wp\/v2\/product_cat?post=18168"},{"taxonomy":"product_tag","embeddable":true,"href":"https:\/\/www.vermikompostuj.cz\/sk\/wp-json\/wp\/v2\/product_tag?post=18168"}],"curies":[{"name":"wp","href":"https:\/\/api.w.org\/{rel}","templated":true}]}}