{"id":18170,"date":"2021-02-22T23:31:19","date_gmt":"2021-02-22T22:31:19","guid":{"rendered":"https:\/\/www.vermikompostuj.cz\/produkt\/pravy-vceli-vosk-od-vcelara-surovy-400-g\/"},"modified":"2023-03-05T21:55:55","modified_gmt":"2023-03-05T20:55:55","slug":"pravy-vceli-vosk-od-vcelara-surovy-400-g","status":"publish","type":"product","link":"https:\/\/www.vermikompostuj.cz\/sk\/produkt\/pravy-vceli-vosk-od-vcelara-surovy-400-g\/","title":{"rendered":"Prav\u00fd v\u010del\u00ed vosk od v\u010del\u00e1ra &#8211; surov\u00fd (400 g)"},"content":{"rendered":"\t\t<div data-elementor-type=\"wp-post\" data-elementor-id=\"18170\" class=\"elementor elementor-18170 elementor-13861\">\n\t\t\t\t\t\t<div class=\"elementor-inner\">\n\t\t\t\t<div class=\"elementor-section-wrap\">\n\t\t\t\t\t\t\t\t\t<section class=\"elementor-section elementor-top-section elementor-element elementor-element-3901b048 elementor-section-boxed elementor-section-height-default elementor-section-height-default\" data-id=\"3901b048\" data-element_type=\"section\">\n\t\t\t\t\t\t<div class=\"elementor-container elementor-column-gap-default\">\n\t\t\t\t\t\t\t<div class=\"elementor-row\">\n\t\t\t\t\t<div class=\"elementor-column elementor-col-100 elementor-top-column elementor-element elementor-element-11f508a5\" data-id=\"11f508a5\" data-element_type=\"column\">\n\t\t\t<div class=\"elementor-column-wrap elementor-element-populated\">\n\t\t\t\t\t\t\t<div class=\"elementor-widget-wrap\">\n\t\t\t\t\t\t<div class=\"elementor-element elementor-element-6faa2643 elementor-widget elementor-widget-text-editor\" data-id=\"6faa2643\" data-element_type=\"widget\" data-widget_type=\"text-editor.default\">\n\t\t\t\t<div class=\"elementor-widget-container\">\n\t\t\t\t\t\t\t\t<div class=\"elementor-text-editor elementor-clearfix\">\n\t\t\t\t<p>V\u010del\u00ed vosk je pr\u00edrodn\u00fd produkt, ktor\u00fd vznik\u00e1 metabolickou premenou medu a pe\u013eu v tele niektor\u00fdch druhov v\u010diel, napr\u00edklad v\u010dely medonosnej, ktor\u00e1 je u n\u00e1s najroz\u0161\u00edrenej\u0161\u00edm druhom.<\/p>\n<p>Pou\u017eitie:<\/p>\n<ul>\n<li>V\u00fdroba svie\u010dok r\u00f4znych tvarov &#8211; kr\u00e1sna pr\u00edrodn\u00e1 v\u00f4\u0148a vosku<\/li>\n<li>Tvorba dekorat\u00edvnych odliatkov<\/li>\n<li>\u00daprava n\u00e1bytku, ko\u017ee, kov\u00e1\u010dskych v\u00fdrobkov<\/li>\n<li>Kozmetika &#8211; na v\u00fdrobu r\u00fa\u017eov, prid\u00e1va sa aj do kr\u00e9mov a mast\u00ed<\/li>\n<li>V\u00fdroba pr\u00edrodn\u00fdch produktov<\/li>\n<li>Farmaceutick\u00e9 v\u00fdrobky<\/li>\n<li>Potraviny<\/li>\n<\/ul>\n\t\t\t\t\t<\/div>\n\t\t\t\t\t\t<\/div>\n\t\t\t\t<\/div>\n\t\t\t\t\t\t<\/div>\n\t\t\t\t\t<\/div>\n\t\t<\/div>\n\t\t\t\t\t\t\t\t<\/div>\n\t\t\t\t\t<\/div>\n\t\t<\/section>\n\t\t\t\t\t\t\t\t\t<\/div>\n\t\t\t<\/div>\n\t\t\t\t\t<\/div>\n\t\t","protected":false},"excerpt":{"rendered":"<p><strong>Pr\u00edrodn\u00fd \u017elt\u00fd 100% v\u010del\u00ed vosk priamo od v\u010del\u00e1ra<\/strong>, bez pridania in\u00fdch umel\u00fdch voskov alebo paraf\u00ednu, s kr\u00e1snou pr\u00edrodnou v\u00f4\u0148ou prav\u00e9ho v\u010delieho vosku. V\u010del\u00ed vosk sa naj\u010dastej\u0161ie pou\u017e\u00edva na <strong>v\u00fdrobu svie\u010dok, odliatkov, na \u00fapravu n\u00e1bytku, ko\u017ee alebo v kov\u00e1\u010dstve<\/strong>. Ve\u013emi \u010dasto sa pou\u017e\u00edva aj na <strong>farmaceutick\u00e9 \u00fa\u010dely, v potravin\u00e1rskom priemysle alebo na v\u00fdrobu pr\u00edrodnej kozmetiky<\/strong>, ke\u010f sa vosk prid\u00e1va do r\u00f4znych mast\u00ed a kr\u00e9mov.<\/p>\n","protected":false},"featured_media":18005,"template":"","meta":{"site-sidebar-layout":"default","site-content-layout":"default","ast-global-header-display":"","ast-main-header-display":"","ast-hfb-above-header-display":"","ast-hfb-below-header-display":"","ast-hfb-mobile-header-display":"","site-post-title":"","ast-breadcrumbs-content":"","ast-featured-img":"","footer-sml-layout":"","theme-transparent-header-meta":"default","adv-header-id-meta":"","stick-header-meta":"","header-above-stick-meta":"","header-main-stick-meta":"","header-below-stick-meta":""},"product_brand":[],"product_cat":[165],"product_tag":[166,190,193,168],"class_list":{"0":"post-18170","1":"product","2":"type-product","3":"status-publish","4":"has-post-thumbnail","6":"product_cat-priamo-od-vcelara","7":"product_tag-priamo-od-vcelara","8":"product_tag-prirodny-vosk","9":"product_tag-vceli-vosk-sk","10":"product_tag-vcelie-produkty","11":"desktop-align-center","12":"tablet-align-center","13":"mobile-align-center","15":"first","16":"instock","17":"shipping-taxable","18":"purchasable","19":"product-type-simple"},"yoast_head":"<!-- This site is optimized with the Yoast SEO plugin v24.1 - https:\/\/yoast.com\/wordpress\/plugins\/seo\/ -->\n<title>Prav\u00fd v\u010del\u00ed vosk priamo od v\u010del\u00e1ra - surov\u00fd (400 g) - Vermikompostuj.cz%<\/title>\n<meta name=\"description\" content=\"Pr\u00edrodn\u00fd \u017elt\u00fd 100% v\u010del\u00ed vosk priamo od v\u010del\u00e1ra, bez umel\u00fdch paraf\u00ednov. Kr\u00e1sna pr\u00edrodn\u00e1 v\u00f4\u0148a. Vhodn\u00e9 na v\u00fdrobu svie\u010dok, odlievanie, farmaceutick\u00e9 v\u00fdrobky, pr\u00edrodn\u00fa kozmetiku, n\u00e1bytok a o\u0161etrenie ko\u017ee.\" \/>\n<meta name=\"robots\" content=\"index, follow, max-snippet:-1, max-image-preview:large, max-video-preview:-1\" \/>\n<link rel=\"canonical\" href=\"https:\/\/www.vermikompostuj.cz\/sk\/produkt\/pravy-vceli-vosk-od-vcelara-surovy-400-g\/\" \/>\n<meta property=\"og:locale\" content=\"sk_SK\" \/>\n<meta property=\"og:type\" content=\"article\" \/>\n<meta property=\"og:title\" content=\"Prav\u00fd v\u010del\u00ed vosk priamo od v\u010del\u00e1ra - surov\u00fd (400 g) - Vermikompostuj.cz%\" \/>\n<meta property=\"og:description\" content=\"Pr\u00edrodn\u00fd \u017elt\u00fd 100% v\u010del\u00ed vosk priamo od v\u010del\u00e1ra, bez umel\u00fdch paraf\u00ednov. Kr\u00e1sna pr\u00edrodn\u00e1 v\u00f4\u0148a. Vhodn\u00e9 na v\u00fdrobu svie\u010dok, odlievanie, farmaceutick\u00e9 v\u00fdrobky, pr\u00edrodn\u00fa kozmetiku, n\u00e1bytok a o\u0161etrenie ko\u017ee.\" \/>\n<meta property=\"og:url\" content=\"https:\/\/www.vermikompostuj.cz\/sk\/produkt\/pravy-vceli-vosk-od-vcelara-surovy-400-g\/\" \/>\n<meta property=\"og:site_name\" content=\"Vermikompostuj.cz\" \/>\n<meta property=\"article:publisher\" content=\"https:\/\/www.facebook.com\/prodejkalifornskychzizal\/\" \/>\n<meta property=\"article:modified_time\" content=\"2023-03-05T20:55:55+00:00\" \/>\n<meta property=\"og:image\" content=\"https:\/\/www.vermikompostuj.cz\/wp-content\/uploads\/2021\/02\/Vosk-1-zmen\u0161en\u00fd.jpg\" \/>\n\t<meta property=\"og:image:width\" content=\"664\" \/>\n\t<meta property=\"og:image:height\" content=\"649\" \/>\n\t<meta property=\"og:image:type\" content=\"image\/jpeg\" \/>\n<meta name=\"twitter:card\" content=\"summary_large_image\" \/>\n<script type=\"application\/ld+json\" class=\"yoast-schema-graph\">{\"@context\":\"https:\/\/schema.org\",\"@graph\":[{\"@type\":\"WebPage\",\"@id\":\"https:\/\/www.vermikompostuj.cz\/sk\/produkt\/pravy-vceli-vosk-od-vcelara-surovy-400-g\/\",\"url\":\"https:\/\/www.vermikompostuj.cz\/sk\/produkt\/pravy-vceli-vosk-od-vcelara-surovy-400-g\/\",\"name\":\"Prav\u00fd v\u010del\u00ed vosk priamo od v\u010del\u00e1ra - surov\u00fd (400 g) - Vermikompostuj.cz%\",\"isPartOf\":{\"@id\":\"https:\/\/www.vermikompostuj.cz\/sk\/cz\/#website\"},\"primaryImageOfPage\":{\"@id\":\"https:\/\/www.vermikompostuj.cz\/sk\/produkt\/pravy-vceli-vosk-od-vcelara-surovy-400-g\/#primaryimage\"},\"image\":{\"@id\":\"https:\/\/www.vermikompostuj.cz\/sk\/produkt\/pravy-vceli-vosk-od-vcelara-surovy-400-g\/#primaryimage\"},\"thumbnailUrl\":\"https:\/\/www.vermikompostuj.cz\/wp-content\/uploads\/2021\/02\/Vosk-1-zmen\u0161en\u00fd.jpg\",\"datePublished\":\"2021-02-22T22:31:19+00:00\",\"dateModified\":\"2023-03-05T20:55:55+00:00\",\"description\":\"Pr\u00edrodn\u00fd \u017elt\u00fd 100% v\u010del\u00ed vosk priamo od v\u010del\u00e1ra, bez umel\u00fdch paraf\u00ednov. Kr\u00e1sna pr\u00edrodn\u00e1 v\u00f4\u0148a. Vhodn\u00e9 na v\u00fdrobu svie\u010dok, odlievanie, farmaceutick\u00e9 v\u00fdrobky, pr\u00edrodn\u00fa kozmetiku, n\u00e1bytok a o\u0161etrenie ko\u017ee.\",\"breadcrumb\":{\"@id\":\"https:\/\/www.vermikompostuj.cz\/sk\/produkt\/pravy-vceli-vosk-od-vcelara-surovy-400-g\/#breadcrumb\"},\"inLanguage\":\"sk-SK\",\"potentialAction\":[{\"@type\":\"ReadAction\",\"target\":[\"https:\/\/www.vermikompostuj.cz\/sk\/produkt\/pravy-vceli-vosk-od-vcelara-surovy-400-g\/\"]}]},{\"@type\":\"ImageObject\",\"inLanguage\":\"sk-SK\",\"@id\":\"https:\/\/www.vermikompostuj.cz\/sk\/produkt\/pravy-vceli-vosk-od-vcelara-surovy-400-g\/#primaryimage\",\"url\":\"https:\/\/www.vermikompostuj.cz\/wp-content\/uploads\/2021\/02\/Vosk-1-zmen\u0161en\u00fd.jpg\",\"contentUrl\":\"https:\/\/www.vermikompostuj.cz\/wp-content\/uploads\/2021\/02\/Vosk-1-zmen\u0161en\u00fd.jpg\",\"width\":664,\"height\":649,\"caption\":\"P\u0159\u00edrodn\u00ed v\u010del\u00ed vosk\"},{\"@type\":\"BreadcrumbList\",\"@id\":\"https:\/\/www.vermikompostuj.cz\/sk\/produkt\/pravy-vceli-vosk-od-vcelara-surovy-400-g\/#breadcrumb\",\"itemListElement\":[{\"@type\":\"ListItem\",\"position\":1,\"name\":\"Dom\u016f\",\"item\":\"https:\/\/www.vermikompostuj.cz\/sk\/shop-2\/\"},{\"@type\":\"ListItem\",\"position\":2,\"name\":\"Shop\",\"item\":\"https:\/\/www.vermikompostuj.cz\/sk\/shop-2\/\"},{\"@type\":\"ListItem\",\"position\":3,\"name\":\"Prav\u00fd v\u010del\u00ed vosk od v\u010del\u00e1ra &#8211; surov\u00fd (400 g)\"}]},{\"@type\":\"WebSite\",\"@id\":\"https:\/\/www.vermikompostuj.cz\/sk\/cz\/#website\",\"url\":\"https:\/\/www.vermikompostuj.cz\/sk\/cz\/\",\"name\":\"Vermikompostuj.cz-Prodej kalifornsk\u00fdch \u017e\u00ed\u017eal\",\"description\":\"Prodej kalifornsk\u00fdch \u017e\u00ed\u017eal\",\"publisher\":{\"@id\":\"https:\/\/www.vermikompostuj.cz\/sk\/cz\/#organization\"},\"potentialAction\":[{\"@type\":\"SearchAction\",\"target\":{\"@type\":\"EntryPoint\",\"urlTemplate\":\"https:\/\/www.vermikompostuj.cz\/sk\/cz\/?s={search_term_string}\"},\"query-input\":{\"@type\":\"PropertyValueSpecification\",\"valueRequired\":true,\"valueName\":\"search_term_string\"}}],\"inLanguage\":\"sk-SK\"},{\"@type\":\"Organization\",\"@id\":\"https:\/\/www.vermikompostuj.cz\/sk\/cz\/#organization\",\"name\":\"Vermikompostuj.cz\",\"url\":\"https:\/\/www.vermikompostuj.cz\/sk\/cz\/\",\"logo\":{\"@type\":\"ImageObject\",\"inLanguage\":\"sk-SK\",\"@id\":\"https:\/\/www.vermikompostuj.cz\/sk\/cz\/#\/schema\/logo\/image\/\",\"url\":\"https:\/\/www.vermikompostuj.cz\/wp-content\/uploads\/2020\/02\/8593932_001V-1.jpg\",\"contentUrl\":\"https:\/\/www.vermikompostuj.cz\/wp-content\/uploads\/2020\/02\/8593932_001V-1.jpg\",\"width\":840,\"height\":558,\"caption\":\"Vermikompostuj.cz\"},\"image\":{\"@id\":\"https:\/\/www.vermikompostuj.cz\/sk\/cz\/#\/schema\/logo\/image\/\"},\"sameAs\":[\"https:\/\/www.facebook.com\/prodejkalifornskychzizal\/\",\"https:\/\/www.instagram.com\/vermikompostuj.cz\/\",\"https:\/\/cs.wikipedia.org\/wiki\/Vermikompost\"]}]}<\/script>\n<!-- \/ Yoast SEO plugin. -->","yoast_head_json":{"title":"Prav\u00fd v\u010del\u00ed vosk priamo od v\u010del\u00e1ra - surov\u00fd (400 g) - Vermikompostuj.cz%","description":"Pr\u00edrodn\u00fd \u017elt\u00fd 100% v\u010del\u00ed vosk priamo od v\u010del\u00e1ra, bez umel\u00fdch paraf\u00ednov. Kr\u00e1sna pr\u00edrodn\u00e1 v\u00f4\u0148a. Vhodn\u00e9 na v\u00fdrobu svie\u010dok, odlievanie, farmaceutick\u00e9 v\u00fdrobky, pr\u00edrodn\u00fa kozmetiku, n\u00e1bytok a o\u0161etrenie ko\u017ee.","robots":{"index":"index","follow":"follow","max-snippet":"max-snippet:-1","max-image-preview":"max-image-preview:large","max-video-preview":"max-video-preview:-1"},"canonical":"https:\/\/www.vermikompostuj.cz\/sk\/produkt\/pravy-vceli-vosk-od-vcelara-surovy-400-g\/","og_locale":"sk_SK","og_type":"article","og_title":"Prav\u00fd v\u010del\u00ed vosk priamo od v\u010del\u00e1ra - surov\u00fd (400 g) - Vermikompostuj.cz%","og_description":"Pr\u00edrodn\u00fd \u017elt\u00fd 100% v\u010del\u00ed vosk priamo od v\u010del\u00e1ra, bez umel\u00fdch paraf\u00ednov. Kr\u00e1sna pr\u00edrodn\u00e1 v\u00f4\u0148a. Vhodn\u00e9 na v\u00fdrobu svie\u010dok, odlievanie, farmaceutick\u00e9 v\u00fdrobky, pr\u00edrodn\u00fa kozmetiku, n\u00e1bytok a o\u0161etrenie ko\u017ee.","og_url":"https:\/\/www.vermikompostuj.cz\/sk\/produkt\/pravy-vceli-vosk-od-vcelara-surovy-400-g\/","og_site_name":"Vermikompostuj.cz","article_publisher":"https:\/\/www.facebook.com\/prodejkalifornskychzizal\/","article_modified_time":"2023-03-05T20:55:55+00:00","og_image":[{"width":664,"height":649,"url":"https:\/\/www.vermikompostuj.cz\/wp-content\/uploads\/2021\/02\/Vosk-1-zmen\u0161en\u00fd.jpg","type":"image\/jpeg"}],"twitter_card":"summary_large_image","schema":{"@context":"https:\/\/schema.org","@graph":[{"@type":"WebPage","@id":"https:\/\/www.vermikompostuj.cz\/sk\/produkt\/pravy-vceli-vosk-od-vcelara-surovy-400-g\/","url":"https:\/\/www.vermikompostuj.cz\/sk\/produkt\/pravy-vceli-vosk-od-vcelara-surovy-400-g\/","name":"Prav\u00fd v\u010del\u00ed vosk priamo od v\u010del\u00e1ra - surov\u00fd (400 g) - Vermikompostuj.cz%","isPartOf":{"@id":"https:\/\/www.vermikompostuj.cz\/sk\/cz\/#website"},"primaryImageOfPage":{"@id":"https:\/\/www.vermikompostuj.cz\/sk\/produkt\/pravy-vceli-vosk-od-vcelara-surovy-400-g\/#primaryimage"},"image":{"@id":"https:\/\/www.vermikompostuj.cz\/sk\/produkt\/pravy-vceli-vosk-od-vcelara-surovy-400-g\/#primaryimage"},"thumbnailUrl":"https:\/\/www.vermikompostuj.cz\/wp-content\/uploads\/2021\/02\/Vosk-1-zmen\u0161en\u00fd.jpg","datePublished":"2021-02-22T22:31:19+00:00","dateModified":"2023-03-05T20:55:55+00:00","description":"Pr\u00edrodn\u00fd \u017elt\u00fd 100% v\u010del\u00ed vosk priamo od v\u010del\u00e1ra, bez umel\u00fdch paraf\u00ednov. Kr\u00e1sna pr\u00edrodn\u00e1 v\u00f4\u0148a. Vhodn\u00e9 na v\u00fdrobu svie\u010dok, odlievanie, farmaceutick\u00e9 v\u00fdrobky, pr\u00edrodn\u00fa kozmetiku, n\u00e1bytok a o\u0161etrenie ko\u017ee.","breadcrumb":{"@id":"https:\/\/www.vermikompostuj.cz\/sk\/produkt\/pravy-vceli-vosk-od-vcelara-surovy-400-g\/#breadcrumb"},"inLanguage":"sk-SK","potentialAction":[{"@type":"ReadAction","target":["https:\/\/www.vermikompostuj.cz\/sk\/produkt\/pravy-vceli-vosk-od-vcelara-surovy-400-g\/"]}]},{"@type":"ImageObject","inLanguage":"sk-SK","@id":"https:\/\/www.vermikompostuj.cz\/sk\/produkt\/pravy-vceli-vosk-od-vcelara-surovy-400-g\/#primaryimage","url":"https:\/\/www.vermikompostuj.cz\/wp-content\/uploads\/2021\/02\/Vosk-1-zmen\u0161en\u00fd.jpg","contentUrl":"https:\/\/www.vermikompostuj.cz\/wp-content\/uploads\/2021\/02\/Vosk-1-zmen\u0161en\u00fd.jpg","width":664,"height":649,"caption":"P\u0159\u00edrodn\u00ed v\u010del\u00ed vosk"},{"@type":"BreadcrumbList","@id":"https:\/\/www.vermikompostuj.cz\/sk\/produkt\/pravy-vceli-vosk-od-vcelara-surovy-400-g\/#breadcrumb","itemListElement":[{"@type":"ListItem","position":1,"name":"Dom\u016f","item":"https:\/\/www.vermikompostuj.cz\/sk\/shop-2\/"},{"@type":"ListItem","position":2,"name":"Shop","item":"https:\/\/www.vermikompostuj.cz\/sk\/shop-2\/"},{"@type":"ListItem","position":3,"name":"Prav\u00fd v\u010del\u00ed vosk od v\u010del\u00e1ra &#8211; surov\u00fd (400 g)"}]},{"@type":"WebSite","@id":"https:\/\/www.vermikompostuj.cz\/sk\/cz\/#website","url":"https:\/\/www.vermikompostuj.cz\/sk\/cz\/","name":"Vermikompostuj.cz-Prodej kalifornsk\u00fdch \u017e\u00ed\u017eal","description":"Prodej kalifornsk\u00fdch \u017e\u00ed\u017eal","publisher":{"@id":"https:\/\/www.vermikompostuj.cz\/sk\/cz\/#organization"},"potentialAction":[{"@type":"SearchAction","target":{"@type":"EntryPoint","urlTemplate":"https:\/\/www.vermikompostuj.cz\/sk\/cz\/?s={search_term_string}"},"query-input":{"@type":"PropertyValueSpecification","valueRequired":true,"valueName":"search_term_string"}}],"inLanguage":"sk-SK"},{"@type":"Organization","@id":"https:\/\/www.vermikompostuj.cz\/sk\/cz\/#organization","name":"Vermikompostuj.cz","url":"https:\/\/www.vermikompostuj.cz\/sk\/cz\/","logo":{"@type":"ImageObject","inLanguage":"sk-SK","@id":"https:\/\/www.vermikompostuj.cz\/sk\/cz\/#\/schema\/logo\/image\/","url":"https:\/\/www.vermikompostuj.cz\/wp-content\/uploads\/2020\/02\/8593932_001V-1.jpg","contentUrl":"https:\/\/www.vermikompostuj.cz\/wp-content\/uploads\/2020\/02\/8593932_001V-1.jpg","width":840,"height":558,"caption":"Vermikompostuj.cz"},"image":{"@id":"https:\/\/www.vermikompostuj.cz\/sk\/cz\/#\/schema\/logo\/image\/"},"sameAs":["https:\/\/www.facebook.com\/prodejkalifornskychzizal\/","https:\/\/www.instagram.com\/vermikompostuj.cz\/","https:\/\/cs.wikipedia.org\/wiki\/Vermikompost"]}]}},"_links":{"self":[{"href":"https:\/\/www.vermikompostuj.cz\/sk\/wp-json\/wp\/v2\/product\/18170","targetHints":{"allow":["GET"]}}],"collection":[{"href":"https:\/\/www.vermikompostuj.cz\/sk\/wp-json\/wp\/v2\/product"}],"about":[{"href":"https:\/\/www.vermikompostuj.cz\/sk\/wp-json\/wp\/v2\/types\/product"}],"version-history":[{"count":1,"href":"https:\/\/www.vermikompostuj.cz\/sk\/wp-json\/wp\/v2\/product\/18170\/revisions"}],"predecessor-version":[{"id":18173,"href":"https:\/\/www.vermikompostuj.cz\/sk\/wp-json\/wp\/v2\/product\/18170\/revisions\/18173"}],"wp:featuredmedia":[{"embeddable":true,"href":"https:\/\/www.vermikompostuj.cz\/sk\/wp-json\/wp\/v2\/media\/18005"}],"wp:attachment":[{"href":"https:\/\/www.vermikompostuj.cz\/sk\/wp-json\/wp\/v2\/media?parent=18170"}],"wp:term":[{"taxonomy":"product_brand","embeddable":true,"href":"https:\/\/www.vermikompostuj.cz\/sk\/wp-json\/wp\/v2\/product_brand?post=18170"},{"taxonomy":"product_cat","embeddable":true,"href":"https:\/\/www.vermikompostuj.cz\/sk\/wp-json\/wp\/v2\/product_cat?post=18170"},{"taxonomy":"product_tag","embeddable":true,"href":"https:\/\/www.vermikompostuj.cz\/sk\/wp-json\/wp\/v2\/product_tag?post=18170"}],"curies":[{"name":"wp","href":"https:\/\/api.w.org\/{rel}","templated":true}]}}