{"id":18175,"date":"2022-01-16T23:35:38","date_gmt":"2022-01-16T22:35:38","guid":{"rendered":"https:\/\/www.vermikompostuj.cz\/produkt\/platacka-na-muchy-ecostripe-attractive-5-ks\/"},"modified":"2023-03-05T21:56:00","modified_gmt":"2023-03-05T20:56:00","slug":"platacka-na-muchy-ecostripe-attractive-5-ks","status":"publish","type":"product","link":"https:\/\/www.vermikompostuj.cz\/sk\/produkt\/platacka-na-muchy-ecostripe-attractive-5-ks\/","title":{"rendered":"Pl\u00e1ta\u010dka na muchy Ecostripe Attractive &#8211; 5 ks"},"content":{"rendered":"\t\t<div data-elementor-type=\"wp-post\" data-elementor-id=\"18175\" class=\"elementor elementor-18175 elementor-15539\">\n\t\t\t\t\t\t<div class=\"elementor-inner\">\n\t\t\t\t<div class=\"elementor-section-wrap\">\n\t\t\t\t\t\t\t\t\t<section class=\"elementor-section elementor-top-section elementor-element elementor-element-3901b048 elementor-section-boxed elementor-section-height-default elementor-section-height-default\" data-id=\"3901b048\" data-element_type=\"section\">\n\t\t\t\t\t\t<div class=\"elementor-container elementor-column-gap-default\">\n\t\t\t\t\t\t\t<div class=\"elementor-row\">\n\t\t\t\t\t<div class=\"elementor-column elementor-col-100 elementor-top-column elementor-element elementor-element-11f508a5\" data-id=\"11f508a5\" data-element_type=\"column\">\n\t\t\t<div class=\"elementor-column-wrap elementor-element-populated\">\n\t\t\t\t\t\t\t<div class=\"elementor-widget-wrap\">\n\t\t\t\t\t\t<div class=\"elementor-element elementor-element-6faa2643 elementor-widget elementor-widget-text-editor\" data-id=\"6faa2643\" data-element_type=\"widget\" data-widget_type=\"text-editor.default\">\n\t\t\t\t<div class=\"elementor-widget-container\">\n\t\t\t\t\t\t\t\t<div class=\"elementor-text-editor elementor-clearfix\">\n\t\t\t\t<p>Neobsahuje insektic\u00eddy a je zalo\u017een\u00fd v\u00fdlu\u010dne na pr\u00edrodn\u00fdch zlo\u017ek\u00e1ch. Jeho pou\u017eitie nepo\u0161kodzuje kalifornsk\u00e9 d\u00e1\u017e\u010fovky ani im neprek\u00e1\u017ea pri vermikompostovan\u00ed. Pascu na muchy mo\u017eno umiestni\u0165 priamo do kompost\u00e9ra.  <\/p>\n<p>Uchov\u00e1vajte mimo dosahu det\u00ed. Skladujte na chladnom a suchom mieste.<\/p>\n<p><strong>Pred pou\u017eit\u00edm si v\u017edy pre\u010d\u00edtajte inform\u00e1cie na obale a prilo\u017een\u00e9 inform\u00e1cie o v\u00fdrobku.<\/strong><\/p>\n\t\t\t\t\t<\/div>\n\t\t\t\t\t\t<\/div>\n\t\t\t\t<\/div>\n\t\t\t\t\t\t<\/div>\n\t\t\t\t\t<\/div>\n\t\t<\/div>\n\t\t\t\t\t\t\t\t<\/div>\n\t\t\t\t\t<\/div>\n\t\t<\/section>\n\t\t\t\t\t\t\t\t\t<\/div>\n\t\t\t<\/div>\n\t\t\t\t\t<\/div>\n\t\t","protected":false},"excerpt":{"rendered":"<p>Pasca na octomilky oby\u010dajn\u00e9. Muchy sa nal\u00e1kaj\u00fa na lepiacu \u010das\u0165 mucholapky. P\u00f4sob\u00ed nepretr\u017eite nieko\u013eko mesiacov, bez z\u00e1pachu alebo z\u00e1pachu. Vhodn\u00e9 na umiestnenie na viacer\u00fdch miestach v dom\u00e1cnosti pre vy\u0161\u0161iu \u00fa\u010dinnos\u0165 odchytu.<\/p>\n","protected":false},"featured_media":18035,"template":"","meta":{"site-sidebar-layout":"default","site-content-layout":"default","ast-global-header-display":"","ast-main-header-display":"","ast-hfb-above-header-display":"","ast-hfb-below-header-display":"","ast-hfb-mobile-header-display":"","site-post-title":"","ast-breadcrumbs-content":"","ast-featured-img":"","footer-sml-layout":"","theme-transparent-header-meta":"default","adv-header-id-meta":"","stick-header-meta":"","header-above-stick-meta":"","header-main-stick-meta":"","header-below-stick-meta":""},"product_brand":[],"product_cat":[145,144,194],"product_tag":[148,149],"class_list":{"0":"post-18175","1":"product","2":"type-product","3":"status-publish","4":"has-post-thumbnail","6":"product_cat-vsetko-pre-vermikompostovanie","7":"product_cat-zahrada-sk","8":"product_cat-pasce-na-skodcov","9":"product_tag-kalifornske-dazdovky","10":"product_tag-vermikompostovanie","11":"desktop-align-center","12":"tablet-align-center","13":"mobile-align-center","15":"first","16":"instock","17":"shipping-taxable","18":"purchasable","19":"product-type-simple"},"yoast_head":"<!-- This site is optimized with the Yoast SEO plugin v24.1 - https:\/\/yoast.com\/wordpress\/plugins\/seo\/ -->\n<title>Muchotr\u00e1vka pre Octomil - Ecostripe 5 ks -Vermikompostuj.cz%<\/title>\n<meta name=\"description\" content=\"Pasca na chytanie octov\u00fdch \u010dervov v dom\u00e1cnosti. Hmyz sa prilep\u00ed na mucholapku. Funguje nepretr\u017eite nieko\u013eko mesiacov, bez z\u00e1pachu a z\u00e1pachu.\" \/>\n<meta name=\"robots\" content=\"index, follow, max-snippet:-1, max-image-preview:large, max-video-preview:-1\" \/>\n<link rel=\"canonical\" href=\"https:\/\/www.vermikompostuj.cz\/sk\/produkt\/platacka-na-muchy-ecostripe-attractive-5-ks\/\" \/>\n<meta property=\"og:locale\" content=\"sk_SK\" \/>\n<meta property=\"og:type\" content=\"article\" \/>\n<meta property=\"og:title\" content=\"Muchotr\u00e1vka pre Octomil - Ecostripe 5 ks -Vermikompostuj.cz%\" \/>\n<meta property=\"og:description\" content=\"Pasca na chytanie octov\u00fdch \u010dervov v dom\u00e1cnosti. Hmyz sa prilep\u00ed na mucholapku. Funguje nepretr\u017eite nieko\u013eko mesiacov, bez z\u00e1pachu a z\u00e1pachu.\" \/>\n<meta property=\"og:url\" content=\"https:\/\/www.vermikompostuj.cz\/sk\/produkt\/platacka-na-muchy-ecostripe-attractive-5-ks\/\" \/>\n<meta property=\"og:site_name\" content=\"Vermikompostuj.cz\" \/>\n<meta property=\"article:publisher\" content=\"https:\/\/www.facebook.com\/prodejkalifornskychzizal\/\" \/>\n<meta property=\"article:modified_time\" content=\"2023-03-05T20:56:00+00:00\" \/>\n<meta property=\"og:image\" content=\"https:\/\/www.vermikompostuj.cz\/wp-content\/uploads\/2022\/01\/mucholapka-5-ks.jpg\" \/>\n\t<meta property=\"og:image:width\" content=\"713\" \/>\n\t<meta property=\"og:image:height\" content=\"688\" \/>\n\t<meta property=\"og:image:type\" content=\"image\/jpeg\" \/>\n<meta name=\"twitter:card\" content=\"summary_large_image\" \/>\n<script type=\"application\/ld+json\" class=\"yoast-schema-graph\">{\"@context\":\"https:\/\/schema.org\",\"@graph\":[{\"@type\":\"WebPage\",\"@id\":\"https:\/\/www.vermikompostuj.cz\/sk\/produkt\/platacka-na-muchy-ecostripe-attractive-5-ks\/\",\"url\":\"https:\/\/www.vermikompostuj.cz\/sk\/produkt\/platacka-na-muchy-ecostripe-attractive-5-ks\/\",\"name\":\"Muchotr\u00e1vka pre Octomil - Ecostripe 5 ks -Vermikompostuj.cz%\",\"isPartOf\":{\"@id\":\"https:\/\/www.vermikompostuj.cz\/sk\/cz\/#website\"},\"primaryImageOfPage\":{\"@id\":\"https:\/\/www.vermikompostuj.cz\/sk\/produkt\/platacka-na-muchy-ecostripe-attractive-5-ks\/#primaryimage\"},\"image\":{\"@id\":\"https:\/\/www.vermikompostuj.cz\/sk\/produkt\/platacka-na-muchy-ecostripe-attractive-5-ks\/#primaryimage\"},\"thumbnailUrl\":\"https:\/\/www.vermikompostuj.cz\/wp-content\/uploads\/2022\/01\/mucholapka-5-ks.jpg\",\"datePublished\":\"2022-01-16T22:35:38+00:00\",\"dateModified\":\"2023-03-05T20:56:00+00:00\",\"description\":\"Pasca na chytanie octov\u00fdch \u010dervov v dom\u00e1cnosti. Hmyz sa prilep\u00ed na mucholapku. Funguje nepretr\u017eite nieko\u013eko mesiacov, bez z\u00e1pachu a z\u00e1pachu.\",\"breadcrumb\":{\"@id\":\"https:\/\/www.vermikompostuj.cz\/sk\/produkt\/platacka-na-muchy-ecostripe-attractive-5-ks\/#breadcrumb\"},\"inLanguage\":\"sk-SK\",\"potentialAction\":[{\"@type\":\"ReadAction\",\"target\":[\"https:\/\/www.vermikompostuj.cz\/sk\/produkt\/platacka-na-muchy-ecostripe-attractive-5-ks\/\"]}]},{\"@type\":\"ImageObject\",\"inLanguage\":\"sk-SK\",\"@id\":\"https:\/\/www.vermikompostuj.cz\/sk\/produkt\/platacka-na-muchy-ecostripe-attractive-5-ks\/#primaryimage\",\"url\":\"https:\/\/www.vermikompostuj.cz\/wp-content\/uploads\/2022\/01\/mucholapka-5-ks.jpg\",\"contentUrl\":\"https:\/\/www.vermikompostuj.cz\/wp-content\/uploads\/2022\/01\/mucholapka-5-ks.jpg\",\"width\":713,\"height\":688,\"caption\":\"Mucholapka 5 ks\"},{\"@type\":\"BreadcrumbList\",\"@id\":\"https:\/\/www.vermikompostuj.cz\/sk\/produkt\/platacka-na-muchy-ecostripe-attractive-5-ks\/#breadcrumb\",\"itemListElement\":[{\"@type\":\"ListItem\",\"position\":1,\"name\":\"Dom\u016f\",\"item\":\"https:\/\/www.vermikompostuj.cz\/sk\/shop-2\/\"},{\"@type\":\"ListItem\",\"position\":2,\"name\":\"Shop\",\"item\":\"https:\/\/www.vermikompostuj.cz\/sk\/shop-2\/\"},{\"@type\":\"ListItem\",\"position\":3,\"name\":\"Pl\u00e1ta\u010dka na muchy Ecostripe Attractive &#8211; 5 ks\"}]},{\"@type\":\"WebSite\",\"@id\":\"https:\/\/www.vermikompostuj.cz\/sk\/cz\/#website\",\"url\":\"https:\/\/www.vermikompostuj.cz\/sk\/cz\/\",\"name\":\"Vermikompostuj.cz-Prodej kalifornsk\u00fdch \u017e\u00ed\u017eal\",\"description\":\"Prodej kalifornsk\u00fdch \u017e\u00ed\u017eal\",\"publisher\":{\"@id\":\"https:\/\/www.vermikompostuj.cz\/sk\/cz\/#organization\"},\"potentialAction\":[{\"@type\":\"SearchAction\",\"target\":{\"@type\":\"EntryPoint\",\"urlTemplate\":\"https:\/\/www.vermikompostuj.cz\/sk\/cz\/?s={search_term_string}\"},\"query-input\":{\"@type\":\"PropertyValueSpecification\",\"valueRequired\":true,\"valueName\":\"search_term_string\"}}],\"inLanguage\":\"sk-SK\"},{\"@type\":\"Organization\",\"@id\":\"https:\/\/www.vermikompostuj.cz\/sk\/cz\/#organization\",\"name\":\"Vermikompostuj.cz\",\"url\":\"https:\/\/www.vermikompostuj.cz\/sk\/cz\/\",\"logo\":{\"@type\":\"ImageObject\",\"inLanguage\":\"sk-SK\",\"@id\":\"https:\/\/www.vermikompostuj.cz\/sk\/cz\/#\/schema\/logo\/image\/\",\"url\":\"https:\/\/www.vermikompostuj.cz\/wp-content\/uploads\/2020\/02\/8593932_001V-1.jpg\",\"contentUrl\":\"https:\/\/www.vermikompostuj.cz\/wp-content\/uploads\/2020\/02\/8593932_001V-1.jpg\",\"width\":840,\"height\":558,\"caption\":\"Vermikompostuj.cz\"},\"image\":{\"@id\":\"https:\/\/www.vermikompostuj.cz\/sk\/cz\/#\/schema\/logo\/image\/\"},\"sameAs\":[\"https:\/\/www.facebook.com\/prodejkalifornskychzizal\/\",\"https:\/\/www.instagram.com\/vermikompostuj.cz\/\",\"https:\/\/cs.wikipedia.org\/wiki\/Vermikompost\"]}]}<\/script>\n<!-- \/ Yoast SEO plugin. -->","yoast_head_json":{"title":"Muchotr\u00e1vka pre Octomil - Ecostripe 5 ks -Vermikompostuj.cz%","description":"Pasca na chytanie octov\u00fdch \u010dervov v dom\u00e1cnosti. Hmyz sa prilep\u00ed na mucholapku. Funguje nepretr\u017eite nieko\u013eko mesiacov, bez z\u00e1pachu a z\u00e1pachu.","robots":{"index":"index","follow":"follow","max-snippet":"max-snippet:-1","max-image-preview":"max-image-preview:large","max-video-preview":"max-video-preview:-1"},"canonical":"https:\/\/www.vermikompostuj.cz\/sk\/produkt\/platacka-na-muchy-ecostripe-attractive-5-ks\/","og_locale":"sk_SK","og_type":"article","og_title":"Muchotr\u00e1vka pre Octomil - Ecostripe 5 ks -Vermikompostuj.cz%","og_description":"Pasca na chytanie octov\u00fdch \u010dervov v dom\u00e1cnosti. Hmyz sa prilep\u00ed na mucholapku. Funguje nepretr\u017eite nieko\u013eko mesiacov, bez z\u00e1pachu a z\u00e1pachu.","og_url":"https:\/\/www.vermikompostuj.cz\/sk\/produkt\/platacka-na-muchy-ecostripe-attractive-5-ks\/","og_site_name":"Vermikompostuj.cz","article_publisher":"https:\/\/www.facebook.com\/prodejkalifornskychzizal\/","article_modified_time":"2023-03-05T20:56:00+00:00","og_image":[{"width":713,"height":688,"url":"https:\/\/www.vermikompostuj.cz\/wp-content\/uploads\/2022\/01\/mucholapka-5-ks.jpg","type":"image\/jpeg"}],"twitter_card":"summary_large_image","schema":{"@context":"https:\/\/schema.org","@graph":[{"@type":"WebPage","@id":"https:\/\/www.vermikompostuj.cz\/sk\/produkt\/platacka-na-muchy-ecostripe-attractive-5-ks\/","url":"https:\/\/www.vermikompostuj.cz\/sk\/produkt\/platacka-na-muchy-ecostripe-attractive-5-ks\/","name":"Muchotr\u00e1vka pre Octomil - Ecostripe 5 ks -Vermikompostuj.cz%","isPartOf":{"@id":"https:\/\/www.vermikompostuj.cz\/sk\/cz\/#website"},"primaryImageOfPage":{"@id":"https:\/\/www.vermikompostuj.cz\/sk\/produkt\/platacka-na-muchy-ecostripe-attractive-5-ks\/#primaryimage"},"image":{"@id":"https:\/\/www.vermikompostuj.cz\/sk\/produkt\/platacka-na-muchy-ecostripe-attractive-5-ks\/#primaryimage"},"thumbnailUrl":"https:\/\/www.vermikompostuj.cz\/wp-content\/uploads\/2022\/01\/mucholapka-5-ks.jpg","datePublished":"2022-01-16T22:35:38+00:00","dateModified":"2023-03-05T20:56:00+00:00","description":"Pasca na chytanie octov\u00fdch \u010dervov v dom\u00e1cnosti. Hmyz sa prilep\u00ed na mucholapku. Funguje nepretr\u017eite nieko\u013eko mesiacov, bez z\u00e1pachu a z\u00e1pachu.","breadcrumb":{"@id":"https:\/\/www.vermikompostuj.cz\/sk\/produkt\/platacka-na-muchy-ecostripe-attractive-5-ks\/#breadcrumb"},"inLanguage":"sk-SK","potentialAction":[{"@type":"ReadAction","target":["https:\/\/www.vermikompostuj.cz\/sk\/produkt\/platacka-na-muchy-ecostripe-attractive-5-ks\/"]}]},{"@type":"ImageObject","inLanguage":"sk-SK","@id":"https:\/\/www.vermikompostuj.cz\/sk\/produkt\/platacka-na-muchy-ecostripe-attractive-5-ks\/#primaryimage","url":"https:\/\/www.vermikompostuj.cz\/wp-content\/uploads\/2022\/01\/mucholapka-5-ks.jpg","contentUrl":"https:\/\/www.vermikompostuj.cz\/wp-content\/uploads\/2022\/01\/mucholapka-5-ks.jpg","width":713,"height":688,"caption":"Mucholapka 5 ks"},{"@type":"BreadcrumbList","@id":"https:\/\/www.vermikompostuj.cz\/sk\/produkt\/platacka-na-muchy-ecostripe-attractive-5-ks\/#breadcrumb","itemListElement":[{"@type":"ListItem","position":1,"name":"Dom\u016f","item":"https:\/\/www.vermikompostuj.cz\/sk\/shop-2\/"},{"@type":"ListItem","position":2,"name":"Shop","item":"https:\/\/www.vermikompostuj.cz\/sk\/shop-2\/"},{"@type":"ListItem","position":3,"name":"Pl\u00e1ta\u010dka na muchy Ecostripe Attractive &#8211; 5 ks"}]},{"@type":"WebSite","@id":"https:\/\/www.vermikompostuj.cz\/sk\/cz\/#website","url":"https:\/\/www.vermikompostuj.cz\/sk\/cz\/","name":"Vermikompostuj.cz-Prodej kalifornsk\u00fdch \u017e\u00ed\u017eal","description":"Prodej kalifornsk\u00fdch \u017e\u00ed\u017eal","publisher":{"@id":"https:\/\/www.vermikompostuj.cz\/sk\/cz\/#organization"},"potentialAction":[{"@type":"SearchAction","target":{"@type":"EntryPoint","urlTemplate":"https:\/\/www.vermikompostuj.cz\/sk\/cz\/?s={search_term_string}"},"query-input":{"@type":"PropertyValueSpecification","valueRequired":true,"valueName":"search_term_string"}}],"inLanguage":"sk-SK"},{"@type":"Organization","@id":"https:\/\/www.vermikompostuj.cz\/sk\/cz\/#organization","name":"Vermikompostuj.cz","url":"https:\/\/www.vermikompostuj.cz\/sk\/cz\/","logo":{"@type":"ImageObject","inLanguage":"sk-SK","@id":"https:\/\/www.vermikompostuj.cz\/sk\/cz\/#\/schema\/logo\/image\/","url":"https:\/\/www.vermikompostuj.cz\/wp-content\/uploads\/2020\/02\/8593932_001V-1.jpg","contentUrl":"https:\/\/www.vermikompostuj.cz\/wp-content\/uploads\/2020\/02\/8593932_001V-1.jpg","width":840,"height":558,"caption":"Vermikompostuj.cz"},"image":{"@id":"https:\/\/www.vermikompostuj.cz\/sk\/cz\/#\/schema\/logo\/image\/"},"sameAs":["https:\/\/www.facebook.com\/prodejkalifornskychzizal\/","https:\/\/www.instagram.com\/vermikompostuj.cz\/","https:\/\/cs.wikipedia.org\/wiki\/Vermikompost"]}]}},"_links":{"self":[{"href":"https:\/\/www.vermikompostuj.cz\/sk\/wp-json\/wp\/v2\/product\/18175","targetHints":{"allow":["GET"]}}],"collection":[{"href":"https:\/\/www.vermikompostuj.cz\/sk\/wp-json\/wp\/v2\/product"}],"about":[{"href":"https:\/\/www.vermikompostuj.cz\/sk\/wp-json\/wp\/v2\/types\/product"}],"version-history":[{"count":1,"href":"https:\/\/www.vermikompostuj.cz\/sk\/wp-json\/wp\/v2\/product\/18175\/revisions"}],"predecessor-version":[{"id":18177,"href":"https:\/\/www.vermikompostuj.cz\/sk\/wp-json\/wp\/v2\/product\/18175\/revisions\/18177"}],"wp:featuredmedia":[{"embeddable":true,"href":"https:\/\/www.vermikompostuj.cz\/sk\/wp-json\/wp\/v2\/media\/18035"}],"wp:attachment":[{"href":"https:\/\/www.vermikompostuj.cz\/sk\/wp-json\/wp\/v2\/media?parent=18175"}],"wp:term":[{"taxonomy":"product_brand","embeddable":true,"href":"https:\/\/www.vermikompostuj.cz\/sk\/wp-json\/wp\/v2\/product_brand?post=18175"},{"taxonomy":"product_cat","embeddable":true,"href":"https:\/\/www.vermikompostuj.cz\/sk\/wp-json\/wp\/v2\/product_cat?post=18175"},{"taxonomy":"product_tag","embeddable":true,"href":"https:\/\/www.vermikompostuj.cz\/sk\/wp-json\/wp\/v2\/product_tag?post=18175"}],"curies":[{"name":"wp","href":"https:\/\/api.w.org\/{rel}","templated":true}]}}