{"id":18176,"date":"2022-02-27T11:29:30","date_gmt":"2022-02-27T10:29:30","guid":{"rendered":"https:\/\/www.vermikompostuj.cz\/produkt\/akcny-balicek-pre-domace-vermikompostovanie\/"},"modified":"2023-03-05T21:56:01","modified_gmt":"2023-03-05T20:56:01","slug":"akcny-balicek-pre-domace-vermikompostovanie","status":"publish","type":"product","link":"https:\/\/www.vermikompostuj.cz\/sk\/produkt\/akcny-balicek-pre-domace-vermikompostovanie\/","title":{"rendered":"Ak\u010dn\u00fd bal\u00ed\u010dek pre dom\u00e1ce vermikompostovanie"},"content":{"rendered":"\t\t<div data-elementor-type=\"wp-post\" data-elementor-id=\"18176\" class=\"elementor elementor-18176 elementor-15671\">\n\t\t\t\t\t\t<div class=\"elementor-inner\">\n\t\t\t\t<div class=\"elementor-section-wrap\">\n\t\t\t\t\t\t\t\t\t<section class=\"elementor-section elementor-top-section elementor-element elementor-element-3901b048 elementor-section-boxed elementor-section-height-default elementor-section-height-default\" data-id=\"3901b048\" data-element_type=\"section\">\n\t\t\t\t\t\t<div class=\"elementor-container elementor-column-gap-default\">\n\t\t\t\t\t\t\t<div class=\"elementor-row\">\n\t\t\t\t\t<div class=\"elementor-column elementor-col-100 elementor-top-column elementor-element elementor-element-11f508a5\" data-id=\"11f508a5\" data-element_type=\"column\">\n\t\t\t<div class=\"elementor-column-wrap elementor-element-populated\">\n\t\t\t\t\t\t\t<div class=\"elementor-widget-wrap\">\n\t\t\t\t\t\t<div class=\"elementor-element elementor-element-6faa2643 elementor-widget elementor-widget-text-editor\" data-id=\"6faa2643\" data-element_type=\"widget\" data-widget_type=\"text-editor.default\">\n\t\t\t\t<div class=\"elementor-widget-container\">\n\t\t\t\t\t\t\t\t<div class=\"elementor-text-editor elementor-clearfix\">\n\t\t\t\t<h4 style=\"padding-left: 40px;\">Bal\u00ed\u010dek na zriadenie dom\u00e1ceho vermikompost\u00e9ra obsahuje:<\/h4>\n<ul>\n<li>  Spo\u013eahliv\u00e1 <strong>kalifornsk\u00e1 liah\u0148a d\u00e1\u017e\u010foviek na<\/strong> zriadenie dom\u00e1ceho vermikompost\u00e9ra (150 &#8211; 200 ks)<\/li>\n<li><strong>Substr\u00e1t na spr\u00e1vne vermikompostovanie<\/strong> (5 litrov)<\/li>\n<li>Ve\u013ek\u00e9 balenie &#8211; <strong>Miner\u00e1lna zmes na chov kalifornsk\u00fdch d\u00e1\u017e\u010foviek<\/strong> (500 g)<\/li>\n<li><strong>Pasca na zmije<\/strong> &#8211; vr\u00e1tane 30 ml n\u00e1plne &#8211; Bros<\/li>\n<li><strong>Pl\u00e1ta\u010dka na muchy<\/strong> &#8211; 2 ks<\/li>\n<\/ul>\n<h4 style=\"padding-left: 40px;\">Podrobn\u00fd opis ka\u017ed\u00e9ho v\u00fdrobku:<\/h4>\n<ol>\n<li><strong>Kalifornsk\u00e1 liah\u0148a d\u00e1\u017e\u010foviek<\/strong><\/li>\n<\/ol>\n<div><span style=\"box-sizing: inherit; font-size: 16px; font-style: normal; font-weight: bold;\">Spo\u013eahliv\u00e1 kalifornsk\u00e1 d\u00e1\u017e\u010fovka<\/span><span style=\"font-size: 16px; font-style: normal; font-weight: 400;\">  na zriadenie dom\u00e1cich a vonkaj\u0161\u00edch vermikompost\u00e9rov. Rukov\u00e4\u0165 obsahuje  <\/span><span style=\"box-sizing: inherit; font-size: 16px; font-style: normal; font-weight: bold;\">150-200 dospel\u00fdch<\/span><span style=\"font-size: 16px; font-style: normal; font-weight: 400;\">  kusov vr\u00e1tane kok\u00f3nov. Kalifornsk\u00e9 d\u00e1\u017e\u010fovky s\u00fa ide\u00e1lne na za\u010diatok  <\/span><span style=\"box-sizing: inherit; font-size: 16px; font-style: normal; font-weight: bold;\">vermikompostovanie<\/span><span style=\"font-size: 16px; font-style: normal; font-weight: 400;\">  v men\u0161\u00edch kompost\u00e9roch. Pre v\u00e4\u010d\u0161ie kompost\u00e9ry odpor\u00fa\u010dam objedna\u0165 v\u00e4\u010d\u0161\u00ed po\u010det n\u00e1sad, aby sa kompostovanie dobre rozbehlo.<\/span><\/div>\n<div> <\/div>\n<div>\n<p style=\"padding-left: 40px;\"><strong>2. Substr\u00e1t na spr\u00e1vne zalo\u017eenie vermikompost\u00e9ra (5 litrov)<\/strong><\/p>\n<p>Balenie obsahuje 5 litrov kvalitn\u00e9ho vermikompostu, ktor\u00fd produkuj\u00fa kalifornsk\u00e9 d\u00e1\u017e\u010fovky. Sl\u00fa\u017ei ako z\u00e1kladn\u00e1 vrstva pri zakladan\u00ed nov\u00e9ho vermikompostu a vytv\u00e1ra ide\u00e1lne podmienky pre rozmno\u017eovanie nov\u00fdch d\u00e1\u017e\u010foviek. Najv\u00e4\u010d\u0161\u00edm probl\u00e9mom pri vermikompostovan\u00ed je zl\u00e1 podstielka, ktor\u00e1 m\u00f4\u017ee vies\u0165 k z\u00e1niku chovu, preto je lep\u0161ie za\u010da\u0165 chova\u0165 kalifornsk\u00e9 d\u00e1\u017e\u010fovky priamo v ich dom\u00e1com prostred\u00ed &#8211; vermikomposte.<\/p>\n<p style=\"padding-left: 40px;\"><strong>3. Miner\u00e1lna zmes na chov kalifornsk\u00fdch d\u00e1\u017e\u010foviek (500 g)<\/strong><\/p>\n<p>V\u0161etky vermikompost\u00e9ry vy\u017eaduj\u00fa na spr\u00e1vne fungovanie prid\u00e1vanie miner\u00e1lnej zmesi, ktor\u00e1 nielen ur\u00fdch\u013euje proces kompostovania, ale aj zlep\u0161uje kvalitu kompostu a podporuje \u010dinnos\u0165 kalifornsk\u00fdch d\u00e1\u017e\u010foviek.<\/p>\n<p style=\"padding-left: 40px;\"><strong>4. <\/strong><strong>Pasca na zmije &#8211; vr\u00e1tane 30 ml n\u00e1plne &#8211; Bros<\/strong><\/p>\n<p>Pasca na octomilky oby\u010dajn\u00e9. Hmyz je do pasce pril\u00e1kan\u00fd aromatickou v\u00e1biacou l\u00e1tkou a v\u010faka \u0161peci\u00e1lnej kon\u0161trukcii pasce zost\u00e1va vn\u00fatri. T\u00e1to pasca je v\u00fdnimo\u010dne \u00fa\u010dinn\u00e1 v\u010faka novej, vylep\u0161enej tekutej n\u00e1vnade. Neobsahuje insektic\u00eddy a je zalo\u017een\u00fd v\u00fdlu\u010dne na pr\u00edrodn\u00fdch zlo\u017ek\u00e1ch. Pascu mo\u017eno umiestni\u0165 priamo do vermikompost\u00e9ra alebo na miesto s vy\u0161\u0161\u00edm v\u00fdskytom m\u00fach.<\/p>\n<p style=\"padding-left: 40px;\"><strong>5. <\/strong><strong>Pl\u00e1ta\u010dka na muchy &#8211; 2 ks<\/strong><\/p>\n<p>Muchy sa nal\u00e1kaj\u00fa na lepiacu \u010das\u0165 mucholapky. P\u00f4sob\u00ed nepretr\u017eite nieko\u013eko mesiacov, bez z\u00e1pachu alebo z\u00e1pachu. Vhodn\u00e9 na umiestnenie na viacer\u00fdch miestach v dom\u00e1cnosti pre vy\u0161\u0161iu \u00fa\u010dinnos\u0165 odchytu.<\/p>\n<\/div>\n\t\t\t\t\t<\/div>\n\t\t\t\t\t\t<\/div>\n\t\t\t\t<\/div>\n\t\t\t\t\t\t<\/div>\n\t\t\t\t\t<\/div>\n\t\t<\/div>\n\t\t\t\t\t\t\t\t<\/div>\n\t\t\t\t\t<\/div>\n\t\t<\/section>\n\t\t\t\t\t\t\t\t\t<\/div>\n\t\t\t<\/div>\n\t\t\t\t\t<\/div>\n\t\t","protected":false},"excerpt":{"rendered":"<p>Zv\u00fdhodnen\u00fd bal\u00edk obsahuje kalifornsk\u00e9 d\u00e1\u017e\u010fovky a v\u0161etko potrebn\u00e9 na zriadenie a spr\u00e1vne fungovanie mal\u00e9ho dom\u00e1ceho vermikompost\u00e9ra. Balenie obsahuje nielen liahne kalifornsk\u00fdch d\u00e1\u017e\u010foviek, ale aj substr\u00e1t na spr\u00e1vne zalo\u017eenie vermikompost\u00e9ra, miner\u00e1lnu zmes na r\u00fdchlej\u0161ie spracovanie biologick\u00e9ho odpadu, podporu zdrav\u00e9ho rastu a rozmno\u017eovania d\u00e1\u017e\u010foviek. Balenie obsahuje aj opakovane pou\u017eite\u013en\u00fa pascu na chytanie octov\u00fdch chrob\u00e1kov.<\/p>\n","protected":false},"featured_media":18017,"template":"","meta":{"site-sidebar-layout":"default","site-content-layout":"default","ast-global-header-display":"","ast-main-header-display":"","ast-hfb-above-header-display":"","ast-hfb-below-header-display":"","ast-hfb-mobile-header-display":"","site-post-title":"","ast-breadcrumbs-content":"","ast-featured-img":"","footer-sml-layout":"","theme-transparent-header-meta":"default","adv-header-id-meta":"","stick-header-meta":"","header-above-stick-meta":"","header-main-stick-meta":"","header-below-stick-meta":""},"product_brand":[],"product_cat":[145,170,147,146],"product_tag":[148,149],"class_list":{"0":"post-18176","1":"product","2":"type-product","3":"status-publish","4":"has-post-thumbnail","6":"product_cat-vsetko-pre-vermikompostovanie","7":"product_cat-kalifornske-dazdovky","8":"product_cat-tipy-na-darceky","9":"product_cat-pre-deti","10":"product_tag-kalifornske-dazdovky","11":"product_tag-vermikompostovanie","12":"desktop-align-center","13":"tablet-align-center","14":"mobile-align-center","16":"first","17":"instock","18":"shipping-taxable","19":"purchasable","20":"product-type-simple"},"yoast_head":"<!-- This site is optimized with the Yoast SEO plugin v24.1 - https:\/\/yoast.com\/wordpress\/plugins\/seo\/ -->\n<title>Ak\u010dn\u00fd bal\u00ed\u010dek pre dom\u00e1ce vermikompostovanie - %<\/title>\n<meta name=\"description\" content=\"Z\u00e1kladn\u00e9 balenie obsahuj\u00face kalifornsk\u00e9 d\u00e1\u017e\u010fovky a \u010fal\u0161ie potreby na spr\u00e1vne zriadenie a prev\u00e1dzku dom\u00e1ceho vermikompost\u00e9ra. V\u0161etko na vermikompostovanie.\" \/>\n<meta name=\"robots\" content=\"index, follow, max-snippet:-1, max-image-preview:large, max-video-preview:-1\" \/>\n<link rel=\"canonical\" href=\"https:\/\/www.vermikompostuj.cz\/sk\/produkt\/akcny-balicek-pre-domace-vermikompostovanie\/\" \/>\n<meta property=\"og:locale\" content=\"sk_SK\" \/>\n<meta property=\"og:type\" content=\"article\" \/>\n<meta property=\"og:title\" content=\"Ak\u010dn\u00fd bal\u00ed\u010dek pre dom\u00e1ce vermikompostovanie - %\" \/>\n<meta property=\"og:description\" content=\"Z\u00e1kladn\u00e9 balenie obsahuj\u00face kalifornsk\u00e9 d\u00e1\u017e\u010fovky a \u010fal\u0161ie potreby na spr\u00e1vne zriadenie a prev\u00e1dzku dom\u00e1ceho vermikompost\u00e9ra. V\u0161etko na vermikompostovanie.\" \/>\n<meta property=\"og:url\" content=\"https:\/\/www.vermikompostuj.cz\/sk\/produkt\/akcny-balicek-pre-domace-vermikompostovanie\/\" \/>\n<meta property=\"og:site_name\" content=\"Vermikompostuj.cz\" \/>\n<meta property=\"article:publisher\" content=\"https:\/\/www.facebook.com\/prodejkalifornskychzizal\/\" \/>\n<meta property=\"article:modified_time\" content=\"2023-03-05T20:56:01+00:00\" \/>\n<meta property=\"og:image\" content=\"https:\/\/www.vermikompostuj.cz\/wp-content\/uploads\/2022\/02\/Dom\u00e1c\u00ed-bal\u00ed\u010dek.jpg\" \/>\n\t<meta property=\"og:image:width\" content=\"766\" \/>\n\t<meta property=\"og:image:height\" content=\"767\" \/>\n\t<meta property=\"og:image:type\" content=\"image\/jpeg\" \/>\n<meta name=\"twitter:card\" content=\"summary_large_image\" \/>\n<meta name=\"twitter:label1\" content=\"Predpokladan\u00fd \u010das \u010d\u00edtania\" \/>\n\t<meta name=\"twitter:data1\" content=\"2 min\u00faty\" \/>\n<script type=\"application\/ld+json\" class=\"yoast-schema-graph\">{\"@context\":\"https:\/\/schema.org\",\"@graph\":[{\"@type\":\"WebPage\",\"@id\":\"https:\/\/www.vermikompostuj.cz\/sk\/produkt\/akcny-balicek-pre-domace-vermikompostovanie\/\",\"url\":\"https:\/\/www.vermikompostuj.cz\/sk\/produkt\/akcny-balicek-pre-domace-vermikompostovanie\/\",\"name\":\"Ak\u010dn\u00fd bal\u00ed\u010dek pre dom\u00e1ce vermikompostovanie - %\",\"isPartOf\":{\"@id\":\"https:\/\/www.vermikompostuj.cz\/sk\/cz\/#website\"},\"primaryImageOfPage\":{\"@id\":\"https:\/\/www.vermikompostuj.cz\/sk\/produkt\/akcny-balicek-pre-domace-vermikompostovanie\/#primaryimage\"},\"image\":{\"@id\":\"https:\/\/www.vermikompostuj.cz\/sk\/produkt\/akcny-balicek-pre-domace-vermikompostovanie\/#primaryimage\"},\"thumbnailUrl\":\"https:\/\/www.vermikompostuj.cz\/wp-content\/uploads\/2022\/02\/Dom\u00e1c\u00ed-bal\u00ed\u010dek.jpg\",\"datePublished\":\"2022-02-27T10:29:30+00:00\",\"dateModified\":\"2023-03-05T20:56:01+00:00\",\"description\":\"Z\u00e1kladn\u00e9 balenie obsahuj\u00face kalifornsk\u00e9 d\u00e1\u017e\u010fovky a \u010fal\u0161ie potreby na spr\u00e1vne zriadenie a prev\u00e1dzku dom\u00e1ceho vermikompost\u00e9ra. V\u0161etko na vermikompostovanie.\",\"breadcrumb\":{\"@id\":\"https:\/\/www.vermikompostuj.cz\/sk\/produkt\/akcny-balicek-pre-domace-vermikompostovanie\/#breadcrumb\"},\"inLanguage\":\"sk-SK\",\"potentialAction\":[{\"@type\":\"ReadAction\",\"target\":[\"https:\/\/www.vermikompostuj.cz\/sk\/produkt\/akcny-balicek-pre-domace-vermikompostovanie\/\"]}]},{\"@type\":\"ImageObject\",\"inLanguage\":\"sk-SK\",\"@id\":\"https:\/\/www.vermikompostuj.cz\/sk\/produkt\/akcny-balicek-pre-domace-vermikompostovanie\/#primaryimage\",\"url\":\"https:\/\/www.vermikompostuj.cz\/wp-content\/uploads\/2022\/02\/Dom\u00e1c\u00ed-bal\u00ed\u010dek.jpg\",\"contentUrl\":\"https:\/\/www.vermikompostuj.cz\/wp-content\/uploads\/2022\/02\/Dom\u00e1c\u00ed-bal\u00ed\u010dek.jpg\",\"width\":766,\"height\":767,\"caption\":\"Bal\u00ed\u010dek pro dom\u00e1c\u00ed vermikompost\u00e9ry\"},{\"@type\":\"BreadcrumbList\",\"@id\":\"https:\/\/www.vermikompostuj.cz\/sk\/produkt\/akcny-balicek-pre-domace-vermikompostovanie\/#breadcrumb\",\"itemListElement\":[{\"@type\":\"ListItem\",\"position\":1,\"name\":\"Dom\u016f\",\"item\":\"https:\/\/www.vermikompostuj.cz\/sk\/shop-2\/\"},{\"@type\":\"ListItem\",\"position\":2,\"name\":\"Shop\",\"item\":\"https:\/\/www.vermikompostuj.cz\/sk\/shop-2\/\"},{\"@type\":\"ListItem\",\"position\":3,\"name\":\"Ak\u010dn\u00fd bal\u00ed\u010dek pre dom\u00e1ce vermikompostovanie\"}]},{\"@type\":\"WebSite\",\"@id\":\"https:\/\/www.vermikompostuj.cz\/sk\/cz\/#website\",\"url\":\"https:\/\/www.vermikompostuj.cz\/sk\/cz\/\",\"name\":\"Vermikompostuj.cz-Prodej kalifornsk\u00fdch \u017e\u00ed\u017eal\",\"description\":\"Prodej kalifornsk\u00fdch \u017e\u00ed\u017eal\",\"publisher\":{\"@id\":\"https:\/\/www.vermikompostuj.cz\/sk\/cz\/#organization\"},\"potentialAction\":[{\"@type\":\"SearchAction\",\"target\":{\"@type\":\"EntryPoint\",\"urlTemplate\":\"https:\/\/www.vermikompostuj.cz\/sk\/cz\/?s={search_term_string}\"},\"query-input\":{\"@type\":\"PropertyValueSpecification\",\"valueRequired\":true,\"valueName\":\"search_term_string\"}}],\"inLanguage\":\"sk-SK\"},{\"@type\":\"Organization\",\"@id\":\"https:\/\/www.vermikompostuj.cz\/sk\/cz\/#organization\",\"name\":\"Vermikompostuj.cz\",\"url\":\"https:\/\/www.vermikompostuj.cz\/sk\/cz\/\",\"logo\":{\"@type\":\"ImageObject\",\"inLanguage\":\"sk-SK\",\"@id\":\"https:\/\/www.vermikompostuj.cz\/sk\/cz\/#\/schema\/logo\/image\/\",\"url\":\"https:\/\/www.vermikompostuj.cz\/wp-content\/uploads\/2020\/02\/8593932_001V-1.jpg\",\"contentUrl\":\"https:\/\/www.vermikompostuj.cz\/wp-content\/uploads\/2020\/02\/8593932_001V-1.jpg\",\"width\":840,\"height\":558,\"caption\":\"Vermikompostuj.cz\"},\"image\":{\"@id\":\"https:\/\/www.vermikompostuj.cz\/sk\/cz\/#\/schema\/logo\/image\/\"},\"sameAs\":[\"https:\/\/www.facebook.com\/prodejkalifornskychzizal\/\",\"https:\/\/www.instagram.com\/vermikompostuj.cz\/\",\"https:\/\/cs.wikipedia.org\/wiki\/Vermikompost\"]}]}<\/script>\n<!-- \/ Yoast SEO plugin. -->","yoast_head_json":{"title":"Ak\u010dn\u00fd bal\u00ed\u010dek pre dom\u00e1ce vermikompostovanie - %","description":"Z\u00e1kladn\u00e9 balenie obsahuj\u00face kalifornsk\u00e9 d\u00e1\u017e\u010fovky a \u010fal\u0161ie potreby na spr\u00e1vne zriadenie a prev\u00e1dzku dom\u00e1ceho vermikompost\u00e9ra. V\u0161etko na vermikompostovanie.","robots":{"index":"index","follow":"follow","max-snippet":"max-snippet:-1","max-image-preview":"max-image-preview:large","max-video-preview":"max-video-preview:-1"},"canonical":"https:\/\/www.vermikompostuj.cz\/sk\/produkt\/akcny-balicek-pre-domace-vermikompostovanie\/","og_locale":"sk_SK","og_type":"article","og_title":"Ak\u010dn\u00fd bal\u00ed\u010dek pre dom\u00e1ce vermikompostovanie - %","og_description":"Z\u00e1kladn\u00e9 balenie obsahuj\u00face kalifornsk\u00e9 d\u00e1\u017e\u010fovky a \u010fal\u0161ie potreby na spr\u00e1vne zriadenie a prev\u00e1dzku dom\u00e1ceho vermikompost\u00e9ra. V\u0161etko na vermikompostovanie.","og_url":"https:\/\/www.vermikompostuj.cz\/sk\/produkt\/akcny-balicek-pre-domace-vermikompostovanie\/","og_site_name":"Vermikompostuj.cz","article_publisher":"https:\/\/www.facebook.com\/prodejkalifornskychzizal\/","article_modified_time":"2023-03-05T20:56:01+00:00","og_image":[{"width":766,"height":767,"url":"https:\/\/www.vermikompostuj.cz\/wp-content\/uploads\/2022\/02\/Dom\u00e1c\u00ed-bal\u00ed\u010dek.jpg","type":"image\/jpeg"}],"twitter_card":"summary_large_image","twitter_misc":{"Predpokladan\u00fd \u010das \u010d\u00edtania":"2 min\u00faty"},"schema":{"@context":"https:\/\/schema.org","@graph":[{"@type":"WebPage","@id":"https:\/\/www.vermikompostuj.cz\/sk\/produkt\/akcny-balicek-pre-domace-vermikompostovanie\/","url":"https:\/\/www.vermikompostuj.cz\/sk\/produkt\/akcny-balicek-pre-domace-vermikompostovanie\/","name":"Ak\u010dn\u00fd bal\u00ed\u010dek pre dom\u00e1ce vermikompostovanie - %","isPartOf":{"@id":"https:\/\/www.vermikompostuj.cz\/sk\/cz\/#website"},"primaryImageOfPage":{"@id":"https:\/\/www.vermikompostuj.cz\/sk\/produkt\/akcny-balicek-pre-domace-vermikompostovanie\/#primaryimage"},"image":{"@id":"https:\/\/www.vermikompostuj.cz\/sk\/produkt\/akcny-balicek-pre-domace-vermikompostovanie\/#primaryimage"},"thumbnailUrl":"https:\/\/www.vermikompostuj.cz\/wp-content\/uploads\/2022\/02\/Dom\u00e1c\u00ed-bal\u00ed\u010dek.jpg","datePublished":"2022-02-27T10:29:30+00:00","dateModified":"2023-03-05T20:56:01+00:00","description":"Z\u00e1kladn\u00e9 balenie obsahuj\u00face kalifornsk\u00e9 d\u00e1\u017e\u010fovky a \u010fal\u0161ie potreby na spr\u00e1vne zriadenie a prev\u00e1dzku dom\u00e1ceho vermikompost\u00e9ra. V\u0161etko na vermikompostovanie.","breadcrumb":{"@id":"https:\/\/www.vermikompostuj.cz\/sk\/produkt\/akcny-balicek-pre-domace-vermikompostovanie\/#breadcrumb"},"inLanguage":"sk-SK","potentialAction":[{"@type":"ReadAction","target":["https:\/\/www.vermikompostuj.cz\/sk\/produkt\/akcny-balicek-pre-domace-vermikompostovanie\/"]}]},{"@type":"ImageObject","inLanguage":"sk-SK","@id":"https:\/\/www.vermikompostuj.cz\/sk\/produkt\/akcny-balicek-pre-domace-vermikompostovanie\/#primaryimage","url":"https:\/\/www.vermikompostuj.cz\/wp-content\/uploads\/2022\/02\/Dom\u00e1c\u00ed-bal\u00ed\u010dek.jpg","contentUrl":"https:\/\/www.vermikompostuj.cz\/wp-content\/uploads\/2022\/02\/Dom\u00e1c\u00ed-bal\u00ed\u010dek.jpg","width":766,"height":767,"caption":"Bal\u00ed\u010dek pro dom\u00e1c\u00ed vermikompost\u00e9ry"},{"@type":"BreadcrumbList","@id":"https:\/\/www.vermikompostuj.cz\/sk\/produkt\/akcny-balicek-pre-domace-vermikompostovanie\/#breadcrumb","itemListElement":[{"@type":"ListItem","position":1,"name":"Dom\u016f","item":"https:\/\/www.vermikompostuj.cz\/sk\/shop-2\/"},{"@type":"ListItem","position":2,"name":"Shop","item":"https:\/\/www.vermikompostuj.cz\/sk\/shop-2\/"},{"@type":"ListItem","position":3,"name":"Ak\u010dn\u00fd bal\u00ed\u010dek pre dom\u00e1ce vermikompostovanie"}]},{"@type":"WebSite","@id":"https:\/\/www.vermikompostuj.cz\/sk\/cz\/#website","url":"https:\/\/www.vermikompostuj.cz\/sk\/cz\/","name":"Vermikompostuj.cz-Prodej kalifornsk\u00fdch \u017e\u00ed\u017eal","description":"Prodej kalifornsk\u00fdch \u017e\u00ed\u017eal","publisher":{"@id":"https:\/\/www.vermikompostuj.cz\/sk\/cz\/#organization"},"potentialAction":[{"@type":"SearchAction","target":{"@type":"EntryPoint","urlTemplate":"https:\/\/www.vermikompostuj.cz\/sk\/cz\/?s={search_term_string}"},"query-input":{"@type":"PropertyValueSpecification","valueRequired":true,"valueName":"search_term_string"}}],"inLanguage":"sk-SK"},{"@type":"Organization","@id":"https:\/\/www.vermikompostuj.cz\/sk\/cz\/#organization","name":"Vermikompostuj.cz","url":"https:\/\/www.vermikompostuj.cz\/sk\/cz\/","logo":{"@type":"ImageObject","inLanguage":"sk-SK","@id":"https:\/\/www.vermikompostuj.cz\/sk\/cz\/#\/schema\/logo\/image\/","url":"https:\/\/www.vermikompostuj.cz\/wp-content\/uploads\/2020\/02\/8593932_001V-1.jpg","contentUrl":"https:\/\/www.vermikompostuj.cz\/wp-content\/uploads\/2020\/02\/8593932_001V-1.jpg","width":840,"height":558,"caption":"Vermikompostuj.cz"},"image":{"@id":"https:\/\/www.vermikompostuj.cz\/sk\/cz\/#\/schema\/logo\/image\/"},"sameAs":["https:\/\/www.facebook.com\/prodejkalifornskychzizal\/","https:\/\/www.instagram.com\/vermikompostuj.cz\/","https:\/\/cs.wikipedia.org\/wiki\/Vermikompost"]}]}},"_links":{"self":[{"href":"https:\/\/www.vermikompostuj.cz\/sk\/wp-json\/wp\/v2\/product\/18176","targetHints":{"allow":["GET"]}}],"collection":[{"href":"https:\/\/www.vermikompostuj.cz\/sk\/wp-json\/wp\/v2\/product"}],"about":[{"href":"https:\/\/www.vermikompostuj.cz\/sk\/wp-json\/wp\/v2\/types\/product"}],"version-history":[{"count":1,"href":"https:\/\/www.vermikompostuj.cz\/sk\/wp-json\/wp\/v2\/product\/18176\/revisions"}],"predecessor-version":[{"id":18180,"href":"https:\/\/www.vermikompostuj.cz\/sk\/wp-json\/wp\/v2\/product\/18176\/revisions\/18180"}],"wp:featuredmedia":[{"embeddable":true,"href":"https:\/\/www.vermikompostuj.cz\/sk\/wp-json\/wp\/v2\/media\/18017"}],"wp:attachment":[{"href":"https:\/\/www.vermikompostuj.cz\/sk\/wp-json\/wp\/v2\/media?parent=18176"}],"wp:term":[{"taxonomy":"product_brand","embeddable":true,"href":"https:\/\/www.vermikompostuj.cz\/sk\/wp-json\/wp\/v2\/product_brand?post=18176"},{"taxonomy":"product_cat","embeddable":true,"href":"https:\/\/www.vermikompostuj.cz\/sk\/wp-json\/wp\/v2\/product_cat?post=18176"},{"taxonomy":"product_tag","embeddable":true,"href":"https:\/\/www.vermikompostuj.cz\/sk\/wp-json\/wp\/v2\/product_tag?post=18176"}],"curies":[{"name":"wp","href":"https:\/\/api.w.org\/{rel}","templated":true}]}}