{"id":18183,"date":"2022-09-03T15:37:03","date_gmt":"2022-09-03T14:37:03","guid":{"rendered":"https:\/\/www.vermikompostuj.cz\/produkt\/vermikomposter-urbalive-sivy-505-x-605-x-38-cm\/"},"modified":"2026-02-03T18:47:24","modified_gmt":"2026-02-03T17:47:24","slug":"vermikomposter-urbalive-sivy-505-x-605-x-38-cm","status":"publish","type":"product","link":"https:\/\/www.vermikompostuj.cz\/sk\/produkt\/vermikomposter-urbalive-sivy-505-x-605-x-38-cm\/","title":{"rendered":"Vermikompost\u00e9r Urbalive &#8211; siv\u00fd (50,5 \u00d7 60,5 \u00d7 38 cm)"},"content":{"rendered":"\t\t<div data-elementor-type=\"wp-post\" data-elementor-id=\"18183\" class=\"elementor elementor-18183 elementor-17180\">\n\t\t\t\t\t\t<div class=\"elementor-inner\">\n\t\t\t\t<div class=\"elementor-section-wrap\">\n\t\t\t\t\t\t\t\t\t<section class=\"elementor-section elementor-top-section elementor-element elementor-element-3901b048 elementor-section-boxed elementor-section-height-default elementor-section-height-default\" data-id=\"3901b048\" data-element_type=\"section\">\n\t\t\t\t\t\t<div class=\"elementor-container elementor-column-gap-default\">\n\t\t\t\t\t\t\t<div class=\"elementor-row\">\n\t\t\t\t\t<div class=\"elementor-column elementor-col-100 elementor-top-column elementor-element elementor-element-11f508a5\" data-id=\"11f508a5\" data-element_type=\"column\">\n\t\t\t<div class=\"elementor-column-wrap elementor-element-populated\">\n\t\t\t\t\t\t\t<div class=\"elementor-widget-wrap\">\n\t\t\t\t\t\t<div class=\"elementor-element elementor-element-6faa2643 elementor-widget elementor-widget-text-editor\" data-id=\"6faa2643\" data-element_type=\"widget\" data-widget_type=\"text-editor.default\">\n\t\t\t\t<div class=\"elementor-widget-container\">\n\t\t\t\t\t\t\t\t<div class=\"elementor-text-editor elementor-clearfix\">\n\t\t\t\t<h3>Zelen\u00fd vermikompost\u00e9r Urbalive &#8211; dizajnov\u00e1 n\u00e1doba na vermikompostovanie<\/h3>\n<p>Je to vn\u00fatorn\u00e1 n\u00e1doba, v ktorej d\u00e1\u017e\u010fovky premie\u0148aj\u00fa rastlinn\u00e9 zvy\u0161ky z dom\u00e1cnosti na vermikompost a d\u00e1\u017e\u010fovkov\u00fd \u010daj. Z\u00edskate vysokokvalitn\u00e9 100 % organick\u00e9 hnojivo na pestovanie izbov\u00fdch a vonkaj\u0161\u00edch rastl\u00edn. T\u00e1to n\u00e1doba je ide\u00e1lna do ka\u017edej kuchyne, na balk\u00f3n alebo do gar\u00e1\u017ee, je to dizajnov\u00fd k\u00fasok, ktor\u00fd z\u00edskal mnoho ocenen\u00ed. Kompost\u00e9r sa sklad\u00e1 z dvoch \u00farovn\u00ed, z ktor\u00fdch ka\u017ed\u00e1 m\u00e1 objem 21,7 litra, a z odkvapk\u00e1vacej n\u00e1doby na \u017e\u00ed\u017ealov\u00fd \u010daj s objemom 15 litrov. Celkov\u00fd objem kompost\u00e9ra je teda takmer 60 litrov. Ak m\u00e1te v\u00e4\u010d\u0161ie mno\u017estvo biologick\u00e9ho odpadu, ktor\u00e9 sa do kompost\u00e9ra nezmest\u00ed, m\u00f4\u017eete si dok\u00fapi\u0165 tretiu \u00farove\u0148 a zv\u00e4\u010d\u0161i\u0165 objem kompost\u00e9ra o \u010fal\u0161\u00edch 21,7 litra.<\/p>\n<p><strong>V na\u0161om obchode si m\u00f4\u017eete priamo objedna\u0165 <a href=\"http:\/\/www.vermikompostuj.cz\/produkt\/kalifornske-zizaly\/\">liahnutie kalifornsk\u00fdch d\u00e1\u017e\u010foviek<\/a>, <a href=\"http:\/\/www.vermikompostuj.cz\/produkt\/substrat-pro-zalozeni-vermikompost\/\">substr\u00e1t na vermikompostovanie<\/a> alebo <a href=\"http:\/\/www.vermikompostuj.cz\/produkt\/mineralnismes\/\">miner\u00e1lnu zmes na chov kalifornsk\u00fdch d\u00e1\u017e\u010foviek<\/a>.  <\/strong><\/p>\n\t\t\t\t\t<\/div>\n\t\t\t\t\t\t<\/div>\n\t\t\t\t<\/div>\n\t\t\t\t\t\t<\/div>\n\t\t\t\t\t<\/div>\n\t\t<\/div>\n\t\t\t\t\t\t\t\t<\/div>\n\t\t\t\t\t<\/div>\n\t\t<\/section>\n\t\t\t\t<section class=\"elementor-section elementor-top-section elementor-element elementor-element-f47fe01 elementor-section-boxed elementor-section-height-default elementor-section-height-default\" data-id=\"f47fe01\" data-element_type=\"section\">\n\t\t\t\t\t\t<div class=\"elementor-container elementor-column-gap-default\">\n\t\t\t\t\t\t\t<div class=\"elementor-row\">\n\t\t\t\t\t<div class=\"elementor-column elementor-col-100 elementor-top-column elementor-element elementor-element-5c5b912\" data-id=\"5c5b912\" data-element_type=\"column\">\n\t\t\t<div class=\"elementor-column-wrap elementor-element-populated\">\n\t\t\t\t\t\t\t<div class=\"elementor-widget-wrap\">\n\t\t\t\t\t\t<div class=\"elementor-element elementor-element-2ced5f0 elementor-widget elementor-widget-video\" data-id=\"2ced5f0\" data-element_type=\"widget\" data-settings=\"{&quot;youtube_url&quot;:&quot;https:\\\/\\\/www.youtube.com\\\/watch?v=GJrkM9Qoe5I&amp;t=9s&amp;ab_channel=PlastiaEU&quot;,&quot;video_type&quot;:&quot;youtube&quot;,&quot;controls&quot;:&quot;yes&quot;}\" data-widget_type=\"video.default\">\n\t\t\t\t<div class=\"elementor-widget-container\">\n\t\t\t\t\t<div class=\"elementor-wrapper elementor-open-inline\">\n\t\t\t<div class=\"elementor-video\"><\/div>\t\t<\/div>\n\t\t\t\t<\/div>\n\t\t\t\t<\/div>\n\t\t\t\t\t\t<\/div>\n\t\t\t\t\t<\/div>\n\t\t<\/div>\n\t\t\t\t\t\t\t\t<\/div>\n\t\t\t\t\t<\/div>\n\t\t<\/section>\n\t\t\t\t<section class=\"elementor-section elementor-top-section elementor-element elementor-element-25dbfca elementor-section-boxed elementor-section-height-default elementor-section-height-default\" data-id=\"25dbfca\" data-element_type=\"section\">\n\t\t\t\t\t\t<div class=\"elementor-container elementor-column-gap-default\">\n\t\t\t\t\t\t\t<div class=\"elementor-row\">\n\t\t\t\t\t<div class=\"elementor-column elementor-col-100 elementor-top-column elementor-element elementor-element-042d241\" data-id=\"042d241\" data-element_type=\"column\">\n\t\t\t<div class=\"elementor-column-wrap elementor-element-populated\">\n\t\t\t\t\t\t\t<div class=\"elementor-widget-wrap\">\n\t\t\t\t\t\t<div class=\"elementor-element elementor-element-ece6379 elementor-widget elementor-widget-text-editor\" data-id=\"ece6379\" data-element_type=\"widget\" data-widget_type=\"text-editor.default\">\n\t\t\t\t<div class=\"elementor-widget-container\">\n\t\t\t\t\t\t\t\t<div class=\"elementor-text-editor elementor-clearfix\">\n\t\t\t\t<h3>\u010co je vermikompostovanie?<\/h3>\n<p>Ide o sp\u00f4sob kompostovania, pri ktorom sa o \u0161upky, \u010dajov\u00e9 vrec\u00fa\u0161ka a in\u00fd biologick\u00fd odpad z dom\u00e1cnosti staraj\u00fa d\u00e1\u017e\u010fovky. Vo vermikompost\u00e9ri d\u00e1\u017e\u010fovky za nieko\u013eko mesiacov premenia tento odpad na vermikompost, ktor\u00fd m\u00e1 podobn\u00fa \u0161trukt\u00faru ako ra\u0161elina. Okrem toho dostanete aj \u010daj z d\u00e1\u017e\u010foviek. Vermikompost aj \u010daj z d\u00e1\u017e\u010foviek s\u00fa vynikaj\u00face hnojiv\u00e1 s vysok\u00fdm obsahom enz\u00fdmov a miner\u00e1lov, ktor\u00e9 napom\u00e1haj\u00fa rastu a chr\u00e1nia rastliny pred chorobami. Mo\u017eno ich pou\u017ei\u0165 na hnojenie byliniek a izbov\u00fdch alebo vonkaj\u0161\u00edch rastl\u00edn.<\/p>\n<h3>Pre\u010do kompostova\u0165 doma?<\/h3>\n<p>&#8211; M\u00f4\u017eete kompostova\u0165 40 a\u017e 60 percent odpadu z dom\u00e1cnosti.<br \/>&#8211; Bioodpad nekon\u010d\u00ed na skl\u00e1dke alebo v spa\u013eovni, kam nepatr\u00ed.<br \/>&#8211; U\u0161etr\u00edte peniaze za hnojiv\u00e1 a dod\u00e1te rastlin\u00e1m \u017eiviny bez chemik\u00e1li\u00ed.<br \/>&#8211; Z\u00edskate hnojivo s vysok\u00fdm obsahom \u017eiv\u00edn a enz\u00fdmov pre spr\u00e1vny rast rastl\u00edn.<br \/>&#8211; M\u00e1te celoro\u010dn\u00fa z\u00e1sobu kompostu pre svoje rastliny.<br \/>&#8211; Va\u0161e deti alebo vn\u00fa\u010dat\u00e1 z\u00edskaj\u00fa praktick\u00e9 poznatky o pr\u00edrodn\u00fdch cykloch.<\/p>\n<h3>\u010co n\u00e1jdete v balen\u00ed vermikompost\u00e9ra?<\/h3>\n<p>&#8211; veko s drevenou rukov\u00e4\u0165ou<br \/>&#8211; dve poschodia<br \/>&#8211; spodn\u00e1 \u010das\u0165<br \/>&#8211; vyp\u00fa\u0161\u0165ac\u00ed ventil<br \/>&#8211; filtra\u010dn\u00e9 sito<br \/>&#8211; 4 dreven\u00e9 nohy<br \/>&#8211; 4 skrutky<\/p>\n<h3>Odpor\u00fa\u010dania  <\/h3>\n<ul>\n<li>Na \u00faspe\u0161n\u00fd chov kalifornsk\u00fdch d\u00e1\u017e\u010foviek odpor\u00fa\u010dame zak\u00fapi\u0165 k vermikompost\u00e9ru <a href=\"https:\/\/www.vermikompostuj.cz\/sk\/produkt\/mineralna-zmes-na-chov-kalifornskych-dazdoviek-250-500-g\/\">miner\u00e1lnu zmes na chov kalifornsk\u00fdch d\u00e1\u017e\u010foviek<\/a>, aby sa ur\u00fdchlil proces rozmrazovania, zlep\u0161ilo Ph p\u00f4dy a vytvorilo \u010do najlep\u0161ie prostredie pre kalifornsk\u00e9 d\u00e1\u017e\u010fovky vo vermikompost\u00e9ri.<\/li>\n<li>Odpor\u00fa\u010da sa tie\u017e zak\u00fapi\u0165 n\u00e1hradn\u00e9 <a href=\"https:\/\/www.vermikompostuj.cz\/produkt\/filtracni-sito-vermikomposter-urbalive\/\">filtra\u010dn\u00e9 sito<\/a> do vermikompost\u00e9ra, preto\u017ee sa \u010dasom prelom\u00ed a naru\u0161\u00ed hladk\u00fd priebeh v\u00fdroby d\u00e1\u017e\u010fovkov\u00e9ho \u010daju.  <\/li>\n<\/ul>\n\t\t\t\t\t<\/div>\n\t\t\t\t\t\t<\/div>\n\t\t\t\t<\/div>\n\t\t\t\t\t\t<\/div>\n\t\t\t\t\t<\/div>\n\t\t<\/div>\n\t\t\t\t\t\t\t\t<\/div>\n\t\t\t\t\t<\/div>\n\t\t<\/section>\n\t\t\t\t\t\t\t\t\t<\/div>\n\t\t\t<\/div>\n\t\t\t\t\t<\/div>\n\t\t","protected":false},"excerpt":{"rendered":"<p><strong>DOPRAVA ZADARMO!<\/strong><\/p>\n<p><strong>Materi\u00e1l plast, hmotnos\u0165 6,65 kg, rozmery 50,5 \u00d7 60,5 \u00d7 38 cm (\u0161 \u00d7 v \u00d7 h)<\/strong><\/p>\n<p>Vermikompost\u00e9r Urbalive je praktick\u00e1 multifunk\u010dn\u00e1 n\u00e1doba ur\u010den\u00e1 na kompostovanie zvy\u0161kov potrav\u00edn v dom\u00e1cnosti prostredn\u00edctvom \u010dinnosti kalifornsk\u00fdch d\u00e1\u017e\u010foviek. V\u010faka nemu z\u00edskate <strong>vysokokvalitn\u00e9 organick\u00e9 hnojivo na<\/strong> pestovanie izbov\u00fdch a izbov\u00fdch rastl\u00edn. Medzi jeho v\u00fdhody patr\u00ed kvalitn\u00e9 technologick\u00e9 spracovanie a modern\u00fd dizajn. Zameriava sa predov\u0161etk\u00fdm na praktick\u00e9 vlastnosti, jednoduch\u00fa \u00fadr\u017ebu a \u010distenie a zabezpe\u010denie plynul\u00e9ho spracovania odpadu bez z\u00e1pachu a plesn\u00ed. Vermikompost\u00e9r Urbalive je \u013eahko pou\u017eite\u013en\u00fd n\u00e1stroj na v\u00fdrobu vysokokvalitn\u00e9ho hnojiva, ktor\u00fd m\u00f4\u017eete umiestni\u0165 na terasu alebo do chodby svojho domu.<\/p>\n","protected":false},"featured_media":18080,"template":"","meta":{"site-sidebar-layout":"default","site-content-layout":"default","ast-global-header-display":"","ast-main-header-display":"","ast-hfb-above-header-display":"","ast-hfb-below-header-display":"","ast-hfb-mobile-header-display":"","site-post-title":"","ast-breadcrumbs-content":"","ast-featured-img":"","footer-sml-layout":"","theme-transparent-header-meta":"default","adv-header-id-meta":"","stick-header-meta":"","header-above-stick-meta":"","header-main-stick-meta":"","header-below-stick-meta":""},"product_brand":[],"product_cat":[145,169,147],"product_tag":[184,149,180],"class_list":{"0":"post-18183","1":"product","2":"type-product","3":"status-publish","4":"has-post-thumbnail","6":"product_cat-vsetko-pre-vermikompostovanie","7":"product_cat-kompostery-sk","8":"product_cat-tipy-na-darceky","9":"product_tag-vermicomposter","10":"product_tag-vermikompostovanie","11":"product_tag-zahrada-sk","12":"desktop-align-center","13":"tablet-align-center","14":"mobile-align-center","16":"first","17":"instock","18":"sale","19":"shipping-taxable","20":"purchasable","21":"product-type-simple"},"yoast_head":"<!-- This site is optimized with the Yoast SEO plugin v24.1 - https:\/\/yoast.com\/wordpress\/plugins\/seo\/ -->\n<title>Siv\u00fd vermikompost\u00e9r Urbalive - pre va\u0161u kuchy\u0148u -Vermikompostuj.cz%<\/title>\n<meta name=\"description\" content=\"Vermikompost\u00e9r Urbalive Design je ide\u00e1lna multifunk\u010dn\u00e1 n\u00e1doba na kompostovanie zvy\u0161kov potrav\u00edn v dom\u00e1cnosti pomocou kalifornsk\u00fdch d\u00e1\u017e\u010foviek.\" \/>\n<meta name=\"robots\" content=\"index, follow, max-snippet:-1, max-image-preview:large, max-video-preview:-1\" \/>\n<link rel=\"canonical\" href=\"https:\/\/www.vermikompostuj.cz\/sk\/produkt\/vermikomposter-urbalive-sivy-505-x-605-x-38-cm\/\" \/>\n<meta property=\"og:locale\" content=\"sk_SK\" \/>\n<meta property=\"og:type\" content=\"article\" \/>\n<meta property=\"og:title\" content=\"Siv\u00fd vermikompost\u00e9r Urbalive - pre va\u0161u kuchy\u0148u -Vermikompostuj.cz%\" \/>\n<meta property=\"og:description\" content=\"Vermikompost\u00e9r Urbalive Design je ide\u00e1lna multifunk\u010dn\u00e1 n\u00e1doba na kompostovanie zvy\u0161kov potrav\u00edn v dom\u00e1cnosti pomocou kalifornsk\u00fdch d\u00e1\u017e\u010foviek.\" \/>\n<meta property=\"og:url\" content=\"https:\/\/www.vermikompostuj.cz\/sk\/produkt\/vermikomposter-urbalive-sivy-505-x-605-x-38-cm\/\" \/>\n<meta property=\"og:site_name\" content=\"Vermikompostuj.cz\" \/>\n<meta property=\"article:publisher\" content=\"https:\/\/www.facebook.com\/prodejkalifornskychzizal\/\" \/>\n<meta property=\"article:modified_time\" content=\"2026-02-03T17:47:24+00:00\" \/>\n<meta property=\"og:image\" content=\"https:\/\/www.vermikompostuj.cz\/wp-content\/uploads\/2022\/09\/Plastia-Vermikomposter-Urbalive-seda.jpg\" \/>\n\t<meta property=\"og:image:width\" content=\"450\" \/>\n\t<meta property=\"og:image:height\" content=\"450\" \/>\n\t<meta property=\"og:image:type\" content=\"image\/jpeg\" \/>\n<meta name=\"twitter:card\" content=\"summary_large_image\" \/>\n<meta name=\"twitter:label1\" content=\"Predpokladan\u00fd \u010das \u010d\u00edtania\" \/>\n\t<meta name=\"twitter:data1\" content=\"2 min\u00faty\" \/>\n<script type=\"application\/ld+json\" class=\"yoast-schema-graph\">{\"@context\":\"https:\/\/schema.org\",\"@graph\":[{\"@type\":\"WebPage\",\"@id\":\"https:\/\/www.vermikompostuj.cz\/sk\/produkt\/vermikomposter-urbalive-sivy-505-x-605-x-38-cm\/\",\"url\":\"https:\/\/www.vermikompostuj.cz\/sk\/produkt\/vermikomposter-urbalive-sivy-505-x-605-x-38-cm\/\",\"name\":\"Siv\u00fd vermikompost\u00e9r Urbalive - pre va\u0161u kuchy\u0148u -Vermikompostuj.cz%\",\"isPartOf\":{\"@id\":\"https:\/\/www.vermikompostuj.cz\/sk\/cz\/#website\"},\"primaryImageOfPage\":{\"@id\":\"https:\/\/www.vermikompostuj.cz\/sk\/produkt\/vermikomposter-urbalive-sivy-505-x-605-x-38-cm\/#primaryimage\"},\"image\":{\"@id\":\"https:\/\/www.vermikompostuj.cz\/sk\/produkt\/vermikomposter-urbalive-sivy-505-x-605-x-38-cm\/#primaryimage\"},\"thumbnailUrl\":\"https:\/\/www.vermikompostuj.cz\/wp-content\/uploads\/2022\/09\/Plastia-Vermikomposter-Urbalive-seda.jpg\",\"datePublished\":\"2022-09-03T14:37:03+00:00\",\"dateModified\":\"2026-02-03T17:47:24+00:00\",\"description\":\"Vermikompost\u00e9r Urbalive Design je ide\u00e1lna multifunk\u010dn\u00e1 n\u00e1doba na kompostovanie zvy\u0161kov potrav\u00edn v dom\u00e1cnosti pomocou kalifornsk\u00fdch d\u00e1\u017e\u010foviek.\",\"breadcrumb\":{\"@id\":\"https:\/\/www.vermikompostuj.cz\/sk\/produkt\/vermikomposter-urbalive-sivy-505-x-605-x-38-cm\/#breadcrumb\"},\"inLanguage\":\"sk-SK\",\"potentialAction\":[{\"@type\":\"ReadAction\",\"target\":[\"https:\/\/www.vermikompostuj.cz\/sk\/produkt\/vermikomposter-urbalive-sivy-505-x-605-x-38-cm\/\"]}]},{\"@type\":\"ImageObject\",\"inLanguage\":\"sk-SK\",\"@id\":\"https:\/\/www.vermikompostuj.cz\/sk\/produkt\/vermikomposter-urbalive-sivy-505-x-605-x-38-cm\/#primaryimage\",\"url\":\"https:\/\/www.vermikompostuj.cz\/wp-content\/uploads\/2022\/09\/Plastia-Vermikomposter-Urbalive-seda.jpg\",\"contentUrl\":\"https:\/\/www.vermikompostuj.cz\/wp-content\/uploads\/2022\/09\/Plastia-Vermikomposter-Urbalive-seda.jpg\",\"width\":450,\"height\":450,\"caption\":\"Plastia-Vermikomposter-Urbalive-seda\"},{\"@type\":\"BreadcrumbList\",\"@id\":\"https:\/\/www.vermikompostuj.cz\/sk\/produkt\/vermikomposter-urbalive-sivy-505-x-605-x-38-cm\/#breadcrumb\",\"itemListElement\":[{\"@type\":\"ListItem\",\"position\":1,\"name\":\"Dom\u016f\",\"item\":\"https:\/\/www.vermikompostuj.cz\/sk\/shop-2\/\"},{\"@type\":\"ListItem\",\"position\":2,\"name\":\"Shop\",\"item\":\"https:\/\/www.vermikompostuj.cz\/sk\/shop-2\/\"},{\"@type\":\"ListItem\",\"position\":3,\"name\":\"Vermikompost\u00e9r Urbalive &#8211; siv\u00fd (50,5 \u00d7 60,5 \u00d7 38 cm)\"}]},{\"@type\":\"WebSite\",\"@id\":\"https:\/\/www.vermikompostuj.cz\/sk\/cz\/#website\",\"url\":\"https:\/\/www.vermikompostuj.cz\/sk\/cz\/\",\"name\":\"Vermikompostuj.cz-Prodej kalifornsk\u00fdch \u017e\u00ed\u017eal\",\"description\":\"Prodej kalifornsk\u00fdch \u017e\u00ed\u017eal\",\"publisher\":{\"@id\":\"https:\/\/www.vermikompostuj.cz\/sk\/cz\/#organization\"},\"potentialAction\":[{\"@type\":\"SearchAction\",\"target\":{\"@type\":\"EntryPoint\",\"urlTemplate\":\"https:\/\/www.vermikompostuj.cz\/sk\/cz\/?s={search_term_string}\"},\"query-input\":{\"@type\":\"PropertyValueSpecification\",\"valueRequired\":true,\"valueName\":\"search_term_string\"}}],\"inLanguage\":\"sk-SK\"},{\"@type\":\"Organization\",\"@id\":\"https:\/\/www.vermikompostuj.cz\/sk\/cz\/#organization\",\"name\":\"Vermikompostuj.cz\",\"url\":\"https:\/\/www.vermikompostuj.cz\/sk\/cz\/\",\"logo\":{\"@type\":\"ImageObject\",\"inLanguage\":\"sk-SK\",\"@id\":\"https:\/\/www.vermikompostuj.cz\/sk\/cz\/#\/schema\/logo\/image\/\",\"url\":\"https:\/\/www.vermikompostuj.cz\/wp-content\/uploads\/2020\/02\/8593932_001V-1.jpg\",\"contentUrl\":\"https:\/\/www.vermikompostuj.cz\/wp-content\/uploads\/2020\/02\/8593932_001V-1.jpg\",\"width\":840,\"height\":558,\"caption\":\"Vermikompostuj.cz\"},\"image\":{\"@id\":\"https:\/\/www.vermikompostuj.cz\/sk\/cz\/#\/schema\/logo\/image\/\"},\"sameAs\":[\"https:\/\/www.facebook.com\/prodejkalifornskychzizal\/\",\"https:\/\/www.instagram.com\/vermikompostuj.cz\/\",\"https:\/\/cs.wikipedia.org\/wiki\/Vermikompost\"]}]}<\/script>\n<!-- \/ Yoast SEO plugin. -->","yoast_head_json":{"title":"Siv\u00fd vermikompost\u00e9r Urbalive - pre va\u0161u kuchy\u0148u -Vermikompostuj.cz%","description":"Vermikompost\u00e9r Urbalive Design je ide\u00e1lna multifunk\u010dn\u00e1 n\u00e1doba na kompostovanie zvy\u0161kov potrav\u00edn v dom\u00e1cnosti pomocou kalifornsk\u00fdch d\u00e1\u017e\u010foviek.","robots":{"index":"index","follow":"follow","max-snippet":"max-snippet:-1","max-image-preview":"max-image-preview:large","max-video-preview":"max-video-preview:-1"},"canonical":"https:\/\/www.vermikompostuj.cz\/sk\/produkt\/vermikomposter-urbalive-sivy-505-x-605-x-38-cm\/","og_locale":"sk_SK","og_type":"article","og_title":"Siv\u00fd vermikompost\u00e9r Urbalive - pre va\u0161u kuchy\u0148u -Vermikompostuj.cz%","og_description":"Vermikompost\u00e9r Urbalive Design je ide\u00e1lna multifunk\u010dn\u00e1 n\u00e1doba na kompostovanie zvy\u0161kov potrav\u00edn v dom\u00e1cnosti pomocou kalifornsk\u00fdch d\u00e1\u017e\u010foviek.","og_url":"https:\/\/www.vermikompostuj.cz\/sk\/produkt\/vermikomposter-urbalive-sivy-505-x-605-x-38-cm\/","og_site_name":"Vermikompostuj.cz","article_publisher":"https:\/\/www.facebook.com\/prodejkalifornskychzizal\/","article_modified_time":"2026-02-03T17:47:24+00:00","og_image":[{"width":450,"height":450,"url":"https:\/\/www.vermikompostuj.cz\/wp-content\/uploads\/2022\/09\/Plastia-Vermikomposter-Urbalive-seda.jpg","type":"image\/jpeg"}],"twitter_card":"summary_large_image","twitter_misc":{"Predpokladan\u00fd \u010das \u010d\u00edtania":"2 min\u00faty"},"schema":{"@context":"https:\/\/schema.org","@graph":[{"@type":"WebPage","@id":"https:\/\/www.vermikompostuj.cz\/sk\/produkt\/vermikomposter-urbalive-sivy-505-x-605-x-38-cm\/","url":"https:\/\/www.vermikompostuj.cz\/sk\/produkt\/vermikomposter-urbalive-sivy-505-x-605-x-38-cm\/","name":"Siv\u00fd vermikompost\u00e9r Urbalive - pre va\u0161u kuchy\u0148u -Vermikompostuj.cz%","isPartOf":{"@id":"https:\/\/www.vermikompostuj.cz\/sk\/cz\/#website"},"primaryImageOfPage":{"@id":"https:\/\/www.vermikompostuj.cz\/sk\/produkt\/vermikomposter-urbalive-sivy-505-x-605-x-38-cm\/#primaryimage"},"image":{"@id":"https:\/\/www.vermikompostuj.cz\/sk\/produkt\/vermikomposter-urbalive-sivy-505-x-605-x-38-cm\/#primaryimage"},"thumbnailUrl":"https:\/\/www.vermikompostuj.cz\/wp-content\/uploads\/2022\/09\/Plastia-Vermikomposter-Urbalive-seda.jpg","datePublished":"2022-09-03T14:37:03+00:00","dateModified":"2026-02-03T17:47:24+00:00","description":"Vermikompost\u00e9r Urbalive Design je ide\u00e1lna multifunk\u010dn\u00e1 n\u00e1doba na kompostovanie zvy\u0161kov potrav\u00edn v dom\u00e1cnosti pomocou kalifornsk\u00fdch d\u00e1\u017e\u010foviek.","breadcrumb":{"@id":"https:\/\/www.vermikompostuj.cz\/sk\/produkt\/vermikomposter-urbalive-sivy-505-x-605-x-38-cm\/#breadcrumb"},"inLanguage":"sk-SK","potentialAction":[{"@type":"ReadAction","target":["https:\/\/www.vermikompostuj.cz\/sk\/produkt\/vermikomposter-urbalive-sivy-505-x-605-x-38-cm\/"]}]},{"@type":"ImageObject","inLanguage":"sk-SK","@id":"https:\/\/www.vermikompostuj.cz\/sk\/produkt\/vermikomposter-urbalive-sivy-505-x-605-x-38-cm\/#primaryimage","url":"https:\/\/www.vermikompostuj.cz\/wp-content\/uploads\/2022\/09\/Plastia-Vermikomposter-Urbalive-seda.jpg","contentUrl":"https:\/\/www.vermikompostuj.cz\/wp-content\/uploads\/2022\/09\/Plastia-Vermikomposter-Urbalive-seda.jpg","width":450,"height":450,"caption":"Plastia-Vermikomposter-Urbalive-seda"},{"@type":"BreadcrumbList","@id":"https:\/\/www.vermikompostuj.cz\/sk\/produkt\/vermikomposter-urbalive-sivy-505-x-605-x-38-cm\/#breadcrumb","itemListElement":[{"@type":"ListItem","position":1,"name":"Dom\u016f","item":"https:\/\/www.vermikompostuj.cz\/sk\/shop-2\/"},{"@type":"ListItem","position":2,"name":"Shop","item":"https:\/\/www.vermikompostuj.cz\/sk\/shop-2\/"},{"@type":"ListItem","position":3,"name":"Vermikompost\u00e9r Urbalive &#8211; siv\u00fd (50,5 \u00d7 60,5 \u00d7 38 cm)"}]},{"@type":"WebSite","@id":"https:\/\/www.vermikompostuj.cz\/sk\/cz\/#website","url":"https:\/\/www.vermikompostuj.cz\/sk\/cz\/","name":"Vermikompostuj.cz-Prodej kalifornsk\u00fdch \u017e\u00ed\u017eal","description":"Prodej kalifornsk\u00fdch \u017e\u00ed\u017eal","publisher":{"@id":"https:\/\/www.vermikompostuj.cz\/sk\/cz\/#organization"},"potentialAction":[{"@type":"SearchAction","target":{"@type":"EntryPoint","urlTemplate":"https:\/\/www.vermikompostuj.cz\/sk\/cz\/?s={search_term_string}"},"query-input":{"@type":"PropertyValueSpecification","valueRequired":true,"valueName":"search_term_string"}}],"inLanguage":"sk-SK"},{"@type":"Organization","@id":"https:\/\/www.vermikompostuj.cz\/sk\/cz\/#organization","name":"Vermikompostuj.cz","url":"https:\/\/www.vermikompostuj.cz\/sk\/cz\/","logo":{"@type":"ImageObject","inLanguage":"sk-SK","@id":"https:\/\/www.vermikompostuj.cz\/sk\/cz\/#\/schema\/logo\/image\/","url":"https:\/\/www.vermikompostuj.cz\/wp-content\/uploads\/2020\/02\/8593932_001V-1.jpg","contentUrl":"https:\/\/www.vermikompostuj.cz\/wp-content\/uploads\/2020\/02\/8593932_001V-1.jpg","width":840,"height":558,"caption":"Vermikompostuj.cz"},"image":{"@id":"https:\/\/www.vermikompostuj.cz\/sk\/cz\/#\/schema\/logo\/image\/"},"sameAs":["https:\/\/www.facebook.com\/prodejkalifornskychzizal\/","https:\/\/www.instagram.com\/vermikompostuj.cz\/","https:\/\/cs.wikipedia.org\/wiki\/Vermikompost"]}]}},"_links":{"self":[{"href":"https:\/\/www.vermikompostuj.cz\/sk\/wp-json\/wp\/v2\/product\/18183","targetHints":{"allow":["GET"]}}],"collection":[{"href":"https:\/\/www.vermikompostuj.cz\/sk\/wp-json\/wp\/v2\/product"}],"about":[{"href":"https:\/\/www.vermikompostuj.cz\/sk\/wp-json\/wp\/v2\/types\/product"}],"version-history":[{"count":3,"href":"https:\/\/www.vermikompostuj.cz\/sk\/wp-json\/wp\/v2\/product\/18183\/revisions"}],"predecessor-version":[{"id":24712,"href":"https:\/\/www.vermikompostuj.cz\/sk\/wp-json\/wp\/v2\/product\/18183\/revisions\/24712"}],"wp:featuredmedia":[{"embeddable":true,"href":"https:\/\/www.vermikompostuj.cz\/sk\/wp-json\/wp\/v2\/media\/18080"}],"wp:attachment":[{"href":"https:\/\/www.vermikompostuj.cz\/sk\/wp-json\/wp\/v2\/media?parent=18183"}],"wp:term":[{"taxonomy":"product_brand","embeddable":true,"href":"https:\/\/www.vermikompostuj.cz\/sk\/wp-json\/wp\/v2\/product_brand?post=18183"},{"taxonomy":"product_cat","embeddable":true,"href":"https:\/\/www.vermikompostuj.cz\/sk\/wp-json\/wp\/v2\/product_cat?post=18183"},{"taxonomy":"product_tag","embeddable":true,"href":"https:\/\/www.vermikompostuj.cz\/sk\/wp-json\/wp\/v2\/product_tag?post=18183"}],"curies":[{"name":"wp","href":"https:\/\/api.w.org\/{rel}","templated":true}]}}