{"id":18189,"date":"2022-05-29T21:15:03","date_gmt":"2022-05-29T20:15:03","guid":{"rendered":"https:\/\/www.vermikompostuj.cz\/produkt\/komposter-bokashi-1-kg-zmesi-bokashi\/"},"modified":"2025-11-07T16:58:01","modified_gmt":"2025-11-07T15:58:01","slug":"komposter-bokashi-1-kg-zmesi-bokashi","status":"publish","type":"product","link":"https:\/\/www.vermikompostuj.cz\/sk\/produkt\/komposter-bokashi-1-kg-zmesi-bokashi\/","title":{"rendered":"Kompost\u00e9r Bokashi + 1 kg zmesi Bokashi"},"content":{"rendered":"\t\t<div data-elementor-type=\"wp-post\" data-elementor-id=\"18189\" class=\"elementor elementor-18189 elementor-16596\">\n\t\t\t\t\t\t<div class=\"elementor-inner\">\n\t\t\t\t<div class=\"elementor-section-wrap\">\n\t\t\t\t\t\t\t\t\t<section class=\"elementor-section elementor-top-section elementor-element elementor-element-3901b048 elementor-section-boxed elementor-section-height-default elementor-section-height-default\" data-id=\"3901b048\" data-element_type=\"section\">\n\t\t\t\t\t\t<div class=\"elementor-container elementor-column-gap-default\">\n\t\t\t\t\t\t\t<div class=\"elementor-row\">\n\t\t\t\t\t<div class=\"elementor-column elementor-col-100 elementor-top-column elementor-element elementor-element-11f508a5\" data-id=\"11f508a5\" data-element_type=\"column\">\n\t\t\t<div class=\"elementor-column-wrap elementor-element-populated\">\n\t\t\t\t\t\t\t<div class=\"elementor-widget-wrap\">\n\t\t\t\t\t\t<div class=\"elementor-element elementor-element-6faa2643 elementor-widget elementor-widget-text-editor\" data-id=\"6faa2643\" data-element_type=\"widget\" data-widget_type=\"text-editor.default\">\n\t\t\t\t<div class=\"elementor-widget-container\">\n\t\t\t\t\t\t\t\t<div class=\"elementor-text-editor elementor-clearfix\">\n\t\t\t\t<p>N\u00e1doba Bokashi je vhodn\u00e1 na spracovanie be\u017en\u00fdch organick\u00fdch zvy\u0161kov, ako s\u00fa zvy\u0161ky ovocia a zeleniny, k\u00e1vov\u00e1 usadenina alebo \u010dajov\u00e9 l\u00edstky. Met\u00f3da Bokashi funguje na princ\u00edpe anaer\u00f3bnej ferment\u00e1cie, t. j. ferment\u00e1cie bez pr\u00edstupu vzduchu. Bokashi vyu\u017e\u00edva schopnosti \u0161peci\u00e1lnych mikroorganizmov &#8211; najm\u00e4 bakt\u00e9ri\u00ed a kvasiniek. Tie s\u00fa obsiahnut\u00e9 v zmesi, ktor\u00e1 sa mus\u00ed prida\u0165 k organick\u00fdm zvy\u0161kom. Po 2-4 t\u00fd\u017ed\u0148och z\u00edskate hmotu a \u010daj Bokashi, ktor\u00fd je vynikaj\u00facim pr\u00edrodn\u00fdm hnojivom. N\u00e1doba bola vyroben\u00e1 z recyklovan\u00fdch materi\u00e1lov, tak\u017ee jednotliv\u00e9 \u010dasti v\u00fdrobku m\u00f4\u017eu ma\u0165 mierne odli\u0161n\u00e9 sfarbenie. Balenie obsahuje: 1 ks n\u00e1doby Bokashi + 1 kg zmesi Bokashi.<\/p>\n<ul>\n<li>Objem n\u00e1doby na odpad: 10,6 l<\/li>\n<li>Objem n\u00e1doby na kvapalinu: 0,25 l<\/li>\n<\/ul>\n<p><strong>\u010co nepatr\u00ed do kontajnera Bokashi?<\/strong><\/p>\n<ul>\n<li>tekutiny (ocot, olej, d\u017e\u00fas, mlieko, voda at\u010f.)<\/li>\n<li>kosti<\/li>\n<li>papier<\/li>\n<li>Popol<\/li>\n<li>v\u00fdkaly zvierat<\/li>\n<\/ul>\n<p><strong>\u010co patr\u00ed do n\u00e1doby Bokashi?<\/strong><\/p>\n<ul>\n<li>r\u00f4zne druhy ovocia a zeleniny (\u0161upky, du\u017eina, semen\u00e1, stonky, listy)<\/li>\n<li>  ban\u00e1nov\u00e9, citrusov\u00e9, tekvicov\u00e9 a anan\u00e1sov\u00e9 \u0161upky<\/li>\n<li>chlieb (nal\u00e1man\u00fd na k\u00fasky)<\/li>\n<li>\u010dajov\u00e9 vrec\u00fa\u0161ka, k\u00e1vov\u00e1 usadenina a papierov\u00e9 filtre<\/li>\n<li>listy a stonky izbov\u00fdch a vonkaj\u0161\u00edch rastl\u00edn<\/li>\n<li>zv\u00e4dnut\u00e9 kvety<\/li>\n<li>varen\u00e9 potraviny<\/li>\n<li>surov\u00e9 a varen\u00e9 m\u00e4so<\/li>\n<li>ryby<\/li>\n<li>vajcia<\/li>\n<li>jogurty<\/li>\n<\/ul>\n<p>Podrobn\u00fa pou\u017e\u00edvate\u013esk\u00fa pr\u00edru\u010dku si m\u00f4\u017eete stiahnu\u0165 tu: <a href=\"https:\/\/www.plastia.eu\/media\/files\/16\/file\/bokashi-navod-a5-leden-2022-web_final.pdf\" target=\"_blank\" rel=\"noopener\">Stiahnite si pou\u017e\u00edvate\u013esk\u00fa pr\u00edru\u010dku<\/a><\/p>\n\t\t\t\t\t<\/div>\n\t\t\t\t\t\t<\/div>\n\t\t\t\t<\/div>\n\t\t\t\t\t\t<\/div>\n\t\t\t\t\t<\/div>\n\t\t<\/div>\n\t\t\t\t\t\t\t\t<\/div>\n\t\t\t\t\t<\/div>\n\t\t<\/section>\n\t\t\t\t<section class=\"elementor-section elementor-top-section elementor-element elementor-element-9b2abfd elementor-section-boxed elementor-section-height-default elementor-section-height-default\" data-id=\"9b2abfd\" data-element_type=\"section\">\n\t\t\t\t\t\t<div class=\"elementor-container elementor-column-gap-default\">\n\t\t\t\t\t\t\t<div class=\"elementor-row\">\n\t\t\t\t\t<div class=\"elementor-column elementor-col-100 elementor-top-column elementor-element elementor-element-baf2706\" data-id=\"baf2706\" data-element_type=\"column\">\n\t\t\t<div class=\"elementor-column-wrap elementor-element-populated\">\n\t\t\t\t\t\t\t<div class=\"elementor-widget-wrap\">\n\t\t\t\t\t\t<div class=\"elementor-element elementor-element-29a08a1 elementor-widget elementor-widget-video\" data-id=\"29a08a1\" data-element_type=\"widget\" data-settings=\"{&quot;youtube_url&quot;:&quot;https:\\\/\\\/www.youtube.com\\\/watch?v=pXna19uL21U&amp;t=1s&amp;ab_channel=PlastiaEU&quot;,&quot;video_type&quot;:&quot;youtube&quot;,&quot;controls&quot;:&quot;yes&quot;}\" data-widget_type=\"video.default\">\n\t\t\t\t<div class=\"elementor-widget-container\">\n\t\t\t\t\t<div class=\"elementor-wrapper elementor-open-inline\">\n\t\t\t<div class=\"elementor-video\"><\/div>\t\t<\/div>\n\t\t\t\t<\/div>\n\t\t\t\t<\/div>\n\t\t\t\t\t\t<\/div>\n\t\t\t\t\t<\/div>\n\t\t<\/div>\n\t\t\t\t\t\t\t\t<\/div>\n\t\t\t\t\t<\/div>\n\t\t<\/section>\n\t\t\t\t\t\t\t\t\t<\/div>\n\t\t\t<\/div>\n\t\t\t\t\t<\/div>\n\t\t","protected":false},"excerpt":{"rendered":"<p>Chcete zodpovedne naklada\u0165 s kuchynsk\u00fdm odpadom? Premeni\u0165 \u0161upky a zvy\u0161ky na nie\u010do u\u017eito\u010dn\u00e9? Chceli by ste kompostova\u0165 vo svojom byte, ale netr\u00fafate si na d\u00e1\u017e\u010fovky? Zozn\u00e1mte sa s technol\u00f3giou Bokashi &#8211; pomocou \u0161peci\u00e1lnej zmesi mikroorganizmov premie\u0148a odpad na fermentovan\u00fa hmotu, ktor\u00e1 dod\u00e1 va\u0161im rastlin\u00e1m silu.<\/p>\n<p>Ide\u00e1lny kontajner na r\u00fdchle spracovanie dom\u00e1ceho biologick\u00e9ho odpadu. Bokashi vyu\u017e\u00edva schopnosti \u0161peci\u00e1lnych mikroorganizmov &#8211; najm\u00e4 bakt\u00e9ri\u00ed a kvasiniek. Tie s\u00fa <strong>obsiahnut\u00e9 v zmesi, ktor\u00e1 sa mus\u00ed prida\u0165 k organick\u00fdm zvy\u0161kom<\/strong>. Nie je to zlo\u017eit\u00e9. Odrezky a \u0161upky nakr\u00e1jajte na k\u00fasky a vlo\u017ete ich do kompost\u00e9ra Bokashi. Zak\u00fapenou zmesou \u00fa\u010dinn\u00fdch mikroorganizmov posypte vrstvu hrub\u00fa pribli\u017ene 2 cm. Pon\u00e1h\u013eate sa a zatvor\u00edte n\u00e1dobu. Ke\u010f je n\u00e1doba pln\u00e1, nechajte ju 14 dn\u00ed odpo\u010d\u00edva\u0165, aby obsah riadne dozrel. Ide\u00e1lne je teda zaobstara\u0165 si dva boka\u0161i &#8211; jeden napln\u00edte a druh\u00fd nech\u00e1te odpo\u010d\u00edva\u0165.<\/p>\n","protected":false},"featured_media":18046,"template":"","meta":{"site-sidebar-layout":"default","site-content-layout":"default","ast-global-header-display":"","ast-main-header-display":"","ast-hfb-above-header-display":"","ast-hfb-below-header-display":"","ast-hfb-mobile-header-display":"","site-post-title":"","ast-breadcrumbs-content":"","ast-featured-img":"","footer-sml-layout":"","theme-transparent-header-meta":"default","adv-header-id-meta":"","stick-header-meta":"","header-above-stick-meta":"","header-main-stick-meta":"","header-below-stick-meta":""},"product_brand":[],"product_cat":[169,147],"product_tag":[180],"class_list":{"0":"post-18189","1":"product","2":"type-product","3":"status-publish","4":"has-post-thumbnail","6":"product_cat-kompostery-sk","7":"product_cat-tipy-na-darceky","8":"product_tag-zahrada-sk","9":"desktop-align-center","10":"tablet-align-center","11":"mobile-align-center","13":"first","14":"instock","15":"sale","16":"shipping-taxable","17":"purchasable","18":"product-type-simple"},"yoast_head":"<!-- This site is optimized with the Yoast SEO plugin v24.1 - https:\/\/yoast.com\/wordpress\/plugins\/seo\/ -->\n<title>N\u00e1doba Bokashi na ferment\u00e1ciu biologick\u00e9ho odpadu - dom\u00e1ci kompost\u00e9r<\/title>\n<meta name=\"description\" content=\"N\u00e1doba Bokashi je vhodn\u00e1 na spracovanie be\u017en\u00fdch organick\u00fdch zvy\u0161kov, ako s\u00fa zvy\u0161ky ovocia a zeleniny, k\u00e1vov\u00e1 usadenina alebo \u010dajov\u00e9 l\u00edstky. Met\u00f3da Bokashi funguje na princ\u00edpe anaer\u00f3bnej ferment\u00e1cie, t. j. ferment\u00e1cie bez pr\u00edstupu vzduchu.\" \/>\n<meta name=\"robots\" content=\"index, follow, max-snippet:-1, max-image-preview:large, max-video-preview:-1\" \/>\n<link rel=\"canonical\" href=\"https:\/\/www.vermikompostuj.cz\/sk\/produkt\/komposter-bokashi-1-kg-zmesi-bokashi\/\" \/>\n<meta property=\"og:locale\" content=\"sk_SK\" \/>\n<meta property=\"og:type\" content=\"article\" \/>\n<meta property=\"og:title\" content=\"N\u00e1doba Bokashi na ferment\u00e1ciu biologick\u00e9ho odpadu - dom\u00e1ci kompost\u00e9r\" \/>\n<meta property=\"og:description\" content=\"N\u00e1doba Bokashi je vhodn\u00e1 na spracovanie be\u017en\u00fdch organick\u00fdch zvy\u0161kov, ako s\u00fa zvy\u0161ky ovocia a zeleniny, k\u00e1vov\u00e1 usadenina alebo \u010dajov\u00e9 l\u00edstky. Met\u00f3da Bokashi funguje na princ\u00edpe anaer\u00f3bnej ferment\u00e1cie, t. j. ferment\u00e1cie bez pr\u00edstupu vzduchu.\" \/>\n<meta property=\"og:url\" content=\"https:\/\/www.vermikompostuj.cz\/sk\/produkt\/komposter-bokashi-1-kg-zmesi-bokashi\/\" \/>\n<meta property=\"og:site_name\" content=\"Vermikompostuj.cz\" \/>\n<meta property=\"article:publisher\" content=\"https:\/\/www.facebook.com\/prodejkalifornskychzizal\/\" \/>\n<meta property=\"article:modified_time\" content=\"2025-11-07T15:58:01+00:00\" \/>\n<meta property=\"og:image\" content=\"https:\/\/www.vermikompostuj.cz\/wp-content\/uploads\/2022\/05\/bokashi-13.jpg\" \/>\n\t<meta property=\"og:image:width\" content=\"375\" \/>\n\t<meta property=\"og:image:height\" content=\"500\" \/>\n\t<meta property=\"og:image:type\" content=\"image\/jpeg\" \/>\n<meta name=\"twitter:card\" content=\"summary_large_image\" \/>\n<meta name=\"twitter:label1\" content=\"Predpokladan\u00fd \u010das \u010d\u00edtania\" \/>\n\t<meta name=\"twitter:data1\" content=\"1 min\u00fata\" \/>\n<script type=\"application\/ld+json\" class=\"yoast-schema-graph\">{\"@context\":\"https:\/\/schema.org\",\"@graph\":[{\"@type\":\"WebPage\",\"@id\":\"https:\/\/www.vermikompostuj.cz\/sk\/produkt\/komposter-bokashi-1-kg-zmesi-bokashi\/\",\"url\":\"https:\/\/www.vermikompostuj.cz\/sk\/produkt\/komposter-bokashi-1-kg-zmesi-bokashi\/\",\"name\":\"N\u00e1doba Bokashi na ferment\u00e1ciu biologick\u00e9ho odpadu - dom\u00e1ci kompost\u00e9r\",\"isPartOf\":{\"@id\":\"https:\/\/www.vermikompostuj.cz\/sk\/cz\/#website\"},\"primaryImageOfPage\":{\"@id\":\"https:\/\/www.vermikompostuj.cz\/sk\/produkt\/komposter-bokashi-1-kg-zmesi-bokashi\/#primaryimage\"},\"image\":{\"@id\":\"https:\/\/www.vermikompostuj.cz\/sk\/produkt\/komposter-bokashi-1-kg-zmesi-bokashi\/#primaryimage\"},\"thumbnailUrl\":\"https:\/\/www.vermikompostuj.cz\/wp-content\/uploads\/2022\/05\/bokashi-13.jpg\",\"datePublished\":\"2022-05-29T20:15:03+00:00\",\"dateModified\":\"2025-11-07T15:58:01+00:00\",\"description\":\"N\u00e1doba Bokashi je vhodn\u00e1 na spracovanie be\u017en\u00fdch organick\u00fdch zvy\u0161kov, ako s\u00fa zvy\u0161ky ovocia a zeleniny, k\u00e1vov\u00e1 usadenina alebo \u010dajov\u00e9 l\u00edstky. Met\u00f3da Bokashi funguje na princ\u00edpe anaer\u00f3bnej ferment\u00e1cie, t. j. ferment\u00e1cie bez pr\u00edstupu vzduchu.\",\"breadcrumb\":{\"@id\":\"https:\/\/www.vermikompostuj.cz\/sk\/produkt\/komposter-bokashi-1-kg-zmesi-bokashi\/#breadcrumb\"},\"inLanguage\":\"sk-SK\",\"potentialAction\":[{\"@type\":\"ReadAction\",\"target\":[\"https:\/\/www.vermikompostuj.cz\/sk\/produkt\/komposter-bokashi-1-kg-zmesi-bokashi\/\"]}]},{\"@type\":\"ImageObject\",\"inLanguage\":\"sk-SK\",\"@id\":\"https:\/\/www.vermikompostuj.cz\/sk\/produkt\/komposter-bokashi-1-kg-zmesi-bokashi\/#primaryimage\",\"url\":\"https:\/\/www.vermikompostuj.cz\/wp-content\/uploads\/2022\/05\/bokashi-13.jpg\",\"contentUrl\":\"https:\/\/www.vermikompostuj.cz\/wp-content\/uploads\/2022\/05\/bokashi-13.jpg\",\"width\":375,\"height\":500,\"caption\":\"N\u00e1doba na boka\u0161i\"},{\"@type\":\"BreadcrumbList\",\"@id\":\"https:\/\/www.vermikompostuj.cz\/sk\/produkt\/komposter-bokashi-1-kg-zmesi-bokashi\/#breadcrumb\",\"itemListElement\":[{\"@type\":\"ListItem\",\"position\":1,\"name\":\"Dom\u016f\",\"item\":\"https:\/\/www.vermikompostuj.cz\/sk\/shop-2\/\"},{\"@type\":\"ListItem\",\"position\":2,\"name\":\"Shop\",\"item\":\"https:\/\/www.vermikompostuj.cz\/sk\/shop-2\/\"},{\"@type\":\"ListItem\",\"position\":3,\"name\":\"Kompost\u00e9r Bokashi + 1 kg zmesi Bokashi\"}]},{\"@type\":\"WebSite\",\"@id\":\"https:\/\/www.vermikompostuj.cz\/sk\/cz\/#website\",\"url\":\"https:\/\/www.vermikompostuj.cz\/sk\/cz\/\",\"name\":\"Vermikompostuj.cz-Prodej kalifornsk\u00fdch \u017e\u00ed\u017eal\",\"description\":\"Prodej kalifornsk\u00fdch \u017e\u00ed\u017eal\",\"publisher\":{\"@id\":\"https:\/\/www.vermikompostuj.cz\/sk\/cz\/#organization\"},\"potentialAction\":[{\"@type\":\"SearchAction\",\"target\":{\"@type\":\"EntryPoint\",\"urlTemplate\":\"https:\/\/www.vermikompostuj.cz\/sk\/cz\/?s={search_term_string}\"},\"query-input\":{\"@type\":\"PropertyValueSpecification\",\"valueRequired\":true,\"valueName\":\"search_term_string\"}}],\"inLanguage\":\"sk-SK\"},{\"@type\":\"Organization\",\"@id\":\"https:\/\/www.vermikompostuj.cz\/sk\/cz\/#organization\",\"name\":\"Vermikompostuj.cz\",\"url\":\"https:\/\/www.vermikompostuj.cz\/sk\/cz\/\",\"logo\":{\"@type\":\"ImageObject\",\"inLanguage\":\"sk-SK\",\"@id\":\"https:\/\/www.vermikompostuj.cz\/sk\/cz\/#\/schema\/logo\/image\/\",\"url\":\"https:\/\/www.vermikompostuj.cz\/wp-content\/uploads\/2020\/02\/8593932_001V-1.jpg\",\"contentUrl\":\"https:\/\/www.vermikompostuj.cz\/wp-content\/uploads\/2020\/02\/8593932_001V-1.jpg\",\"width\":840,\"height\":558,\"caption\":\"Vermikompostuj.cz\"},\"image\":{\"@id\":\"https:\/\/www.vermikompostuj.cz\/sk\/cz\/#\/schema\/logo\/image\/\"},\"sameAs\":[\"https:\/\/www.facebook.com\/prodejkalifornskychzizal\/\",\"https:\/\/www.instagram.com\/vermikompostuj.cz\/\",\"https:\/\/cs.wikipedia.org\/wiki\/Vermikompost\"]}]}<\/script>\n<!-- \/ Yoast SEO plugin. -->","yoast_head_json":{"title":"N\u00e1doba Bokashi na ferment\u00e1ciu biologick\u00e9ho odpadu - dom\u00e1ci kompost\u00e9r","description":"N\u00e1doba Bokashi je vhodn\u00e1 na spracovanie be\u017en\u00fdch organick\u00fdch zvy\u0161kov, ako s\u00fa zvy\u0161ky ovocia a zeleniny, k\u00e1vov\u00e1 usadenina alebo \u010dajov\u00e9 l\u00edstky. Met\u00f3da Bokashi funguje na princ\u00edpe anaer\u00f3bnej ferment\u00e1cie, t. j. ferment\u00e1cie bez pr\u00edstupu vzduchu.","robots":{"index":"index","follow":"follow","max-snippet":"max-snippet:-1","max-image-preview":"max-image-preview:large","max-video-preview":"max-video-preview:-1"},"canonical":"https:\/\/www.vermikompostuj.cz\/sk\/produkt\/komposter-bokashi-1-kg-zmesi-bokashi\/","og_locale":"sk_SK","og_type":"article","og_title":"N\u00e1doba Bokashi na ferment\u00e1ciu biologick\u00e9ho odpadu - dom\u00e1ci kompost\u00e9r","og_description":"N\u00e1doba Bokashi je vhodn\u00e1 na spracovanie be\u017en\u00fdch organick\u00fdch zvy\u0161kov, ako s\u00fa zvy\u0161ky ovocia a zeleniny, k\u00e1vov\u00e1 usadenina alebo \u010dajov\u00e9 l\u00edstky. Met\u00f3da Bokashi funguje na princ\u00edpe anaer\u00f3bnej ferment\u00e1cie, t. j. ferment\u00e1cie bez pr\u00edstupu vzduchu.","og_url":"https:\/\/www.vermikompostuj.cz\/sk\/produkt\/komposter-bokashi-1-kg-zmesi-bokashi\/","og_site_name":"Vermikompostuj.cz","article_publisher":"https:\/\/www.facebook.com\/prodejkalifornskychzizal\/","article_modified_time":"2025-11-07T15:58:01+00:00","og_image":[{"width":375,"height":500,"url":"https:\/\/www.vermikompostuj.cz\/wp-content\/uploads\/2022\/05\/bokashi-13.jpg","type":"image\/jpeg"}],"twitter_card":"summary_large_image","twitter_misc":{"Predpokladan\u00fd \u010das \u010d\u00edtania":"1 min\u00fata"},"schema":{"@context":"https:\/\/schema.org","@graph":[{"@type":"WebPage","@id":"https:\/\/www.vermikompostuj.cz\/sk\/produkt\/komposter-bokashi-1-kg-zmesi-bokashi\/","url":"https:\/\/www.vermikompostuj.cz\/sk\/produkt\/komposter-bokashi-1-kg-zmesi-bokashi\/","name":"N\u00e1doba Bokashi na ferment\u00e1ciu biologick\u00e9ho odpadu - dom\u00e1ci kompost\u00e9r","isPartOf":{"@id":"https:\/\/www.vermikompostuj.cz\/sk\/cz\/#website"},"primaryImageOfPage":{"@id":"https:\/\/www.vermikompostuj.cz\/sk\/produkt\/komposter-bokashi-1-kg-zmesi-bokashi\/#primaryimage"},"image":{"@id":"https:\/\/www.vermikompostuj.cz\/sk\/produkt\/komposter-bokashi-1-kg-zmesi-bokashi\/#primaryimage"},"thumbnailUrl":"https:\/\/www.vermikompostuj.cz\/wp-content\/uploads\/2022\/05\/bokashi-13.jpg","datePublished":"2022-05-29T20:15:03+00:00","dateModified":"2025-11-07T15:58:01+00:00","description":"N\u00e1doba Bokashi je vhodn\u00e1 na spracovanie be\u017en\u00fdch organick\u00fdch zvy\u0161kov, ako s\u00fa zvy\u0161ky ovocia a zeleniny, k\u00e1vov\u00e1 usadenina alebo \u010dajov\u00e9 l\u00edstky. Met\u00f3da Bokashi funguje na princ\u00edpe anaer\u00f3bnej ferment\u00e1cie, t. j. ferment\u00e1cie bez pr\u00edstupu vzduchu.","breadcrumb":{"@id":"https:\/\/www.vermikompostuj.cz\/sk\/produkt\/komposter-bokashi-1-kg-zmesi-bokashi\/#breadcrumb"},"inLanguage":"sk-SK","potentialAction":[{"@type":"ReadAction","target":["https:\/\/www.vermikompostuj.cz\/sk\/produkt\/komposter-bokashi-1-kg-zmesi-bokashi\/"]}]},{"@type":"ImageObject","inLanguage":"sk-SK","@id":"https:\/\/www.vermikompostuj.cz\/sk\/produkt\/komposter-bokashi-1-kg-zmesi-bokashi\/#primaryimage","url":"https:\/\/www.vermikompostuj.cz\/wp-content\/uploads\/2022\/05\/bokashi-13.jpg","contentUrl":"https:\/\/www.vermikompostuj.cz\/wp-content\/uploads\/2022\/05\/bokashi-13.jpg","width":375,"height":500,"caption":"N\u00e1doba na boka\u0161i"},{"@type":"BreadcrumbList","@id":"https:\/\/www.vermikompostuj.cz\/sk\/produkt\/komposter-bokashi-1-kg-zmesi-bokashi\/#breadcrumb","itemListElement":[{"@type":"ListItem","position":1,"name":"Dom\u016f","item":"https:\/\/www.vermikompostuj.cz\/sk\/shop-2\/"},{"@type":"ListItem","position":2,"name":"Shop","item":"https:\/\/www.vermikompostuj.cz\/sk\/shop-2\/"},{"@type":"ListItem","position":3,"name":"Kompost\u00e9r Bokashi + 1 kg zmesi Bokashi"}]},{"@type":"WebSite","@id":"https:\/\/www.vermikompostuj.cz\/sk\/cz\/#website","url":"https:\/\/www.vermikompostuj.cz\/sk\/cz\/","name":"Vermikompostuj.cz-Prodej kalifornsk\u00fdch \u017e\u00ed\u017eal","description":"Prodej kalifornsk\u00fdch \u017e\u00ed\u017eal","publisher":{"@id":"https:\/\/www.vermikompostuj.cz\/sk\/cz\/#organization"},"potentialAction":[{"@type":"SearchAction","target":{"@type":"EntryPoint","urlTemplate":"https:\/\/www.vermikompostuj.cz\/sk\/cz\/?s={search_term_string}"},"query-input":{"@type":"PropertyValueSpecification","valueRequired":true,"valueName":"search_term_string"}}],"inLanguage":"sk-SK"},{"@type":"Organization","@id":"https:\/\/www.vermikompostuj.cz\/sk\/cz\/#organization","name":"Vermikompostuj.cz","url":"https:\/\/www.vermikompostuj.cz\/sk\/cz\/","logo":{"@type":"ImageObject","inLanguage":"sk-SK","@id":"https:\/\/www.vermikompostuj.cz\/sk\/cz\/#\/schema\/logo\/image\/","url":"https:\/\/www.vermikompostuj.cz\/wp-content\/uploads\/2020\/02\/8593932_001V-1.jpg","contentUrl":"https:\/\/www.vermikompostuj.cz\/wp-content\/uploads\/2020\/02\/8593932_001V-1.jpg","width":840,"height":558,"caption":"Vermikompostuj.cz"},"image":{"@id":"https:\/\/www.vermikompostuj.cz\/sk\/cz\/#\/schema\/logo\/image\/"},"sameAs":["https:\/\/www.facebook.com\/prodejkalifornskychzizal\/","https:\/\/www.instagram.com\/vermikompostuj.cz\/","https:\/\/cs.wikipedia.org\/wiki\/Vermikompost"]}]}},"_links":{"self":[{"href":"https:\/\/www.vermikompostuj.cz\/sk\/wp-json\/wp\/v2\/product\/18189","targetHints":{"allow":["GET"]}}],"collection":[{"href":"https:\/\/www.vermikompostuj.cz\/sk\/wp-json\/wp\/v2\/product"}],"about":[{"href":"https:\/\/www.vermikompostuj.cz\/sk\/wp-json\/wp\/v2\/types\/product"}],"version-history":[{"count":1,"href":"https:\/\/www.vermikompostuj.cz\/sk\/wp-json\/wp\/v2\/product\/18189\/revisions"}],"predecessor-version":[{"id":18190,"href":"https:\/\/www.vermikompostuj.cz\/sk\/wp-json\/wp\/v2\/product\/18189\/revisions\/18190"}],"wp:featuredmedia":[{"embeddable":true,"href":"https:\/\/www.vermikompostuj.cz\/sk\/wp-json\/wp\/v2\/media\/18046"}],"wp:attachment":[{"href":"https:\/\/www.vermikompostuj.cz\/sk\/wp-json\/wp\/v2\/media?parent=18189"}],"wp:term":[{"taxonomy":"product_brand","embeddable":true,"href":"https:\/\/www.vermikompostuj.cz\/sk\/wp-json\/wp\/v2\/product_brand?post=18189"},{"taxonomy":"product_cat","embeddable":true,"href":"https:\/\/www.vermikompostuj.cz\/sk\/wp-json\/wp\/v2\/product_cat?post=18189"},{"taxonomy":"product_tag","embeddable":true,"href":"https:\/\/www.vermikompostuj.cz\/sk\/wp-json\/wp\/v2\/product_tag?post=18189"}],"curies":[{"name":"wp","href":"https:\/\/api.w.org\/{rel}","templated":true}]}}