{"id":18191,"date":"2022-05-16T06:52:48","date_gmt":"2022-05-16T05:52:48","guid":{"rendered":"https:\/\/www.vermikompostuj.cz\/produkt\/navrh-pasce-na-osy-muchy-a-srsne\/"},"modified":"2025-02-28T20:41:43","modified_gmt":"2025-02-28T19:41:43","slug":"navrh-pasce-na-osy-muchy-a-srsne","status":"publish","type":"product","link":"https:\/\/www.vermikompostuj.cz\/sk\/produkt\/navrh-pasce-na-osy-muchy-a-srsne\/","title":{"rendered":"N\u00e1vrh pasce na osy, muchy a sr\u0161ne"},"content":{"rendered":"\t\t<div data-elementor-type=\"wp-post\" data-elementor-id=\"18191\" class=\"elementor elementor-18191 elementor-16414\">\n\t\t\t\t\t\t<div class=\"elementor-inner\">\n\t\t\t\t<div class=\"elementor-section-wrap\">\n\t\t\t\t\t\t\t\t\t<section class=\"elementor-section elementor-top-section elementor-element elementor-element-3901b048 elementor-section-boxed elementor-section-height-default elementor-section-height-default\" data-id=\"3901b048\" data-element_type=\"section\">\n\t\t\t\t\t\t<div class=\"elementor-container elementor-column-gap-default\">\n\t\t\t\t\t\t\t<div class=\"elementor-row\">\n\t\t\t\t\t<div class=\"elementor-column elementor-col-100 elementor-top-column elementor-element elementor-element-11f508a5\" data-id=\"11f508a5\" data-element_type=\"column\">\n\t\t\t<div class=\"elementor-column-wrap elementor-element-populated\">\n\t\t\t\t\t\t\t<div class=\"elementor-widget-wrap\">\n\t\t\t\t\t\t<div class=\"elementor-element elementor-element-6faa2643 elementor-widget elementor-widget-text-editor\" data-id=\"6faa2643\" data-element_type=\"widget\" data-widget_type=\"text-editor.default\">\n\t\t\t\t<div class=\"elementor-widget-container\">\n\t\t\t\t\t\t\t\t<div class=\"elementor-text-editor elementor-clearfix\">\n\t\t\t\t<h5><strong>N\u00e1vod na pou\u017eitie<\/strong><\/h5>\n<p>Odskrutkujte biely uz\u00e1ver a nasypte do pasce pripraven\u00fa n\u00e1vnadu, napr. sirup, sladk\u00fd n\u00e1poj alebo pivo. Potom naskrutkujte uz\u00e1ver a zaveste pripraven\u00fa pascu za \u0161n\u00farku alebo ju umiestnite na miesto, ktor\u00e9 chcete chr\u00e1ni\u0165 pred hmyzom. Farba pasce a v\u00f4\u0148a n\u00e1vnady pri\u0165ahuje hmyz, ktor\u00fd vlet\u00ed do pasce. \u0160peci\u00e1lna kon\u0161trukcia n\u00e1doby zabra\u0148uje hmyzu vyliez\u0165 z pasce. Pascu mo\u017eno pou\u017ei\u0165 aj na ochranu ovocn\u00fdch stromov a vini\u010da. Nie je vhodn\u00fd na pou\u017eitie v interi\u00e9ri a na odchyt kom\u00e1rov.<\/p>\n<h5><strong>Pokyny na pr\u00edpravu jednoduch\u00fdch n\u00e1pln\u00ed<\/strong><\/h5>\n<p><strong>Osy, muchy a sr\u0161ne<\/strong>: 150 ml piva, \u00bd PL cukru (alebo medu) alebo 100 ml vody, 1 PL cukru (alebo medu) a 50 ml \u010derven\u00e9ho v\u00ednneho octu<\/p>\n<p>Takto pripraven\u00e9 n\u00e1vnady nie s\u00fa \u0161kodliv\u00e9 pre ope\u013eova\u010de (v\u010dely, \u010dmeliaky). Ak chcete zv\u00fd\u0161i\u0165 \u00fa\u010dinnos\u0165, n\u00e1vnadu vymie\u0148ajte ka\u017ed\u00fdch 15 &#8211; 20 dn\u00ed.<\/p>\n<h5><strong>V\u00fdhody produktu<\/strong><\/h5>\n<p>Ve\u013emi jednoduch\u00e1 manipul\u00e1cia, univerz\u00e1lne pou\u017eitie na r\u00f4zne druhy lietaj\u00faceho hmyzu (z\u00e1vis\u00ed len od pou\u017eitej n\u00e1vnady), \u0161etrn\u00e9 k \u017eivotn\u00e9mu prostrediu (sta\u010d\u00ed vylia\u0165 obsah a f\u013ea\u0161u vyhodi\u0165 do trieden\u00e9ho odpadu).<\/p>\n\t\t\t\t\t<\/div>\n\t\t\t\t\t\t<\/div>\n\t\t\t\t<\/div>\n\t\t\t\t\t\t<\/div>\n\t\t\t\t\t<\/div>\n\t\t<\/div>\n\t\t\t\t\t\t\t\t<\/div>\n\t\t\t\t\t<\/div>\n\t\t<\/section>\n\t\t\t\t\t\t\t\t\t<\/div>\n\t\t\t<\/div>\n\t\t\t\t\t<\/div>\n\t\t","protected":false},"excerpt":{"rendered":"<p>Kr\u00e1sne navrhnut\u00e1 pasca je ur\u010den\u00e1 na chytanie \u0165a\u017ek\u00e9ho lietaj\u00faceho hmyzu, najm\u00e4 \u00f4s, m\u00fach a sr\u0161\u0148ov. Chr\u00e1ni pred dotierav\u00fdm hmyzom v z\u00e1hrad\u00e1ch, na balk\u00f3noch, v alt\u00e1nkoch at\u010f. Funguje bez chemik\u00e1li\u00ed. Ako n\u00e1pl\u0148 posta\u010d\u00ed ovocn\u00fd sirup, d\u017e\u00fas alebo in\u00e9 sladk\u00e9, najlep\u0161ie kvasiace n\u00e1poje. Farba pasce a v\u00f4\u0148a n\u00e1vnady pri\u0165ahuje hmyz, ktor\u00fd vlet\u00ed do pasce. \u0160peci\u00e1lna kon\u0161trukcia n\u00e1doby zabra\u0148uje hmyzu vyliez\u0165 z pasce. Pascu mo\u017eno pou\u017ei\u0165 aj na ochranu ovocn\u00fdch stromov a vini\u010da.<\/p>\n","protected":false},"featured_media":18032,"template":"","meta":{"site-sidebar-layout":"default","site-content-layout":"default","ast-global-header-display":"","ast-main-header-display":"","ast-hfb-above-header-display":"","ast-hfb-below-header-display":"","ast-hfb-mobile-header-display":"","site-post-title":"","ast-breadcrumbs-content":"","ast-featured-img":"","footer-sml-layout":"","theme-transparent-header-meta":"default","adv-header-id-meta":"","stick-header-meta":"","header-above-stick-meta":"","header-main-stick-meta":"","header-below-stick-meta":""},"product_brand":[],"product_cat":[144,147,194],"product_tag":[180],"class_list":{"0":"post-18191","1":"product","2":"type-product","3":"status-publish","4":"has-post-thumbnail","6":"product_cat-zahrada-sk","7":"product_cat-tipy-na-darceky","8":"product_cat-pasce-na-skodcov","9":"product_tag-zahrada-sk","10":"desktop-align-center","11":"tablet-align-center","12":"mobile-align-center","14":"first","15":"instock","16":"shipping-taxable","17":"purchasable","18":"product-type-simple"},"yoast_head":"<!-- This site is optimized with the Yoast SEO plugin v24.1 - https:\/\/yoast.com\/wordpress\/plugins\/seo\/ -->\n<title>Pasca na osy, muchy a sr\u0161ne -% %<\/title>\n<meta name=\"description\" content=\"Kr\u00e1sne navrhnut\u00e1 dekorat\u00edvna pasca na osy, muchy a sr\u0161ne je ve\u013emi \u00fa\u010dinn\u00e1 a funguje bez pou\u017eitia chemik\u00e1li\u00ed. Ako n\u00e1pl\u0148 sta\u010d\u00ed iba ovocn\u00fd sirup alebo \u0161\u0165ava.\" \/>\n<meta name=\"robots\" content=\"index, follow, max-snippet:-1, max-image-preview:large, max-video-preview:-1\" \/>\n<link rel=\"canonical\" href=\"https:\/\/www.vermikompostuj.cz\/sk\/produkt\/navrh-pasce-na-osy-muchy-a-srsne\/\" \/>\n<meta property=\"og:locale\" content=\"sk_SK\" \/>\n<meta property=\"og:type\" content=\"article\" \/>\n<meta property=\"og:title\" content=\"Pasca na osy, muchy a sr\u0161ne -% %\" \/>\n<meta property=\"og:description\" content=\"Kr\u00e1sne navrhnut\u00e1 dekorat\u00edvna pasca na osy, muchy a sr\u0161ne je ve\u013emi \u00fa\u010dinn\u00e1 a funguje bez pou\u017eitia chemik\u00e1li\u00ed. Ako n\u00e1pl\u0148 sta\u010d\u00ed iba ovocn\u00fd sirup alebo \u0161\u0165ava.\" \/>\n<meta property=\"og:url\" content=\"https:\/\/www.vermikompostuj.cz\/sk\/produkt\/navrh-pasce-na-osy-muchy-a-srsne\/\" \/>\n<meta property=\"og:site_name\" content=\"Vermikompostuj.cz\" \/>\n<meta property=\"article:publisher\" content=\"https:\/\/www.facebook.com\/prodejkalifornskychzizal\/\" \/>\n<meta property=\"article:modified_time\" content=\"2025-02-28T19:41:43+00:00\" \/>\n<meta property=\"og:image\" content=\"https:\/\/www.vermikompostuj.cz\/wp-content\/uploads\/2022\/05\/Past-na-vosy.jpg\" \/>\n\t<meta property=\"og:image:width\" content=\"570\" \/>\n\t<meta property=\"og:image:height\" content=\"400\" \/>\n\t<meta property=\"og:image:type\" content=\"image\/jpeg\" \/>\n<meta name=\"twitter:card\" content=\"summary_large_image\" \/>\n<meta name=\"twitter:label1\" content=\"Predpokladan\u00fd \u010das \u010d\u00edtania\" \/>\n\t<meta name=\"twitter:data1\" content=\"1 min\u00fata\" \/>\n<script type=\"application\/ld+json\" class=\"yoast-schema-graph\">{\"@context\":\"https:\/\/schema.org\",\"@graph\":[{\"@type\":\"WebPage\",\"@id\":\"https:\/\/www.vermikompostuj.cz\/sk\/produkt\/navrh-pasce-na-osy-muchy-a-srsne\/\",\"url\":\"https:\/\/www.vermikompostuj.cz\/sk\/produkt\/navrh-pasce-na-osy-muchy-a-srsne\/\",\"name\":\"Pasca na osy, muchy a sr\u0161ne -% %\",\"isPartOf\":{\"@id\":\"https:\/\/www.vermikompostuj.cz\/sk\/cz\/#website\"},\"primaryImageOfPage\":{\"@id\":\"https:\/\/www.vermikompostuj.cz\/sk\/produkt\/navrh-pasce-na-osy-muchy-a-srsne\/#primaryimage\"},\"image\":{\"@id\":\"https:\/\/www.vermikompostuj.cz\/sk\/produkt\/navrh-pasce-na-osy-muchy-a-srsne\/#primaryimage\"},\"thumbnailUrl\":\"https:\/\/www.vermikompostuj.cz\/wp-content\/uploads\/2022\/05\/Past-na-vosy.jpg\",\"datePublished\":\"2022-05-16T05:52:48+00:00\",\"dateModified\":\"2025-02-28T19:41:43+00:00\",\"description\":\"Kr\u00e1sne navrhnut\u00e1 dekorat\u00edvna pasca na osy, muchy a sr\u0161ne je ve\u013emi \u00fa\u010dinn\u00e1 a funguje bez pou\u017eitia chemik\u00e1li\u00ed. Ako n\u00e1pl\u0148 sta\u010d\u00ed iba ovocn\u00fd sirup alebo \u0161\u0165ava.\",\"breadcrumb\":{\"@id\":\"https:\/\/www.vermikompostuj.cz\/sk\/produkt\/navrh-pasce-na-osy-muchy-a-srsne\/#breadcrumb\"},\"inLanguage\":\"sk-SK\",\"potentialAction\":[{\"@type\":\"ReadAction\",\"target\":[\"https:\/\/www.vermikompostuj.cz\/sk\/produkt\/navrh-pasce-na-osy-muchy-a-srsne\/\"]}]},{\"@type\":\"ImageObject\",\"inLanguage\":\"sk-SK\",\"@id\":\"https:\/\/www.vermikompostuj.cz\/sk\/produkt\/navrh-pasce-na-osy-muchy-a-srsne\/#primaryimage\",\"url\":\"https:\/\/www.vermikompostuj.cz\/wp-content\/uploads\/2022\/05\/Past-na-vosy.jpg\",\"contentUrl\":\"https:\/\/www.vermikompostuj.cz\/wp-content\/uploads\/2022\/05\/Past-na-vosy.jpg\",\"width\":570,\"height\":400,\"caption\":\"Pasca na osy\"},{\"@type\":\"BreadcrumbList\",\"@id\":\"https:\/\/www.vermikompostuj.cz\/sk\/produkt\/navrh-pasce-na-osy-muchy-a-srsne\/#breadcrumb\",\"itemListElement\":[{\"@type\":\"ListItem\",\"position\":1,\"name\":\"Dom\u016f\",\"item\":\"https:\/\/www.vermikompostuj.cz\/sk\/shop-2\/\"},{\"@type\":\"ListItem\",\"position\":2,\"name\":\"Shop\",\"item\":\"https:\/\/www.vermikompostuj.cz\/sk\/shop-2\/\"},{\"@type\":\"ListItem\",\"position\":3,\"name\":\"N\u00e1vrh pasce na osy, muchy a sr\u0161ne\"}]},{\"@type\":\"WebSite\",\"@id\":\"https:\/\/www.vermikompostuj.cz\/sk\/cz\/#website\",\"url\":\"https:\/\/www.vermikompostuj.cz\/sk\/cz\/\",\"name\":\"Vermikompostuj.cz-Prodej kalifornsk\u00fdch \u017e\u00ed\u017eal\",\"description\":\"Prodej kalifornsk\u00fdch \u017e\u00ed\u017eal\",\"publisher\":{\"@id\":\"https:\/\/www.vermikompostuj.cz\/sk\/cz\/#organization\"},\"potentialAction\":[{\"@type\":\"SearchAction\",\"target\":{\"@type\":\"EntryPoint\",\"urlTemplate\":\"https:\/\/www.vermikompostuj.cz\/sk\/cz\/?s={search_term_string}\"},\"query-input\":{\"@type\":\"PropertyValueSpecification\",\"valueRequired\":true,\"valueName\":\"search_term_string\"}}],\"inLanguage\":\"sk-SK\"},{\"@type\":\"Organization\",\"@id\":\"https:\/\/www.vermikompostuj.cz\/sk\/cz\/#organization\",\"name\":\"Vermikompostuj.cz\",\"url\":\"https:\/\/www.vermikompostuj.cz\/sk\/cz\/\",\"logo\":{\"@type\":\"ImageObject\",\"inLanguage\":\"sk-SK\",\"@id\":\"https:\/\/www.vermikompostuj.cz\/sk\/cz\/#\/schema\/logo\/image\/\",\"url\":\"https:\/\/www.vermikompostuj.cz\/wp-content\/uploads\/2020\/02\/8593932_001V-1.jpg\",\"contentUrl\":\"https:\/\/www.vermikompostuj.cz\/wp-content\/uploads\/2020\/02\/8593932_001V-1.jpg\",\"width\":840,\"height\":558,\"caption\":\"Vermikompostuj.cz\"},\"image\":{\"@id\":\"https:\/\/www.vermikompostuj.cz\/sk\/cz\/#\/schema\/logo\/image\/\"},\"sameAs\":[\"https:\/\/www.facebook.com\/prodejkalifornskychzizal\/\",\"https:\/\/www.instagram.com\/vermikompostuj.cz\/\",\"https:\/\/cs.wikipedia.org\/wiki\/Vermikompost\"]}]}<\/script>\n<!-- \/ Yoast SEO plugin. -->","yoast_head_json":{"title":"Pasca na osy, muchy a sr\u0161ne -% %","description":"Kr\u00e1sne navrhnut\u00e1 dekorat\u00edvna pasca na osy, muchy a sr\u0161ne je ve\u013emi \u00fa\u010dinn\u00e1 a funguje bez pou\u017eitia chemik\u00e1li\u00ed. Ako n\u00e1pl\u0148 sta\u010d\u00ed iba ovocn\u00fd sirup alebo \u0161\u0165ava.","robots":{"index":"index","follow":"follow","max-snippet":"max-snippet:-1","max-image-preview":"max-image-preview:large","max-video-preview":"max-video-preview:-1"},"canonical":"https:\/\/www.vermikompostuj.cz\/sk\/produkt\/navrh-pasce-na-osy-muchy-a-srsne\/","og_locale":"sk_SK","og_type":"article","og_title":"Pasca na osy, muchy a sr\u0161ne -% %","og_description":"Kr\u00e1sne navrhnut\u00e1 dekorat\u00edvna pasca na osy, muchy a sr\u0161ne je ve\u013emi \u00fa\u010dinn\u00e1 a funguje bez pou\u017eitia chemik\u00e1li\u00ed. Ako n\u00e1pl\u0148 sta\u010d\u00ed iba ovocn\u00fd sirup alebo \u0161\u0165ava.","og_url":"https:\/\/www.vermikompostuj.cz\/sk\/produkt\/navrh-pasce-na-osy-muchy-a-srsne\/","og_site_name":"Vermikompostuj.cz","article_publisher":"https:\/\/www.facebook.com\/prodejkalifornskychzizal\/","article_modified_time":"2025-02-28T19:41:43+00:00","og_image":[{"width":570,"height":400,"url":"https:\/\/www.vermikompostuj.cz\/wp-content\/uploads\/2022\/05\/Past-na-vosy.jpg","type":"image\/jpeg"}],"twitter_card":"summary_large_image","twitter_misc":{"Predpokladan\u00fd \u010das \u010d\u00edtania":"1 min\u00fata"},"schema":{"@context":"https:\/\/schema.org","@graph":[{"@type":"WebPage","@id":"https:\/\/www.vermikompostuj.cz\/sk\/produkt\/navrh-pasce-na-osy-muchy-a-srsne\/","url":"https:\/\/www.vermikompostuj.cz\/sk\/produkt\/navrh-pasce-na-osy-muchy-a-srsne\/","name":"Pasca na osy, muchy a sr\u0161ne -% %","isPartOf":{"@id":"https:\/\/www.vermikompostuj.cz\/sk\/cz\/#website"},"primaryImageOfPage":{"@id":"https:\/\/www.vermikompostuj.cz\/sk\/produkt\/navrh-pasce-na-osy-muchy-a-srsne\/#primaryimage"},"image":{"@id":"https:\/\/www.vermikompostuj.cz\/sk\/produkt\/navrh-pasce-na-osy-muchy-a-srsne\/#primaryimage"},"thumbnailUrl":"https:\/\/www.vermikompostuj.cz\/wp-content\/uploads\/2022\/05\/Past-na-vosy.jpg","datePublished":"2022-05-16T05:52:48+00:00","dateModified":"2025-02-28T19:41:43+00:00","description":"Kr\u00e1sne navrhnut\u00e1 dekorat\u00edvna pasca na osy, muchy a sr\u0161ne je ve\u013emi \u00fa\u010dinn\u00e1 a funguje bez pou\u017eitia chemik\u00e1li\u00ed. Ako n\u00e1pl\u0148 sta\u010d\u00ed iba ovocn\u00fd sirup alebo \u0161\u0165ava.","breadcrumb":{"@id":"https:\/\/www.vermikompostuj.cz\/sk\/produkt\/navrh-pasce-na-osy-muchy-a-srsne\/#breadcrumb"},"inLanguage":"sk-SK","potentialAction":[{"@type":"ReadAction","target":["https:\/\/www.vermikompostuj.cz\/sk\/produkt\/navrh-pasce-na-osy-muchy-a-srsne\/"]}]},{"@type":"ImageObject","inLanguage":"sk-SK","@id":"https:\/\/www.vermikompostuj.cz\/sk\/produkt\/navrh-pasce-na-osy-muchy-a-srsne\/#primaryimage","url":"https:\/\/www.vermikompostuj.cz\/wp-content\/uploads\/2022\/05\/Past-na-vosy.jpg","contentUrl":"https:\/\/www.vermikompostuj.cz\/wp-content\/uploads\/2022\/05\/Past-na-vosy.jpg","width":570,"height":400,"caption":"Pasca na osy"},{"@type":"BreadcrumbList","@id":"https:\/\/www.vermikompostuj.cz\/sk\/produkt\/navrh-pasce-na-osy-muchy-a-srsne\/#breadcrumb","itemListElement":[{"@type":"ListItem","position":1,"name":"Dom\u016f","item":"https:\/\/www.vermikompostuj.cz\/sk\/shop-2\/"},{"@type":"ListItem","position":2,"name":"Shop","item":"https:\/\/www.vermikompostuj.cz\/sk\/shop-2\/"},{"@type":"ListItem","position":3,"name":"N\u00e1vrh pasce na osy, muchy a sr\u0161ne"}]},{"@type":"WebSite","@id":"https:\/\/www.vermikompostuj.cz\/sk\/cz\/#website","url":"https:\/\/www.vermikompostuj.cz\/sk\/cz\/","name":"Vermikompostuj.cz-Prodej kalifornsk\u00fdch \u017e\u00ed\u017eal","description":"Prodej kalifornsk\u00fdch \u017e\u00ed\u017eal","publisher":{"@id":"https:\/\/www.vermikompostuj.cz\/sk\/cz\/#organization"},"potentialAction":[{"@type":"SearchAction","target":{"@type":"EntryPoint","urlTemplate":"https:\/\/www.vermikompostuj.cz\/sk\/cz\/?s={search_term_string}"},"query-input":{"@type":"PropertyValueSpecification","valueRequired":true,"valueName":"search_term_string"}}],"inLanguage":"sk-SK"},{"@type":"Organization","@id":"https:\/\/www.vermikompostuj.cz\/sk\/cz\/#organization","name":"Vermikompostuj.cz","url":"https:\/\/www.vermikompostuj.cz\/sk\/cz\/","logo":{"@type":"ImageObject","inLanguage":"sk-SK","@id":"https:\/\/www.vermikompostuj.cz\/sk\/cz\/#\/schema\/logo\/image\/","url":"https:\/\/www.vermikompostuj.cz\/wp-content\/uploads\/2020\/02\/8593932_001V-1.jpg","contentUrl":"https:\/\/www.vermikompostuj.cz\/wp-content\/uploads\/2020\/02\/8593932_001V-1.jpg","width":840,"height":558,"caption":"Vermikompostuj.cz"},"image":{"@id":"https:\/\/www.vermikompostuj.cz\/sk\/cz\/#\/schema\/logo\/image\/"},"sameAs":["https:\/\/www.facebook.com\/prodejkalifornskychzizal\/","https:\/\/www.instagram.com\/vermikompostuj.cz\/","https:\/\/cs.wikipedia.org\/wiki\/Vermikompost"]}]}},"_links":{"self":[{"href":"https:\/\/www.vermikompostuj.cz\/sk\/wp-json\/wp\/v2\/product\/18191","targetHints":{"allow":["GET"]}}],"collection":[{"href":"https:\/\/www.vermikompostuj.cz\/sk\/wp-json\/wp\/v2\/product"}],"about":[{"href":"https:\/\/www.vermikompostuj.cz\/sk\/wp-json\/wp\/v2\/types\/product"}],"version-history":[{"count":1,"href":"https:\/\/www.vermikompostuj.cz\/sk\/wp-json\/wp\/v2\/product\/18191\/revisions"}],"predecessor-version":[{"id":18192,"href":"https:\/\/www.vermikompostuj.cz\/sk\/wp-json\/wp\/v2\/product\/18191\/revisions\/18192"}],"wp:featuredmedia":[{"embeddable":true,"href":"https:\/\/www.vermikompostuj.cz\/sk\/wp-json\/wp\/v2\/media\/18032"}],"wp:attachment":[{"href":"https:\/\/www.vermikompostuj.cz\/sk\/wp-json\/wp\/v2\/media?parent=18191"}],"wp:term":[{"taxonomy":"product_brand","embeddable":true,"href":"https:\/\/www.vermikompostuj.cz\/sk\/wp-json\/wp\/v2\/product_brand?post=18191"},{"taxonomy":"product_cat","embeddable":true,"href":"https:\/\/www.vermikompostuj.cz\/sk\/wp-json\/wp\/v2\/product_cat?post=18191"},{"taxonomy":"product_tag","embeddable":true,"href":"https:\/\/www.vermikompostuj.cz\/sk\/wp-json\/wp\/v2\/product_tag?post=18191"}],"curies":[{"name":"wp","href":"https:\/\/api.w.org\/{rel}","templated":true}]}}