{"id":18193,"date":"2022-09-03T14:31:27","date_gmt":"2022-09-03T13:31:27","guid":{"rendered":"https:\/\/www.vermikompostuj.cz\/produkt\/vermikomposter-economy-sivy-38-x-38-x-38-cm\/"},"modified":"2025-12-14T18:10:00","modified_gmt":"2025-12-14T17:10:00","slug":"vermikomposter-economy-sivy-38-x-38-x-38-cm","status":"publish","type":"product","link":"https:\/\/www.vermikompostuj.cz\/sk\/produkt\/vermikomposter-economy-sivy-38-x-38-x-38-cm\/","title":{"rendered":"Vermikompost\u00e9r Economy &#8211; siv\u00fd, 38 x 38 x 38 cm"},"content":{"rendered":"\t\t<div data-elementor-type=\"wp-post\" data-elementor-id=\"18193\" class=\"elementor elementor-18193 elementor-17161\">\n\t\t\t\t\t\t<div class=\"elementor-inner\">\n\t\t\t\t<div class=\"elementor-section-wrap\">\n\t\t\t\t\t\t\t\t\t<section class=\"elementor-section elementor-top-section elementor-element elementor-element-3901b048 elementor-section-boxed elementor-section-height-default elementor-section-height-default\" data-id=\"3901b048\" data-element_type=\"section\">\n\t\t\t\t\t\t<div class=\"elementor-container elementor-column-gap-default\">\n\t\t\t\t\t\t\t<div class=\"elementor-row\">\n\t\t\t\t\t<div class=\"elementor-column elementor-col-100 elementor-top-column elementor-element elementor-element-11f508a5\" data-id=\"11f508a5\" data-element_type=\"column\">\n\t\t\t<div class=\"elementor-column-wrap elementor-element-populated\">\n\t\t\t\t\t\t\t<div class=\"elementor-widget-wrap\">\n\t\t\t\t\t\t<div class=\"elementor-element elementor-element-6faa2643 elementor-widget elementor-widget-text-editor\" data-id=\"6faa2643\" data-element_type=\"widget\" data-widget_type=\"text-editor.default\">\n\t\t\t\t<div class=\"elementor-widget-container\">\n\t\t\t\t\t\t\t\t<div class=\"elementor-text-editor elementor-clearfix\">\n\t\t\t\t<h3>Nov\u00e1 ekonomika Vermicomposter<\/h3>\n<p>Je to vn\u00fatorn\u00e1 n\u00e1doba, v ktorej d\u00e1\u017e\u010fovky premie\u0148aj\u00fa rastlinn\u00e9 zvy\u0161ky z dom\u00e1cnosti na vermikompost a d\u00e1\u017e\u010fovkov\u00fd \u010daj. Z\u00edskate vysokokvalitn\u00e9 100 % organick\u00e9 hnojivo na pestovanie izbov\u00fdch a vonkaj\u0161\u00edch rastl\u00edn. Kompost\u00e9r je vyroben\u00fd z recyklovan\u00e9ho materi\u00e1lu. Jeho prirodzenou vlastnos\u0165ou je mierna farebn\u00e1 prchavos\u0165. Kompost\u00e9r sa sklad\u00e1 z dvoch \u00farovn\u00ed, z ktor\u00fdch ka\u017ed\u00e1 m\u00e1 objem 15 litrov, a z 2-litrovej n\u00e1doby na kvapkanie d\u00e1\u017e\u010fovkov\u00e9ho \u010daju pod spodnou \u00farov\u0148ou. Tento kompost\u00e9r je ide\u00e1lny do ka\u017edej dom\u00e1cnosti, pohodlne sa zmest\u00ed do skrine, na balk\u00f3n alebo do rohu miestnosti. Rozmery kompost\u00e9ra s\u00fa 38 cm x 38 cm x 38 cm a jeho hmotnos\u0165 je 3,055 kg.  <\/p>\n<p><strong>V na\u0161om obchode si m\u00f4\u017eete priamo objedna\u0165 <a href=\"http:\/\/www.vermikompostuj.cz\/produkt\/kalifornske-zizaly\/\">liahnutie kalifornsk\u00fdch d\u00e1\u017e\u010foviek<\/a>, <a href=\"http:\/\/www.vermikompostuj.cz\/produkt\/substrat-pro-zalozeni-vermikompost\/\">substr\u00e1t na vermikompostovanie<\/a> alebo <a href=\"http:\/\/www.vermikompostuj.cz\/produkt\/mineralnismes\/\">miner\u00e1lnu zmes na chov kalifornsk\u00fdch d\u00e1\u017e\u010foviek<\/a>.  <\/strong><\/p>\n\t\t\t\t\t<\/div>\n\t\t\t\t\t\t<\/div>\n\t\t\t\t<\/div>\n\t\t\t\t\t\t<\/div>\n\t\t\t\t\t<\/div>\n\t\t<\/div>\n\t\t\t\t\t\t\t\t<\/div>\n\t\t\t\t\t<\/div>\n\t\t<\/section>\n\t\t\t\t<section class=\"elementor-section elementor-top-section elementor-element elementor-element-f47fe01 elementor-section-boxed elementor-section-height-default elementor-section-height-default\" data-id=\"f47fe01\" data-element_type=\"section\">\n\t\t\t\t\t\t<div class=\"elementor-container elementor-column-gap-default\">\n\t\t\t\t\t\t\t<div class=\"elementor-row\">\n\t\t\t\t\t<div class=\"elementor-column elementor-col-100 elementor-top-column elementor-element elementor-element-5c5b912\" data-id=\"5c5b912\" data-element_type=\"column\">\n\t\t\t<div class=\"elementor-column-wrap elementor-element-populated\">\n\t\t\t\t\t\t\t<div class=\"elementor-widget-wrap\">\n\t\t\t\t\t\t<div class=\"elementor-element elementor-element-2ced5f0 elementor-widget elementor-widget-video\" data-id=\"2ced5f0\" data-element_type=\"widget\" data-settings=\"{&quot;youtube_url&quot;:&quot;https:\\\/\\\/www.youtube.com\\\/watch?v=v7hbofg1lqE&amp;t=105s&amp;ab_channel=PlastiaEU&quot;,&quot;video_type&quot;:&quot;youtube&quot;,&quot;controls&quot;:&quot;yes&quot;}\" data-widget_type=\"video.default\">\n\t\t\t\t<div class=\"elementor-widget-container\">\n\t\t\t\t\t<div class=\"elementor-wrapper elementor-open-inline\">\n\t\t\t<div class=\"elementor-video\"><\/div>\t\t<\/div>\n\t\t\t\t<\/div>\n\t\t\t\t<\/div>\n\t\t\t\t\t\t<\/div>\n\t\t\t\t\t<\/div>\n\t\t<\/div>\n\t\t\t\t\t\t\t\t<\/div>\n\t\t\t\t\t<\/div>\n\t\t<\/section>\n\t\t\t\t<section class=\"elementor-section elementor-top-section elementor-element elementor-element-25dbfca elementor-section-boxed elementor-section-height-default elementor-section-height-default\" data-id=\"25dbfca\" data-element_type=\"section\">\n\t\t\t\t\t\t<div class=\"elementor-container elementor-column-gap-default\">\n\t\t\t\t\t\t\t<div class=\"elementor-row\">\n\t\t\t\t\t<div class=\"elementor-column elementor-col-100 elementor-top-column elementor-element elementor-element-042d241\" data-id=\"042d241\" data-element_type=\"column\">\n\t\t\t<div class=\"elementor-column-wrap elementor-element-populated\">\n\t\t\t\t\t\t\t<div class=\"elementor-widget-wrap\">\n\t\t\t\t\t\t<div class=\"elementor-element elementor-element-ece6379 elementor-widget elementor-widget-text-editor\" data-id=\"ece6379\" data-element_type=\"widget\" data-widget_type=\"text-editor.default\">\n\t\t\t\t<div class=\"elementor-widget-container\">\n\t\t\t\t\t\t\t\t<div class=\"elementor-text-editor elementor-clearfix\">\n\t\t\t\t<h3>\u010co je vermikompostovanie?<\/h3>\n<p>Ide o sp\u00f4sob kompostovania, pri ktorom sa o \u0161upky, \u010dajov\u00e9 vrec\u00fa\u0161ka a in\u00fd biologick\u00fd odpad z dom\u00e1cnosti staraj\u00fa d\u00e1\u017e\u010fovky. Vo vermikompost\u00e9ri d\u00e1\u017e\u010fovky za nieko\u013eko mesiacov premenia tento odpad na vermikompost, ktor\u00fd m\u00e1 podobn\u00fa \u0161trukt\u00faru ako ra\u0161elina. Okrem toho dostanete aj \u010daj z d\u00e1\u017e\u010foviek. Vermikompost aj \u010daj z d\u00e1\u017e\u010foviek s\u00fa vynikaj\u00face hnojiv\u00e1 s vysok\u00fdm obsahom enz\u00fdmov a miner\u00e1lov, ktor\u00e9 napom\u00e1haj\u00fa rastu a chr\u00e1nia rastliny pred chorobami. Mo\u017eno ich pou\u017ei\u0165 na hnojenie byliniek a izbov\u00fdch alebo vonkaj\u0161\u00edch rastl\u00edn.<\/p>\n<h3>Pre\u010do kompostova\u0165 doma?<\/h3>\n<p>&#8211; M\u00f4\u017eete kompostova\u0165 40 a\u017e 60 percent odpadu z dom\u00e1cnosti.<br \/>&#8211; Bioodpad nekon\u010d\u00ed na skl\u00e1dke alebo v spa\u013eovni, kam nepatr\u00ed.<br \/>&#8211; U\u0161etr\u00edte peniaze za hnojiv\u00e1 a dod\u00e1te rastlin\u00e1m \u017eiviny bez chemik\u00e1li\u00ed.<br \/>&#8211; Z\u00edskate hnojivo s vysok\u00fdm obsahom \u017eiv\u00edn a enz\u00fdmov pre spr\u00e1vny rast rastl\u00edn.<br \/>&#8211; M\u00e1te celoro\u010dn\u00fa z\u00e1sobu kompostu pre svoje rastliny.<br \/>&#8211; Va\u0161e deti alebo vn\u00fa\u010dat\u00e1 z\u00edskaj\u00fa praktick\u00e9 poznatky o pr\u00edrodn\u00fdch cykloch.<\/p>\n<h3>\u010co n\u00e1jdete v balen\u00ed vermikompost\u00e9ra?<\/h3>\n<p>&#8211; Veko<br \/>&#8211; R\u00e1m podlahy 2x <br \/>&#8211; Kompostovacia podlaha 2x <br \/>&#8211; R\u00e1m filtra\u010dn\u00e9ho sita<br \/>&#8211; Filtra\u010dn\u00e1 tkanina 3x <br \/>&#8211; Filtra\u010dn\u00e9 sito &#8211; hlavn\u00e1 \u010das\u0165 <br \/>&#8211; Spodn\u00e1 \u010das\u0165 <br \/>&#8211; Nohy 4x  <\/p>\n\t\t\t\t\t<\/div>\n\t\t\t\t\t\t<\/div>\n\t\t\t\t<\/div>\n\t\t\t\t\t\t<\/div>\n\t\t\t\t\t<\/div>\n\t\t<\/div>\n\t\t\t\t\t\t\t\t<\/div>\n\t\t\t\t\t<\/div>\n\t\t<\/section>\n\t\t\t\t\t\t\t\t\t<\/div>\n\t\t\t<\/div>\n\t\t\t\t\t<\/div>\n\t\t","protected":false},"excerpt":{"rendered":"<p>DOPRAVA ZADARMO!<\/p>\n<p>Ide\u00e1lny partner pre za\u010d\u00ednaj\u00facich nad\u0161encov kompostovania. Vermikompost\u00e9r je vn\u00fatorn\u00e1 n\u00e1doba, v ktorej d\u00e1\u017e\u010fovky premie\u0148aj\u00fa rastlinn\u00e9 zvy\u0161ky z dom\u00e1cnosti na vermikompost a d\u00e1\u017e\u010fovkov\u00fd \u010daj. Z\u00edskate vysokokvalitn\u00e9 100 % organick\u00e9 hnojivo na pestovanie izbov\u00fdch a vonkaj\u0161\u00edch rastl\u00edn. Prekvap\u00ed svojimi kompaktn\u00fdmi rozmermi, dokonca aj v tej najmen\u0161ej kuchyni sa pre \u0148u n\u00e1jde miesto. Kompost\u00e9r je vyroben\u00fd z recyklovan\u00e9ho materi\u00e1lu. Balenie obsahuje dve kompostovacie vrstvy po 15 litroch a 2 litrov\u00fa n\u00e1dobu na kvapkanie d\u00e1\u017e\u010fovkov\u00e9ho \u010daju.<\/p>\n","protected":false},"featured_media":18071,"template":"","meta":{"site-sidebar-layout":"default","site-content-layout":"default","ast-global-header-display":"","ast-main-header-display":"","ast-hfb-above-header-display":"","ast-hfb-below-header-display":"","ast-hfb-mobile-header-display":"","site-post-title":"","ast-breadcrumbs-content":"","ast-featured-img":"","footer-sml-layout":"","theme-transparent-header-meta":"default","adv-header-id-meta":"","stick-header-meta":"","header-above-stick-meta":"","header-main-stick-meta":"","header-below-stick-meta":""},"product_brand":[],"product_cat":[145,169,147],"product_tag":[184,149,180],"class_list":{"0":"post-18193","1":"product","2":"type-product","3":"status-publish","4":"has-post-thumbnail","6":"product_cat-vsetko-pre-vermikompostovanie","7":"product_cat-kompostery-sk","8":"product_cat-tipy-na-darceky","9":"product_tag-vermicomposter","10":"product_tag-vermikompostovanie","11":"product_tag-zahrada-sk","12":"desktop-align-center","13":"tablet-align-center","14":"mobile-align-center","16":"first","17":"instock","18":"sale","19":"shipping-taxable","20":"purchasable","21":"product-type-simple"},"yoast_head":"<!-- This site is optimized with the Yoast SEO plugin v24.1 - https:\/\/yoast.com\/wordpress\/plugins\/seo\/ -->\n<title>Vermicomposter Economy Plastia - \u0161ed\u00e1 - Vermikompostuj.cz%<\/title>\n<meta name=\"description\" content=\"Vermikompost\u00e9r Economy Plastia - siv\u00e1 n\u00e1doba na dom\u00e1ce kompostovanie. Vn\u00fatorn\u00e1 n\u00e1doba, v ktorej d\u00e1\u017e\u010fovky premie\u0148aj\u00fa odpad z dom\u00e1cnosti na kvalitn\u00e9 hnojivo.\" \/>\n<meta name=\"robots\" content=\"index, follow, max-snippet:-1, max-image-preview:large, max-video-preview:-1\" \/>\n<link rel=\"canonical\" href=\"https:\/\/www.vermikompostuj.cz\/sk\/produkt\/vermikomposter-economy-sivy-38-x-38-x-38-cm\/\" \/>\n<meta property=\"og:locale\" content=\"sk_SK\" \/>\n<meta property=\"og:type\" content=\"article\" \/>\n<meta property=\"og:title\" content=\"Vermicomposter Economy Plastia - \u0161ed\u00e1 - Vermikompostuj.cz%\" \/>\n<meta property=\"og:description\" content=\"Vermikompost\u00e9r Economy Plastia - siv\u00e1 n\u00e1doba na dom\u00e1ce kompostovanie. Vn\u00fatorn\u00e1 n\u00e1doba, v ktorej d\u00e1\u017e\u010fovky premie\u0148aj\u00fa odpad z dom\u00e1cnosti na kvalitn\u00e9 hnojivo.\" \/>\n<meta property=\"og:url\" content=\"https:\/\/www.vermikompostuj.cz\/sk\/produkt\/vermikomposter-economy-sivy-38-x-38-x-38-cm\/\" \/>\n<meta property=\"og:site_name\" content=\"Vermikompostuj.cz\" \/>\n<meta property=\"article:publisher\" content=\"https:\/\/www.facebook.com\/prodejkalifornskychzizal\/\" \/>\n<meta property=\"article:modified_time\" content=\"2025-12-14T17:10:00+00:00\" \/>\n<meta property=\"og:image\" content=\"https:\/\/www.vermikompostuj.cz\/wp-content\/uploads\/2022\/09\/\u0160ed\u00fd-kompost\u00e9r-plastia.jpg\" \/>\n\t<meta property=\"og:image:width\" content=\"575\" \/>\n\t<meta property=\"og:image:height\" content=\"431\" \/>\n\t<meta property=\"og:image:type\" content=\"image\/jpeg\" \/>\n<meta name=\"twitter:card\" content=\"summary_large_image\" \/>\n<meta name=\"twitter:label1\" content=\"Predpokladan\u00fd \u010das \u010d\u00edtania\" \/>\n\t<meta name=\"twitter:data1\" content=\"2 min\u00faty\" \/>\n<script type=\"application\/ld+json\" class=\"yoast-schema-graph\">{\"@context\":\"https:\/\/schema.org\",\"@graph\":[{\"@type\":\"WebPage\",\"@id\":\"https:\/\/www.vermikompostuj.cz\/sk\/produkt\/vermikomposter-economy-sivy-38-x-38-x-38-cm\/\",\"url\":\"https:\/\/www.vermikompostuj.cz\/sk\/produkt\/vermikomposter-economy-sivy-38-x-38-x-38-cm\/\",\"name\":\"Vermicomposter Economy Plastia - \u0161ed\u00e1 - Vermikompostuj.cz%\",\"isPartOf\":{\"@id\":\"https:\/\/www.vermikompostuj.cz\/sk\/cz\/#website\"},\"primaryImageOfPage\":{\"@id\":\"https:\/\/www.vermikompostuj.cz\/sk\/produkt\/vermikomposter-economy-sivy-38-x-38-x-38-cm\/#primaryimage\"},\"image\":{\"@id\":\"https:\/\/www.vermikompostuj.cz\/sk\/produkt\/vermikomposter-economy-sivy-38-x-38-x-38-cm\/#primaryimage\"},\"thumbnailUrl\":\"https:\/\/www.vermikompostuj.cz\/wp-content\/uploads\/2022\/09\/\u0160ed\u00fd-kompost\u00e9r-plastia.jpg\",\"datePublished\":\"2022-09-03T13:31:27+00:00\",\"dateModified\":\"2025-12-14T17:10:00+00:00\",\"description\":\"Vermikompost\u00e9r Economy Plastia - siv\u00e1 n\u00e1doba na dom\u00e1ce kompostovanie. Vn\u00fatorn\u00e1 n\u00e1doba, v ktorej d\u00e1\u017e\u010fovky premie\u0148aj\u00fa odpad z dom\u00e1cnosti na kvalitn\u00e9 hnojivo.\",\"breadcrumb\":{\"@id\":\"https:\/\/www.vermikompostuj.cz\/sk\/produkt\/vermikomposter-economy-sivy-38-x-38-x-38-cm\/#breadcrumb\"},\"inLanguage\":\"sk-SK\",\"potentialAction\":[{\"@type\":\"ReadAction\",\"target\":[\"https:\/\/www.vermikompostuj.cz\/sk\/produkt\/vermikomposter-economy-sivy-38-x-38-x-38-cm\/\"]}]},{\"@type\":\"ImageObject\",\"inLanguage\":\"sk-SK\",\"@id\":\"https:\/\/www.vermikompostuj.cz\/sk\/produkt\/vermikomposter-economy-sivy-38-x-38-x-38-cm\/#primaryimage\",\"url\":\"https:\/\/www.vermikompostuj.cz\/wp-content\/uploads\/2022\/09\/\u0160ed\u00fd-kompost\u00e9r-plastia.jpg\",\"contentUrl\":\"https:\/\/www.vermikompostuj.cz\/wp-content\/uploads\/2022\/09\/\u0160ed\u00fd-kompost\u00e9r-plastia.jpg\",\"width\":575,\"height\":431,\"caption\":\"\u0160ed\u00e9 kompostovacie plasty\"},{\"@type\":\"BreadcrumbList\",\"@id\":\"https:\/\/www.vermikompostuj.cz\/sk\/produkt\/vermikomposter-economy-sivy-38-x-38-x-38-cm\/#breadcrumb\",\"itemListElement\":[{\"@type\":\"ListItem\",\"position\":1,\"name\":\"Dom\u016f\",\"item\":\"https:\/\/www.vermikompostuj.cz\/sk\/shop-2\/\"},{\"@type\":\"ListItem\",\"position\":2,\"name\":\"Shop\",\"item\":\"https:\/\/www.vermikompostuj.cz\/sk\/shop-2\/\"},{\"@type\":\"ListItem\",\"position\":3,\"name\":\"Vermikompost\u00e9r Economy &#8211; siv\u00fd, 38 x 38 x 38 cm\"}]},{\"@type\":\"WebSite\",\"@id\":\"https:\/\/www.vermikompostuj.cz\/sk\/cz\/#website\",\"url\":\"https:\/\/www.vermikompostuj.cz\/sk\/cz\/\",\"name\":\"Vermikompostuj.cz-Prodej kalifornsk\u00fdch \u017e\u00ed\u017eal\",\"description\":\"Prodej kalifornsk\u00fdch \u017e\u00ed\u017eal\",\"publisher\":{\"@id\":\"https:\/\/www.vermikompostuj.cz\/sk\/cz\/#organization\"},\"potentialAction\":[{\"@type\":\"SearchAction\",\"target\":{\"@type\":\"EntryPoint\",\"urlTemplate\":\"https:\/\/www.vermikompostuj.cz\/sk\/cz\/?s={search_term_string}\"},\"query-input\":{\"@type\":\"PropertyValueSpecification\",\"valueRequired\":true,\"valueName\":\"search_term_string\"}}],\"inLanguage\":\"sk-SK\"},{\"@type\":\"Organization\",\"@id\":\"https:\/\/www.vermikompostuj.cz\/sk\/cz\/#organization\",\"name\":\"Vermikompostuj.cz\",\"url\":\"https:\/\/www.vermikompostuj.cz\/sk\/cz\/\",\"logo\":{\"@type\":\"ImageObject\",\"inLanguage\":\"sk-SK\",\"@id\":\"https:\/\/www.vermikompostuj.cz\/sk\/cz\/#\/schema\/logo\/image\/\",\"url\":\"https:\/\/www.vermikompostuj.cz\/wp-content\/uploads\/2020\/02\/8593932_001V-1.jpg\",\"contentUrl\":\"https:\/\/www.vermikompostuj.cz\/wp-content\/uploads\/2020\/02\/8593932_001V-1.jpg\",\"width\":840,\"height\":558,\"caption\":\"Vermikompostuj.cz\"},\"image\":{\"@id\":\"https:\/\/www.vermikompostuj.cz\/sk\/cz\/#\/schema\/logo\/image\/\"},\"sameAs\":[\"https:\/\/www.facebook.com\/prodejkalifornskychzizal\/\",\"https:\/\/www.instagram.com\/vermikompostuj.cz\/\",\"https:\/\/cs.wikipedia.org\/wiki\/Vermikompost\"]}]}<\/script>\n<!-- \/ Yoast SEO plugin. -->","yoast_head_json":{"title":"Vermicomposter Economy Plastia - \u0161ed\u00e1 - Vermikompostuj.cz%","description":"Vermikompost\u00e9r Economy Plastia - siv\u00e1 n\u00e1doba na dom\u00e1ce kompostovanie. Vn\u00fatorn\u00e1 n\u00e1doba, v ktorej d\u00e1\u017e\u010fovky premie\u0148aj\u00fa odpad z dom\u00e1cnosti na kvalitn\u00e9 hnojivo.","robots":{"index":"index","follow":"follow","max-snippet":"max-snippet:-1","max-image-preview":"max-image-preview:large","max-video-preview":"max-video-preview:-1"},"canonical":"https:\/\/www.vermikompostuj.cz\/sk\/produkt\/vermikomposter-economy-sivy-38-x-38-x-38-cm\/","og_locale":"sk_SK","og_type":"article","og_title":"Vermicomposter Economy Plastia - \u0161ed\u00e1 - Vermikompostuj.cz%","og_description":"Vermikompost\u00e9r Economy Plastia - siv\u00e1 n\u00e1doba na dom\u00e1ce kompostovanie. Vn\u00fatorn\u00e1 n\u00e1doba, v ktorej d\u00e1\u017e\u010fovky premie\u0148aj\u00fa odpad z dom\u00e1cnosti na kvalitn\u00e9 hnojivo.","og_url":"https:\/\/www.vermikompostuj.cz\/sk\/produkt\/vermikomposter-economy-sivy-38-x-38-x-38-cm\/","og_site_name":"Vermikompostuj.cz","article_publisher":"https:\/\/www.facebook.com\/prodejkalifornskychzizal\/","article_modified_time":"2025-12-14T17:10:00+00:00","og_image":[{"width":575,"height":431,"url":"https:\/\/www.vermikompostuj.cz\/wp-content\/uploads\/2022\/09\/\u0160ed\u00fd-kompost\u00e9r-plastia.jpg","type":"image\/jpeg"}],"twitter_card":"summary_large_image","twitter_misc":{"Predpokladan\u00fd \u010das \u010d\u00edtania":"2 min\u00faty"},"schema":{"@context":"https:\/\/schema.org","@graph":[{"@type":"WebPage","@id":"https:\/\/www.vermikompostuj.cz\/sk\/produkt\/vermikomposter-economy-sivy-38-x-38-x-38-cm\/","url":"https:\/\/www.vermikompostuj.cz\/sk\/produkt\/vermikomposter-economy-sivy-38-x-38-x-38-cm\/","name":"Vermicomposter Economy Plastia - \u0161ed\u00e1 - Vermikompostuj.cz%","isPartOf":{"@id":"https:\/\/www.vermikompostuj.cz\/sk\/cz\/#website"},"primaryImageOfPage":{"@id":"https:\/\/www.vermikompostuj.cz\/sk\/produkt\/vermikomposter-economy-sivy-38-x-38-x-38-cm\/#primaryimage"},"image":{"@id":"https:\/\/www.vermikompostuj.cz\/sk\/produkt\/vermikomposter-economy-sivy-38-x-38-x-38-cm\/#primaryimage"},"thumbnailUrl":"https:\/\/www.vermikompostuj.cz\/wp-content\/uploads\/2022\/09\/\u0160ed\u00fd-kompost\u00e9r-plastia.jpg","datePublished":"2022-09-03T13:31:27+00:00","dateModified":"2025-12-14T17:10:00+00:00","description":"Vermikompost\u00e9r Economy Plastia - siv\u00e1 n\u00e1doba na dom\u00e1ce kompostovanie. Vn\u00fatorn\u00e1 n\u00e1doba, v ktorej d\u00e1\u017e\u010fovky premie\u0148aj\u00fa odpad z dom\u00e1cnosti na kvalitn\u00e9 hnojivo.","breadcrumb":{"@id":"https:\/\/www.vermikompostuj.cz\/sk\/produkt\/vermikomposter-economy-sivy-38-x-38-x-38-cm\/#breadcrumb"},"inLanguage":"sk-SK","potentialAction":[{"@type":"ReadAction","target":["https:\/\/www.vermikompostuj.cz\/sk\/produkt\/vermikomposter-economy-sivy-38-x-38-x-38-cm\/"]}]},{"@type":"ImageObject","inLanguage":"sk-SK","@id":"https:\/\/www.vermikompostuj.cz\/sk\/produkt\/vermikomposter-economy-sivy-38-x-38-x-38-cm\/#primaryimage","url":"https:\/\/www.vermikompostuj.cz\/wp-content\/uploads\/2022\/09\/\u0160ed\u00fd-kompost\u00e9r-plastia.jpg","contentUrl":"https:\/\/www.vermikompostuj.cz\/wp-content\/uploads\/2022\/09\/\u0160ed\u00fd-kompost\u00e9r-plastia.jpg","width":575,"height":431,"caption":"\u0160ed\u00e9 kompostovacie plasty"},{"@type":"BreadcrumbList","@id":"https:\/\/www.vermikompostuj.cz\/sk\/produkt\/vermikomposter-economy-sivy-38-x-38-x-38-cm\/#breadcrumb","itemListElement":[{"@type":"ListItem","position":1,"name":"Dom\u016f","item":"https:\/\/www.vermikompostuj.cz\/sk\/shop-2\/"},{"@type":"ListItem","position":2,"name":"Shop","item":"https:\/\/www.vermikompostuj.cz\/sk\/shop-2\/"},{"@type":"ListItem","position":3,"name":"Vermikompost\u00e9r Economy &#8211; siv\u00fd, 38 x 38 x 38 cm"}]},{"@type":"WebSite","@id":"https:\/\/www.vermikompostuj.cz\/sk\/cz\/#website","url":"https:\/\/www.vermikompostuj.cz\/sk\/cz\/","name":"Vermikompostuj.cz-Prodej kalifornsk\u00fdch \u017e\u00ed\u017eal","description":"Prodej kalifornsk\u00fdch \u017e\u00ed\u017eal","publisher":{"@id":"https:\/\/www.vermikompostuj.cz\/sk\/cz\/#organization"},"potentialAction":[{"@type":"SearchAction","target":{"@type":"EntryPoint","urlTemplate":"https:\/\/www.vermikompostuj.cz\/sk\/cz\/?s={search_term_string}"},"query-input":{"@type":"PropertyValueSpecification","valueRequired":true,"valueName":"search_term_string"}}],"inLanguage":"sk-SK"},{"@type":"Organization","@id":"https:\/\/www.vermikompostuj.cz\/sk\/cz\/#organization","name":"Vermikompostuj.cz","url":"https:\/\/www.vermikompostuj.cz\/sk\/cz\/","logo":{"@type":"ImageObject","inLanguage":"sk-SK","@id":"https:\/\/www.vermikompostuj.cz\/sk\/cz\/#\/schema\/logo\/image\/","url":"https:\/\/www.vermikompostuj.cz\/wp-content\/uploads\/2020\/02\/8593932_001V-1.jpg","contentUrl":"https:\/\/www.vermikompostuj.cz\/wp-content\/uploads\/2020\/02\/8593932_001V-1.jpg","width":840,"height":558,"caption":"Vermikompostuj.cz"},"image":{"@id":"https:\/\/www.vermikompostuj.cz\/sk\/cz\/#\/schema\/logo\/image\/"},"sameAs":["https:\/\/www.facebook.com\/prodejkalifornskychzizal\/","https:\/\/www.instagram.com\/vermikompostuj.cz\/","https:\/\/cs.wikipedia.org\/wiki\/Vermikompost"]}]}},"_links":{"self":[{"href":"https:\/\/www.vermikompostuj.cz\/sk\/wp-json\/wp\/v2\/product\/18193","targetHints":{"allow":["GET"]}}],"collection":[{"href":"https:\/\/www.vermikompostuj.cz\/sk\/wp-json\/wp\/v2\/product"}],"about":[{"href":"https:\/\/www.vermikompostuj.cz\/sk\/wp-json\/wp\/v2\/types\/product"}],"version-history":[{"count":2,"href":"https:\/\/www.vermikompostuj.cz\/sk\/wp-json\/wp\/v2\/product\/18193\/revisions"}],"predecessor-version":[{"id":24710,"href":"https:\/\/www.vermikompostuj.cz\/sk\/wp-json\/wp\/v2\/product\/18193\/revisions\/24710"}],"wp:featuredmedia":[{"embeddable":true,"href":"https:\/\/www.vermikompostuj.cz\/sk\/wp-json\/wp\/v2\/media\/18071"}],"wp:attachment":[{"href":"https:\/\/www.vermikompostuj.cz\/sk\/wp-json\/wp\/v2\/media?parent=18193"}],"wp:term":[{"taxonomy":"product_brand","embeddable":true,"href":"https:\/\/www.vermikompostuj.cz\/sk\/wp-json\/wp\/v2\/product_brand?post=18193"},{"taxonomy":"product_cat","embeddable":true,"href":"https:\/\/www.vermikompostuj.cz\/sk\/wp-json\/wp\/v2\/product_cat?post=18193"},{"taxonomy":"product_tag","embeddable":true,"href":"https:\/\/www.vermikompostuj.cz\/sk\/wp-json\/wp\/v2\/product_tag?post=18193"}],"curies":[{"name":"wp","href":"https:\/\/api.w.org\/{rel}","templated":true}]}}