{"id":18194,"date":"2022-05-29T18:33:12","date_gmt":"2022-05-29T17:33:12","guid":{"rendered":"https:\/\/www.vermikompostuj.cz\/produkt\/mravenisko-mravenisko\/"},"modified":"2026-04-10T22:53:33","modified_gmt":"2026-04-10T21:53:33","slug":"mravenisko-mravenisko","status":"publish","type":"product","link":"https:\/\/www.vermikompostuj.cz\/sk\/produkt\/mravenisko-mravenisko\/","title":{"rendered":"Mravenisko &#8211; mravenisko"},"content":{"rendered":"\t\t<div data-elementor-type=\"wp-post\" data-elementor-id=\"18194\" class=\"elementor elementor-18194 elementor-16575\">\n\t\t\t\t\t\t<div class=\"elementor-inner\">\n\t\t\t\t<div class=\"elementor-section-wrap\">\n\t\t\t\t\t\t\t\t\t<section class=\"elementor-section elementor-top-section elementor-element elementor-element-3901b048 elementor-section-boxed elementor-section-height-default elementor-section-height-default\" data-id=\"3901b048\" data-element_type=\"section\">\n\t\t\t\t\t\t<div class=\"elementor-container elementor-column-gap-default\">\n\t\t\t\t\t\t\t<div class=\"elementor-row\">\n\t\t\t\t\t<div class=\"elementor-column elementor-col-100 elementor-top-column elementor-element elementor-element-11f508a5\" data-id=\"11f508a5\" data-element_type=\"column\">\n\t\t\t<div class=\"elementor-column-wrap elementor-element-populated\">\n\t\t\t\t\t\t\t<div class=\"elementor-widget-wrap\">\n\t\t\t\t\t\t<div class=\"elementor-element elementor-element-6faa2643 elementor-widget elementor-widget-text-editor\" data-id=\"6faa2643\" data-element_type=\"widget\" data-widget_type=\"text-editor.default\">\n\t\t\t\t<div class=\"elementor-widget-container\">\n\t\t\t\t\t\t\t\t<div class=\"elementor-text-editor elementor-clearfix\">\n\t\t\t\t<p>Origin\u00e1lna mraven\u010dia farma s potravinov\u00fdm g\u00e9lom a priestorom na k\u0155menie mravcov. Sta\u010d\u00ed chyti\u0165 nieko\u013eko mravcov vo vo\u013enej pr\u00edrode a m\u00f4\u017eete ich za\u010da\u0165 chova\u0165 v dizajnovej mravenisku a sledova\u0165, ako si vytv\u00e1raj\u00fa vlastn\u00e9 chodby. Mravce si zvy\u010dajne za\u010dn\u00fa h\u013abi\u0165 vlastn\u00e9 tunely 24 a\u017e 48 hod\u00edn po pridan\u00ed do nov\u00e9ho prostredia.Aby ste im pomohli, je dobr\u00e9 urobi\u0165 v \u017eivnom g\u00e9le aspo\u0148 dva mal\u00e9 otvory, do ktor\u00fdch bud\u00fa m\u00f4c\u0165 mravce zaliez\u0165 a za\u010da\u0165 ich \u010falej roz\u0161irova\u0165 pod\u013ea ich vlastn\u00fdch potrieb.<\/p>\n<p>Ide\u00e1lny po\u010det mravcov pre farmu je asi 30, pre tento po\u010det mravcov by mal v\u00fd\u017eivov\u00fd g\u00e9l vysta\u010di\u0165 asi na pol roka, mravce m\u00f4\u017eete k\u0155mi\u0165 aj \u0161peci\u00e1lnym otvorom. Ke\u010f mravce zjedia v\u0161etok v\u00fd\u017eivn\u00fd g\u00e9l, m\u00f4\u017eete n\u00e1dobu naplni\u0165 zeminou alebo pieskom a k\u0155mi\u0165 mravce pomocou \u0161peci\u00e1lneho otvoru. N\u00e1dobu je preto mo\u017en\u00e9 pou\u017ei\u0165 aj po spotrebovan\u00ed v\u0161etk\u00e9ho v\u00fd\u017eivov\u00e9ho g\u00e9lu.<\/p>\n<p>Pre v\u00e4\u010d\u0161iu z\u00e1bavu je mo\u017en\u00e9 prepoji\u0165 viacero mraven\u00edsk pomocou plastov\u00fdch r\u00farok.  <\/p>\n<h6>Obsah balenia:<\/h6>\n<ul>\n<li>Mravenisko s v\u00fd\u017eivn\u00fdm g\u00e9lom<\/li>\n<li>Pipeta na pr\u00edvod vody do mraveniska<\/li>\n<li>R\u00farky na prepojenie r\u00f4znych \u010dast\u00ed farmy a vytvorenie tunelov pre mravce<\/li>\n<li>Plastov\u00e9 klie\u0161te na vkladanie potravy pre mravce<\/li>\n<li>Detsk\u00e1 lupa<\/li>\n<li>7 ks plastov\u00fdch z\u00e1tok na uzavretie potrebn\u00fdch otvorov<\/li>\n<\/ul>\n\t\t\t\t\t<\/div>\n\t\t\t\t\t\t<\/div>\n\t\t\t\t<\/div>\n\t\t\t\t\t\t<\/div>\n\t\t\t\t\t<\/div>\n\t\t<\/div>\n\t\t\t\t\t\t\t\t<\/div>\n\t\t\t\t\t<\/div>\n\t\t<\/section>\n\t\t\t\t<section class=\"elementor-section elementor-top-section elementor-element elementor-element-02cd292 elementor-section-boxed elementor-section-height-default elementor-section-height-default\" data-id=\"02cd292\" data-element_type=\"section\">\n\t\t\t\t\t\t<div class=\"elementor-container elementor-column-gap-default\">\n\t\t\t\t\t\t\t<div class=\"elementor-row\">\n\t\t\t\t\t<div class=\"elementor-column elementor-col-100 elementor-top-column elementor-element elementor-element-f71666f\" data-id=\"f71666f\" data-element_type=\"column\">\n\t\t\t<div class=\"elementor-column-wrap elementor-element-populated\">\n\t\t\t\t\t\t\t<div class=\"elementor-widget-wrap\">\n\t\t\t\t\t\t<div class=\"elementor-element elementor-element-52d4014 elementor-widget elementor-widget-video\" data-id=\"52d4014\" data-element_type=\"widget\" data-settings=\"{&quot;youtube_url&quot;:&quot;https:\\\/\\\/www.youtube.com\\\/watch?v=9gbvbKUfHdU&amp;ab_channel=AliJoorabchi&quot;,&quot;autoplay&quot;:&quot;yes&quot;,&quot;video_type&quot;:&quot;youtube&quot;,&quot;controls&quot;:&quot;yes&quot;}\" data-widget_type=\"video.default\">\n\t\t\t\t<div class=\"elementor-widget-container\">\n\t\t\t\t\t<div class=\"elementor-wrapper elementor-open-inline\">\n\t\t\t<div class=\"elementor-video\"><\/div>\t\t<\/div>\n\t\t\t\t<\/div>\n\t\t\t\t<\/div>\n\t\t\t\t\t\t<\/div>\n\t\t\t\t\t<\/div>\n\t\t<\/div>\n\t\t\t\t\t\t\t\t<\/div>\n\t\t\t\t\t<\/div>\n\t\t<\/section>\n\t\t\t\t\t\t\t\t\t<\/div>\n\t\t\t<\/div>\n\t\t\t\t\t<\/div>\n\t\t","protected":false},"excerpt":{"rendered":"<p>Prekvapte svojich bl\u00edzkych origin\u00e1lnym dar\u010dekom, ktor\u00fd ich naozaj pote\u0161\u00ed! Zaobstarajte si dom\u00e1cu mraven\u010diu farmu a namiesto rybi\u010diek sledujte pracuj\u00face mravce v akv\u00e1riu. Sta\u010d\u00ed chyti\u0165 mravca za domom na l\u00fake, pri kuchynskej linke alebo v lese a urobi\u0165 mal\u00fa dierku do g\u00e9lu, vlo\u017ei\u0165 mravca do n\u00e1doby a nebudete sa sta\u010di\u0165 \u010dudova\u0165. M\u00f4\u017eete sledova\u0165, ako mravce spolo\u010dne kop\u00fa chodby, pom\u00e1haj\u00fa si a ka\u017ed\u00fd m\u00e1 svoju \u00falohu. Je to naozaj \u00fa\u017easn\u00e9. S\u00fa to spolo\u010densk\u00e9 tvory a nemus\u00edte by\u0165 vedec, aby v\u00e1s zaujal ich ka\u017edodenn\u00fd \u017eivot. G\u00e9l, v ktorom mravce dr\u017e\u00edte, vyvinula NASA pri testovan\u00ed spr\u00e1vania mravcov v bezv\u00e1hovom stave. Obsahuje d\u00f4le\u017eit\u00e9 miner\u00e1ly, vitam\u00edny a aminokyseliny pre spokojn\u00fd \u017eivot mravcov. Mravce m\u00f4\u017eete e\u0161te viac ochromi\u0165 a z\u00e1sobova\u0165 ich vodou pomocou \u0161peci\u00e1lnych otvorov.<\/p>\n","protected":false},"featured_media":18043,"template":"","meta":{"site-sidebar-layout":"default","site-content-layout":"default","ast-global-header-display":"","ast-main-header-display":"","ast-hfb-above-header-display":"","ast-hfb-below-header-display":"","ast-hfb-mobile-header-display":"","site-post-title":"","ast-breadcrumbs-content":"","ast-featured-img":"","footer-sml-layout":"","theme-transparent-header-meta":"default","adv-header-id-meta":"","stick-header-meta":"","header-above-stick-meta":"","header-main-stick-meta":"","header-below-stick-meta":""},"product_brand":[],"product_cat":[220,144,147,146],"product_tag":[180],"class_list":{"0":"post-18194","1":"product","2":"type-product","3":"status-publish","4":"has-post-thumbnail","6":"product_cat-pre-domace-zvierata","7":"product_cat-zahrada-sk","8":"product_cat-tipy-na-darceky","9":"product_cat-pre-deti","10":"product_tag-zahrada-sk","11":"desktop-align-center","12":"tablet-align-center","13":"mobile-align-center","15":"first","16":"instock","17":"sale","18":"shipping-taxable","19":"purchasable","20":"product-type-simple"},"yoast_head":"<!-- This site is optimized with the Yoast SEO plugin v24.1 - https:\/\/yoast.com\/wordpress\/plugins\/seo\/ -->\n<title>Mraven\u010dia farma s g\u00e9lom - dom\u010dek pre mravce - %<\/title>\n<meta name=\"description\" content=\"Origin\u00e1lny dar\u010dek v podobe mrav\u010dej farmy s v\u00fd\u017eivn\u00fdm g\u00e9lom pre mravce. K\u00fapte si akv\u00e1rium, v ktorom m\u00f4\u017eete namiesto r\u00fdb pozorova\u0165 \u017eiv\u00e9 mravce.\" \/>\n<meta name=\"robots\" content=\"index, follow, max-snippet:-1, max-image-preview:large, max-video-preview:-1\" \/>\n<link rel=\"canonical\" href=\"https:\/\/www.vermikompostuj.cz\/sk\/produkt\/mravenisko-mravenisko\/\" \/>\n<meta property=\"og:locale\" content=\"sk_SK\" \/>\n<meta property=\"og:type\" content=\"article\" \/>\n<meta property=\"og:title\" content=\"Mraven\u010dia farma s g\u00e9lom - dom\u010dek pre mravce - %\" \/>\n<meta property=\"og:description\" content=\"Origin\u00e1lny dar\u010dek v podobe mrav\u010dej farmy s v\u00fd\u017eivn\u00fdm g\u00e9lom pre mravce. K\u00fapte si akv\u00e1rium, v ktorom m\u00f4\u017eete namiesto r\u00fdb pozorova\u0165 \u017eiv\u00e9 mravce.\" \/>\n<meta property=\"og:url\" content=\"https:\/\/www.vermikompostuj.cz\/sk\/produkt\/mravenisko-mravenisko\/\" \/>\n<meta property=\"og:site_name\" content=\"Vermikompostuj.cz\" \/>\n<meta property=\"article:publisher\" content=\"https:\/\/www.facebook.com\/prodejkalifornskychzizal\/\" \/>\n<meta property=\"article:modified_time\" content=\"2026-04-10T21:53:33+00:00\" \/>\n<meta property=\"og:image\" content=\"https:\/\/www.vermikompostuj.cz\/wp-content\/uploads\/2022\/05\/anthouse6.jpg\" \/>\n\t<meta property=\"og:image:width\" content=\"372\" \/>\n\t<meta property=\"og:image:height\" content=\"328\" \/>\n\t<meta property=\"og:image:type\" content=\"image\/jpeg\" \/>\n<meta name=\"twitter:card\" content=\"summary_large_image\" \/>\n<meta name=\"twitter:label1\" content=\"Predpokladan\u00fd \u010das \u010d\u00edtania\" \/>\n\t<meta name=\"twitter:data1\" content=\"1 min\u00fata\" \/>\n<script type=\"application\/ld+json\" class=\"yoast-schema-graph\">{\"@context\":\"https:\/\/schema.org\",\"@graph\":[{\"@type\":\"WebPage\",\"@id\":\"https:\/\/www.vermikompostuj.cz\/sk\/produkt\/mravenisko-mravenisko\/\",\"url\":\"https:\/\/www.vermikompostuj.cz\/sk\/produkt\/mravenisko-mravenisko\/\",\"name\":\"Mraven\u010dia farma s g\u00e9lom - dom\u010dek pre mravce - %\",\"isPartOf\":{\"@id\":\"https:\/\/www.vermikompostuj.cz\/sk\/cz\/#website\"},\"primaryImageOfPage\":{\"@id\":\"https:\/\/www.vermikompostuj.cz\/sk\/produkt\/mravenisko-mravenisko\/#primaryimage\"},\"image\":{\"@id\":\"https:\/\/www.vermikompostuj.cz\/sk\/produkt\/mravenisko-mravenisko\/#primaryimage\"},\"thumbnailUrl\":\"https:\/\/www.vermikompostuj.cz\/wp-content\/uploads\/2022\/05\/anthouse6.jpg\",\"datePublished\":\"2022-05-29T17:33:12+00:00\",\"dateModified\":\"2026-04-10T21:53:33+00:00\",\"description\":\"Origin\u00e1lny dar\u010dek v podobe mrav\u010dej farmy s v\u00fd\u017eivn\u00fdm g\u00e9lom pre mravce. K\u00fapte si akv\u00e1rium, v ktorom m\u00f4\u017eete namiesto r\u00fdb pozorova\u0165 \u017eiv\u00e9 mravce.\",\"breadcrumb\":{\"@id\":\"https:\/\/www.vermikompostuj.cz\/sk\/produkt\/mravenisko-mravenisko\/#breadcrumb\"},\"inLanguage\":\"sk-SK\",\"potentialAction\":[{\"@type\":\"ReadAction\",\"target\":[\"https:\/\/www.vermikompostuj.cz\/sk\/produkt\/mravenisko-mravenisko\/\"]}]},{\"@type\":\"ImageObject\",\"inLanguage\":\"sk-SK\",\"@id\":\"https:\/\/www.vermikompostuj.cz\/sk\/produkt\/mravenisko-mravenisko\/#primaryimage\",\"url\":\"https:\/\/www.vermikompostuj.cz\/wp-content\/uploads\/2022\/05\/anthouse6.jpg\",\"contentUrl\":\"https:\/\/www.vermikompostuj.cz\/wp-content\/uploads\/2022\/05\/anthouse6.jpg\",\"width\":372,\"height\":328,\"caption\":\"Mravenisko\"},{\"@type\":\"BreadcrumbList\",\"@id\":\"https:\/\/www.vermikompostuj.cz\/sk\/produkt\/mravenisko-mravenisko\/#breadcrumb\",\"itemListElement\":[{\"@type\":\"ListItem\",\"position\":1,\"name\":\"Dom\u016f\",\"item\":\"https:\/\/www.vermikompostuj.cz\/sk\/shop-2\/\"},{\"@type\":\"ListItem\",\"position\":2,\"name\":\"Shop\",\"item\":\"https:\/\/www.vermikompostuj.cz\/sk\/shop-2\/\"},{\"@type\":\"ListItem\",\"position\":3,\"name\":\"Mravenisko &#8211; mravenisko\"}]},{\"@type\":\"WebSite\",\"@id\":\"https:\/\/www.vermikompostuj.cz\/sk\/cz\/#website\",\"url\":\"https:\/\/www.vermikompostuj.cz\/sk\/cz\/\",\"name\":\"Vermikompostuj.cz-Prodej kalifornsk\u00fdch \u017e\u00ed\u017eal\",\"description\":\"Prodej kalifornsk\u00fdch \u017e\u00ed\u017eal\",\"publisher\":{\"@id\":\"https:\/\/www.vermikompostuj.cz\/sk\/cz\/#organization\"},\"potentialAction\":[{\"@type\":\"SearchAction\",\"target\":{\"@type\":\"EntryPoint\",\"urlTemplate\":\"https:\/\/www.vermikompostuj.cz\/sk\/cz\/?s={search_term_string}\"},\"query-input\":{\"@type\":\"PropertyValueSpecification\",\"valueRequired\":true,\"valueName\":\"search_term_string\"}}],\"inLanguage\":\"sk-SK\"},{\"@type\":\"Organization\",\"@id\":\"https:\/\/www.vermikompostuj.cz\/sk\/cz\/#organization\",\"name\":\"Vermikompostuj.cz\",\"url\":\"https:\/\/www.vermikompostuj.cz\/sk\/cz\/\",\"logo\":{\"@type\":\"ImageObject\",\"inLanguage\":\"sk-SK\",\"@id\":\"https:\/\/www.vermikompostuj.cz\/sk\/cz\/#\/schema\/logo\/image\/\",\"url\":\"https:\/\/www.vermikompostuj.cz\/wp-content\/uploads\/2020\/02\/8593932_001V-1.jpg\",\"contentUrl\":\"https:\/\/www.vermikompostuj.cz\/wp-content\/uploads\/2020\/02\/8593932_001V-1.jpg\",\"width\":840,\"height\":558,\"caption\":\"Vermikompostuj.cz\"},\"image\":{\"@id\":\"https:\/\/www.vermikompostuj.cz\/sk\/cz\/#\/schema\/logo\/image\/\"},\"sameAs\":[\"https:\/\/www.facebook.com\/prodejkalifornskychzizal\/\",\"https:\/\/www.instagram.com\/vermikompostuj.cz\/\",\"https:\/\/cs.wikipedia.org\/wiki\/Vermikompost\"]}]}<\/script>\n<!-- \/ Yoast SEO plugin. -->","yoast_head_json":{"title":"Mraven\u010dia farma s g\u00e9lom - dom\u010dek pre mravce - %","description":"Origin\u00e1lny dar\u010dek v podobe mrav\u010dej farmy s v\u00fd\u017eivn\u00fdm g\u00e9lom pre mravce. K\u00fapte si akv\u00e1rium, v ktorom m\u00f4\u017eete namiesto r\u00fdb pozorova\u0165 \u017eiv\u00e9 mravce.","robots":{"index":"index","follow":"follow","max-snippet":"max-snippet:-1","max-image-preview":"max-image-preview:large","max-video-preview":"max-video-preview:-1"},"canonical":"https:\/\/www.vermikompostuj.cz\/sk\/produkt\/mravenisko-mravenisko\/","og_locale":"sk_SK","og_type":"article","og_title":"Mraven\u010dia farma s g\u00e9lom - dom\u010dek pre mravce - %","og_description":"Origin\u00e1lny dar\u010dek v podobe mrav\u010dej farmy s v\u00fd\u017eivn\u00fdm g\u00e9lom pre mravce. K\u00fapte si akv\u00e1rium, v ktorom m\u00f4\u017eete namiesto r\u00fdb pozorova\u0165 \u017eiv\u00e9 mravce.","og_url":"https:\/\/www.vermikompostuj.cz\/sk\/produkt\/mravenisko-mravenisko\/","og_site_name":"Vermikompostuj.cz","article_publisher":"https:\/\/www.facebook.com\/prodejkalifornskychzizal\/","article_modified_time":"2026-04-10T21:53:33+00:00","og_image":[{"width":372,"height":328,"url":"https:\/\/www.vermikompostuj.cz\/wp-content\/uploads\/2022\/05\/anthouse6.jpg","type":"image\/jpeg"}],"twitter_card":"summary_large_image","twitter_misc":{"Predpokladan\u00fd \u010das \u010d\u00edtania":"1 min\u00fata"},"schema":{"@context":"https:\/\/schema.org","@graph":[{"@type":"WebPage","@id":"https:\/\/www.vermikompostuj.cz\/sk\/produkt\/mravenisko-mravenisko\/","url":"https:\/\/www.vermikompostuj.cz\/sk\/produkt\/mravenisko-mravenisko\/","name":"Mraven\u010dia farma s g\u00e9lom - dom\u010dek pre mravce - %","isPartOf":{"@id":"https:\/\/www.vermikompostuj.cz\/sk\/cz\/#website"},"primaryImageOfPage":{"@id":"https:\/\/www.vermikompostuj.cz\/sk\/produkt\/mravenisko-mravenisko\/#primaryimage"},"image":{"@id":"https:\/\/www.vermikompostuj.cz\/sk\/produkt\/mravenisko-mravenisko\/#primaryimage"},"thumbnailUrl":"https:\/\/www.vermikompostuj.cz\/wp-content\/uploads\/2022\/05\/anthouse6.jpg","datePublished":"2022-05-29T17:33:12+00:00","dateModified":"2026-04-10T21:53:33+00:00","description":"Origin\u00e1lny dar\u010dek v podobe mrav\u010dej farmy s v\u00fd\u017eivn\u00fdm g\u00e9lom pre mravce. K\u00fapte si akv\u00e1rium, v ktorom m\u00f4\u017eete namiesto r\u00fdb pozorova\u0165 \u017eiv\u00e9 mravce.","breadcrumb":{"@id":"https:\/\/www.vermikompostuj.cz\/sk\/produkt\/mravenisko-mravenisko\/#breadcrumb"},"inLanguage":"sk-SK","potentialAction":[{"@type":"ReadAction","target":["https:\/\/www.vermikompostuj.cz\/sk\/produkt\/mravenisko-mravenisko\/"]}]},{"@type":"ImageObject","inLanguage":"sk-SK","@id":"https:\/\/www.vermikompostuj.cz\/sk\/produkt\/mravenisko-mravenisko\/#primaryimage","url":"https:\/\/www.vermikompostuj.cz\/wp-content\/uploads\/2022\/05\/anthouse6.jpg","contentUrl":"https:\/\/www.vermikompostuj.cz\/wp-content\/uploads\/2022\/05\/anthouse6.jpg","width":372,"height":328,"caption":"Mravenisko"},{"@type":"BreadcrumbList","@id":"https:\/\/www.vermikompostuj.cz\/sk\/produkt\/mravenisko-mravenisko\/#breadcrumb","itemListElement":[{"@type":"ListItem","position":1,"name":"Dom\u016f","item":"https:\/\/www.vermikompostuj.cz\/sk\/shop-2\/"},{"@type":"ListItem","position":2,"name":"Shop","item":"https:\/\/www.vermikompostuj.cz\/sk\/shop-2\/"},{"@type":"ListItem","position":3,"name":"Mravenisko &#8211; mravenisko"}]},{"@type":"WebSite","@id":"https:\/\/www.vermikompostuj.cz\/sk\/cz\/#website","url":"https:\/\/www.vermikompostuj.cz\/sk\/cz\/","name":"Vermikompostuj.cz-Prodej kalifornsk\u00fdch \u017e\u00ed\u017eal","description":"Prodej kalifornsk\u00fdch \u017e\u00ed\u017eal","publisher":{"@id":"https:\/\/www.vermikompostuj.cz\/sk\/cz\/#organization"},"potentialAction":[{"@type":"SearchAction","target":{"@type":"EntryPoint","urlTemplate":"https:\/\/www.vermikompostuj.cz\/sk\/cz\/?s={search_term_string}"},"query-input":{"@type":"PropertyValueSpecification","valueRequired":true,"valueName":"search_term_string"}}],"inLanguage":"sk-SK"},{"@type":"Organization","@id":"https:\/\/www.vermikompostuj.cz\/sk\/cz\/#organization","name":"Vermikompostuj.cz","url":"https:\/\/www.vermikompostuj.cz\/sk\/cz\/","logo":{"@type":"ImageObject","inLanguage":"sk-SK","@id":"https:\/\/www.vermikompostuj.cz\/sk\/cz\/#\/schema\/logo\/image\/","url":"https:\/\/www.vermikompostuj.cz\/wp-content\/uploads\/2020\/02\/8593932_001V-1.jpg","contentUrl":"https:\/\/www.vermikompostuj.cz\/wp-content\/uploads\/2020\/02\/8593932_001V-1.jpg","width":840,"height":558,"caption":"Vermikompostuj.cz"},"image":{"@id":"https:\/\/www.vermikompostuj.cz\/sk\/cz\/#\/schema\/logo\/image\/"},"sameAs":["https:\/\/www.facebook.com\/prodejkalifornskychzizal\/","https:\/\/www.instagram.com\/vermikompostuj.cz\/","https:\/\/cs.wikipedia.org\/wiki\/Vermikompost"]}]}},"_links":{"self":[{"href":"https:\/\/www.vermikompostuj.cz\/sk\/wp-json\/wp\/v2\/product\/18194","targetHints":{"allow":["GET"]}}],"collection":[{"href":"https:\/\/www.vermikompostuj.cz\/sk\/wp-json\/wp\/v2\/product"}],"about":[{"href":"https:\/\/www.vermikompostuj.cz\/sk\/wp-json\/wp\/v2\/types\/product"}],"version-history":[{"count":2,"href":"https:\/\/www.vermikompostuj.cz\/sk\/wp-json\/wp\/v2\/product\/18194\/revisions"}],"predecessor-version":[{"id":24883,"href":"https:\/\/www.vermikompostuj.cz\/sk\/wp-json\/wp\/v2\/product\/18194\/revisions\/24883"}],"wp:featuredmedia":[{"embeddable":true,"href":"https:\/\/www.vermikompostuj.cz\/sk\/wp-json\/wp\/v2\/media\/18043"}],"wp:attachment":[{"href":"https:\/\/www.vermikompostuj.cz\/sk\/wp-json\/wp\/v2\/media?parent=18194"}],"wp:term":[{"taxonomy":"product_brand","embeddable":true,"href":"https:\/\/www.vermikompostuj.cz\/sk\/wp-json\/wp\/v2\/product_brand?post=18194"},{"taxonomy":"product_cat","embeddable":true,"href":"https:\/\/www.vermikompostuj.cz\/sk\/wp-json\/wp\/v2\/product_cat?post=18194"},{"taxonomy":"product_tag","embeddable":true,"href":"https:\/\/www.vermikompostuj.cz\/sk\/wp-json\/wp\/v2\/product_tag?post=18194"}],"curies":[{"name":"wp","href":"https:\/\/api.w.org\/{rel}","templated":true}]}}