{"id":18195,"date":"2023-02-02T16:44:08","date_gmt":"2023-02-02T15:44:08","guid":{"rendered":"https:\/\/www.vermikompostuj.cz\/produkt\/drevene-stitky-na-sadenice-20-ks\/"},"modified":"2026-02-11T12:07:48","modified_gmt":"2026-02-11T11:07:48","slug":"drevene-stitky-na-sadenice-20-ks","status":"publish","type":"product","link":"https:\/\/www.vermikompostuj.cz\/sk\/produkt\/drevene-stitky-na-sadenice-20-ks\/","title":{"rendered":"Dreven\u00e9 \u0161t\u00edtky na sadenice (20 ks)"},"content":{"rendered":"","protected":false},"excerpt":{"rendered":"<p><strong>Pr\u00edvesn\u00fd \u0161t\u00edtok na ozna\u010denie rastl\u00edn alebo saden\u00edc.<\/strong>  Je vhodn\u00fd do kvetin\u00e1\u010dov aj na vonkaj\u0161ie z\u00e1hony. Menovka je vyroben\u00e1 z pr\u00edrodn\u00e9ho dreva, je to ekologick\u00fd v\u00fdrobok. Urobte si v rastlin\u00e1ch a sadeniciach raz a nav\u017edy poriadok, jednoducho a r\u00fdchlo nap\u00ed\u0161te n\u00e1zov rastliny na etiketu a u\u017e nikdy si ju nepom\u00fdlite. Zna\u010dka je 10 cm vysok\u00e1 a 6 cm \u0161irok\u00e1. Balenie obsahuje 20 ks menoviek.<\/p>\n","protected":false},"featured_media":18115,"template":"","meta":{"site-sidebar-layout":"no-sidebar","site-content-layout":"plain-container","ast-global-header-display":"","ast-main-header-display":"","ast-hfb-above-header-display":"","ast-hfb-below-header-display":"","ast-hfb-mobile-header-display":"","site-post-title":"disabled","ast-breadcrumbs-content":"","ast-featured-img":"disabled","footer-sml-layout":"","theme-transparent-header-meta":"default","adv-header-id-meta":"","stick-header-meta":"","header-above-stick-meta":"","header-main-stick-meta":"","header-below-stick-meta":""},"product_brand":[],"product_cat":[145,144,151,147,146],"product_tag":[180],"class_list":{"0":"post-18195","1":"product","2":"type-product","3":"status-publish","4":"has-post-thumbnail","6":"product_cat-vsetko-pre-vermikompostovanie","7":"product_cat-zahrada-sk","8":"product_cat-pestovanie-rastlin","9":"product_cat-tipy-na-darceky","10":"product_cat-pre-deti","11":"product_tag-zahrada-sk","12":"desktop-align-center","13":"tablet-align-center","14":"mobile-align-center","16":"first","17":"instock","18":"shipping-taxable","19":"purchasable","20":"product-type-simple"},"yoast_head":"<!-- This site is optimized with the Yoast SEO plugin v24.1 - https:\/\/yoast.com\/wordpress\/plugins\/seo\/ -->\n<title>Dreven\u00e9 menovky pre sadenice (20 ks) - Menovky pre kvety<\/title>\n<meta name=\"description\" content=\"Zna\u010dka na ozna\u010denie rastl\u00edn alebo saden\u00edc. Menovka sa hod\u00ed do kvetin\u00e1\u010dov aj priamo na vonkaj\u0161\u00ed z\u00e1hon.\" \/>\n<meta name=\"robots\" content=\"index, follow, max-snippet:-1, max-image-preview:large, max-video-preview:-1\" \/>\n<link rel=\"canonical\" href=\"https:\/\/www.vermikompostuj.cz\/sk\/produkt\/drevene-stitky-na-sadenice-20-ks\/\" \/>\n<meta property=\"og:locale\" content=\"sk_SK\" \/>\n<meta property=\"og:type\" content=\"article\" \/>\n<meta property=\"og:title\" content=\"Dreven\u00e9 menovky pre sadenice (20 ks) - Menovky pre kvety\" \/>\n<meta property=\"og:description\" content=\"Zna\u010dka na ozna\u010denie rastl\u00edn alebo saden\u00edc. Menovka sa hod\u00ed do kvetin\u00e1\u010dov aj priamo na vonkaj\u0161\u00ed z\u00e1hon.\" \/>\n<meta property=\"og:url\" content=\"https:\/\/www.vermikompostuj.cz\/sk\/produkt\/drevene-stitky-na-sadenice-20-ks\/\" \/>\n<meta property=\"og:site_name\" content=\"Vermikompostuj.cz\" \/>\n<meta property=\"article:publisher\" content=\"https:\/\/www.facebook.com\/prodejkalifornskychzizal\/\" \/>\n<meta property=\"article:modified_time\" content=\"2026-02-11T11:07:48+00:00\" \/>\n<meta property=\"og:image\" content=\"https:\/\/www.vermikompostuj.cz\/wp-content\/uploads\/2023\/02\/Cedulka-ke-kytk\u00e1m-7.jpg\" \/>\n\t<meta property=\"og:image:width\" content=\"1000\" \/>\n\t<meta property=\"og:image:height\" content=\"1000\" \/>\n\t<meta property=\"og:image:type\" content=\"image\/jpeg\" \/>\n<meta name=\"twitter:card\" content=\"summary_large_image\" \/>\n<script type=\"application\/ld+json\" class=\"yoast-schema-graph\">{\"@context\":\"https:\/\/schema.org\",\"@graph\":[{\"@type\":\"WebPage\",\"@id\":\"https:\/\/www.vermikompostuj.cz\/sk\/produkt\/drevene-stitky-na-sadenice-20-ks\/\",\"url\":\"https:\/\/www.vermikompostuj.cz\/sk\/produkt\/drevene-stitky-na-sadenice-20-ks\/\",\"name\":\"Dreven\u00e9 menovky pre sadenice (20 ks) - Menovky pre kvety\",\"isPartOf\":{\"@id\":\"https:\/\/www.vermikompostuj.cz\/sk\/cz\/#website\"},\"primaryImageOfPage\":{\"@id\":\"https:\/\/www.vermikompostuj.cz\/sk\/produkt\/drevene-stitky-na-sadenice-20-ks\/#primaryimage\"},\"image\":{\"@id\":\"https:\/\/www.vermikompostuj.cz\/sk\/produkt\/drevene-stitky-na-sadenice-20-ks\/#primaryimage\"},\"thumbnailUrl\":\"https:\/\/www.vermikompostuj.cz\/wp-content\/uploads\/2023\/02\/Cedulka-ke-kytk\u00e1m-7.jpg\",\"datePublished\":\"2023-02-02T15:44:08+00:00\",\"dateModified\":\"2026-02-11T11:07:48+00:00\",\"description\":\"Zna\u010dka na ozna\u010denie rastl\u00edn alebo saden\u00edc. Menovka sa hod\u00ed do kvetin\u00e1\u010dov aj priamo na vonkaj\u0161\u00ed z\u00e1hon.\",\"breadcrumb\":{\"@id\":\"https:\/\/www.vermikompostuj.cz\/sk\/produkt\/drevene-stitky-na-sadenice-20-ks\/#breadcrumb\"},\"inLanguage\":\"sk-SK\",\"potentialAction\":[{\"@type\":\"ReadAction\",\"target\":[\"https:\/\/www.vermikompostuj.cz\/sk\/produkt\/drevene-stitky-na-sadenice-20-ks\/\"]}]},{\"@type\":\"ImageObject\",\"inLanguage\":\"sk-SK\",\"@id\":\"https:\/\/www.vermikompostuj.cz\/sk\/produkt\/drevene-stitky-na-sadenice-20-ks\/#primaryimage\",\"url\":\"https:\/\/www.vermikompostuj.cz\/wp-content\/uploads\/2023\/02\/Cedulka-ke-kytk\u00e1m-7.jpg\",\"contentUrl\":\"https:\/\/www.vermikompostuj.cz\/wp-content\/uploads\/2023\/02\/Cedulka-ke-kytk\u00e1m-7.jpg\",\"width\":1000,\"height\":1000,\"caption\":\"Menovka pre kvety\"},{\"@type\":\"BreadcrumbList\",\"@id\":\"https:\/\/www.vermikompostuj.cz\/sk\/produkt\/drevene-stitky-na-sadenice-20-ks\/#breadcrumb\",\"itemListElement\":[{\"@type\":\"ListItem\",\"position\":1,\"name\":\"Dom\u016f\",\"item\":\"https:\/\/www.vermikompostuj.cz\/sk\/shop-2\/\"},{\"@type\":\"ListItem\",\"position\":2,\"name\":\"Shop\",\"item\":\"https:\/\/www.vermikompostuj.cz\/sk\/shop-2\/\"},{\"@type\":\"ListItem\",\"position\":3,\"name\":\"Dreven\u00e9 \u0161t\u00edtky na sadenice (20 ks)\"}]},{\"@type\":\"WebSite\",\"@id\":\"https:\/\/www.vermikompostuj.cz\/sk\/cz\/#website\",\"url\":\"https:\/\/www.vermikompostuj.cz\/sk\/cz\/\",\"name\":\"Vermikompostuj.cz-Prodej kalifornsk\u00fdch \u017e\u00ed\u017eal\",\"description\":\"Prodej kalifornsk\u00fdch \u017e\u00ed\u017eal\",\"publisher\":{\"@id\":\"https:\/\/www.vermikompostuj.cz\/sk\/cz\/#organization\"},\"potentialAction\":[{\"@type\":\"SearchAction\",\"target\":{\"@type\":\"EntryPoint\",\"urlTemplate\":\"https:\/\/www.vermikompostuj.cz\/sk\/cz\/?s={search_term_string}\"},\"query-input\":{\"@type\":\"PropertyValueSpecification\",\"valueRequired\":true,\"valueName\":\"search_term_string\"}}],\"inLanguage\":\"sk-SK\"},{\"@type\":\"Organization\",\"@id\":\"https:\/\/www.vermikompostuj.cz\/sk\/cz\/#organization\",\"name\":\"Vermikompostuj.cz\",\"url\":\"https:\/\/www.vermikompostuj.cz\/sk\/cz\/\",\"logo\":{\"@type\":\"ImageObject\",\"inLanguage\":\"sk-SK\",\"@id\":\"https:\/\/www.vermikompostuj.cz\/sk\/cz\/#\/schema\/logo\/image\/\",\"url\":\"https:\/\/www.vermikompostuj.cz\/wp-content\/uploads\/2020\/02\/8593932_001V-1.jpg\",\"contentUrl\":\"https:\/\/www.vermikompostuj.cz\/wp-content\/uploads\/2020\/02\/8593932_001V-1.jpg\",\"width\":840,\"height\":558,\"caption\":\"Vermikompostuj.cz\"},\"image\":{\"@id\":\"https:\/\/www.vermikompostuj.cz\/sk\/cz\/#\/schema\/logo\/image\/\"},\"sameAs\":[\"https:\/\/www.facebook.com\/prodejkalifornskychzizal\/\",\"https:\/\/www.instagram.com\/vermikompostuj.cz\/\",\"https:\/\/cs.wikipedia.org\/wiki\/Vermikompost\"]}]}<\/script>\n<!-- \/ Yoast SEO plugin. -->","yoast_head_json":{"title":"Dreven\u00e9 menovky pre sadenice (20 ks) - Menovky pre kvety","description":"Zna\u010dka na ozna\u010denie rastl\u00edn alebo saden\u00edc. Menovka sa hod\u00ed do kvetin\u00e1\u010dov aj priamo na vonkaj\u0161\u00ed z\u00e1hon.","robots":{"index":"index","follow":"follow","max-snippet":"max-snippet:-1","max-image-preview":"max-image-preview:large","max-video-preview":"max-video-preview:-1"},"canonical":"https:\/\/www.vermikompostuj.cz\/sk\/produkt\/drevene-stitky-na-sadenice-20-ks\/","og_locale":"sk_SK","og_type":"article","og_title":"Dreven\u00e9 menovky pre sadenice (20 ks) - Menovky pre kvety","og_description":"Zna\u010dka na ozna\u010denie rastl\u00edn alebo saden\u00edc. Menovka sa hod\u00ed do kvetin\u00e1\u010dov aj priamo na vonkaj\u0161\u00ed z\u00e1hon.","og_url":"https:\/\/www.vermikompostuj.cz\/sk\/produkt\/drevene-stitky-na-sadenice-20-ks\/","og_site_name":"Vermikompostuj.cz","article_publisher":"https:\/\/www.facebook.com\/prodejkalifornskychzizal\/","article_modified_time":"2026-02-11T11:07:48+00:00","og_image":[{"width":1000,"height":1000,"url":"https:\/\/www.vermikompostuj.cz\/wp-content\/uploads\/2023\/02\/Cedulka-ke-kytk\u00e1m-7.jpg","type":"image\/jpeg"}],"twitter_card":"summary_large_image","schema":{"@context":"https:\/\/schema.org","@graph":[{"@type":"WebPage","@id":"https:\/\/www.vermikompostuj.cz\/sk\/produkt\/drevene-stitky-na-sadenice-20-ks\/","url":"https:\/\/www.vermikompostuj.cz\/sk\/produkt\/drevene-stitky-na-sadenice-20-ks\/","name":"Dreven\u00e9 menovky pre sadenice (20 ks) - Menovky pre kvety","isPartOf":{"@id":"https:\/\/www.vermikompostuj.cz\/sk\/cz\/#website"},"primaryImageOfPage":{"@id":"https:\/\/www.vermikompostuj.cz\/sk\/produkt\/drevene-stitky-na-sadenice-20-ks\/#primaryimage"},"image":{"@id":"https:\/\/www.vermikompostuj.cz\/sk\/produkt\/drevene-stitky-na-sadenice-20-ks\/#primaryimage"},"thumbnailUrl":"https:\/\/www.vermikompostuj.cz\/wp-content\/uploads\/2023\/02\/Cedulka-ke-kytk\u00e1m-7.jpg","datePublished":"2023-02-02T15:44:08+00:00","dateModified":"2026-02-11T11:07:48+00:00","description":"Zna\u010dka na ozna\u010denie rastl\u00edn alebo saden\u00edc. Menovka sa hod\u00ed do kvetin\u00e1\u010dov aj priamo na vonkaj\u0161\u00ed z\u00e1hon.","breadcrumb":{"@id":"https:\/\/www.vermikompostuj.cz\/sk\/produkt\/drevene-stitky-na-sadenice-20-ks\/#breadcrumb"},"inLanguage":"sk-SK","potentialAction":[{"@type":"ReadAction","target":["https:\/\/www.vermikompostuj.cz\/sk\/produkt\/drevene-stitky-na-sadenice-20-ks\/"]}]},{"@type":"ImageObject","inLanguage":"sk-SK","@id":"https:\/\/www.vermikompostuj.cz\/sk\/produkt\/drevene-stitky-na-sadenice-20-ks\/#primaryimage","url":"https:\/\/www.vermikompostuj.cz\/wp-content\/uploads\/2023\/02\/Cedulka-ke-kytk\u00e1m-7.jpg","contentUrl":"https:\/\/www.vermikompostuj.cz\/wp-content\/uploads\/2023\/02\/Cedulka-ke-kytk\u00e1m-7.jpg","width":1000,"height":1000,"caption":"Menovka pre kvety"},{"@type":"BreadcrumbList","@id":"https:\/\/www.vermikompostuj.cz\/sk\/produkt\/drevene-stitky-na-sadenice-20-ks\/#breadcrumb","itemListElement":[{"@type":"ListItem","position":1,"name":"Dom\u016f","item":"https:\/\/www.vermikompostuj.cz\/sk\/shop-2\/"},{"@type":"ListItem","position":2,"name":"Shop","item":"https:\/\/www.vermikompostuj.cz\/sk\/shop-2\/"},{"@type":"ListItem","position":3,"name":"Dreven\u00e9 \u0161t\u00edtky na sadenice (20 ks)"}]},{"@type":"WebSite","@id":"https:\/\/www.vermikompostuj.cz\/sk\/cz\/#website","url":"https:\/\/www.vermikompostuj.cz\/sk\/cz\/","name":"Vermikompostuj.cz-Prodej kalifornsk\u00fdch \u017e\u00ed\u017eal","description":"Prodej kalifornsk\u00fdch \u017e\u00ed\u017eal","publisher":{"@id":"https:\/\/www.vermikompostuj.cz\/sk\/cz\/#organization"},"potentialAction":[{"@type":"SearchAction","target":{"@type":"EntryPoint","urlTemplate":"https:\/\/www.vermikompostuj.cz\/sk\/cz\/?s={search_term_string}"},"query-input":{"@type":"PropertyValueSpecification","valueRequired":true,"valueName":"search_term_string"}}],"inLanguage":"sk-SK"},{"@type":"Organization","@id":"https:\/\/www.vermikompostuj.cz\/sk\/cz\/#organization","name":"Vermikompostuj.cz","url":"https:\/\/www.vermikompostuj.cz\/sk\/cz\/","logo":{"@type":"ImageObject","inLanguage":"sk-SK","@id":"https:\/\/www.vermikompostuj.cz\/sk\/cz\/#\/schema\/logo\/image\/","url":"https:\/\/www.vermikompostuj.cz\/wp-content\/uploads\/2020\/02\/8593932_001V-1.jpg","contentUrl":"https:\/\/www.vermikompostuj.cz\/wp-content\/uploads\/2020\/02\/8593932_001V-1.jpg","width":840,"height":558,"caption":"Vermikompostuj.cz"},"image":{"@id":"https:\/\/www.vermikompostuj.cz\/sk\/cz\/#\/schema\/logo\/image\/"},"sameAs":["https:\/\/www.facebook.com\/prodejkalifornskychzizal\/","https:\/\/www.instagram.com\/vermikompostuj.cz\/","https:\/\/cs.wikipedia.org\/wiki\/Vermikompost"]}]}},"_links":{"self":[{"href":"https:\/\/www.vermikompostuj.cz\/sk\/wp-json\/wp\/v2\/product\/18195","targetHints":{"allow":["GET"]}}],"collection":[{"href":"https:\/\/www.vermikompostuj.cz\/sk\/wp-json\/wp\/v2\/product"}],"about":[{"href":"https:\/\/www.vermikompostuj.cz\/sk\/wp-json\/wp\/v2\/types\/product"}],"version-history":[{"count":1,"href":"https:\/\/www.vermikompostuj.cz\/sk\/wp-json\/wp\/v2\/product\/18195\/revisions"}],"predecessor-version":[{"id":18198,"href":"https:\/\/www.vermikompostuj.cz\/sk\/wp-json\/wp\/v2\/product\/18195\/revisions\/18198"}],"wp:featuredmedia":[{"embeddable":true,"href":"https:\/\/www.vermikompostuj.cz\/sk\/wp-json\/wp\/v2\/media\/18115"}],"wp:attachment":[{"href":"https:\/\/www.vermikompostuj.cz\/sk\/wp-json\/wp\/v2\/media?parent=18195"}],"wp:term":[{"taxonomy":"product_brand","embeddable":true,"href":"https:\/\/www.vermikompostuj.cz\/sk\/wp-json\/wp\/v2\/product_brand?post=18195"},{"taxonomy":"product_cat","embeddable":true,"href":"https:\/\/www.vermikompostuj.cz\/sk\/wp-json\/wp\/v2\/product_cat?post=18195"},{"taxonomy":"product_tag","embeddable":true,"href":"https:\/\/www.vermikompostuj.cz\/sk\/wp-json\/wp\/v2\/product_tag?post=18195"}],"curies":[{"name":"wp","href":"https:\/\/api.w.org\/{rel}","templated":true}]}}