{"id":18229,"date":"2022-01-16T21:20:49","date_gmt":"2022-01-16T20:20:49","guid":{"rendered":"https:\/\/www.vermikompostuj.cz\/produkt\/sada-zahradneho-naradia-4-ks-lopatka-ryl-hrable-kultivator\/"},"modified":"2024-05-10T12:15:56","modified_gmt":"2024-05-10T11:15:56","slug":"sada-zahradneho-naradia-4-ks-lopatka-ryl-hrable-kultivator","status":"publish","type":"product","link":"https:\/\/www.vermikompostuj.cz\/sk\/produkt\/sada-zahradneho-naradia-4-ks-lopatka-ryl-hrable-kultivator\/","title":{"rendered":"Sada z\u00e1hradn\u00e9ho n\u00e1radia (4 ks) &#8211; lopatka, r\u00fd\u013e, hrable, kultiv\u00e1tor"},"content":{"rendered":"\t\t<div data-elementor-type=\"wp-post\" data-elementor-id=\"18229\" class=\"elementor elementor-18229 elementor-15519\">\n\t\t\t\t\t\t<div class=\"elementor-inner\">\n\t\t\t\t<div class=\"elementor-section-wrap\">\n\t\t\t\t\t\t\t\t\t<section class=\"elementor-section elementor-top-section elementor-element elementor-element-3901b048 elementor-section-boxed elementor-section-height-default elementor-section-height-default\" data-id=\"3901b048\" data-element_type=\"section\">\n\t\t\t\t\t\t<div class=\"elementor-container elementor-column-gap-default\">\n\t\t\t\t\t\t\t<div class=\"elementor-row\">\n\t\t\t\t\t<div class=\"elementor-column elementor-col-100 elementor-top-column elementor-element elementor-element-11f508a5\" data-id=\"11f508a5\" data-element_type=\"column\">\n\t\t\t<div class=\"elementor-column-wrap elementor-element-populated\">\n\t\t\t\t\t\t\t<div class=\"elementor-widget-wrap\">\n\t\t\t\t\t\t<div class=\"elementor-element elementor-element-6faa2643 elementor-widget elementor-widget-text-editor\" data-id=\"6faa2643\" data-element_type=\"widget\" data-widget_type=\"text-editor.default\">\n\t\t\t\t<div class=\"elementor-widget-container\">\n\t\t\t\t\t\t\t\t<div class=\"elementor-text-editor elementor-clearfix\">\n\t\t\t\t<p><strong> Sada 4 kusov<\/strong> z\u00e1hradn\u00e9ho<strong> n\u00e1radia &#8211; kypri\u010d, kultiv\u00e1tor, radli\u010dka, kultiv\u00e1tor<\/strong><\/p>\n<p><b>\u0160pecifik\u00e1cia: <\/b>ide\u00e1lna z\u00e1hradn\u00e1 s\u00faprava na dom\u00e1ce vermikompostovanie a pr\u00e1cu v z\u00e1hrade. Sada kovov\u00e9ho r\u00fd\u013ea, kultiv\u00e1tora, kultiv\u00e1tora a lopatky s plastovou ergonomickou rukov\u00e4\u0165ou v\u00e1m u\u013eah\u010d\u00ed ka\u017edodenn\u00fa pr\u00e1cu s dom\u00e1cim vermikompost\u00e9rom.  <\/p>\n<p><strong>Materi\u00e1l:<\/strong> kov, plast (rukov\u00e4\u0165)<\/p>\n<p><strong>Rozmery:<\/strong><\/p>\n<ul>\n<li><strong>r\u00fd\u013e<\/strong> &#8211; \u0161\u00edrka 8 cm, d\u013a\u017eka 24 cm, hmotnos\u0165 100 g<\/li>\n<li><strong>pres\u00e1dzacia lopatka<\/strong> &#8211; \u0161\u00edrka 6 cm, d\u013a\u017eka 24 cm, hmotnos\u0165 80 g<\/li>\n<li><strong>Kultiv\u00e1tor<\/strong> &#8211; \u0161\u00edrka 9 cm, d\u013a\u017eka 24 cm, hmotnos\u0165 90 g<\/li>\n<li><strong>kultiv\u00e1tor<\/strong> &#8211; \u0161\u00edrka 3 cm, d\u013a\u017eka 24 cm, hmotnos\u0165 60 g<\/li>\n<\/ul>\n\t\t\t\t\t<\/div>\n\t\t\t\t\t\t<\/div>\n\t\t\t\t<\/div>\n\t\t\t\t\t\t<\/div>\n\t\t\t\t\t<\/div>\n\t\t<\/div>\n\t\t\t\t\t\t\t\t<\/div>\n\t\t\t\t\t<\/div>\n\t\t<\/section>\n\t\t\t\t\t\t\t\t\t<\/div>\n\t\t\t<\/div>\n\t\t\t\t\t<\/div>\n\t\t","protected":false},"excerpt":{"rendered":"<p>Ru\u010dn\u00e1 kovov\u00e1 z\u00e1hradn\u00edcka s\u00faprava s ergonomickou plastovou rukov\u00e4\u0165ou, ktor\u00e1 sa sklad\u00e1 z radli\u010dky, kultiv\u00e1tora, kultiv\u00e1tora a pres\u00e1dzacej lopatky. Rukov\u00e4te maj\u00fa otvor na zavesenie. Ide\u00e1lne na drobn\u00e9 z\u00e1hradn\u00e9 pr\u00e1ce a u\u013eah\u010denie vermikompostovania.<\/p>\n","protected":false},"featured_media":18089,"template":"","meta":{"site-sidebar-layout":"default","site-content-layout":"default","ast-global-header-display":"","ast-main-header-display":"","ast-hfb-above-header-display":"","ast-hfb-below-header-display":"","ast-hfb-mobile-header-display":"","site-post-title":"","ast-breadcrumbs-content":"","ast-featured-img":"","footer-sml-layout":"","theme-transparent-header-meta":"default","adv-header-id-meta":"","stick-header-meta":"","header-above-stick-meta":"","header-main-stick-meta":"","header-below-stick-meta":""},"product_brand":[],"product_cat":[145,144,151,147],"product_tag":[148,150,159,149,180],"class_list":{"0":"post-18229","1":"product","2":"type-product","3":"status-publish","4":"has-post-thumbnail","6":"product_cat-vsetko-pre-vermikompostovanie","7":"product_cat-zahrada-sk","8":"product_cat-pestovanie-rastlin","9":"product_cat-tipy-na-darceky","10":"product_tag-kalifornske-dazdovky","11":"product_tag-kontajner-na-biologicky-odpad","12":"product_tag-pestovanie-rastlin","13":"product_tag-vermikompostovanie","14":"product_tag-zahrada-sk","15":"desktop-align-center","16":"tablet-align-center","17":"mobile-align-center","19":"first","20":"instock","21":"shipping-taxable","22":"purchasable","23":"product-type-simple"},"yoast_head":"<!-- This site is optimized with the Yoast SEO plugin v24.1 - https:\/\/yoast.com\/wordpress\/plugins\/seo\/ -->\n<title>Sada 4 kusov z\u00e1hradn\u00e9ho n\u00e1radia - lopatka, r\u00fd\u013e, hrable -% %<\/title>\n<meta name=\"description\" content=\"Ru\u010dn\u00fd kovov\u00fd z\u00e1hradn\u00fd n\u00e1stroj s ergonomickou plastovou rukov\u00e4\u0165ou. Sada obsahuje 4 n\u00e1stroje: r\u00fd\u013e, pres\u00e1dzacie lopatky, kultiv\u00e1tor (hrable), kultiv\u00e1tor.\" \/>\n<meta name=\"robots\" content=\"index, follow, max-snippet:-1, max-image-preview:large, max-video-preview:-1\" \/>\n<link rel=\"canonical\" href=\"https:\/\/www.vermikompostuj.cz\/sk\/produkt\/sada-zahradneho-naradia-4-ks-lopatka-ryl-hrable-kultivator\/\" \/>\n<meta property=\"og:locale\" content=\"sk_SK\" \/>\n<meta property=\"og:type\" content=\"article\" \/>\n<meta property=\"og:title\" content=\"Sada 4 kusov z\u00e1hradn\u00e9ho n\u00e1radia - lopatka, r\u00fd\u013e, hrable -% %\" \/>\n<meta property=\"og:description\" content=\"Ru\u010dn\u00fd kovov\u00fd z\u00e1hradn\u00fd n\u00e1stroj s ergonomickou plastovou rukov\u00e4\u0165ou. Sada obsahuje 4 n\u00e1stroje: r\u00fd\u013e, pres\u00e1dzacie lopatky, kultiv\u00e1tor (hrable), kultiv\u00e1tor.\" \/>\n<meta property=\"og:url\" content=\"https:\/\/www.vermikompostuj.cz\/sk\/produkt\/sada-zahradneho-naradia-4-ks-lopatka-ryl-hrable-kultivator\/\" \/>\n<meta property=\"og:site_name\" content=\"Vermikompostuj.cz\" \/>\n<meta property=\"article:publisher\" content=\"https:\/\/www.facebook.com\/prodejkalifornskychzizal\/\" \/>\n<meta property=\"article:modified_time\" content=\"2024-05-10T11:15:56+00:00\" \/>\n<meta property=\"og:image\" content=\"https:\/\/www.vermikompostuj.cz\/wp-content\/uploads\/2022\/01\/sada-zahradniho-naradi-4ks.jpg\" \/>\n\t<meta property=\"og:image:width\" content=\"800\" \/>\n\t<meta property=\"og:image:height\" content=\"800\" \/>\n\t<meta property=\"og:image:type\" content=\"image\/jpeg\" \/>\n<meta name=\"twitter:card\" content=\"summary_large_image\" \/>\n<meta name=\"twitter:label1\" content=\"Predpokladan\u00fd \u010das \u010d\u00edtania\" \/>\n\t<meta name=\"twitter:data1\" content=\"1 min\u00fata\" \/>\n<script type=\"application\/ld+json\" class=\"yoast-schema-graph\">{\"@context\":\"https:\/\/schema.org\",\"@graph\":[{\"@type\":\"WebPage\",\"@id\":\"https:\/\/www.vermikompostuj.cz\/sk\/produkt\/sada-zahradneho-naradia-4-ks-lopatka-ryl-hrable-kultivator\/\",\"url\":\"https:\/\/www.vermikompostuj.cz\/sk\/produkt\/sada-zahradneho-naradia-4-ks-lopatka-ryl-hrable-kultivator\/\",\"name\":\"Sada 4 kusov z\u00e1hradn\u00e9ho n\u00e1radia - lopatka, r\u00fd\u013e, hrable -% %\",\"isPartOf\":{\"@id\":\"https:\/\/www.vermikompostuj.cz\/sk\/cz\/#website\"},\"primaryImageOfPage\":{\"@id\":\"https:\/\/www.vermikompostuj.cz\/sk\/produkt\/sada-zahradneho-naradia-4-ks-lopatka-ryl-hrable-kultivator\/#primaryimage\"},\"image\":{\"@id\":\"https:\/\/www.vermikompostuj.cz\/sk\/produkt\/sada-zahradneho-naradia-4-ks-lopatka-ryl-hrable-kultivator\/#primaryimage\"},\"thumbnailUrl\":\"https:\/\/www.vermikompostuj.cz\/wp-content\/uploads\/2022\/01\/sada-zahradniho-naradi-4ks.jpg\",\"datePublished\":\"2022-01-16T20:20:49+00:00\",\"dateModified\":\"2024-05-10T11:15:56+00:00\",\"description\":\"Ru\u010dn\u00fd kovov\u00fd z\u00e1hradn\u00fd n\u00e1stroj s ergonomickou plastovou rukov\u00e4\u0165ou. Sada obsahuje 4 n\u00e1stroje: r\u00fd\u013e, pres\u00e1dzacie lopatky, kultiv\u00e1tor (hrable), kultiv\u00e1tor.\",\"breadcrumb\":{\"@id\":\"https:\/\/www.vermikompostuj.cz\/sk\/produkt\/sada-zahradneho-naradia-4-ks-lopatka-ryl-hrable-kultivator\/#breadcrumb\"},\"inLanguage\":\"sk-SK\",\"potentialAction\":[{\"@type\":\"ReadAction\",\"target\":[\"https:\/\/www.vermikompostuj.cz\/sk\/produkt\/sada-zahradneho-naradia-4-ks-lopatka-ryl-hrable-kultivator\/\"]}]},{\"@type\":\"ImageObject\",\"inLanguage\":\"sk-SK\",\"@id\":\"https:\/\/www.vermikompostuj.cz\/sk\/produkt\/sada-zahradneho-naradia-4-ks-lopatka-ryl-hrable-kultivator\/#primaryimage\",\"url\":\"https:\/\/www.vermikompostuj.cz\/wp-content\/uploads\/2022\/01\/sada-zahradniho-naradi-4ks.jpg\",\"contentUrl\":\"https:\/\/www.vermikompostuj.cz\/wp-content\/uploads\/2022\/01\/sada-zahradniho-naradi-4ks.jpg\",\"width\":800,\"height\":800,\"caption\":\"Sada z\u00e1hradn\u00e9ho n\u00e1radia\"},{\"@type\":\"BreadcrumbList\",\"@id\":\"https:\/\/www.vermikompostuj.cz\/sk\/produkt\/sada-zahradneho-naradia-4-ks-lopatka-ryl-hrable-kultivator\/#breadcrumb\",\"itemListElement\":[{\"@type\":\"ListItem\",\"position\":1,\"name\":\"Dom\u016f\",\"item\":\"https:\/\/www.vermikompostuj.cz\/sk\/shop-2\/\"},{\"@type\":\"ListItem\",\"position\":2,\"name\":\"Shop\",\"item\":\"https:\/\/www.vermikompostuj.cz\/sk\/shop-2\/\"},{\"@type\":\"ListItem\",\"position\":3,\"name\":\"Sada z\u00e1hradn\u00e9ho n\u00e1radia (4 ks) &#8211; lopatka, r\u00fd\u013e, hrable, kultiv\u00e1tor\"}]},{\"@type\":\"WebSite\",\"@id\":\"https:\/\/www.vermikompostuj.cz\/sk\/cz\/#website\",\"url\":\"https:\/\/www.vermikompostuj.cz\/sk\/cz\/\",\"name\":\"Vermikompostuj.cz-Prodej kalifornsk\u00fdch \u017e\u00ed\u017eal\",\"description\":\"Prodej kalifornsk\u00fdch \u017e\u00ed\u017eal\",\"publisher\":{\"@id\":\"https:\/\/www.vermikompostuj.cz\/sk\/cz\/#organization\"},\"potentialAction\":[{\"@type\":\"SearchAction\",\"target\":{\"@type\":\"EntryPoint\",\"urlTemplate\":\"https:\/\/www.vermikompostuj.cz\/sk\/cz\/?s={search_term_string}\"},\"query-input\":{\"@type\":\"PropertyValueSpecification\",\"valueRequired\":true,\"valueName\":\"search_term_string\"}}],\"inLanguage\":\"sk-SK\"},{\"@type\":\"Organization\",\"@id\":\"https:\/\/www.vermikompostuj.cz\/sk\/cz\/#organization\",\"name\":\"Vermikompostuj.cz\",\"url\":\"https:\/\/www.vermikompostuj.cz\/sk\/cz\/\",\"logo\":{\"@type\":\"ImageObject\",\"inLanguage\":\"sk-SK\",\"@id\":\"https:\/\/www.vermikompostuj.cz\/sk\/cz\/#\/schema\/logo\/image\/\",\"url\":\"https:\/\/www.vermikompostuj.cz\/wp-content\/uploads\/2020\/02\/8593932_001V-1.jpg\",\"contentUrl\":\"https:\/\/www.vermikompostuj.cz\/wp-content\/uploads\/2020\/02\/8593932_001V-1.jpg\",\"width\":840,\"height\":558,\"caption\":\"Vermikompostuj.cz\"},\"image\":{\"@id\":\"https:\/\/www.vermikompostuj.cz\/sk\/cz\/#\/schema\/logo\/image\/\"},\"sameAs\":[\"https:\/\/www.facebook.com\/prodejkalifornskychzizal\/\",\"https:\/\/www.instagram.com\/vermikompostuj.cz\/\",\"https:\/\/cs.wikipedia.org\/wiki\/Vermikompost\"]}]}<\/script>\n<!-- \/ Yoast SEO plugin. -->","yoast_head_json":{"title":"Sada 4 kusov z\u00e1hradn\u00e9ho n\u00e1radia - lopatka, r\u00fd\u013e, hrable -% %","description":"Ru\u010dn\u00fd kovov\u00fd z\u00e1hradn\u00fd n\u00e1stroj s ergonomickou plastovou rukov\u00e4\u0165ou. Sada obsahuje 4 n\u00e1stroje: r\u00fd\u013e, pres\u00e1dzacie lopatky, kultiv\u00e1tor (hrable), kultiv\u00e1tor.","robots":{"index":"index","follow":"follow","max-snippet":"max-snippet:-1","max-image-preview":"max-image-preview:large","max-video-preview":"max-video-preview:-1"},"canonical":"https:\/\/www.vermikompostuj.cz\/sk\/produkt\/sada-zahradneho-naradia-4-ks-lopatka-ryl-hrable-kultivator\/","og_locale":"sk_SK","og_type":"article","og_title":"Sada 4 kusov z\u00e1hradn\u00e9ho n\u00e1radia - lopatka, r\u00fd\u013e, hrable -% %","og_description":"Ru\u010dn\u00fd kovov\u00fd z\u00e1hradn\u00fd n\u00e1stroj s ergonomickou plastovou rukov\u00e4\u0165ou. Sada obsahuje 4 n\u00e1stroje: r\u00fd\u013e, pres\u00e1dzacie lopatky, kultiv\u00e1tor (hrable), kultiv\u00e1tor.","og_url":"https:\/\/www.vermikompostuj.cz\/sk\/produkt\/sada-zahradneho-naradia-4-ks-lopatka-ryl-hrable-kultivator\/","og_site_name":"Vermikompostuj.cz","article_publisher":"https:\/\/www.facebook.com\/prodejkalifornskychzizal\/","article_modified_time":"2024-05-10T11:15:56+00:00","og_image":[{"width":800,"height":800,"url":"https:\/\/www.vermikompostuj.cz\/wp-content\/uploads\/2022\/01\/sada-zahradniho-naradi-4ks.jpg","type":"image\/jpeg"}],"twitter_card":"summary_large_image","twitter_misc":{"Predpokladan\u00fd \u010das \u010d\u00edtania":"1 min\u00fata"},"schema":{"@context":"https:\/\/schema.org","@graph":[{"@type":"WebPage","@id":"https:\/\/www.vermikompostuj.cz\/sk\/produkt\/sada-zahradneho-naradia-4-ks-lopatka-ryl-hrable-kultivator\/","url":"https:\/\/www.vermikompostuj.cz\/sk\/produkt\/sada-zahradneho-naradia-4-ks-lopatka-ryl-hrable-kultivator\/","name":"Sada 4 kusov z\u00e1hradn\u00e9ho n\u00e1radia - lopatka, r\u00fd\u013e, hrable -% %","isPartOf":{"@id":"https:\/\/www.vermikompostuj.cz\/sk\/cz\/#website"},"primaryImageOfPage":{"@id":"https:\/\/www.vermikompostuj.cz\/sk\/produkt\/sada-zahradneho-naradia-4-ks-lopatka-ryl-hrable-kultivator\/#primaryimage"},"image":{"@id":"https:\/\/www.vermikompostuj.cz\/sk\/produkt\/sada-zahradneho-naradia-4-ks-lopatka-ryl-hrable-kultivator\/#primaryimage"},"thumbnailUrl":"https:\/\/www.vermikompostuj.cz\/wp-content\/uploads\/2022\/01\/sada-zahradniho-naradi-4ks.jpg","datePublished":"2022-01-16T20:20:49+00:00","dateModified":"2024-05-10T11:15:56+00:00","description":"Ru\u010dn\u00fd kovov\u00fd z\u00e1hradn\u00fd n\u00e1stroj s ergonomickou plastovou rukov\u00e4\u0165ou. Sada obsahuje 4 n\u00e1stroje: r\u00fd\u013e, pres\u00e1dzacie lopatky, kultiv\u00e1tor (hrable), kultiv\u00e1tor.","breadcrumb":{"@id":"https:\/\/www.vermikompostuj.cz\/sk\/produkt\/sada-zahradneho-naradia-4-ks-lopatka-ryl-hrable-kultivator\/#breadcrumb"},"inLanguage":"sk-SK","potentialAction":[{"@type":"ReadAction","target":["https:\/\/www.vermikompostuj.cz\/sk\/produkt\/sada-zahradneho-naradia-4-ks-lopatka-ryl-hrable-kultivator\/"]}]},{"@type":"ImageObject","inLanguage":"sk-SK","@id":"https:\/\/www.vermikompostuj.cz\/sk\/produkt\/sada-zahradneho-naradia-4-ks-lopatka-ryl-hrable-kultivator\/#primaryimage","url":"https:\/\/www.vermikompostuj.cz\/wp-content\/uploads\/2022\/01\/sada-zahradniho-naradi-4ks.jpg","contentUrl":"https:\/\/www.vermikompostuj.cz\/wp-content\/uploads\/2022\/01\/sada-zahradniho-naradi-4ks.jpg","width":800,"height":800,"caption":"Sada z\u00e1hradn\u00e9ho n\u00e1radia"},{"@type":"BreadcrumbList","@id":"https:\/\/www.vermikompostuj.cz\/sk\/produkt\/sada-zahradneho-naradia-4-ks-lopatka-ryl-hrable-kultivator\/#breadcrumb","itemListElement":[{"@type":"ListItem","position":1,"name":"Dom\u016f","item":"https:\/\/www.vermikompostuj.cz\/sk\/shop-2\/"},{"@type":"ListItem","position":2,"name":"Shop","item":"https:\/\/www.vermikompostuj.cz\/sk\/shop-2\/"},{"@type":"ListItem","position":3,"name":"Sada z\u00e1hradn\u00e9ho n\u00e1radia (4 ks) &#8211; lopatka, r\u00fd\u013e, hrable, kultiv\u00e1tor"}]},{"@type":"WebSite","@id":"https:\/\/www.vermikompostuj.cz\/sk\/cz\/#website","url":"https:\/\/www.vermikompostuj.cz\/sk\/cz\/","name":"Vermikompostuj.cz-Prodej kalifornsk\u00fdch \u017e\u00ed\u017eal","description":"Prodej kalifornsk\u00fdch \u017e\u00ed\u017eal","publisher":{"@id":"https:\/\/www.vermikompostuj.cz\/sk\/cz\/#organization"},"potentialAction":[{"@type":"SearchAction","target":{"@type":"EntryPoint","urlTemplate":"https:\/\/www.vermikompostuj.cz\/sk\/cz\/?s={search_term_string}"},"query-input":{"@type":"PropertyValueSpecification","valueRequired":true,"valueName":"search_term_string"}}],"inLanguage":"sk-SK"},{"@type":"Organization","@id":"https:\/\/www.vermikompostuj.cz\/sk\/cz\/#organization","name":"Vermikompostuj.cz","url":"https:\/\/www.vermikompostuj.cz\/sk\/cz\/","logo":{"@type":"ImageObject","inLanguage":"sk-SK","@id":"https:\/\/www.vermikompostuj.cz\/sk\/cz\/#\/schema\/logo\/image\/","url":"https:\/\/www.vermikompostuj.cz\/wp-content\/uploads\/2020\/02\/8593932_001V-1.jpg","contentUrl":"https:\/\/www.vermikompostuj.cz\/wp-content\/uploads\/2020\/02\/8593932_001V-1.jpg","width":840,"height":558,"caption":"Vermikompostuj.cz"},"image":{"@id":"https:\/\/www.vermikompostuj.cz\/sk\/cz\/#\/schema\/logo\/image\/"},"sameAs":["https:\/\/www.facebook.com\/prodejkalifornskychzizal\/","https:\/\/www.instagram.com\/vermikompostuj.cz\/","https:\/\/cs.wikipedia.org\/wiki\/Vermikompost"]}]}},"_links":{"self":[{"href":"https:\/\/www.vermikompostuj.cz\/sk\/wp-json\/wp\/v2\/product\/18229","targetHints":{"allow":["GET"]}}],"collection":[{"href":"https:\/\/www.vermikompostuj.cz\/sk\/wp-json\/wp\/v2\/product"}],"about":[{"href":"https:\/\/www.vermikompostuj.cz\/sk\/wp-json\/wp\/v2\/types\/product"}],"version-history":[{"count":1,"href":"https:\/\/www.vermikompostuj.cz\/sk\/wp-json\/wp\/v2\/product\/18229\/revisions"}],"predecessor-version":[{"id":18231,"href":"https:\/\/www.vermikompostuj.cz\/sk\/wp-json\/wp\/v2\/product\/18229\/revisions\/18231"}],"wp:featuredmedia":[{"embeddable":true,"href":"https:\/\/www.vermikompostuj.cz\/sk\/wp-json\/wp\/v2\/media\/18089"}],"wp:attachment":[{"href":"https:\/\/www.vermikompostuj.cz\/sk\/wp-json\/wp\/v2\/media?parent=18229"}],"wp:term":[{"taxonomy":"product_brand","embeddable":true,"href":"https:\/\/www.vermikompostuj.cz\/sk\/wp-json\/wp\/v2\/product_brand?post=18229"},{"taxonomy":"product_cat","embeddable":true,"href":"https:\/\/www.vermikompostuj.cz\/sk\/wp-json\/wp\/v2\/product_cat?post=18229"},{"taxonomy":"product_tag","embeddable":true,"href":"https:\/\/www.vermikompostuj.cz\/sk\/wp-json\/wp\/v2\/product_tag?post=18229"}],"curies":[{"name":"wp","href":"https:\/\/api.w.org\/{rel}","templated":true}]}}