{"id":19211,"date":"2023-07-02T23:44:15","date_gmt":"2023-07-02T22:44:15","guid":{"rendered":"https:\/\/www.vermikompostuj.cz\/produkt\/zamilovany-trpaslici-par-dekoracie\/"},"modified":"2024-04-09T15:02:34","modified_gmt":"2024-04-09T14:02:34","slug":"drozdy-zahradne","status":"publish","type":"product","link":"https:\/\/www.vermikompostuj.cz\/sk\/produkt\/drozdy-zahradne\/","title":{"rendered":"Zamilovan\u00fd trpasli\u010d\u00ed p\u00e1r &#8211; dekor\u00e1cie"},"content":{"rendered":"<p>V\u00fdhody:<\/p>\n<ol>\n<li>Materi\u00e1l &#8211; s\u00fa vyroben\u00e9 z kvalitnej \u017eivice, ktor\u00e1 je odoln\u00e1, pekn\u00e1 a ve\u013emi spo\u013eahliv\u00e1.<\/li>\n<li>Spracovanie &#8211; trpasl\u00edci s\u00fa starostlivo vyrez\u00e1van\u00ed a ru\u010dne ma\u013eovan\u00ed s ve\u013ek\u00fdm d\u00f4razom na ka\u017ed\u00fd detail<\/li>\n<li>Jedine\u010dn\u00fd dizajn dvojice &#8211; mal\u00e9 postavi\u010dky \u0161kriatkov vyzeraj\u00fa ako p\u00e1r, ktor\u00fd sa del\u00ed o romantick\u00e9 chv\u00edle na dvojici roztomil\u00fdch muchotr\u00e1vok. Na prednej strane je n\u00e1pis forever &#8222;nav\u017edy&#8220;, ktor\u00fd nazna\u010duje, \u017ee s\u00fa nerozlu\u010dn\u00fd p\u00e1r, ktor\u00fd sa bude milova\u0165 nav\u017edy.<\/li>\n<li>\u0160irok\u00e1 \u0161k\u00e1la pou\u017eitia &#8211; skvel\u00fd ako stolov\u00fd prvok na stole alebo na polici. Z\u00e1hradn\u00ed trpasl\u00edci s\u00fa vhodn\u00ed nielen do interi\u00e9ru, ale aj do exteri\u00e9ru. Mo\u017eno ich umiestni\u0165 do z\u00e1hrady, na tr\u00e1vnik alebo terasu.<\/li>\n<li>Skvel\u00fd dar\u010dek &#8211; je to kr\u00e1sny dar\u010dek pre va\u0161u drah\u00fa polovi\u010dku alebo napr\u00edklad pre novoman\u017eelov, ktor\u00fd ka\u017ed\u00fd ocen\u00ed a bude v\u017edy na o\u010diach.<\/li>\n<\/ol>\n<p>Materi\u00e1l: \u017eivica<\/p>\n<p>Krajina p\u00f4vodu: \u010c\u00edna<\/p>\n<p>Rozmery: 15*12*7 cm<\/p>\n","protected":false},"excerpt":{"rendered":"<p>Kr\u00e1sna so\u0161ka miluj\u00faceho sa p\u00e1ru ru\u010dne ma\u013eovan\u00fdch trpasl\u00edkov z odoln\u00e9ho materi\u00e1lu (\u017eivice) je skvel\u00fdm dar\u010dekom pre va\u0161u drah\u00fa polovi\u010dku, ktor\u00fd znamen\u00e1 ve\u010dn\u00fa l\u00e1sku. Je vhodn\u00fd ako dekor\u00e1cia nielen ako z\u00e1hradn\u00fd trpasl\u00edk, ale aj do bytu alebo na terasu. Roztomil\u00ed \u0161kriatkovia, ktor\u00ed sa delia o romantick\u00e9 chv\u00edle, v\u00e1s o\u010daria pri ka\u017edom poh\u013eade na nich.<\/p>\n","protected":false},"featured_media":19203,"template":"","meta":{"site-sidebar-layout":"default","site-content-layout":"default","ast-global-header-display":"","ast-main-header-display":"","ast-hfb-above-header-display":"","ast-hfb-below-header-display":"","ast-hfb-mobile-header-display":"","site-post-title":"","ast-breadcrumbs-content":"","ast-featured-img":"","footer-sml-layout":"","theme-transparent-header-meta":"default","adv-header-id-meta":"","stick-header-meta":"","header-above-stick-meta":"","header-main-stick-meta":"","header-below-stick-meta":""},"product_brand":[],"product_cat":[151,147,146],"product_tag":[],"class_list":{"0":"post-19211","1":"product","2":"type-product","3":"status-publish","4":"has-post-thumbnail","6":"product_cat-pestovanie-rastlin","7":"product_cat-tipy-na-darceky","8":"product_cat-pre-deti","9":"desktop-align-center","10":"tablet-align-center","11":"mobile-align-center","13":"first","14":"instock","15":"sale","16":"shipping-taxable","17":"purchasable","18":"product-type-simple"},"yoast_head":"<!-- This site is optimized with the Yoast SEO plugin v24.1 - https:\/\/yoast.com\/wordpress\/plugins\/seo\/ -->\n<title>Z\u00e1hradn\u00fd trpasl\u00edk - zamilovan\u00fd - kr\u00e1sna dekor\u00e1cia<\/title>\n<meta name=\"description\" content=\"Z\u00e1hradn\u00fd trpasl\u00edk v dizajne zamilovan\u00e9ho p\u00e1ru je skvel\u00fdm dar\u010dekom pre va\u0161u polovi\u010dku. Je vhodn\u00fd ako dekor\u00e1cia nielen do z\u00e1hrady, ale aj do bytu alebo na terasu.\" \/>\n<meta name=\"robots\" content=\"index, follow, max-snippet:-1, max-image-preview:large, max-video-preview:-1\" \/>\n<link rel=\"canonical\" href=\"https:\/\/www.vermikompostuj.cz\/sk\/produkt\/drozdy-zahradne\/\" \/>\n<meta property=\"og:locale\" content=\"sk_SK\" \/>\n<meta property=\"og:type\" content=\"article\" \/>\n<meta property=\"og:title\" content=\"Z\u00e1hradn\u00fd trpasl\u00edk - zamilovan\u00fd - kr\u00e1sna dekor\u00e1cia\" \/>\n<meta property=\"og:description\" content=\"Z\u00e1hradn\u00fd trpasl\u00edk v dizajne zamilovan\u00e9ho p\u00e1ru je skvel\u00fdm dar\u010dekom pre va\u0161u polovi\u010dku. Je vhodn\u00fd ako dekor\u00e1cia nielen do z\u00e1hrady, ale aj do bytu alebo na terasu.\" \/>\n<meta property=\"og:url\" content=\"https:\/\/www.vermikompostuj.cz\/sk\/produkt\/drozdy-zahradne\/\" \/>\n<meta property=\"og:site_name\" content=\"Vermikompostuj.cz\" \/>\n<meta property=\"article:publisher\" content=\"https:\/\/www.facebook.com\/prodejkalifornskychzizal\/\" \/>\n<meta property=\"article:modified_time\" content=\"2024-04-09T14:02:34+00:00\" \/>\n<meta property=\"og:image\" content=\"https:\/\/www.vermikompostuj.cz\/wp-content\/uploads\/2023\/07\/Zahradni-trpaslici-laska.jpg\" \/>\n\t<meta property=\"og:image:width\" content=\"1001\" \/>\n\t<meta property=\"og:image:height\" content=\"1001\" \/>\n\t<meta property=\"og:image:type\" content=\"image\/jpeg\" \/>\n<meta name=\"twitter:card\" content=\"summary_large_image\" \/>\n<meta name=\"twitter:label1\" content=\"Predpokladan\u00fd \u010das \u010d\u00edtania\" \/>\n\t<meta name=\"twitter:data1\" content=\"1 min\u00fata\" \/>\n<script type=\"application\/ld+json\" class=\"yoast-schema-graph\">{\"@context\":\"https:\/\/schema.org\",\"@graph\":[{\"@type\":\"WebPage\",\"@id\":\"https:\/\/www.vermikompostuj.cz\/sk\/produkt\/drozdy-zahradne\/\",\"url\":\"https:\/\/www.vermikompostuj.cz\/sk\/produkt\/drozdy-zahradne\/\",\"name\":\"Z\u00e1hradn\u00fd trpasl\u00edk - zamilovan\u00fd - kr\u00e1sna dekor\u00e1cia\",\"isPartOf\":{\"@id\":\"https:\/\/www.vermikompostuj.cz\/sk\/cz\/#website\"},\"primaryImageOfPage\":{\"@id\":\"https:\/\/www.vermikompostuj.cz\/sk\/produkt\/drozdy-zahradne\/#primaryimage\"},\"image\":{\"@id\":\"https:\/\/www.vermikompostuj.cz\/sk\/produkt\/drozdy-zahradne\/#primaryimage\"},\"thumbnailUrl\":\"https:\/\/www.vermikompostuj.cz\/wp-content\/uploads\/2023\/07\/Zahradni-trpaslici-laska.jpg\",\"datePublished\":\"2023-07-02T22:44:15+00:00\",\"dateModified\":\"2024-04-09T14:02:34+00:00\",\"description\":\"Z\u00e1hradn\u00fd trpasl\u00edk v dizajne zamilovan\u00e9ho p\u00e1ru je skvel\u00fdm dar\u010dekom pre va\u0161u polovi\u010dku. Je vhodn\u00fd ako dekor\u00e1cia nielen do z\u00e1hrady, ale aj do bytu alebo na terasu.\",\"breadcrumb\":{\"@id\":\"https:\/\/www.vermikompostuj.cz\/sk\/produkt\/drozdy-zahradne\/#breadcrumb\"},\"inLanguage\":\"sk-SK\",\"potentialAction\":[{\"@type\":\"ReadAction\",\"target\":[\"https:\/\/www.vermikompostuj.cz\/sk\/produkt\/drozdy-zahradne\/\"]}]},{\"@type\":\"ImageObject\",\"inLanguage\":\"sk-SK\",\"@id\":\"https:\/\/www.vermikompostuj.cz\/sk\/produkt\/drozdy-zahradne\/#primaryimage\",\"url\":\"https:\/\/www.vermikompostuj.cz\/wp-content\/uploads\/2023\/07\/Zahradni-trpaslici-laska.jpg\",\"contentUrl\":\"https:\/\/www.vermikompostuj.cz\/wp-content\/uploads\/2023\/07\/Zahradni-trpaslici-laska.jpg\",\"width\":1001,\"height\":1001,\"caption\":\"Z\u00e1hradn\u00ed trpasl\u00edci - p\u00e1r\"},{\"@type\":\"BreadcrumbList\",\"@id\":\"https:\/\/www.vermikompostuj.cz\/sk\/produkt\/drozdy-zahradne\/#breadcrumb\",\"itemListElement\":[{\"@type\":\"ListItem\",\"position\":1,\"name\":\"Dom\u016f\",\"item\":\"https:\/\/www.vermikompostuj.cz\/sk\/shop-2\/\"},{\"@type\":\"ListItem\",\"position\":2,\"name\":\"Shop\",\"item\":\"https:\/\/www.vermikompostuj.cz\/sk\/shop-2\/\"},{\"@type\":\"ListItem\",\"position\":3,\"name\":\"Zamilovan\u00fd trpasli\u010d\u00ed p\u00e1r &#8211; dekor\u00e1cie\"}]},{\"@type\":\"WebSite\",\"@id\":\"https:\/\/www.vermikompostuj.cz\/sk\/cz\/#website\",\"url\":\"https:\/\/www.vermikompostuj.cz\/sk\/cz\/\",\"name\":\"Vermikompostuj.cz-Prodej kalifornsk\u00fdch \u017e\u00ed\u017eal\",\"description\":\"Prodej kalifornsk\u00fdch \u017e\u00ed\u017eal\",\"publisher\":{\"@id\":\"https:\/\/www.vermikompostuj.cz\/sk\/cz\/#organization\"},\"potentialAction\":[{\"@type\":\"SearchAction\",\"target\":{\"@type\":\"EntryPoint\",\"urlTemplate\":\"https:\/\/www.vermikompostuj.cz\/sk\/cz\/?s={search_term_string}\"},\"query-input\":{\"@type\":\"PropertyValueSpecification\",\"valueRequired\":true,\"valueName\":\"search_term_string\"}}],\"inLanguage\":\"sk-SK\"},{\"@type\":\"Organization\",\"@id\":\"https:\/\/www.vermikompostuj.cz\/sk\/cz\/#organization\",\"name\":\"Vermikompostuj.cz\",\"url\":\"https:\/\/www.vermikompostuj.cz\/sk\/cz\/\",\"logo\":{\"@type\":\"ImageObject\",\"inLanguage\":\"sk-SK\",\"@id\":\"https:\/\/www.vermikompostuj.cz\/sk\/cz\/#\/schema\/logo\/image\/\",\"url\":\"https:\/\/www.vermikompostuj.cz\/wp-content\/uploads\/2020\/02\/8593932_001V-1.jpg\",\"contentUrl\":\"https:\/\/www.vermikompostuj.cz\/wp-content\/uploads\/2020\/02\/8593932_001V-1.jpg\",\"width\":840,\"height\":558,\"caption\":\"Vermikompostuj.cz\"},\"image\":{\"@id\":\"https:\/\/www.vermikompostuj.cz\/sk\/cz\/#\/schema\/logo\/image\/\"},\"sameAs\":[\"https:\/\/www.facebook.com\/prodejkalifornskychzizal\/\",\"https:\/\/www.instagram.com\/vermikompostuj.cz\/\",\"https:\/\/cs.wikipedia.org\/wiki\/Vermikompost\"]}]}<\/script>\n<!-- \/ Yoast SEO plugin. -->","yoast_head_json":{"title":"Z\u00e1hradn\u00fd trpasl\u00edk - zamilovan\u00fd - kr\u00e1sna dekor\u00e1cia","description":"Z\u00e1hradn\u00fd trpasl\u00edk v dizajne zamilovan\u00e9ho p\u00e1ru je skvel\u00fdm dar\u010dekom pre va\u0161u polovi\u010dku. Je vhodn\u00fd ako dekor\u00e1cia nielen do z\u00e1hrady, ale aj do bytu alebo na terasu.","robots":{"index":"index","follow":"follow","max-snippet":"max-snippet:-1","max-image-preview":"max-image-preview:large","max-video-preview":"max-video-preview:-1"},"canonical":"https:\/\/www.vermikompostuj.cz\/sk\/produkt\/drozdy-zahradne\/","og_locale":"sk_SK","og_type":"article","og_title":"Z\u00e1hradn\u00fd trpasl\u00edk - zamilovan\u00fd - kr\u00e1sna dekor\u00e1cia","og_description":"Z\u00e1hradn\u00fd trpasl\u00edk v dizajne zamilovan\u00e9ho p\u00e1ru je skvel\u00fdm dar\u010dekom pre va\u0161u polovi\u010dku. Je vhodn\u00fd ako dekor\u00e1cia nielen do z\u00e1hrady, ale aj do bytu alebo na terasu.","og_url":"https:\/\/www.vermikompostuj.cz\/sk\/produkt\/drozdy-zahradne\/","og_site_name":"Vermikompostuj.cz","article_publisher":"https:\/\/www.facebook.com\/prodejkalifornskychzizal\/","article_modified_time":"2024-04-09T14:02:34+00:00","og_image":[{"width":1001,"height":1001,"url":"https:\/\/www.vermikompostuj.cz\/wp-content\/uploads\/2023\/07\/Zahradni-trpaslici-laska.jpg","type":"image\/jpeg"}],"twitter_card":"summary_large_image","twitter_misc":{"Predpokladan\u00fd \u010das \u010d\u00edtania":"1 min\u00fata"},"schema":{"@context":"https:\/\/schema.org","@graph":[{"@type":"WebPage","@id":"https:\/\/www.vermikompostuj.cz\/sk\/produkt\/drozdy-zahradne\/","url":"https:\/\/www.vermikompostuj.cz\/sk\/produkt\/drozdy-zahradne\/","name":"Z\u00e1hradn\u00fd trpasl\u00edk - zamilovan\u00fd - kr\u00e1sna dekor\u00e1cia","isPartOf":{"@id":"https:\/\/www.vermikompostuj.cz\/sk\/cz\/#website"},"primaryImageOfPage":{"@id":"https:\/\/www.vermikompostuj.cz\/sk\/produkt\/drozdy-zahradne\/#primaryimage"},"image":{"@id":"https:\/\/www.vermikompostuj.cz\/sk\/produkt\/drozdy-zahradne\/#primaryimage"},"thumbnailUrl":"https:\/\/www.vermikompostuj.cz\/wp-content\/uploads\/2023\/07\/Zahradni-trpaslici-laska.jpg","datePublished":"2023-07-02T22:44:15+00:00","dateModified":"2024-04-09T14:02:34+00:00","description":"Z\u00e1hradn\u00fd trpasl\u00edk v dizajne zamilovan\u00e9ho p\u00e1ru je skvel\u00fdm dar\u010dekom pre va\u0161u polovi\u010dku. Je vhodn\u00fd ako dekor\u00e1cia nielen do z\u00e1hrady, ale aj do bytu alebo na terasu.","breadcrumb":{"@id":"https:\/\/www.vermikompostuj.cz\/sk\/produkt\/drozdy-zahradne\/#breadcrumb"},"inLanguage":"sk-SK","potentialAction":[{"@type":"ReadAction","target":["https:\/\/www.vermikompostuj.cz\/sk\/produkt\/drozdy-zahradne\/"]}]},{"@type":"ImageObject","inLanguage":"sk-SK","@id":"https:\/\/www.vermikompostuj.cz\/sk\/produkt\/drozdy-zahradne\/#primaryimage","url":"https:\/\/www.vermikompostuj.cz\/wp-content\/uploads\/2023\/07\/Zahradni-trpaslici-laska.jpg","contentUrl":"https:\/\/www.vermikompostuj.cz\/wp-content\/uploads\/2023\/07\/Zahradni-trpaslici-laska.jpg","width":1001,"height":1001,"caption":"Z\u00e1hradn\u00ed trpasl\u00edci - p\u00e1r"},{"@type":"BreadcrumbList","@id":"https:\/\/www.vermikompostuj.cz\/sk\/produkt\/drozdy-zahradne\/#breadcrumb","itemListElement":[{"@type":"ListItem","position":1,"name":"Dom\u016f","item":"https:\/\/www.vermikompostuj.cz\/sk\/shop-2\/"},{"@type":"ListItem","position":2,"name":"Shop","item":"https:\/\/www.vermikompostuj.cz\/sk\/shop-2\/"},{"@type":"ListItem","position":3,"name":"Zamilovan\u00fd trpasli\u010d\u00ed p\u00e1r &#8211; dekor\u00e1cie"}]},{"@type":"WebSite","@id":"https:\/\/www.vermikompostuj.cz\/sk\/cz\/#website","url":"https:\/\/www.vermikompostuj.cz\/sk\/cz\/","name":"Vermikompostuj.cz-Prodej kalifornsk\u00fdch \u017e\u00ed\u017eal","description":"Prodej kalifornsk\u00fdch \u017e\u00ed\u017eal","publisher":{"@id":"https:\/\/www.vermikompostuj.cz\/sk\/cz\/#organization"},"potentialAction":[{"@type":"SearchAction","target":{"@type":"EntryPoint","urlTemplate":"https:\/\/www.vermikompostuj.cz\/sk\/cz\/?s={search_term_string}"},"query-input":{"@type":"PropertyValueSpecification","valueRequired":true,"valueName":"search_term_string"}}],"inLanguage":"sk-SK"},{"@type":"Organization","@id":"https:\/\/www.vermikompostuj.cz\/sk\/cz\/#organization","name":"Vermikompostuj.cz","url":"https:\/\/www.vermikompostuj.cz\/sk\/cz\/","logo":{"@type":"ImageObject","inLanguage":"sk-SK","@id":"https:\/\/www.vermikompostuj.cz\/sk\/cz\/#\/schema\/logo\/image\/","url":"https:\/\/www.vermikompostuj.cz\/wp-content\/uploads\/2020\/02\/8593932_001V-1.jpg","contentUrl":"https:\/\/www.vermikompostuj.cz\/wp-content\/uploads\/2020\/02\/8593932_001V-1.jpg","width":840,"height":558,"caption":"Vermikompostuj.cz"},"image":{"@id":"https:\/\/www.vermikompostuj.cz\/sk\/cz\/#\/schema\/logo\/image\/"},"sameAs":["https:\/\/www.facebook.com\/prodejkalifornskychzizal\/","https:\/\/www.instagram.com\/vermikompostuj.cz\/","https:\/\/cs.wikipedia.org\/wiki\/Vermikompost"]}]}},"_links":{"self":[{"href":"https:\/\/www.vermikompostuj.cz\/sk\/wp-json\/wp\/v2\/product\/19211","targetHints":{"allow":["GET"]}}],"collection":[{"href":"https:\/\/www.vermikompostuj.cz\/sk\/wp-json\/wp\/v2\/product"}],"about":[{"href":"https:\/\/www.vermikompostuj.cz\/sk\/wp-json\/wp\/v2\/types\/product"}],"version-history":[{"count":1,"href":"https:\/\/www.vermikompostuj.cz\/sk\/wp-json\/wp\/v2\/product\/19211\/revisions"}],"predecessor-version":[{"id":19212,"href":"https:\/\/www.vermikompostuj.cz\/sk\/wp-json\/wp\/v2\/product\/19211\/revisions\/19212"}],"wp:featuredmedia":[{"embeddable":true,"href":"https:\/\/www.vermikompostuj.cz\/sk\/wp-json\/wp\/v2\/media\/19203"}],"wp:attachment":[{"href":"https:\/\/www.vermikompostuj.cz\/sk\/wp-json\/wp\/v2\/media?parent=19211"}],"wp:term":[{"taxonomy":"product_brand","embeddable":true,"href":"https:\/\/www.vermikompostuj.cz\/sk\/wp-json\/wp\/v2\/product_brand?post=19211"},{"taxonomy":"product_cat","embeddable":true,"href":"https:\/\/www.vermikompostuj.cz\/sk\/wp-json\/wp\/v2\/product_cat?post=19211"},{"taxonomy":"product_tag","embeddable":true,"href":"https:\/\/www.vermikompostuj.cz\/sk\/wp-json\/wp\/v2\/product_tag?post=19211"}],"curies":[{"name":"wp","href":"https:\/\/api.w.org\/{rel}","templated":true}]}}