{"id":19952,"date":"2024-01-11T00:10:28","date_gmt":"2024-01-10T23:10:28","guid":{"rendered":"https:\/\/www.vermikompostuj.cz\/produkt\/zahradne-noznice-zlte\/"},"modified":"2024-06-12T23:37:01","modified_gmt":"2024-06-12T22:37:01","slug":"zahradne-snury","status":"publish","type":"product","link":"https:\/\/www.vermikompostuj.cz\/sk\/produkt\/zahradne-snury\/","title":{"rendered":"Z\u00e1hradn\u00e9 no\u017enice &#8211; \u017elt\u00e9"},"content":{"rendered":"<p data-pm-slice=\"1 1 []\">Objavte \u010daro dokonalej z\u00e1hrady s na\u0161imi z\u00e1hradn\u00fdmi no\u017enicami &#8211; \u017elt\u00fdmi. Tieto n\u00e1padit\u00e9 a funk\u010dn\u00e9 no\u017enice s\u00fa viac ako len jednoduch\u00fd n\u00e1stroj &#8211; s\u00fa k\u013e\u00fa\u010dom k vytvoreniu a udr\u017eiavaniu kr\u00e1snej zelenej plochy, ktor\u00fa v\u00e1m bud\u00fa susedia z\u00e1vidie\u0165. V\u010faka nim je starostlivos\u0165 o rastliny nielen jednoduch\u00e1, ale aj pr\u00edjemn\u00e1.<\/p>\n<p>Na\u0161e z\u00e1hradn\u00e9 no\u017enice s\u00fa navrhnut\u00e9 tak, aby boli nielen estetick\u00e9, ale aj \u010do najfunk\u010dnej\u0161ie a najbezpe\u010dnej\u0161ie. V\u010faka vysokokvalitnej nehrdzavej\u00facej oceli si no\u017enice dlho udr\u017eia ostrie a \u013eahko si poradia aj s mal\u00fdmi kon\u00e1rmi alebo strom\u010dekmi, ktor\u00e9 potrebujete ostriha\u0165. V\u010faka proti\u0161mykovej rukov\u00e4ti sa no\u017enice dr\u017eia pevne a pohodlne v ruke bez oh\u013eadu na po\u010dasie alebo pot a bezpe\u010dnostn\u00fd z\u00e1mok zaru\u010duje, \u017ee no\u017enice s\u00fa v\u017edy bezpe\u010dne zatvoren\u00e9, ke\u010f sa nepou\u017e\u00edvaj\u00fa.<\/p>\n<p>Nechajte sa in\u0161pirova\u0165 \u017eiarivou \u017eltou farbou, ktor\u00e1 dod\u00e1 energiu va\u0161im z\u00e1hradn\u00edckym dobrodru\u017estv\u00e1m a ktor\u00fa \u013eahko n\u00e1jdete aj v najhustej\u0161ej zeleni. \u010ci u\u017e ste v\u00e1\u0161niv\u00fd z\u00e1hradn\u00edk, alebo len h\u013ead\u00e1te praktick\u00fd n\u00e1stroj na pr\u00edle\u017eitostn\u00e9 \u00fapravy, na\u0161e z\u00e1hradn\u00e9 no\u017enice &#8211; \u017elt\u00e9 s\u00fa tou spr\u00e1vnou vo\u013ebou pre ka\u017ed\u00e9ho, kto chce svojej zelenej o\u00e1ze poskytn\u00fa\u0165 t\u00fa najlep\u0161iu mo\u017en\u00fa starostlivos\u0165.<\/p>\n<h4 data-pm-slice=\"1 1 []\">Presved\u010div\u00e9 a presved\u010div\u00e9 v\u00fdhody:<\/h4>\n<p data-pm-slice=\"1 1 []\">1. <strong>Profesion\u00e1lna kvalita<\/strong>: vysokokvalitn\u00e1 nehrdzavej\u00faca oce\u013e zaru\u010duje dlhotrvaj\u00facu ostros\u0165 a \u013eahk\u00e9 rezanie.<\/p>\n<p>2. <strong>Bezpe\u010dnos\u0165 na prvom mieste<\/strong>: Integrovan\u00fd bezpe\u010dnostn\u00fd z\u00e1mok chr\u00e1ni v\u00e1s aj no\u017enice, ke\u010f sa nepou\u017e\u00edvaj\u00fa.<\/p>\n<p>3. <strong>Pohodlie pre va\u0161e ruky<\/strong>.<\/p>\n<p>4. <strong>Univerz\u00e1lne pou\u017eitie<\/strong>: ide\u00e1lne na v\u0161etky drobn\u00e9 \u00fapravy v z\u00e1hrade, v dom\u00e1cnosti alebo na aran\u017eovanie kvetov.<\/p>\n<p>5. <strong>\u0160t\u00fdlov\u00fd dizajn<\/strong>.<\/p>\n<p data-pm-slice=\"1 1 []\"><strong>Upozornenie<\/strong>: uchov\u00e1vajte mimo dosahu det\u00ed<\/p>\n","protected":false},"excerpt":{"rendered":"<p><strong>Dizajnov\u00e9 z\u00e1hradn\u00e9 no\u017enice v \u017eltej far<\/strong> be s\u00fa vyroben\u00e9 z nehrdzavej\u00facej ocele a maj\u00fa proti\u0161mykov\u00fa rukov\u00e4\u0165. Maj\u00fa bezpe\u010dnostn\u00fd z\u00e1mok. Vhodn\u00e9 na mal\u00e9 kon\u00e1re, stromy a in\u00e9 rastliny. Skvel\u00fd pomocn\u00edk pre milovn\u00edkov z\u00e1hrad, ale aj na o\u0161etrovanie izbov\u00fdch rastl\u00edn alebo na pr\u00edle\u017eitostn\u00e9 strihanie kon\u00e1rov do v\u00e1z alebo na dekor\u00e1ciu.<\/p>\n","protected":false},"featured_media":19944,"template":"","meta":{"site-sidebar-layout":"default","site-content-layout":"default","ast-global-header-display":"","ast-main-header-display":"","ast-hfb-above-header-display":"","ast-hfb-below-header-display":"","ast-hfb-mobile-header-display":"","site-post-title":"","ast-breadcrumbs-content":"","ast-featured-img":"","footer-sml-layout":"","theme-transparent-header-meta":"default","adv-header-id-meta":"","stick-header-meta":"","header-above-stick-meta":"","header-main-stick-meta":"","header-below-stick-meta":""},"product_brand":[],"product_cat":[144,151,147],"product_tag":[180],"class_list":{"0":"post-19952","1":"product","2":"type-product","3":"status-publish","4":"has-post-thumbnail","6":"product_cat-zahrada-sk","7":"product_cat-pestovanie-rastlin","8":"product_cat-tipy-na-darceky","9":"product_tag-zahrada-sk","10":"desktop-align-center","11":"tablet-align-center","12":"mobile-align-center","14":"first","15":"instock","16":"sale","17":"shipping-taxable","18":"purchasable","19":"product-type-simple"},"yoast_head":"<!-- This site is optimized with the Yoast SEO plugin v24.1 - https:\/\/yoast.com\/wordpress\/plugins\/seo\/ -->\n<title>Z\u00e1hradn\u00e9 no\u017enice - \u017elt\u00e9 - Vermikompostuj.cz<\/title>\n<meta name=\"description\" content=\"Dizajnov\u00e9 z\u00e1hradn\u00e9 no\u017enice zo \u017eltej nehrdzavej\u00facej ocele s proti\u0161mykovou rukov\u00e4\u0165ou a bezpe\u010dnostn\u00fdm z\u00e1mkom. Vhodn\u00e9 na mal\u00e9 kon\u00e1re, stromy a in\u00e9 rastliny.\" \/>\n<meta name=\"robots\" content=\"index, follow, max-snippet:-1, max-image-preview:large, max-video-preview:-1\" \/>\n<link rel=\"canonical\" href=\"https:\/\/www.vermikompostuj.cz\/sk\/produkt\/zahradne-snury\/\" \/>\n<meta property=\"og:locale\" content=\"sk_SK\" \/>\n<meta property=\"og:type\" content=\"article\" \/>\n<meta property=\"og:title\" content=\"Dizajnov\u00e9 z\u00e1hradn\u00e9 no\u017enice - \u017elt\u00e9\" \/>\n<meta property=\"og:description\" content=\"Dizajnov\u00e9 z\u00e1hradn\u00e9 no\u017enice zo \u017eltej nehrdzavej\u00facej ocele s proti\u0161mykovou rukov\u00e4\u0165ou a bezpe\u010dnostn\u00fdm z\u00e1mkom. Vhodn\u00e9 na mal\u00e9 kon\u00e1re, stromy a in\u00e9 rastliny.\" \/>\n<meta property=\"og:url\" content=\"https:\/\/www.vermikompostuj.cz\/sk\/produkt\/zahradne-snury\/\" \/>\n<meta property=\"og:site_name\" content=\"Vermikompostuj.cz\" \/>\n<meta property=\"article:publisher\" content=\"https:\/\/www.facebook.com\/prodejkalifornskychzizal\/\" \/>\n<meta property=\"article:modified_time\" content=\"2024-06-12T22:37:01+00:00\" \/>\n<meta property=\"og:image\" content=\"https:\/\/www.vermikompostuj.cz\/wp-content\/uploads\/2024\/01\/febdb3afe8709deb6565bc749505c1811-300x300.webp\" \/>\n<meta name=\"twitter:card\" content=\"summary_large_image\" \/>\n<meta name=\"twitter:label1\" content=\"Predpokladan\u00fd \u010das \u010d\u00edtania\" \/>\n\t<meta name=\"twitter:data1\" content=\"2 min\u00faty\" \/>\n<script type=\"application\/ld+json\" class=\"yoast-schema-graph\">{\"@context\":\"https:\/\/schema.org\",\"@graph\":[{\"@type\":\"WebPage\",\"@id\":\"https:\/\/www.vermikompostuj.cz\/sk\/produkt\/zahradne-snury\/\",\"url\":\"https:\/\/www.vermikompostuj.cz\/sk\/produkt\/zahradne-snury\/\",\"name\":\"Z\u00e1hradn\u00e9 no\u017enice - \u017elt\u00e9 - Vermikompostuj.cz\",\"isPartOf\":{\"@id\":\"https:\/\/www.vermikompostuj.cz\/sk\/cz\/#website\"},\"primaryImageOfPage\":{\"@id\":\"https:\/\/www.vermikompostuj.cz\/sk\/produkt\/zahradne-snury\/#primaryimage\"},\"image\":{\"@id\":\"https:\/\/www.vermikompostuj.cz\/sk\/produkt\/zahradne-snury\/#primaryimage\"},\"thumbnailUrl\":\"https:\/\/www.vermikompostuj.cz\/wp-content\/uploads\/2024\/01\/Zahradni-nuzky-zluta.webp\",\"datePublished\":\"2024-01-10T23:10:28+00:00\",\"dateModified\":\"2024-06-12T22:37:01+00:00\",\"description\":\"Dizajnov\u00e9 z\u00e1hradn\u00e9 no\u017enice zo \u017eltej nehrdzavej\u00facej ocele s proti\u0161mykovou rukov\u00e4\u0165ou a bezpe\u010dnostn\u00fdm z\u00e1mkom. Vhodn\u00e9 na mal\u00e9 kon\u00e1re, stromy a in\u00e9 rastliny.\",\"breadcrumb\":{\"@id\":\"https:\/\/www.vermikompostuj.cz\/sk\/produkt\/zahradne-snury\/#breadcrumb\"},\"inLanguage\":\"sk-SK\",\"potentialAction\":[{\"@type\":\"ReadAction\",\"target\":[\"https:\/\/www.vermikompostuj.cz\/sk\/produkt\/zahradne-snury\/\"]}]},{\"@type\":\"ImageObject\",\"inLanguage\":\"sk-SK\",\"@id\":\"https:\/\/www.vermikompostuj.cz\/sk\/produkt\/zahradne-snury\/#primaryimage\",\"url\":\"https:\/\/www.vermikompostuj.cz\/wp-content\/uploads\/2024\/01\/Zahradni-nuzky-zluta.webp\",\"contentUrl\":\"https:\/\/www.vermikompostuj.cz\/wp-content\/uploads\/2024\/01\/Zahradni-nuzky-zluta.webp\",\"width\":800,\"height\":800,\"caption\":\"Z\u00e1hradn\u00e9 no\u017enice v z\u00e1hrade\"},{\"@type\":\"BreadcrumbList\",\"@id\":\"https:\/\/www.vermikompostuj.cz\/sk\/produkt\/zahradne-snury\/#breadcrumb\",\"itemListElement\":[{\"@type\":\"ListItem\",\"position\":1,\"name\":\"Dom\u016f\",\"item\":\"https:\/\/www.vermikompostuj.cz\/sk\/shop-2\/\"},{\"@type\":\"ListItem\",\"position\":2,\"name\":\"Shop\",\"item\":\"https:\/\/www.vermikompostuj.cz\/sk\/shop-2\/\"},{\"@type\":\"ListItem\",\"position\":3,\"name\":\"Z\u00e1hradn\u00e9 no\u017enice &#8211; \u017elt\u00e9\"}]},{\"@type\":\"WebSite\",\"@id\":\"https:\/\/www.vermikompostuj.cz\/sk\/cz\/#website\",\"url\":\"https:\/\/www.vermikompostuj.cz\/sk\/cz\/\",\"name\":\"Vermikompostuj.cz-Prodej kalifornsk\u00fdch \u017e\u00ed\u017eal\",\"description\":\"Prodej kalifornsk\u00fdch \u017e\u00ed\u017eal\",\"publisher\":{\"@id\":\"https:\/\/www.vermikompostuj.cz\/sk\/cz\/#organization\"},\"potentialAction\":[{\"@type\":\"SearchAction\",\"target\":{\"@type\":\"EntryPoint\",\"urlTemplate\":\"https:\/\/www.vermikompostuj.cz\/sk\/cz\/?s={search_term_string}\"},\"query-input\":{\"@type\":\"PropertyValueSpecification\",\"valueRequired\":true,\"valueName\":\"search_term_string\"}}],\"inLanguage\":\"sk-SK\"},{\"@type\":\"Organization\",\"@id\":\"https:\/\/www.vermikompostuj.cz\/sk\/cz\/#organization\",\"name\":\"Vermikompostuj.cz\",\"url\":\"https:\/\/www.vermikompostuj.cz\/sk\/cz\/\",\"logo\":{\"@type\":\"ImageObject\",\"inLanguage\":\"sk-SK\",\"@id\":\"https:\/\/www.vermikompostuj.cz\/sk\/cz\/#\/schema\/logo\/image\/\",\"url\":\"https:\/\/www.vermikompostuj.cz\/wp-content\/uploads\/2020\/02\/8593932_001V-1.jpg\",\"contentUrl\":\"https:\/\/www.vermikompostuj.cz\/wp-content\/uploads\/2020\/02\/8593932_001V-1.jpg\",\"width\":840,\"height\":558,\"caption\":\"Vermikompostuj.cz\"},\"image\":{\"@id\":\"https:\/\/www.vermikompostuj.cz\/sk\/cz\/#\/schema\/logo\/image\/\"},\"sameAs\":[\"https:\/\/www.facebook.com\/prodejkalifornskychzizal\/\",\"https:\/\/www.instagram.com\/vermikompostuj.cz\/\",\"https:\/\/cs.wikipedia.org\/wiki\/Vermikompost\"]}]}<\/script>\n<!-- \/ Yoast SEO plugin. -->","yoast_head_json":{"title":"Z\u00e1hradn\u00e9 no\u017enice - \u017elt\u00e9 - Vermikompostuj.cz","description":"Dizajnov\u00e9 z\u00e1hradn\u00e9 no\u017enice zo \u017eltej nehrdzavej\u00facej ocele s proti\u0161mykovou rukov\u00e4\u0165ou a bezpe\u010dnostn\u00fdm z\u00e1mkom. Vhodn\u00e9 na mal\u00e9 kon\u00e1re, stromy a in\u00e9 rastliny.","robots":{"index":"index","follow":"follow","max-snippet":"max-snippet:-1","max-image-preview":"max-image-preview:large","max-video-preview":"max-video-preview:-1"},"canonical":"https:\/\/www.vermikompostuj.cz\/sk\/produkt\/zahradne-snury\/","og_locale":"sk_SK","og_type":"article","og_title":"Dizajnov\u00e9 z\u00e1hradn\u00e9 no\u017enice - \u017elt\u00e9","og_description":"Dizajnov\u00e9 z\u00e1hradn\u00e9 no\u017enice zo \u017eltej nehrdzavej\u00facej ocele s proti\u0161mykovou rukov\u00e4\u0165ou a bezpe\u010dnostn\u00fdm z\u00e1mkom. Vhodn\u00e9 na mal\u00e9 kon\u00e1re, stromy a in\u00e9 rastliny.","og_url":"https:\/\/www.vermikompostuj.cz\/sk\/produkt\/zahradne-snury\/","og_site_name":"Vermikompostuj.cz","article_publisher":"https:\/\/www.facebook.com\/prodejkalifornskychzizal\/","article_modified_time":"2024-06-12T22:37:01+00:00","og_image":[{"url":"https:\/\/www.vermikompostuj.cz\/wp-content\/uploads\/2024\/01\/febdb3afe8709deb6565bc749505c1811-300x300.webp","type":"","width":"","height":""}],"twitter_card":"summary_large_image","twitter_misc":{"Predpokladan\u00fd \u010das \u010d\u00edtania":"2 min\u00faty"},"schema":{"@context":"https:\/\/schema.org","@graph":[{"@type":"WebPage","@id":"https:\/\/www.vermikompostuj.cz\/sk\/produkt\/zahradne-snury\/","url":"https:\/\/www.vermikompostuj.cz\/sk\/produkt\/zahradne-snury\/","name":"Z\u00e1hradn\u00e9 no\u017enice - \u017elt\u00e9 - Vermikompostuj.cz","isPartOf":{"@id":"https:\/\/www.vermikompostuj.cz\/sk\/cz\/#website"},"primaryImageOfPage":{"@id":"https:\/\/www.vermikompostuj.cz\/sk\/produkt\/zahradne-snury\/#primaryimage"},"image":{"@id":"https:\/\/www.vermikompostuj.cz\/sk\/produkt\/zahradne-snury\/#primaryimage"},"thumbnailUrl":"https:\/\/www.vermikompostuj.cz\/wp-content\/uploads\/2024\/01\/Zahradni-nuzky-zluta.webp","datePublished":"2024-01-10T23:10:28+00:00","dateModified":"2024-06-12T22:37:01+00:00","description":"Dizajnov\u00e9 z\u00e1hradn\u00e9 no\u017enice zo \u017eltej nehrdzavej\u00facej ocele s proti\u0161mykovou rukov\u00e4\u0165ou a bezpe\u010dnostn\u00fdm z\u00e1mkom. Vhodn\u00e9 na mal\u00e9 kon\u00e1re, stromy a in\u00e9 rastliny.","breadcrumb":{"@id":"https:\/\/www.vermikompostuj.cz\/sk\/produkt\/zahradne-snury\/#breadcrumb"},"inLanguage":"sk-SK","potentialAction":[{"@type":"ReadAction","target":["https:\/\/www.vermikompostuj.cz\/sk\/produkt\/zahradne-snury\/"]}]},{"@type":"ImageObject","inLanguage":"sk-SK","@id":"https:\/\/www.vermikompostuj.cz\/sk\/produkt\/zahradne-snury\/#primaryimage","url":"https:\/\/www.vermikompostuj.cz\/wp-content\/uploads\/2024\/01\/Zahradni-nuzky-zluta.webp","contentUrl":"https:\/\/www.vermikompostuj.cz\/wp-content\/uploads\/2024\/01\/Zahradni-nuzky-zluta.webp","width":800,"height":800,"caption":"Z\u00e1hradn\u00e9 no\u017enice v z\u00e1hrade"},{"@type":"BreadcrumbList","@id":"https:\/\/www.vermikompostuj.cz\/sk\/produkt\/zahradne-snury\/#breadcrumb","itemListElement":[{"@type":"ListItem","position":1,"name":"Dom\u016f","item":"https:\/\/www.vermikompostuj.cz\/sk\/shop-2\/"},{"@type":"ListItem","position":2,"name":"Shop","item":"https:\/\/www.vermikompostuj.cz\/sk\/shop-2\/"},{"@type":"ListItem","position":3,"name":"Z\u00e1hradn\u00e9 no\u017enice &#8211; \u017elt\u00e9"}]},{"@type":"WebSite","@id":"https:\/\/www.vermikompostuj.cz\/sk\/cz\/#website","url":"https:\/\/www.vermikompostuj.cz\/sk\/cz\/","name":"Vermikompostuj.cz-Prodej kalifornsk\u00fdch \u017e\u00ed\u017eal","description":"Prodej kalifornsk\u00fdch \u017e\u00ed\u017eal","publisher":{"@id":"https:\/\/www.vermikompostuj.cz\/sk\/cz\/#organization"},"potentialAction":[{"@type":"SearchAction","target":{"@type":"EntryPoint","urlTemplate":"https:\/\/www.vermikompostuj.cz\/sk\/cz\/?s={search_term_string}"},"query-input":{"@type":"PropertyValueSpecification","valueRequired":true,"valueName":"search_term_string"}}],"inLanguage":"sk-SK"},{"@type":"Organization","@id":"https:\/\/www.vermikompostuj.cz\/sk\/cz\/#organization","name":"Vermikompostuj.cz","url":"https:\/\/www.vermikompostuj.cz\/sk\/cz\/","logo":{"@type":"ImageObject","inLanguage":"sk-SK","@id":"https:\/\/www.vermikompostuj.cz\/sk\/cz\/#\/schema\/logo\/image\/","url":"https:\/\/www.vermikompostuj.cz\/wp-content\/uploads\/2020\/02\/8593932_001V-1.jpg","contentUrl":"https:\/\/www.vermikompostuj.cz\/wp-content\/uploads\/2020\/02\/8593932_001V-1.jpg","width":840,"height":558,"caption":"Vermikompostuj.cz"},"image":{"@id":"https:\/\/www.vermikompostuj.cz\/sk\/cz\/#\/schema\/logo\/image\/"},"sameAs":["https:\/\/www.facebook.com\/prodejkalifornskychzizal\/","https:\/\/www.instagram.com\/vermikompostuj.cz\/","https:\/\/cs.wikipedia.org\/wiki\/Vermikompost"]}]}},"_links":{"self":[{"href":"https:\/\/www.vermikompostuj.cz\/sk\/wp-json\/wp\/v2\/product\/19952","targetHints":{"allow":["GET"]}}],"collection":[{"href":"https:\/\/www.vermikompostuj.cz\/sk\/wp-json\/wp\/v2\/product"}],"about":[{"href":"https:\/\/www.vermikompostuj.cz\/sk\/wp-json\/wp\/v2\/types\/product"}],"version-history":[{"count":3,"href":"https:\/\/www.vermikompostuj.cz\/sk\/wp-json\/wp\/v2\/product\/19952\/revisions"}],"predecessor-version":[{"id":21615,"href":"https:\/\/www.vermikompostuj.cz\/sk\/wp-json\/wp\/v2\/product\/19952\/revisions\/21615"}],"wp:featuredmedia":[{"embeddable":true,"href":"https:\/\/www.vermikompostuj.cz\/sk\/wp-json\/wp\/v2\/media\/19944"}],"wp:attachment":[{"href":"https:\/\/www.vermikompostuj.cz\/sk\/wp-json\/wp\/v2\/media?parent=19952"}],"wp:term":[{"taxonomy":"product_brand","embeddable":true,"href":"https:\/\/www.vermikompostuj.cz\/sk\/wp-json\/wp\/v2\/product_brand?post=19952"},{"taxonomy":"product_cat","embeddable":true,"href":"https:\/\/www.vermikompostuj.cz\/sk\/wp-json\/wp\/v2\/product_cat?post=19952"},{"taxonomy":"product_tag","embeddable":true,"href":"https:\/\/www.vermikompostuj.cz\/sk\/wp-json\/wp\/v2\/product_tag?post=19952"}],"curies":[{"name":"wp","href":"https:\/\/api.w.org\/{rel}","templated":true}]}}