{"id":19962,"date":"2024-01-11T00:40:57","date_gmt":"2024-01-10T23:40:57","guid":{"rendered":"https:\/\/www.vermikompostuj.cz\/produkt\/podny-merac-3-v-1-tester-ph-vlhkosti-a-svetla-v-pode\/"},"modified":"2025-11-05T00:43:40","modified_gmt":"2025-11-04T23:43:40","slug":"meric-pudy-3-in-1-senzor-ph-vlhkosti-a-slnecneho-tlaku","status":"publish","type":"product","link":"https:\/\/www.vermikompostuj.cz\/sk\/produkt\/meric-pudy-3-in-1-senzor-ph-vlhkosti-a-slnecneho-tlaku\/","title":{"rendered":"P\u00f4dny mera\u010d 3 v 1 &#8211; tester PH, vlhkosti a svetla v p\u00f4de"},"content":{"rendered":"<h4>P\u00f4dny mera\u010d 3 v 1 &#8211; senzor pH, vlhkosti a slne\u010dn\u00e9ho \u017eiarenia<\/h4>\n<p>Jedno zariadenie, tri funkcie. Ste z\u00e1hradn\u00fd nad\u0161enec a chcete zisti\u0165, \u010do va\u0161e rastliny potrebuj\u00fa, alebo chov\u00e1te doma kalifornsk\u00e9 d\u00e1\u017e\u010fovky a chcete, aby sa im darilo. Potom je pre v\u00e1s tento mera\u010d p\u00f4dy nevyhnutnos\u0165ou. Zariadenie sa m\u00f4\u017ee pou\u017e\u00edva\u0165 vonku alebo v interi\u00e9ri.<\/p>\n<h5><strong>Perfektn\u00e9 podmienky pre va\u0161e rastliny<\/strong><\/h5>\n<p>Pomocou tohto p\u00f4dneho testera 3 v 1 m\u00f4\u017eete zisti\u0165 pH p\u00f4dy, vlhkos\u0165 p\u00f4dy a svetlo, ktor\u00e9 dopad\u00e1 na p\u00f4du v danom mieste. Zistite, \u010di va\u0161e rastliny potrebuj\u00fa vodu, zmeni\u0165 kyslos\u0165 p\u00f4dy alebo \u010di by sa mali premiestni\u0165 na svetlej\u0161ie miesto. Sta\u010d\u00ed vlo\u017ei\u0165 dvojihlov\u00fd detektor mera\u010da pribli\u017ene 2 a\u017e 4 cm hlboko do p\u00f4dy alebo kvetin\u00e1\u010da a r\u00fdchlo a jednoducho zisti\u0165, v ak\u00fdch podmienkach sa rastliny nach\u00e1dzaj\u00fa a \u010do by im prospelo.<\/p>\n<h5><strong>Skvel\u00e9 prostredie na chov kalifornsk\u00fdch d\u00e1\u017e\u010foviek<\/strong><\/h5>\n<p>Ak chcete zabezpe\u010di\u0165 ide\u00e1lne podmienky na chov kalifornsk\u00fdch d\u00e1\u017e\u010foviek, aby sa ur\u00fdchlilo ich rozmno\u017eovanie a spracovanie biologick\u00e9ho odpadu, potom je p\u00f4dny meter to, \u010do h\u013ead\u00e1te. Sta\u010d\u00ed vlo\u017ei\u0165 detek\u010dn\u00e9 ihly 2 a\u017e 4 cm hlboko do p\u00f4dy v jednom z vermikompost\u00e9rov a okam\u017eite uvid\u00edte obsah vlhkosti vo va\u0161om vermikomposte a pH p\u00f4dy. Pravidelnou kontrolou zist\u00edte, kedy je potrebn\u00e9 zvlh\u010di\u0165 objem vermikompost\u00e9ra, kedy pou\u017ei\u0165 such\u0161\u00ed biologick\u00fd odpad alebo zriedi\u0165 objem a \u010di je pH p\u00f4dy optim\u00e1lne alebo ak\u00e9 je pH v\u00e1\u0161ho pr\u00edrodn\u00e9ho substr\u00e1tu.<\/p>\n<h5>Pou\u017eite<\/h5>\n<p>Nie s\u00fa potrebn\u00e9 \u017eiadne \u0161peci\u00e1lne zru\u010dnosti. Tento p\u00f4dny tester rie\u0161i nespo\u010detn\u00e9 mno\u017estvo z\u00e1hradn\u00edckych probl\u00e9mov v jednom zariaden\u00ed. Nie s\u00fa potrebn\u00e9 \u017eiadne \u010fal\u0161ie bat\u00e9rie, sta\u010d\u00ed umiestni\u0165 senzorov\u00fa sondu pribli\u017ene 2 a\u017e 4 cm hlboko do p\u00f4dy a pomocou prep\u00edna\u010da mera\u0165 hodnoty vlhkosti, svetla alebo pH. To je v\u0161etko, \u010do mus\u00edte zo svojej strany urobi\u0165. Z\u00edskanie r\u00fdchleho p\u00f4dneho profilu nebolo nikdy jednoduch\u0161ie.<\/p>\n<p>&nbsp;<\/p>\n","protected":false},"excerpt":{"rendered":"<p>Tento<strong> multifunk\u010dn\u00fd p\u00f4dny senzor<\/strong> sa stane va\u0161\u00edm pomocn\u00edkom pri vytv\u00e1ran\u00ed dokonal\u00fdch p\u00f4dnych podmienok a prostredia pre rastliny a kalifornsk\u00e9 d\u00e1\u017e\u010fovky.  <strong>Jedno zariadenie, tri funkcie. Merajte pH, vlhkos\u0165 a svetlo dopadaj\u00face na p\u00f4du.  <\/strong>Pomocou tohto zariadenia m\u00f4\u017eete \u013eahko zisti\u0165, ak\u00e9 podmienky prin\u00e1\u0161a va\u0161a p\u00f4da, \u010di ju treba zalieva\u0165, presieva\u0165 alebo upravi\u0165 pH. Ak chcete zabezpe\u010di\u0165 skvel\u00e9 podmienky pre d\u00e1\u017e\u010fovky vo vermikompost\u00e9ri, sta\u010d\u00ed do p\u00f4dy v jednom z poschod\u00ed vermikompost\u00e9ra pichn\u00fa\u0165 a \u013eahko zist\u00edte, \u010do je potrebn\u00e9.<\/p>\n<p>&nbsp;<\/p>\n","protected":false},"featured_media":19956,"template":"","meta":{"site-sidebar-layout":"default","site-content-layout":"default","ast-global-header-display":"","ast-main-header-display":"","ast-hfb-above-header-display":"","ast-hfb-below-header-display":"","ast-hfb-mobile-header-display":"","site-post-title":"","ast-breadcrumbs-content":"","ast-featured-img":"","footer-sml-layout":"","theme-transparent-header-meta":"default","adv-header-id-meta":"","stick-header-meta":"","header-above-stick-meta":"","header-main-stick-meta":"","header-below-stick-meta":""},"product_brand":[],"product_cat":[145,169,144,151,147],"product_tag":[],"class_list":{"0":"post-19962","1":"product","2":"type-product","3":"status-publish","4":"has-post-thumbnail","6":"product_cat-vsetko-pre-vermikompostovanie","7":"product_cat-kompostery-sk","8":"product_cat-zahrada-sk","9":"product_cat-pestovanie-rastlin","10":"product_cat-tipy-na-darceky","11":"desktop-align-center","12":"tablet-align-center","13":"mobile-align-center","15":"first","16":"instock","17":"sale","18":"shipping-taxable","19":"purchasable","20":"product-type-simple"},"yoast_head":"<!-- This site is optimized with the Yoast SEO plugin v24.1 - https:\/\/yoast.com\/wordpress\/plugins\/seo\/ -->\n<title>P\u00f4dny mera\u010d 3 v 1 - senzor pH, vlhkosti a slne\u010dn\u00e9ho \u017eiarenia<\/title>\n<meta name=\"description\" content=\"Mera\u010d p\u00f4dy 3 v 1. Mera\u010d pH p\u00f4dy, vlhkosti a slne\u010dn\u00e9ho \u017eiarenia. Multifunk\u010dn\u00fd pomocn\u00edk na dosiahnutie ide\u00e1lnych podmienok pre va\u0161e rastliny a kalifornsk\u00e9 d\u00e1\u017e\u010fovky\" \/>\n<meta name=\"robots\" content=\"index, follow, max-snippet:-1, max-image-preview:large, max-video-preview:-1\" \/>\n<link rel=\"canonical\" href=\"https:\/\/www.vermikompostuj.cz\/sk\/produkt\/meric-pudy-3-in-1-senzor-ph-vlhkosti-a-slnecneho-tlaku\/\" \/>\n<meta property=\"og:locale\" content=\"sk_SK\" \/>\n<meta property=\"og:type\" content=\"article\" \/>\n<meta property=\"og:title\" content=\"P\u00f4dny mera\u010d 3 v 1 - senzor pH, vlhkosti a slne\u010dn\u00e9ho \u017eiarenia\" \/>\n<meta property=\"og:description\" content=\"Mera\u010d p\u00f4dy 3 v 1. Mera\u010d pH p\u00f4dy, vlhkosti a slne\u010dn\u00e9ho \u017eiarenia. Multifunk\u010dn\u00fd pomocn\u00edk na dosiahnutie ide\u00e1lnych podmienok pre va\u0161e rastliny a kalifornsk\u00e9 d\u00e1\u017e\u010fovky\" \/>\n<meta property=\"og:url\" content=\"https:\/\/www.vermikompostuj.cz\/sk\/produkt\/meric-pudy-3-in-1-senzor-ph-vlhkosti-a-slnecneho-tlaku\/\" \/>\n<meta property=\"og:site_name\" content=\"Vermikompostuj.cz\" \/>\n<meta property=\"article:publisher\" content=\"https:\/\/www.facebook.com\/prodejkalifornskychzizal\/\" \/>\n<meta property=\"article:modified_time\" content=\"2025-11-04T23:43:40+00:00\" \/>\n<meta property=\"og:image\" content=\"https:\/\/www.vermikompostuj.cz\/wp-content\/uploads\/2024\/01\/Pudni-senzor-3-v-1-300x300.webp\" \/>\n<meta name=\"twitter:card\" content=\"summary_large_image\" \/>\n<meta name=\"twitter:description\" content=\"Mera\u010d p\u00f4dy 3 v 1. Mera\u010d pH p\u00f4dy, vlhkosti a slne\u010dn\u00e9ho \u017eiarenia. Multifunk\u010dn\u00fd pomocn\u00edk na dosiahnutie ide\u00e1lnych podmienok pre va\u0161e rastliny a kalifornsk\u00e9 d\u00e1\u017e\u010fovky\" \/>\n<meta name=\"twitter:label1\" content=\"Predpokladan\u00fd \u010das \u010d\u00edtania\" \/>\n\t<meta name=\"twitter:data1\" content=\"2 min\u00faty\" \/>\n<script type=\"application\/ld+json\" class=\"yoast-schema-graph\">{\"@context\":\"https:\/\/schema.org\",\"@graph\":[{\"@type\":\"WebPage\",\"@id\":\"https:\/\/www.vermikompostuj.cz\/sk\/produkt\/meric-pudy-3-in-1-senzor-ph-vlhkosti-a-slnecneho-tlaku\/\",\"url\":\"https:\/\/www.vermikompostuj.cz\/sk\/produkt\/meric-pudy-3-in-1-senzor-ph-vlhkosti-a-slnecneho-tlaku\/\",\"name\":\"P\u00f4dny mera\u010d 3 v 1 - senzor pH, vlhkosti a slne\u010dn\u00e9ho \u017eiarenia\",\"isPartOf\":{\"@id\":\"https:\/\/www.vermikompostuj.cz\/sk\/cz\/#website\"},\"primaryImageOfPage\":{\"@id\":\"https:\/\/www.vermikompostuj.cz\/sk\/produkt\/meric-pudy-3-in-1-senzor-ph-vlhkosti-a-slnecneho-tlaku\/#primaryimage\"},\"image\":{\"@id\":\"https:\/\/www.vermikompostuj.cz\/sk\/produkt\/meric-pudy-3-in-1-senzor-ph-vlhkosti-a-slnecneho-tlaku\/#primaryimage\"},\"thumbnailUrl\":\"https:\/\/www.vermikompostuj.cz\/wp-content\/uploads\/2024\/01\/Pudni-senzor-3-v-1.webp\",\"datePublished\":\"2024-01-10T23:40:57+00:00\",\"dateModified\":\"2025-11-04T23:43:40+00:00\",\"description\":\"Mera\u010d p\u00f4dy 3 v 1. Mera\u010d pH p\u00f4dy, vlhkosti a slne\u010dn\u00e9ho \u017eiarenia. Multifunk\u010dn\u00fd pomocn\u00edk na dosiahnutie ide\u00e1lnych podmienok pre va\u0161e rastliny a kalifornsk\u00e9 d\u00e1\u017e\u010fovky\",\"breadcrumb\":{\"@id\":\"https:\/\/www.vermikompostuj.cz\/sk\/produkt\/meric-pudy-3-in-1-senzor-ph-vlhkosti-a-slnecneho-tlaku\/#breadcrumb\"},\"inLanguage\":\"sk-SK\",\"potentialAction\":[{\"@type\":\"ReadAction\",\"target\":[\"https:\/\/www.vermikompostuj.cz\/sk\/produkt\/meric-pudy-3-in-1-senzor-ph-vlhkosti-a-slnecneho-tlaku\/\"]}]},{\"@type\":\"ImageObject\",\"inLanguage\":\"sk-SK\",\"@id\":\"https:\/\/www.vermikompostuj.cz\/sk\/produkt\/meric-pudy-3-in-1-senzor-ph-vlhkosti-a-slnecneho-tlaku\/#primaryimage\",\"url\":\"https:\/\/www.vermikompostuj.cz\/wp-content\/uploads\/2024\/01\/Pudni-senzor-3-v-1.webp\",\"contentUrl\":\"https:\/\/www.vermikompostuj.cz\/wp-content\/uploads\/2024\/01\/Pudni-senzor-3-v-1.webp\",\"width\":800,\"height\":800,\"caption\":\"P\u00f4dny senzor 3 v 1\"},{\"@type\":\"BreadcrumbList\",\"@id\":\"https:\/\/www.vermikompostuj.cz\/sk\/produkt\/meric-pudy-3-in-1-senzor-ph-vlhkosti-a-slnecneho-tlaku\/#breadcrumb\",\"itemListElement\":[{\"@type\":\"ListItem\",\"position\":1,\"name\":\"Dom\u016f\",\"item\":\"https:\/\/www.vermikompostuj.cz\/sk\/shop-2\/\"},{\"@type\":\"ListItem\",\"position\":2,\"name\":\"Shop\",\"item\":\"https:\/\/www.vermikompostuj.cz\/sk\/shop-2\/\"},{\"@type\":\"ListItem\",\"position\":3,\"name\":\"P\u00f4dny mera\u010d 3 v 1 &#8211; tester PH, vlhkosti a svetla v p\u00f4de\"}]},{\"@type\":\"WebSite\",\"@id\":\"https:\/\/www.vermikompostuj.cz\/sk\/cz\/#website\",\"url\":\"https:\/\/www.vermikompostuj.cz\/sk\/cz\/\",\"name\":\"Vermikompostuj.cz-Prodej kalifornsk\u00fdch \u017e\u00ed\u017eal\",\"description\":\"Prodej kalifornsk\u00fdch \u017e\u00ed\u017eal\",\"publisher\":{\"@id\":\"https:\/\/www.vermikompostuj.cz\/sk\/cz\/#organization\"},\"potentialAction\":[{\"@type\":\"SearchAction\",\"target\":{\"@type\":\"EntryPoint\",\"urlTemplate\":\"https:\/\/www.vermikompostuj.cz\/sk\/cz\/?s={search_term_string}\"},\"query-input\":{\"@type\":\"PropertyValueSpecification\",\"valueRequired\":true,\"valueName\":\"search_term_string\"}}],\"inLanguage\":\"sk-SK\"},{\"@type\":\"Organization\",\"@id\":\"https:\/\/www.vermikompostuj.cz\/sk\/cz\/#organization\",\"name\":\"Vermikompostuj.cz\",\"url\":\"https:\/\/www.vermikompostuj.cz\/sk\/cz\/\",\"logo\":{\"@type\":\"ImageObject\",\"inLanguage\":\"sk-SK\",\"@id\":\"https:\/\/www.vermikompostuj.cz\/sk\/cz\/#\/schema\/logo\/image\/\",\"url\":\"https:\/\/www.vermikompostuj.cz\/wp-content\/uploads\/2020\/02\/8593932_001V-1.jpg\",\"contentUrl\":\"https:\/\/www.vermikompostuj.cz\/wp-content\/uploads\/2020\/02\/8593932_001V-1.jpg\",\"width\":840,\"height\":558,\"caption\":\"Vermikompostuj.cz\"},\"image\":{\"@id\":\"https:\/\/www.vermikompostuj.cz\/sk\/cz\/#\/schema\/logo\/image\/\"},\"sameAs\":[\"https:\/\/www.facebook.com\/prodejkalifornskychzizal\/\",\"https:\/\/www.instagram.com\/vermikompostuj.cz\/\",\"https:\/\/cs.wikipedia.org\/wiki\/Vermikompost\"]}]}<\/script>\n<!-- \/ Yoast SEO plugin. -->","yoast_head_json":{"title":"P\u00f4dny mera\u010d 3 v 1 - senzor pH, vlhkosti a slne\u010dn\u00e9ho \u017eiarenia","description":"Mera\u010d p\u00f4dy 3 v 1. Mera\u010d pH p\u00f4dy, vlhkosti a slne\u010dn\u00e9ho \u017eiarenia. Multifunk\u010dn\u00fd pomocn\u00edk na dosiahnutie ide\u00e1lnych podmienok pre va\u0161e rastliny a kalifornsk\u00e9 d\u00e1\u017e\u010fovky","robots":{"index":"index","follow":"follow","max-snippet":"max-snippet:-1","max-image-preview":"max-image-preview:large","max-video-preview":"max-video-preview:-1"},"canonical":"https:\/\/www.vermikompostuj.cz\/sk\/produkt\/meric-pudy-3-in-1-senzor-ph-vlhkosti-a-slnecneho-tlaku\/","og_locale":"sk_SK","og_type":"article","og_title":"P\u00f4dny mera\u010d 3 v 1 - senzor pH, vlhkosti a slne\u010dn\u00e9ho \u017eiarenia","og_description":"Mera\u010d p\u00f4dy 3 v 1. Mera\u010d pH p\u00f4dy, vlhkosti a slne\u010dn\u00e9ho \u017eiarenia. Multifunk\u010dn\u00fd pomocn\u00edk na dosiahnutie ide\u00e1lnych podmienok pre va\u0161e rastliny a kalifornsk\u00e9 d\u00e1\u017e\u010fovky","og_url":"https:\/\/www.vermikompostuj.cz\/sk\/produkt\/meric-pudy-3-in-1-senzor-ph-vlhkosti-a-slnecneho-tlaku\/","og_site_name":"Vermikompostuj.cz","article_publisher":"https:\/\/www.facebook.com\/prodejkalifornskychzizal\/","article_modified_time":"2025-11-04T23:43:40+00:00","og_image":[{"url":"https:\/\/www.vermikompostuj.cz\/wp-content\/uploads\/2024\/01\/Pudni-senzor-3-v-1-300x300.webp","type":"","width":"","height":""}],"twitter_card":"summary_large_image","twitter_description":"Mera\u010d p\u00f4dy 3 v 1. Mera\u010d pH p\u00f4dy, vlhkosti a slne\u010dn\u00e9ho \u017eiarenia. Multifunk\u010dn\u00fd pomocn\u00edk na dosiahnutie ide\u00e1lnych podmienok pre va\u0161e rastliny a kalifornsk\u00e9 d\u00e1\u017e\u010fovky","twitter_misc":{"Predpokladan\u00fd \u010das \u010d\u00edtania":"2 min\u00faty"},"schema":{"@context":"https:\/\/schema.org","@graph":[{"@type":"WebPage","@id":"https:\/\/www.vermikompostuj.cz\/sk\/produkt\/meric-pudy-3-in-1-senzor-ph-vlhkosti-a-slnecneho-tlaku\/","url":"https:\/\/www.vermikompostuj.cz\/sk\/produkt\/meric-pudy-3-in-1-senzor-ph-vlhkosti-a-slnecneho-tlaku\/","name":"P\u00f4dny mera\u010d 3 v 1 - senzor pH, vlhkosti a slne\u010dn\u00e9ho \u017eiarenia","isPartOf":{"@id":"https:\/\/www.vermikompostuj.cz\/sk\/cz\/#website"},"primaryImageOfPage":{"@id":"https:\/\/www.vermikompostuj.cz\/sk\/produkt\/meric-pudy-3-in-1-senzor-ph-vlhkosti-a-slnecneho-tlaku\/#primaryimage"},"image":{"@id":"https:\/\/www.vermikompostuj.cz\/sk\/produkt\/meric-pudy-3-in-1-senzor-ph-vlhkosti-a-slnecneho-tlaku\/#primaryimage"},"thumbnailUrl":"https:\/\/www.vermikompostuj.cz\/wp-content\/uploads\/2024\/01\/Pudni-senzor-3-v-1.webp","datePublished":"2024-01-10T23:40:57+00:00","dateModified":"2025-11-04T23:43:40+00:00","description":"Mera\u010d p\u00f4dy 3 v 1. Mera\u010d pH p\u00f4dy, vlhkosti a slne\u010dn\u00e9ho \u017eiarenia. Multifunk\u010dn\u00fd pomocn\u00edk na dosiahnutie ide\u00e1lnych podmienok pre va\u0161e rastliny a kalifornsk\u00e9 d\u00e1\u017e\u010fovky","breadcrumb":{"@id":"https:\/\/www.vermikompostuj.cz\/sk\/produkt\/meric-pudy-3-in-1-senzor-ph-vlhkosti-a-slnecneho-tlaku\/#breadcrumb"},"inLanguage":"sk-SK","potentialAction":[{"@type":"ReadAction","target":["https:\/\/www.vermikompostuj.cz\/sk\/produkt\/meric-pudy-3-in-1-senzor-ph-vlhkosti-a-slnecneho-tlaku\/"]}]},{"@type":"ImageObject","inLanguage":"sk-SK","@id":"https:\/\/www.vermikompostuj.cz\/sk\/produkt\/meric-pudy-3-in-1-senzor-ph-vlhkosti-a-slnecneho-tlaku\/#primaryimage","url":"https:\/\/www.vermikompostuj.cz\/wp-content\/uploads\/2024\/01\/Pudni-senzor-3-v-1.webp","contentUrl":"https:\/\/www.vermikompostuj.cz\/wp-content\/uploads\/2024\/01\/Pudni-senzor-3-v-1.webp","width":800,"height":800,"caption":"P\u00f4dny senzor 3 v 1"},{"@type":"BreadcrumbList","@id":"https:\/\/www.vermikompostuj.cz\/sk\/produkt\/meric-pudy-3-in-1-senzor-ph-vlhkosti-a-slnecneho-tlaku\/#breadcrumb","itemListElement":[{"@type":"ListItem","position":1,"name":"Dom\u016f","item":"https:\/\/www.vermikompostuj.cz\/sk\/shop-2\/"},{"@type":"ListItem","position":2,"name":"Shop","item":"https:\/\/www.vermikompostuj.cz\/sk\/shop-2\/"},{"@type":"ListItem","position":3,"name":"P\u00f4dny mera\u010d 3 v 1 &#8211; tester PH, vlhkosti a svetla v p\u00f4de"}]},{"@type":"WebSite","@id":"https:\/\/www.vermikompostuj.cz\/sk\/cz\/#website","url":"https:\/\/www.vermikompostuj.cz\/sk\/cz\/","name":"Vermikompostuj.cz-Prodej kalifornsk\u00fdch \u017e\u00ed\u017eal","description":"Prodej kalifornsk\u00fdch \u017e\u00ed\u017eal","publisher":{"@id":"https:\/\/www.vermikompostuj.cz\/sk\/cz\/#organization"},"potentialAction":[{"@type":"SearchAction","target":{"@type":"EntryPoint","urlTemplate":"https:\/\/www.vermikompostuj.cz\/sk\/cz\/?s={search_term_string}"},"query-input":{"@type":"PropertyValueSpecification","valueRequired":true,"valueName":"search_term_string"}}],"inLanguage":"sk-SK"},{"@type":"Organization","@id":"https:\/\/www.vermikompostuj.cz\/sk\/cz\/#organization","name":"Vermikompostuj.cz","url":"https:\/\/www.vermikompostuj.cz\/sk\/cz\/","logo":{"@type":"ImageObject","inLanguage":"sk-SK","@id":"https:\/\/www.vermikompostuj.cz\/sk\/cz\/#\/schema\/logo\/image\/","url":"https:\/\/www.vermikompostuj.cz\/wp-content\/uploads\/2020\/02\/8593932_001V-1.jpg","contentUrl":"https:\/\/www.vermikompostuj.cz\/wp-content\/uploads\/2020\/02\/8593932_001V-1.jpg","width":840,"height":558,"caption":"Vermikompostuj.cz"},"image":{"@id":"https:\/\/www.vermikompostuj.cz\/sk\/cz\/#\/schema\/logo\/image\/"},"sameAs":["https:\/\/www.facebook.com\/prodejkalifornskychzizal\/","https:\/\/www.instagram.com\/vermikompostuj.cz\/","https:\/\/cs.wikipedia.org\/wiki\/Vermikompost"]}]}},"_links":{"self":[{"href":"https:\/\/www.vermikompostuj.cz\/sk\/wp-json\/wp\/v2\/product\/19962","targetHints":{"allow":["GET"]}}],"collection":[{"href":"https:\/\/www.vermikompostuj.cz\/sk\/wp-json\/wp\/v2\/product"}],"about":[{"href":"https:\/\/www.vermikompostuj.cz\/sk\/wp-json\/wp\/v2\/types\/product"}],"version-history":[{"count":3,"href":"https:\/\/www.vermikompostuj.cz\/sk\/wp-json\/wp\/v2\/product\/19962\/revisions"}],"predecessor-version":[{"id":20031,"href":"https:\/\/www.vermikompostuj.cz\/sk\/wp-json\/wp\/v2\/product\/19962\/revisions\/20031"}],"wp:featuredmedia":[{"embeddable":true,"href":"https:\/\/www.vermikompostuj.cz\/sk\/wp-json\/wp\/v2\/media\/19956"}],"wp:attachment":[{"href":"https:\/\/www.vermikompostuj.cz\/sk\/wp-json\/wp\/v2\/media?parent=19962"}],"wp:term":[{"taxonomy":"product_brand","embeddable":true,"href":"https:\/\/www.vermikompostuj.cz\/sk\/wp-json\/wp\/v2\/product_brand?post=19962"},{"taxonomy":"product_cat","embeddable":true,"href":"https:\/\/www.vermikompostuj.cz\/sk\/wp-json\/wp\/v2\/product_cat?post=19962"},{"taxonomy":"product_tag","embeddable":true,"href":"https:\/\/www.vermikompostuj.cz\/sk\/wp-json\/wp\/v2\/product_tag?post=19962"}],"curies":[{"name":"wp","href":"https:\/\/api.w.org\/{rel}","templated":true}]}}