{"id":19976,"date":"2024-01-12T12:08:30","date_gmt":"2024-01-12T11:08:30","guid":{"rendered":"https:\/\/www.vermikompostuj.cz\/produkt\/vak-na-pestovanie-zemiakov-a-inej-zeleniny-43-l\/"},"modified":"2025-11-07T17:04:05","modified_gmt":"2025-11-07T16:04:05","slug":"vrece-na-pestovanie-zemiakov-a-inej-zeleniny-43l","status":"publish","type":"product","link":"https:\/\/www.vermikompostuj.cz\/sk\/produkt\/vrece-na-pestovanie-zemiakov-a-inej-zeleniny-43l\/","title":{"rendered":"Vak na pestovanie zemiakov a inej zeleniny (43 l)"},"content":{"rendered":"<h2>Jedine\u010dn\u00e9 vrecko na pestovanie zeleniny, byliniek alebo jah\u00f4d<\/h2>\n<p>T\u00fa\u017eili ste niekedy po vlastn\u00fdch bio zemiakoch alebo mrkve? Chcete chutn\u00e9 ovocie alebo bylinky v\u0161etk\u00fdch druhov priamo na svojom balk\u00f3ne alebo terase? Nem\u00e1te \u010das obr\u00e1ba\u0165 p\u00f4du alebo neviete, kedy je vhodn\u00fd \u010das na zber zemiakov? Potom s\u00fa tieto ta\u0161ky pre v\u00e1s tie prav\u00e9, preto\u017ee prin\u00e1\u0161aj\u00fa tieto vlastnosti:<\/p>\n<h5><strong>Vlastnosti:<\/strong><\/h5>\n<ul>\n<li>vhodn\u00e9 na zemiaky, mrkvu, zeleninu v\u0161etk\u00fdch druhov, bylinky alebo okrasn\u00e9 kvety<\/li>\n<li>bo\u010dn\u00e9 okienko na zber v\u00e1m umo\u017e\u0148uje sledova\u0165 rast kore\u0148ovej zeleniny, vedie\u0165, kedy je pripraven\u00e1 na zber, a m\u00f4\u017eete ju zbiera\u0165 postupne, aby ste ju udr\u017eali \u010derstv\u00fa vo svojich pokrmoch.<\/li>\n<li>lep\u0161ie vyu\u017e\u00edvanie \u017eiv\u00edn a vody<\/li>\n<li>spodn\u00e9 otvory odv\u00e1dzaj\u00fa prebyto\u010dn\u00fa vlhkos\u0165<\/li>\n<li>s\u00fa prenosn\u00e9<\/li>\n<li>jednoduch\u00e1 manipul\u00e1cia nielen v\u010faka rukov\u00e4tiam<\/li>\n<li>\u013eahk\u00e9 skladovanie, ke\u010f sa nepou\u017e\u00edva<\/li>\n<li>pevn\u00fd a odoln\u00fd vo\u010di zni\u010deniu &#8211; ide\u00e1lny na opakovan\u00e9 pou\u017eitie po\u010das mnoh\u00fdch rokov<\/li>\n<li>\u0161peci\u00e1lne tvarovan\u00e9 pre maxim\u00e1lnu v\u00fd\u0165a\u017enos\u0165<\/li>\n<li>dizajn dizajn<\/li>\n<li>vhodn\u00e9 do interi\u00e9ru aj exteri\u00e9ru, na balk\u00f3ny, terasy, dvory alebo z\u00e1hrady<\/li>\n<li>chr\u00e1ni rastliny pred chladom a nadmern\u00fdm teplom<\/li>\n<li>Odolnos\u0165 vo\u010di UV \u017eiareniu<\/li>\n<\/ul>\n<h5><strong>Pou\u017eitie:<\/strong><\/h5>\n<p>Vrecko napl\u0148te substr\u00e1tom, vlo\u017ete do\u0148 sadenice alebo priamo semen\u00e1 a postupujte pod\u013ea typu rastliny. Umiestnite ju na slne\u010dn\u00e9 miesto a pravidelne ju hnojte, t\u00e1to kombin\u00e1cia zabezpe\u010d\u00ed \u00farodu ako nikdy predt\u00fdm.<\/p>\n<p>Ak pl\u00e1nujete pestova\u0165 zemiaky, najprv dajte do vreca trochu zemiakov\u00e9ho substr\u00e1tu a zemiaky umiestnite ide\u00e1lne na spodok okna. Postupne zalievajte a prid\u00e1vajte substr\u00e1t pod\u013ea toho, ako rastliny rast\u00fa, a hnojte ich najlep\u0161ie \u010dajom z d\u00e1\u017e\u010foviek. Po\u010das rastu m\u00f4\u017eete v bo\u010dnom okienku sledova\u0165, ako kore\u0148ov\u00e9 plodiny rast\u00fa, a zisti\u0165, ak\u00e1 ve\u013ekos\u0165 je pre v\u00e1s ide\u00e1lna na zber. Majte dobr\u00fd vkus.<\/p>\n<h5><strong>Parametre:<\/strong><\/h5>\n<ul>\n<li>Objem: 43 litrov<\/li>\n<li>Priemer: 35 cm<\/li>\n<li>V\u00fd\u0161ka: 45 cm<\/li>\n<li>Materi\u00e1l: PE160 g\/m2<\/li>\n<li>Farba: Tmavo zelen\u00e1<\/li>\n<\/ul>\n","protected":false},"excerpt":{"rendered":"<div class=\"sc-fIoroj YbkeR yst-replacevar\">\n<div class=\"sc-dtMiey sc-fXeWgy sc-gLDkSL zIObH hmFFGo cgqEtB yst-replacevar__editor\">\n<div class=\"DraftEditor-root\">\n<div class=\"DraftEditor-editorContainer\">\n<div id=\"yoast-google-preview-description-metabox\" class=\"notranslate public-DraftEditor-content\" role=\"combobox\" contenteditable=\"true\" spellcheck=\"true\" aria-autocomplete=\"list\" aria-expanded=\"false\" aria-labelledby=\"replacement-variable-editor-field-19\">\n<div data-contents=\"true\">\n<div class=\"\" data-block=\"true\" data-editor=\"fd12i\" data-offset-key=\"7gisa-0-0\">\n<div class=\"public-DraftStyleDefault-block public-DraftStyleDefault-ltr\" data-offset-key=\"7gisa-0-0\"><strong>T\u00fa\u017eili ste niekedy po vlastn\u00fdch bio zemiakoch alebo zelenine?  <\/strong><strong style=\"font-size: 16px;\">Multifunk\u010dn\u00e9 vrece na pohodln\u00e9 a jednoduch\u00e9 pestovanie zemiakov, zeleniny, byliniek alebo okrasn\u00fdch kvetov s objemom 43 litrov.<\/strong><span style=\"font-size: 16px;\">  Je vybaven\u00fd bo\u010dn\u00fdm oknom na zber, ktor\u00e9 umo\u017e\u0148uje pozorova\u0165 rast kore\u0148ovej zeleniny a postupn\u00fd zber. Je ur\u010den\u00fd na pestovanie v akomko\u013evek vonkaj\u0161om alebo vn\u00fatornom priestore. V\u010faka kvalitn\u00e9mu materi\u00e1lu, prvotriednemu dizajnu a zosilnen\u00fdm dren\u00e1\u017enym otvorom zaru\u010duje zdrav\u0161ie pestovanie, vy\u0161\u0161ie v\u00fdnosy a je tie\u017e ve\u013emi odoln\u00fd, tak\u017ee vydr\u017e\u00ed dlh\u00e9 roky. Rukov\u00e4te zvy\u0161uj\u00fa praktickos\u0165 pri manipul\u00e1cii a v\u0161estrannos\u0165.<\/span><\/div>\n<\/div>\n<\/div>\n<\/div>\n<\/div>\n<\/div>\n<\/div>\n<\/div>\n<p>&nbsp;<\/p>\n","protected":false},"featured_media":19972,"template":"","meta":{"site-sidebar-layout":"default","site-content-layout":"default","ast-global-header-display":"","ast-main-header-display":"","ast-hfb-above-header-display":"","ast-hfb-below-header-display":"","ast-hfb-mobile-header-display":"","site-post-title":"","ast-breadcrumbs-content":"","ast-featured-img":"","footer-sml-layout":"","theme-transparent-header-meta":"default","adv-header-id-meta":"","stick-header-meta":"","header-above-stick-meta":"","header-main-stick-meta":"","header-below-stick-meta":""},"product_brand":[],"product_cat":[144,151,147,146],"product_tag":[],"class_list":{"0":"post-19976","1":"product","2":"type-product","3":"status-publish","4":"has-post-thumbnail","6":"product_cat-zahrada-sk","7":"product_cat-pestovanie-rastlin","8":"product_cat-tipy-na-darceky","9":"product_cat-pre-deti","10":"desktop-align-center","11":"tablet-align-center","12":"mobile-align-center","14":"first","15":"instock","16":"sale","17":"shipping-taxable","18":"purchasable","19":"product-type-simple"},"yoast_head":"<!-- This site is optimized with the Yoast SEO plugin v24.1 - https:\/\/yoast.com\/wordpress\/plugins\/seo\/ -->\n<title>Vak na pestovanie zemiakov, inej zeleniny a byliniek (43 l)<\/title>\n<meta name=\"description\" content=\"43-litrov\u00e9 vrece je vhodn\u00e9 na pestovanie zemiakov a inej nekore\u0148ovej zeleniny v\u010faka zbern\u00e9mu okienku, ktor\u00e9 je vhodn\u00e9 na terasy, balk\u00f3ny alebo z\u00e1hrady.\" \/>\n<meta name=\"robots\" content=\"index, follow, max-snippet:-1, max-image-preview:large, max-video-preview:-1\" \/>\n<link rel=\"canonical\" href=\"https:\/\/www.vermikompostuj.cz\/sk\/produkt\/vrece-na-pestovanie-zemiakov-a-inej-zeleniny-43l\/\" \/>\n<meta property=\"og:locale\" content=\"sk_SK\" \/>\n<meta property=\"og:type\" content=\"article\" \/>\n<meta property=\"og:title\" content=\"Vak na pestovanie zemiakov, inej zeleniny a byliniek (43 l)\" \/>\n<meta property=\"og:description\" content=\"43-litrov\u00e9 vrece je vhodn\u00e9 na pestovanie zemiakov a inej nekore\u0148ovej zeleniny v\u010faka zbern\u00e9mu okienku, ktor\u00e9 je vhodn\u00e9 na terasy, balk\u00f3ny alebo z\u00e1hrady.\" \/>\n<meta property=\"og:url\" content=\"https:\/\/www.vermikompostuj.cz\/sk\/produkt\/vrece-na-pestovanie-zemiakov-a-inej-zeleniny-43l\/\" \/>\n<meta property=\"og:site_name\" content=\"Vermikompostuj.cz\" \/>\n<meta property=\"article:publisher\" content=\"https:\/\/www.facebook.com\/prodejkalifornskychzizal\/\" \/>\n<meta property=\"article:modified_time\" content=\"2025-11-07T16:04:05+00:00\" \/>\n<meta property=\"og:image\" content=\"https:\/\/www.vermikompostuj.cz\/wp-content\/uploads\/2024\/01\/Pytel-na-brambory-300x300.webp\" \/>\n<meta name=\"twitter:card\" content=\"summary_large_image\" \/>\n<meta name=\"twitter:title\" content=\"Vak na pestovanie zemiakov, inej zeleniny a byliniek (43 l)\" \/>\n<meta name=\"twitter:description\" content=\"43-litrov\u00e9 vrece je vhodn\u00e9 na pestovanie zemiakov a inej nekore\u0148ovej zeleniny v\u010faka zbern\u00e9mu okienku, ktor\u00e9 je vhodn\u00e9 na terasy, balk\u00f3ny alebo z\u00e1hrady.\" \/>\n<meta name=\"twitter:image\" content=\"https:\/\/www.vermikompostuj.cz\/wp-content\/uploads\/2024\/01\/Pytel-na-brambory.webp\" \/>\n<meta name=\"twitter:label1\" content=\"Predpokladan\u00fd \u010das \u010d\u00edtania\" \/>\n\t<meta name=\"twitter:data1\" content=\"2 min\u00faty\" \/>\n<script type=\"application\/ld+json\" class=\"yoast-schema-graph\">{\"@context\":\"https:\/\/schema.org\",\"@graph\":[{\"@type\":\"WebPage\",\"@id\":\"https:\/\/www.vermikompostuj.cz\/sk\/produkt\/vrece-na-pestovanie-zemiakov-a-inej-zeleniny-43l\/\",\"url\":\"https:\/\/www.vermikompostuj.cz\/sk\/produkt\/vrece-na-pestovanie-zemiakov-a-inej-zeleniny-43l\/\",\"name\":\"Vak na pestovanie zemiakov, inej zeleniny a byliniek (43 l)\",\"isPartOf\":{\"@id\":\"https:\/\/www.vermikompostuj.cz\/sk\/cz\/#website\"},\"primaryImageOfPage\":{\"@id\":\"https:\/\/www.vermikompostuj.cz\/sk\/produkt\/vrece-na-pestovanie-zemiakov-a-inej-zeleniny-43l\/#primaryimage\"},\"image\":{\"@id\":\"https:\/\/www.vermikompostuj.cz\/sk\/produkt\/vrece-na-pestovanie-zemiakov-a-inej-zeleniny-43l\/#primaryimage\"},\"thumbnailUrl\":\"https:\/\/www.vermikompostuj.cz\/wp-content\/uploads\/2024\/01\/Pytel-na-brambory.webp\",\"datePublished\":\"2024-01-12T11:08:30+00:00\",\"dateModified\":\"2025-11-07T16:04:05+00:00\",\"description\":\"43-litrov\u00e9 vrece je vhodn\u00e9 na pestovanie zemiakov a inej nekore\u0148ovej zeleniny v\u010faka zbern\u00e9mu okienku, ktor\u00e9 je vhodn\u00e9 na terasy, balk\u00f3ny alebo z\u00e1hrady.\",\"breadcrumb\":{\"@id\":\"https:\/\/www.vermikompostuj.cz\/sk\/produkt\/vrece-na-pestovanie-zemiakov-a-inej-zeleniny-43l\/#breadcrumb\"},\"inLanguage\":\"sk-SK\",\"potentialAction\":[{\"@type\":\"ReadAction\",\"target\":[\"https:\/\/www.vermikompostuj.cz\/sk\/produkt\/vrece-na-pestovanie-zemiakov-a-inej-zeleniny-43l\/\"]}]},{\"@type\":\"ImageObject\",\"inLanguage\":\"sk-SK\",\"@id\":\"https:\/\/www.vermikompostuj.cz\/sk\/produkt\/vrece-na-pestovanie-zemiakov-a-inej-zeleniny-43l\/#primaryimage\",\"url\":\"https:\/\/www.vermikompostuj.cz\/wp-content\/uploads\/2024\/01\/Pytel-na-brambory.webp\",\"contentUrl\":\"https:\/\/www.vermikompostuj.cz\/wp-content\/uploads\/2024\/01\/Pytel-na-brambory.webp\",\"width\":800,\"height\":800,\"caption\":\"Vrecko na pestovanie zemiakov\"},{\"@type\":\"BreadcrumbList\",\"@id\":\"https:\/\/www.vermikompostuj.cz\/sk\/produkt\/vrece-na-pestovanie-zemiakov-a-inej-zeleniny-43l\/#breadcrumb\",\"itemListElement\":[{\"@type\":\"ListItem\",\"position\":1,\"name\":\"Dom\u016f\",\"item\":\"https:\/\/www.vermikompostuj.cz\/sk\/shop-2\/\"},{\"@type\":\"ListItem\",\"position\":2,\"name\":\"Shop\",\"item\":\"https:\/\/www.vermikompostuj.cz\/sk\/shop-2\/\"},{\"@type\":\"ListItem\",\"position\":3,\"name\":\"Vak na pestovanie zemiakov a inej zeleniny (43 l)\"}]},{\"@type\":\"WebSite\",\"@id\":\"https:\/\/www.vermikompostuj.cz\/sk\/cz\/#website\",\"url\":\"https:\/\/www.vermikompostuj.cz\/sk\/cz\/\",\"name\":\"Vermikompostuj.cz-Prodej kalifornsk\u00fdch \u017e\u00ed\u017eal\",\"description\":\"Prodej kalifornsk\u00fdch \u017e\u00ed\u017eal\",\"publisher\":{\"@id\":\"https:\/\/www.vermikompostuj.cz\/sk\/cz\/#organization\"},\"potentialAction\":[{\"@type\":\"SearchAction\",\"target\":{\"@type\":\"EntryPoint\",\"urlTemplate\":\"https:\/\/www.vermikompostuj.cz\/sk\/cz\/?s={search_term_string}\"},\"query-input\":{\"@type\":\"PropertyValueSpecification\",\"valueRequired\":true,\"valueName\":\"search_term_string\"}}],\"inLanguage\":\"sk-SK\"},{\"@type\":\"Organization\",\"@id\":\"https:\/\/www.vermikompostuj.cz\/sk\/cz\/#organization\",\"name\":\"Vermikompostuj.cz\",\"url\":\"https:\/\/www.vermikompostuj.cz\/sk\/cz\/\",\"logo\":{\"@type\":\"ImageObject\",\"inLanguage\":\"sk-SK\",\"@id\":\"https:\/\/www.vermikompostuj.cz\/sk\/cz\/#\/schema\/logo\/image\/\",\"url\":\"https:\/\/www.vermikompostuj.cz\/wp-content\/uploads\/2020\/02\/8593932_001V-1.jpg\",\"contentUrl\":\"https:\/\/www.vermikompostuj.cz\/wp-content\/uploads\/2020\/02\/8593932_001V-1.jpg\",\"width\":840,\"height\":558,\"caption\":\"Vermikompostuj.cz\"},\"image\":{\"@id\":\"https:\/\/www.vermikompostuj.cz\/sk\/cz\/#\/schema\/logo\/image\/\"},\"sameAs\":[\"https:\/\/www.facebook.com\/prodejkalifornskychzizal\/\",\"https:\/\/www.instagram.com\/vermikompostuj.cz\/\",\"https:\/\/cs.wikipedia.org\/wiki\/Vermikompost\"]}]}<\/script>\n<!-- \/ Yoast SEO plugin. -->","yoast_head_json":{"title":"Vak na pestovanie zemiakov, inej zeleniny a byliniek (43 l)","description":"43-litrov\u00e9 vrece je vhodn\u00e9 na pestovanie zemiakov a inej nekore\u0148ovej zeleniny v\u010faka zbern\u00e9mu okienku, ktor\u00e9 je vhodn\u00e9 na terasy, balk\u00f3ny alebo z\u00e1hrady.","robots":{"index":"index","follow":"follow","max-snippet":"max-snippet:-1","max-image-preview":"max-image-preview:large","max-video-preview":"max-video-preview:-1"},"canonical":"https:\/\/www.vermikompostuj.cz\/sk\/produkt\/vrece-na-pestovanie-zemiakov-a-inej-zeleniny-43l\/","og_locale":"sk_SK","og_type":"article","og_title":"Vak na pestovanie zemiakov, inej zeleniny a byliniek (43 l)","og_description":"43-litrov\u00e9 vrece je vhodn\u00e9 na pestovanie zemiakov a inej nekore\u0148ovej zeleniny v\u010faka zbern\u00e9mu okienku, ktor\u00e9 je vhodn\u00e9 na terasy, balk\u00f3ny alebo z\u00e1hrady.","og_url":"https:\/\/www.vermikompostuj.cz\/sk\/produkt\/vrece-na-pestovanie-zemiakov-a-inej-zeleniny-43l\/","og_site_name":"Vermikompostuj.cz","article_publisher":"https:\/\/www.facebook.com\/prodejkalifornskychzizal\/","article_modified_time":"2025-11-07T16:04:05+00:00","og_image":[{"url":"https:\/\/www.vermikompostuj.cz\/wp-content\/uploads\/2024\/01\/Pytel-na-brambory-300x300.webp","type":"","width":"","height":""}],"twitter_card":"summary_large_image","twitter_title":"Vak na pestovanie zemiakov, inej zeleniny a byliniek (43 l)","twitter_description":"43-litrov\u00e9 vrece je vhodn\u00e9 na pestovanie zemiakov a inej nekore\u0148ovej zeleniny v\u010faka zbern\u00e9mu okienku, ktor\u00e9 je vhodn\u00e9 na terasy, balk\u00f3ny alebo z\u00e1hrady.","twitter_image":"https:\/\/www.vermikompostuj.cz\/wp-content\/uploads\/2024\/01\/Pytel-na-brambory.webp","twitter_misc":{"Predpokladan\u00fd \u010das \u010d\u00edtania":"2 min\u00faty"},"schema":{"@context":"https:\/\/schema.org","@graph":[{"@type":"WebPage","@id":"https:\/\/www.vermikompostuj.cz\/sk\/produkt\/vrece-na-pestovanie-zemiakov-a-inej-zeleniny-43l\/","url":"https:\/\/www.vermikompostuj.cz\/sk\/produkt\/vrece-na-pestovanie-zemiakov-a-inej-zeleniny-43l\/","name":"Vak na pestovanie zemiakov, inej zeleniny a byliniek (43 l)","isPartOf":{"@id":"https:\/\/www.vermikompostuj.cz\/sk\/cz\/#website"},"primaryImageOfPage":{"@id":"https:\/\/www.vermikompostuj.cz\/sk\/produkt\/vrece-na-pestovanie-zemiakov-a-inej-zeleniny-43l\/#primaryimage"},"image":{"@id":"https:\/\/www.vermikompostuj.cz\/sk\/produkt\/vrece-na-pestovanie-zemiakov-a-inej-zeleniny-43l\/#primaryimage"},"thumbnailUrl":"https:\/\/www.vermikompostuj.cz\/wp-content\/uploads\/2024\/01\/Pytel-na-brambory.webp","datePublished":"2024-01-12T11:08:30+00:00","dateModified":"2025-11-07T16:04:05+00:00","description":"43-litrov\u00e9 vrece je vhodn\u00e9 na pestovanie zemiakov a inej nekore\u0148ovej zeleniny v\u010faka zbern\u00e9mu okienku, ktor\u00e9 je vhodn\u00e9 na terasy, balk\u00f3ny alebo z\u00e1hrady.","breadcrumb":{"@id":"https:\/\/www.vermikompostuj.cz\/sk\/produkt\/vrece-na-pestovanie-zemiakov-a-inej-zeleniny-43l\/#breadcrumb"},"inLanguage":"sk-SK","potentialAction":[{"@type":"ReadAction","target":["https:\/\/www.vermikompostuj.cz\/sk\/produkt\/vrece-na-pestovanie-zemiakov-a-inej-zeleniny-43l\/"]}]},{"@type":"ImageObject","inLanguage":"sk-SK","@id":"https:\/\/www.vermikompostuj.cz\/sk\/produkt\/vrece-na-pestovanie-zemiakov-a-inej-zeleniny-43l\/#primaryimage","url":"https:\/\/www.vermikompostuj.cz\/wp-content\/uploads\/2024\/01\/Pytel-na-brambory.webp","contentUrl":"https:\/\/www.vermikompostuj.cz\/wp-content\/uploads\/2024\/01\/Pytel-na-brambory.webp","width":800,"height":800,"caption":"Vrecko na pestovanie zemiakov"},{"@type":"BreadcrumbList","@id":"https:\/\/www.vermikompostuj.cz\/sk\/produkt\/vrece-na-pestovanie-zemiakov-a-inej-zeleniny-43l\/#breadcrumb","itemListElement":[{"@type":"ListItem","position":1,"name":"Dom\u016f","item":"https:\/\/www.vermikompostuj.cz\/sk\/shop-2\/"},{"@type":"ListItem","position":2,"name":"Shop","item":"https:\/\/www.vermikompostuj.cz\/sk\/shop-2\/"},{"@type":"ListItem","position":3,"name":"Vak na pestovanie zemiakov a inej zeleniny (43 l)"}]},{"@type":"WebSite","@id":"https:\/\/www.vermikompostuj.cz\/sk\/cz\/#website","url":"https:\/\/www.vermikompostuj.cz\/sk\/cz\/","name":"Vermikompostuj.cz-Prodej kalifornsk\u00fdch \u017e\u00ed\u017eal","description":"Prodej kalifornsk\u00fdch \u017e\u00ed\u017eal","publisher":{"@id":"https:\/\/www.vermikompostuj.cz\/sk\/cz\/#organization"},"potentialAction":[{"@type":"SearchAction","target":{"@type":"EntryPoint","urlTemplate":"https:\/\/www.vermikompostuj.cz\/sk\/cz\/?s={search_term_string}"},"query-input":{"@type":"PropertyValueSpecification","valueRequired":true,"valueName":"search_term_string"}}],"inLanguage":"sk-SK"},{"@type":"Organization","@id":"https:\/\/www.vermikompostuj.cz\/sk\/cz\/#organization","name":"Vermikompostuj.cz","url":"https:\/\/www.vermikompostuj.cz\/sk\/cz\/","logo":{"@type":"ImageObject","inLanguage":"sk-SK","@id":"https:\/\/www.vermikompostuj.cz\/sk\/cz\/#\/schema\/logo\/image\/","url":"https:\/\/www.vermikompostuj.cz\/wp-content\/uploads\/2020\/02\/8593932_001V-1.jpg","contentUrl":"https:\/\/www.vermikompostuj.cz\/wp-content\/uploads\/2020\/02\/8593932_001V-1.jpg","width":840,"height":558,"caption":"Vermikompostuj.cz"},"image":{"@id":"https:\/\/www.vermikompostuj.cz\/sk\/cz\/#\/schema\/logo\/image\/"},"sameAs":["https:\/\/www.facebook.com\/prodejkalifornskychzizal\/","https:\/\/www.instagram.com\/vermikompostuj.cz\/","https:\/\/cs.wikipedia.org\/wiki\/Vermikompost"]}]}},"_links":{"self":[{"href":"https:\/\/www.vermikompostuj.cz\/sk\/wp-json\/wp\/v2\/product\/19976","targetHints":{"allow":["GET"]}}],"collection":[{"href":"https:\/\/www.vermikompostuj.cz\/sk\/wp-json\/wp\/v2\/product"}],"about":[{"href":"https:\/\/www.vermikompostuj.cz\/sk\/wp-json\/wp\/v2\/types\/product"}],"version-history":[{"count":1,"href":"https:\/\/www.vermikompostuj.cz\/sk\/wp-json\/wp\/v2\/product\/19976\/revisions"}],"predecessor-version":[{"id":19977,"href":"https:\/\/www.vermikompostuj.cz\/sk\/wp-json\/wp\/v2\/product\/19976\/revisions\/19977"}],"wp:featuredmedia":[{"embeddable":true,"href":"https:\/\/www.vermikompostuj.cz\/sk\/wp-json\/wp\/v2\/media\/19972"}],"wp:attachment":[{"href":"https:\/\/www.vermikompostuj.cz\/sk\/wp-json\/wp\/v2\/media?parent=19976"}],"wp:term":[{"taxonomy":"product_brand","embeddable":true,"href":"https:\/\/www.vermikompostuj.cz\/sk\/wp-json\/wp\/v2\/product_brand?post=19976"},{"taxonomy":"product_cat","embeddable":true,"href":"https:\/\/www.vermikompostuj.cz\/sk\/wp-json\/wp\/v2\/product_cat?post=19976"},{"taxonomy":"product_tag","embeddable":true,"href":"https:\/\/www.vermikompostuj.cz\/sk\/wp-json\/wp\/v2\/product_tag?post=19976"}],"curies":[{"name":"wp","href":"https:\/\/api.w.org\/{rel}","templated":true}]}}