{"id":20007,"date":"2024-01-15T01:18:54","date_gmt":"2024-01-15T00:18:54","guid":{"rendered":"https:\/\/www.vermikompostuj.cz\/produkt\/vysadbove-kocky-na-predpestovanie-rastlin-25-ks-pestovanie-bez-kompromisov\/"},"modified":"2025-12-14T00:39:32","modified_gmt":"2025-12-13T23:39:32","slug":"kocky-na-sadenie-pripravene-na-sadenie-50-kusov-bezzemne-kultivacie","status":"publish","type":"product","link":"https:\/\/www.vermikompostuj.cz\/sk\/produkt\/kocky-na-sadenie-pripravene-na-sadenie-50-kusov-bezzemne-kultivacie\/","title":{"rendered":"V\u00fdsadbov\u00e9 kocky na predpestovanie rastl\u00edn 50 ks &#8211; Pestovanie bez kompromisov"},"content":{"rendered":"<p>Ka\u017ed\u00fd si zamiluje pestovanie bez n\u00e1mahy, predpestovanie rastl\u00edn u\u017e nem\u00f4\u017ee by\u0165 jednoduch\u0161ie. Podobn\u00e9 syst\u00e9my pou\u017e\u00edvaj\u00fa ve\u013ek\u00e9 kvetin\u00e1rstva a farmy na dosiahnutie zdrav\u00fdch saden\u00edc a maxim\u00e1lnych v\u00fdnosov. V\u010faka svojim vlastnostiam prin\u00e1\u0161a mno\u017estvo v\u00fdhod:<\/p>\n<h4>V\u00fdhody:<\/h4>\n<ul>\n<li>Kl\u00ed\u010denie semien a predpestovanie saden\u00edc u\u017e nem\u00f4\u017ee by\u0165 jednoduch\u0161ie<\/li>\n<li>Poskytuje neutr\u00e1lne pH a EC<\/li>\n<li>Jedine\u010dn\u00fd hydrofiln\u00fd materi\u00e1l zadr\u017eiava vodu a udr\u017eiava optim\u00e1lnu vlhkos\u0165 kore\u0148ov<\/li>\n<li>\u0160trukt\u00fara bloku podporuje rozvoj bohat\u00e9ho kore\u0148ov\u00e9ho syst\u00e9mu v\u010faka vynikaj\u00facemu pomeru vzduchu a vody<\/li>\n<li>Prostredie zabezpe\u010duje odolnos\u0165 kore\u0148ov vo\u010di \u0161kodcom a hub\u00e1m<\/li>\n<li>Je to pr\u00edrodn\u00fd a ekologick\u00fd produkt<\/li>\n<li>Jeho pou\u017e\u00edvanie je ve\u013emi jednoduch\u00e9 a r\u00fdchle<\/li>\n<li>Na kl\u00ed\u010denie nepotrebuje p\u00f4du, ktor\u00fa m\u00f4\u017eete za\u0161pini\u0165<\/li>\n<\/ul>\n<h4>Parametre:<\/h4>\n<ul>\n<li>Materi\u00e1l: miner\u00e1lna vlna<\/li>\n<li>Rozmery: 14x14x4 cm<\/li>\n<li>Ve\u013ekos\u0165 bloku: 25x25x40 mm<\/li>\n<li>Po\u010det blokov: 2&#215;25 ks = 50 ks<\/li>\n<\/ul>\n","protected":false},"excerpt":{"rendered":"<p><strong>Sadiace kocky (2x25ks) z miner\u00e1lnej vlny na zakore\u0148ovanie saden\u00edc, odrezkov a predpestovanie rastl\u00edn zo semien. <\/strong>Budete ma\u0165 zdrav\u00e9 sadenice ako nikdy predt\u00fdm<strong>. <\/strong>Pestovanie bez p\u00f4dy je ve\u013emi jednoduch\u00e9, aj v\u010faka otvorom, do ktor\u00fdch sta\u010d\u00ed vlo\u017ei\u0165 semen\u00e1\u010dik, \u010do maximalizuje tvorbu kore\u0148ov\u00e9ho balu a udr\u017euje optim\u00e1lnu vlhkos\u0165 a prostredie . Sada obsahuje 50 kusov sadiacich blokov s rozmermi 25x25x40 mm.<\/p>\n","protected":false},"featured_media":19999,"template":"","meta":{"site-sidebar-layout":"default","site-content-layout":"default","ast-global-header-display":"","ast-main-header-display":"","ast-hfb-above-header-display":"","ast-hfb-below-header-display":"","ast-hfb-mobile-header-display":"","site-post-title":"","ast-breadcrumbs-content":"","ast-featured-img":"","footer-sml-layout":"","theme-transparent-header-meta":"default","adv-header-id-meta":"","stick-header-meta":"","header-above-stick-meta":"","header-main-stick-meta":"","header-below-stick-meta":""},"product_brand":[],"product_cat":[144,151,147,146],"product_tag":[],"class_list":{"0":"post-20007","1":"product","2":"type-product","3":"status-publish","4":"has-post-thumbnail","6":"product_cat-zahrada-sk","7":"product_cat-pestovanie-rastlin","8":"product_cat-tipy-na-darceky","9":"product_cat-pre-deti","10":"desktop-align-center","11":"tablet-align-center","12":"mobile-align-center","14":"first","15":"instock","16":"shipping-taxable","17":"purchasable","18":"product-type-simple"},"yoast_head":"<!-- This site is optimized with the Yoast SEO plugin v24.1 - https:\/\/yoast.com\/wordpress\/plugins\/seo\/ -->\n<title>V\u00fdsadbov\u00e9 kocky na predpestovanie rastl\u00edn 50 ks - bezorbov\u00e1 kultiv\u00e1cia<\/title>\n<meta name=\"description\" content=\"Sadiace kocky na zakore\u0148ovanie saden\u00edc, odrezkov a predpestovanie rastl\u00edn zo semien (2x25 ks). Pestovanie bez p\u00f4dy je jednoduch\u00e9 a maximalizuje tvorbu kore\u0148ov.\" \/>\n<meta name=\"robots\" content=\"index, follow, max-snippet:-1, max-image-preview:large, max-video-preview:-1\" \/>\n<link rel=\"canonical\" href=\"https:\/\/www.vermikompostuj.cz\/sk\/produkt\/kocky-na-sadenie-pripravene-na-sadenie-50-kusov-bezzemne-kultivacie\/\" \/>\n<meta property=\"og:locale\" content=\"sk_SK\" \/>\n<meta property=\"og:type\" content=\"article\" \/>\n<meta property=\"og:title\" content=\"V\u00fdsadbov\u00e9 kocky na predpestovanie rastl\u00edn 50 ks - bezorbov\u00e1 kultiv\u00e1cia\" \/>\n<meta property=\"og:description\" content=\"Sadiace kocky na zakore\u0148ovanie saden\u00edc, odrezkov a predpestovanie rastl\u00edn zo semien (2x25 ks). Pestovanie bez p\u00f4dy je jednoduch\u00e9 a maximalizuje tvorbu kore\u0148ov.\" \/>\n<meta property=\"og:url\" content=\"https:\/\/www.vermikompostuj.cz\/sk\/produkt\/kocky-na-sadenie-pripravene-na-sadenie-50-kusov-bezzemne-kultivacie\/\" \/>\n<meta property=\"og:site_name\" content=\"Vermikompostuj.cz\" \/>\n<meta property=\"article:publisher\" content=\"https:\/\/www.facebook.com\/prodejkalifornskychzizal\/\" \/>\n<meta property=\"article:modified_time\" content=\"2025-12-13T23:39:32+00:00\" \/>\n<meta property=\"og:image\" content=\"https:\/\/www.vermikompostuj.cz\/wp-content\/uploads\/2024\/01\/Sadbovaci-kostka-pro-predpestovani-rostlin-25-ks-Bezpudni-kultivace-300x300.webp\" \/>\n<meta name=\"twitter:card\" content=\"summary_large_image\" \/>\n<meta name=\"twitter:title\" content=\"V\u00fdsadbov\u00e9 kocky na predpestovanie rastl\u00edn 50 ks - bezorbov\u00e1 kultiv\u00e1cia\" \/>\n<meta name=\"twitter:description\" content=\"Sadiace kocky na zakore\u0148ovanie saden\u00edc, odrezkov a predpestovanie rastl\u00edn zo semien (2x25 ks). Pestovanie bez p\u00f4dy je jednoduch\u00e9 a maximalizuje tvorbu kore\u0148ov.\" \/>\n<meta name=\"twitter:image\" content=\"https:\/\/www.vermikompostuj.cz\/wp-content\/uploads\/2024\/01\/Sadbovaci-kostka-pro-predpestovani-rostlin-25-ks-Bezpudni-kultivace.webp\" \/>\n<meta name=\"twitter:label1\" content=\"Predpokladan\u00fd \u010das \u010d\u00edtania\" \/>\n\t<meta name=\"twitter:data1\" content=\"1 min\u00fata\" \/>\n<script type=\"application\/ld+json\" class=\"yoast-schema-graph\">{\"@context\":\"https:\/\/schema.org\",\"@graph\":[{\"@type\":\"WebPage\",\"@id\":\"https:\/\/www.vermikompostuj.cz\/sk\/produkt\/kocky-na-sadenie-pripravene-na-sadenie-50-kusov-bezzemne-kultivacie\/\",\"url\":\"https:\/\/www.vermikompostuj.cz\/sk\/produkt\/kocky-na-sadenie-pripravene-na-sadenie-50-kusov-bezzemne-kultivacie\/\",\"name\":\"V\u00fdsadbov\u00e9 kocky na predpestovanie rastl\u00edn 50 ks - bezorbov\u00e1 kultiv\u00e1cia\",\"isPartOf\":{\"@id\":\"https:\/\/www.vermikompostuj.cz\/sk\/cz\/#website\"},\"primaryImageOfPage\":{\"@id\":\"https:\/\/www.vermikompostuj.cz\/sk\/produkt\/kocky-na-sadenie-pripravene-na-sadenie-50-kusov-bezzemne-kultivacie\/#primaryimage\"},\"image\":{\"@id\":\"https:\/\/www.vermikompostuj.cz\/sk\/produkt\/kocky-na-sadenie-pripravene-na-sadenie-50-kusov-bezzemne-kultivacie\/#primaryimage\"},\"thumbnailUrl\":\"https:\/\/www.vermikompostuj.cz\/wp-content\/uploads\/2024\/01\/Sadbovaci-kostka-pro-predpestovani-rostlin-25-ks-Bezpudni-kultivace.webp\",\"datePublished\":\"2024-01-15T00:18:54+00:00\",\"dateModified\":\"2025-12-13T23:39:32+00:00\",\"description\":\"Sadiace kocky na zakore\u0148ovanie saden\u00edc, odrezkov a predpestovanie rastl\u00edn zo semien (2x25 ks). Pestovanie bez p\u00f4dy je jednoduch\u00e9 a maximalizuje tvorbu kore\u0148ov.\",\"breadcrumb\":{\"@id\":\"https:\/\/www.vermikompostuj.cz\/sk\/produkt\/kocky-na-sadenie-pripravene-na-sadenie-50-kusov-bezzemne-kultivacie\/#breadcrumb\"},\"inLanguage\":\"sk-SK\",\"potentialAction\":[{\"@type\":\"ReadAction\",\"target\":[\"https:\/\/www.vermikompostuj.cz\/sk\/produkt\/kocky-na-sadenie-pripravene-na-sadenie-50-kusov-bezzemne-kultivacie\/\"]}]},{\"@type\":\"ImageObject\",\"inLanguage\":\"sk-SK\",\"@id\":\"https:\/\/www.vermikompostuj.cz\/sk\/produkt\/kocky-na-sadenie-pripravene-na-sadenie-50-kusov-bezzemne-kultivacie\/#primaryimage\",\"url\":\"https:\/\/www.vermikompostuj.cz\/wp-content\/uploads\/2024\/01\/Sadbovaci-kostka-pro-predpestovani-rostlin-25-ks-Bezpudni-kultivace.webp\",\"contentUrl\":\"https:\/\/www.vermikompostuj.cz\/wp-content\/uploads\/2024\/01\/Sadbovaci-kostka-pro-predpestovani-rostlin-25-ks-Bezpudni-kultivace.webp\",\"width\":800,\"height\":800,\"caption\":\"V\u00fdsadbov\u00e1 kocka na predpestovanie rastl\u00edn 25 ks - Pestovanie bez kompromisov\"},{\"@type\":\"BreadcrumbList\",\"@id\":\"https:\/\/www.vermikompostuj.cz\/sk\/produkt\/kocky-na-sadenie-pripravene-na-sadenie-50-kusov-bezzemne-kultivacie\/#breadcrumb\",\"itemListElement\":[{\"@type\":\"ListItem\",\"position\":1,\"name\":\"Dom\u016f\",\"item\":\"https:\/\/www.vermikompostuj.cz\/sk\/shop-2\/\"},{\"@type\":\"ListItem\",\"position\":2,\"name\":\"Shop\",\"item\":\"https:\/\/www.vermikompostuj.cz\/sk\/shop-2\/\"},{\"@type\":\"ListItem\",\"position\":3,\"name\":\"V\u00fdsadbov\u00e9 kocky na predpestovanie rastl\u00edn 50 ks &#8211; Pestovanie bez kompromisov\"}]},{\"@type\":\"WebSite\",\"@id\":\"https:\/\/www.vermikompostuj.cz\/sk\/cz\/#website\",\"url\":\"https:\/\/www.vermikompostuj.cz\/sk\/cz\/\",\"name\":\"Vermikompostuj.cz-Prodej kalifornsk\u00fdch \u017e\u00ed\u017eal\",\"description\":\"Prodej kalifornsk\u00fdch \u017e\u00ed\u017eal\",\"publisher\":{\"@id\":\"https:\/\/www.vermikompostuj.cz\/sk\/cz\/#organization\"},\"potentialAction\":[{\"@type\":\"SearchAction\",\"target\":{\"@type\":\"EntryPoint\",\"urlTemplate\":\"https:\/\/www.vermikompostuj.cz\/sk\/cz\/?s={search_term_string}\"},\"query-input\":{\"@type\":\"PropertyValueSpecification\",\"valueRequired\":true,\"valueName\":\"search_term_string\"}}],\"inLanguage\":\"sk-SK\"},{\"@type\":\"Organization\",\"@id\":\"https:\/\/www.vermikompostuj.cz\/sk\/cz\/#organization\",\"name\":\"Vermikompostuj.cz\",\"url\":\"https:\/\/www.vermikompostuj.cz\/sk\/cz\/\",\"logo\":{\"@type\":\"ImageObject\",\"inLanguage\":\"sk-SK\",\"@id\":\"https:\/\/www.vermikompostuj.cz\/sk\/cz\/#\/schema\/logo\/image\/\",\"url\":\"https:\/\/www.vermikompostuj.cz\/wp-content\/uploads\/2020\/02\/8593932_001V-1.jpg\",\"contentUrl\":\"https:\/\/www.vermikompostuj.cz\/wp-content\/uploads\/2020\/02\/8593932_001V-1.jpg\",\"width\":840,\"height\":558,\"caption\":\"Vermikompostuj.cz\"},\"image\":{\"@id\":\"https:\/\/www.vermikompostuj.cz\/sk\/cz\/#\/schema\/logo\/image\/\"},\"sameAs\":[\"https:\/\/www.facebook.com\/prodejkalifornskychzizal\/\",\"https:\/\/www.instagram.com\/vermikompostuj.cz\/\",\"https:\/\/cs.wikipedia.org\/wiki\/Vermikompost\"]}]}<\/script>\n<!-- \/ Yoast SEO plugin. -->","yoast_head_json":{"title":"V\u00fdsadbov\u00e9 kocky na predpestovanie rastl\u00edn 50 ks - bezorbov\u00e1 kultiv\u00e1cia","description":"Sadiace kocky na zakore\u0148ovanie saden\u00edc, odrezkov a predpestovanie rastl\u00edn zo semien (2x25 ks). Pestovanie bez p\u00f4dy je jednoduch\u00e9 a maximalizuje tvorbu kore\u0148ov.","robots":{"index":"index","follow":"follow","max-snippet":"max-snippet:-1","max-image-preview":"max-image-preview:large","max-video-preview":"max-video-preview:-1"},"canonical":"https:\/\/www.vermikompostuj.cz\/sk\/produkt\/kocky-na-sadenie-pripravene-na-sadenie-50-kusov-bezzemne-kultivacie\/","og_locale":"sk_SK","og_type":"article","og_title":"V\u00fdsadbov\u00e9 kocky na predpestovanie rastl\u00edn 50 ks - bezorbov\u00e1 kultiv\u00e1cia","og_description":"Sadiace kocky na zakore\u0148ovanie saden\u00edc, odrezkov a predpestovanie rastl\u00edn zo semien (2x25 ks). Pestovanie bez p\u00f4dy je jednoduch\u00e9 a maximalizuje tvorbu kore\u0148ov.","og_url":"https:\/\/www.vermikompostuj.cz\/sk\/produkt\/kocky-na-sadenie-pripravene-na-sadenie-50-kusov-bezzemne-kultivacie\/","og_site_name":"Vermikompostuj.cz","article_publisher":"https:\/\/www.facebook.com\/prodejkalifornskychzizal\/","article_modified_time":"2025-12-13T23:39:32+00:00","og_image":[{"url":"https:\/\/www.vermikompostuj.cz\/wp-content\/uploads\/2024\/01\/Sadbovaci-kostka-pro-predpestovani-rostlin-25-ks-Bezpudni-kultivace-300x300.webp","type":"","width":"","height":""}],"twitter_card":"summary_large_image","twitter_title":"V\u00fdsadbov\u00e9 kocky na predpestovanie rastl\u00edn 50 ks - bezorbov\u00e1 kultiv\u00e1cia","twitter_description":"Sadiace kocky na zakore\u0148ovanie saden\u00edc, odrezkov a predpestovanie rastl\u00edn zo semien (2x25 ks). Pestovanie bez p\u00f4dy je jednoduch\u00e9 a maximalizuje tvorbu kore\u0148ov.","twitter_image":"https:\/\/www.vermikompostuj.cz\/wp-content\/uploads\/2024\/01\/Sadbovaci-kostka-pro-predpestovani-rostlin-25-ks-Bezpudni-kultivace.webp","twitter_misc":{"Predpokladan\u00fd \u010das \u010d\u00edtania":"1 min\u00fata"},"schema":{"@context":"https:\/\/schema.org","@graph":[{"@type":"WebPage","@id":"https:\/\/www.vermikompostuj.cz\/sk\/produkt\/kocky-na-sadenie-pripravene-na-sadenie-50-kusov-bezzemne-kultivacie\/","url":"https:\/\/www.vermikompostuj.cz\/sk\/produkt\/kocky-na-sadenie-pripravene-na-sadenie-50-kusov-bezzemne-kultivacie\/","name":"V\u00fdsadbov\u00e9 kocky na predpestovanie rastl\u00edn 50 ks - bezorbov\u00e1 kultiv\u00e1cia","isPartOf":{"@id":"https:\/\/www.vermikompostuj.cz\/sk\/cz\/#website"},"primaryImageOfPage":{"@id":"https:\/\/www.vermikompostuj.cz\/sk\/produkt\/kocky-na-sadenie-pripravene-na-sadenie-50-kusov-bezzemne-kultivacie\/#primaryimage"},"image":{"@id":"https:\/\/www.vermikompostuj.cz\/sk\/produkt\/kocky-na-sadenie-pripravene-na-sadenie-50-kusov-bezzemne-kultivacie\/#primaryimage"},"thumbnailUrl":"https:\/\/www.vermikompostuj.cz\/wp-content\/uploads\/2024\/01\/Sadbovaci-kostka-pro-predpestovani-rostlin-25-ks-Bezpudni-kultivace.webp","datePublished":"2024-01-15T00:18:54+00:00","dateModified":"2025-12-13T23:39:32+00:00","description":"Sadiace kocky na zakore\u0148ovanie saden\u00edc, odrezkov a predpestovanie rastl\u00edn zo semien (2x25 ks). Pestovanie bez p\u00f4dy je jednoduch\u00e9 a maximalizuje tvorbu kore\u0148ov.","breadcrumb":{"@id":"https:\/\/www.vermikompostuj.cz\/sk\/produkt\/kocky-na-sadenie-pripravene-na-sadenie-50-kusov-bezzemne-kultivacie\/#breadcrumb"},"inLanguage":"sk-SK","potentialAction":[{"@type":"ReadAction","target":["https:\/\/www.vermikompostuj.cz\/sk\/produkt\/kocky-na-sadenie-pripravene-na-sadenie-50-kusov-bezzemne-kultivacie\/"]}]},{"@type":"ImageObject","inLanguage":"sk-SK","@id":"https:\/\/www.vermikompostuj.cz\/sk\/produkt\/kocky-na-sadenie-pripravene-na-sadenie-50-kusov-bezzemne-kultivacie\/#primaryimage","url":"https:\/\/www.vermikompostuj.cz\/wp-content\/uploads\/2024\/01\/Sadbovaci-kostka-pro-predpestovani-rostlin-25-ks-Bezpudni-kultivace.webp","contentUrl":"https:\/\/www.vermikompostuj.cz\/wp-content\/uploads\/2024\/01\/Sadbovaci-kostka-pro-predpestovani-rostlin-25-ks-Bezpudni-kultivace.webp","width":800,"height":800,"caption":"V\u00fdsadbov\u00e1 kocka na predpestovanie rastl\u00edn 25 ks - Pestovanie bez kompromisov"},{"@type":"BreadcrumbList","@id":"https:\/\/www.vermikompostuj.cz\/sk\/produkt\/kocky-na-sadenie-pripravene-na-sadenie-50-kusov-bezzemne-kultivacie\/#breadcrumb","itemListElement":[{"@type":"ListItem","position":1,"name":"Dom\u016f","item":"https:\/\/www.vermikompostuj.cz\/sk\/shop-2\/"},{"@type":"ListItem","position":2,"name":"Shop","item":"https:\/\/www.vermikompostuj.cz\/sk\/shop-2\/"},{"@type":"ListItem","position":3,"name":"V\u00fdsadbov\u00e9 kocky na predpestovanie rastl\u00edn 50 ks &#8211; Pestovanie bez kompromisov"}]},{"@type":"WebSite","@id":"https:\/\/www.vermikompostuj.cz\/sk\/cz\/#website","url":"https:\/\/www.vermikompostuj.cz\/sk\/cz\/","name":"Vermikompostuj.cz-Prodej kalifornsk\u00fdch \u017e\u00ed\u017eal","description":"Prodej kalifornsk\u00fdch \u017e\u00ed\u017eal","publisher":{"@id":"https:\/\/www.vermikompostuj.cz\/sk\/cz\/#organization"},"potentialAction":[{"@type":"SearchAction","target":{"@type":"EntryPoint","urlTemplate":"https:\/\/www.vermikompostuj.cz\/sk\/cz\/?s={search_term_string}"},"query-input":{"@type":"PropertyValueSpecification","valueRequired":true,"valueName":"search_term_string"}}],"inLanguage":"sk-SK"},{"@type":"Organization","@id":"https:\/\/www.vermikompostuj.cz\/sk\/cz\/#organization","name":"Vermikompostuj.cz","url":"https:\/\/www.vermikompostuj.cz\/sk\/cz\/","logo":{"@type":"ImageObject","inLanguage":"sk-SK","@id":"https:\/\/www.vermikompostuj.cz\/sk\/cz\/#\/schema\/logo\/image\/","url":"https:\/\/www.vermikompostuj.cz\/wp-content\/uploads\/2020\/02\/8593932_001V-1.jpg","contentUrl":"https:\/\/www.vermikompostuj.cz\/wp-content\/uploads\/2020\/02\/8593932_001V-1.jpg","width":840,"height":558,"caption":"Vermikompostuj.cz"},"image":{"@id":"https:\/\/www.vermikompostuj.cz\/sk\/cz\/#\/schema\/logo\/image\/"},"sameAs":["https:\/\/www.facebook.com\/prodejkalifornskychzizal\/","https:\/\/www.instagram.com\/vermikompostuj.cz\/","https:\/\/cs.wikipedia.org\/wiki\/Vermikompost"]}]}},"_links":{"self":[{"href":"https:\/\/www.vermikompostuj.cz\/sk\/wp-json\/wp\/v2\/product\/20007","targetHints":{"allow":["GET"]}}],"collection":[{"href":"https:\/\/www.vermikompostuj.cz\/sk\/wp-json\/wp\/v2\/product"}],"about":[{"href":"https:\/\/www.vermikompostuj.cz\/sk\/wp-json\/wp\/v2\/types\/product"}],"version-history":[{"count":2,"href":"https:\/\/www.vermikompostuj.cz\/sk\/wp-json\/wp\/v2\/product\/20007\/revisions"}],"predecessor-version":[{"id":20024,"href":"https:\/\/www.vermikompostuj.cz\/sk\/wp-json\/wp\/v2\/product\/20007\/revisions\/20024"}],"wp:featuredmedia":[{"embeddable":true,"href":"https:\/\/www.vermikompostuj.cz\/sk\/wp-json\/wp\/v2\/media\/19999"}],"wp:attachment":[{"href":"https:\/\/www.vermikompostuj.cz\/sk\/wp-json\/wp\/v2\/media?parent=20007"}],"wp:term":[{"taxonomy":"product_brand","embeddable":true,"href":"https:\/\/www.vermikompostuj.cz\/sk\/wp-json\/wp\/v2\/product_brand?post=20007"},{"taxonomy":"product_cat","embeddable":true,"href":"https:\/\/www.vermikompostuj.cz\/sk\/wp-json\/wp\/v2\/product_cat?post=20007"},{"taxonomy":"product_tag","embeddable":true,"href":"https:\/\/www.vermikompostuj.cz\/sk\/wp-json\/wp\/v2\/product_tag?post=20007"}],"curies":[{"name":"wp","href":"https:\/\/api.w.org\/{rel}","templated":true}]}}