{"id":20044,"date":"2024-01-15T18:18:49","date_gmt":"2024-01-15T17:18:49","guid":{"rendered":"https:\/\/www.vermikompostuj.cz\/produkt\/zavesne-vrece-na-pestovanie-zeleniny-jahod-a-byliniek-8-otvorov\/"},"modified":"2025-07-26T04:53:26","modified_gmt":"2025-07-26T03:53:26","slug":"zavesna-saucka-na-rastuce-zelene-priesady-a-bylinu-8-otvorov","status":"publish","type":"product","link":"https:\/\/www.vermikompostuj.cz\/sk\/produkt\/zavesna-saucka-na-rastuce-zelene-priesady-a-bylinu-8-otvorov\/","title":{"rendered":"Z\u00e1vesn\u00e9 vrece na pestovanie zeleniny, jah\u00f4d a byliniek (8 otvorov) &#8211; oran\u017eov\u00e1\/zelen\u00e1"},"content":{"rendered":"<p data-pm-slice=\"1 1 []\">Predstavujeme v\u00e1m revolu\u010dn\u00fd sp\u00f4sob, ako si vychutna\u0165 \u010derstv\u00fa zeleninu, jahody a bylinky priamo z pohodlia domova &#8211; <strong>z\u00e1vesn\u00e9 vrece na pestovanie zeleniny, jah\u00f4d a byliniek (8 otvorov) v oran\u017eovej a zelenej far<\/strong>be. Tento jedine\u010dn\u00fd z\u00e1vesn\u00fd kvetin\u00e1\u010d je navrhnut\u00fd tak, aby sa hodil do ka\u017ed\u00e9ho priestoru a vniesol do v\u00e1\u0161ho \u017eivota k\u00fasok pr\u00edrody. \u010ci u\u017e m\u00e1te mal\u00fd byt alebo ve\u013ek\u00fa z\u00e1hradu, na\u0161a z\u00e1vesn\u00e1 ta\u0161ka je pre v\u00e1s ide\u00e1lnym rie\u0161en\u00edm.<\/p>\n<p>P\u00e1\u010di sa v\u00e1m my\u0161lienka pestovania vlastnej \u010derstvej zeleniny a byliniek, ale neviete, kde za\u010da\u0165? Alebo mo\u017eno nem\u00e1te dostatok miesta na tradi\u010dn\u00fa z\u00e1hradu? S na\u0161ou z\u00e1vesnou ta\u0161kou m\u00f4\u017eete za\u010da\u0165 okam\u017eite pracova\u0165 bez zbyto\u010dn\u00fdch komplik\u00e1ci\u00ed a ve\u013ek\u00fdch priestorov\u00fdch n\u00e1rokov. Navy\u0161e si m\u00f4\u017eete vybra\u0165 medzi oran\u017eovou a zelenou farbou, aby ste ta\u0161ku prisp\u00f4sobili svojmu interi\u00e9ru alebo exteri\u00e9ru.<\/p>\n<p>Toto inovat\u00edvne z\u00e1vesn\u00e9 vrecko je vybaven\u00e9 8 otvormi, ktor\u00e9 umo\u017e\u0148uj\u00fa jednoduch\u00e9 sadenie a pestovanie r\u00f4znych druhov rastl\u00edn. Jeho pevn\u00e1 rukov\u00e4\u0165 zaist\u00ed bezpe\u010dn\u00e9 uchytenie aj \u0165a\u017ek\u00fdch plodov, kdeko\u013evek si \u017eel\u00e1te &#8211; v z\u00e1hrade, na terase alebo na balk\u00f3ne. Ke\u010f z\u00e1vesn\u00fa ta\u0161ku nepotrebujete, jednoducho ju zlo\u017ete a ulo\u017ete bez toho, aby zaberala zbyto\u010dne ve\u013ea miesta.<\/p>\n<p>A nemus\u00edte sa ob\u00e1va\u0165, \u017ee by mr\u00e1z po\u0161kodil va\u0161e rastliny. Na\u0161e z\u00e1vesn\u00e9 vrecko je na rozdiel od be\u017en\u00fdch kvetin\u00e1\u010dov vyroben\u00e9 z materi\u00e1lu odoln\u00e9ho proti praskaniu v d\u00f4sledku mrazu. To zaru\u010duje, \u017ee va\u0161a zelenina, jahody a bylinky bud\u00fa bezpe\u010dne a zdravo r\u00e1s\u0165 po cel\u00fd rok.<\/p>\n<h4 data-pm-slice=\"1 1 []\"><strong>P\u00e4\u0165 presved\u010div\u00fdch a presved\u010div\u00fdch v\u00fdhod produktu:<\/strong><\/h4>\n<p data-pm-slice=\"1 1 []\">1. <strong>Priestorov\u00e1 \u00faspornos\u0165<\/strong>: ide\u00e1lne pre mal\u00e9 byty, balk\u00f3ny alebo terasy. U\u0161etr\u00edte miesto a z\u00e1rove\u0148 si vychutn\u00e1te \u010derstv\u00fa zeleninu, jahody a bylinky.<\/p>\n<p>2. <strong>Trvanlivos\u0165<\/strong>.<\/p>\n<p>3. <strong>Jednoduch\u00e9 pou\u017e\u00edvanie:<\/strong> V\u010faka 8 otvorom pre r\u00f4zne typy rastl\u00edn a pevnej rukov\u00e4ti na zavesenie sa t\u00e1to ta\u0161ka \u013eahko pou\u017e\u00edva a jej \u00fadr\u017eba je hra\u010dka.<\/p>\n<p>4. <strong>Estetika:<\/strong> Vyberte si medzi oran\u017eovou a zelenou farbou, ktor\u00e9 sa hodia do v\u00e1\u0161ho interi\u00e9ru alebo exteri\u00e9ru a vnes\u00fa do v\u00e1\u0161ho domova trochu pr\u00edrody.<\/p>\n<p>5. <strong>Ke\u010f<\/strong> ta\u0161ku nepou\u017e\u00edvate, jednoducho ju zlo\u017e\u00edte a ulo\u017e\u00edte bez toho, aby zaberala zbyto\u010dne ve\u013ea miesta.<\/p>\n<p>Obklopte sa zele\u0148ou a za\u010dnite pestova\u0165 vlastn\u00fa zeleninu, jahody a bylinky s na\u0161ou z\u00e1vesnou ta\u0161kou na pestovanie zeleniny, jah\u00f4d a byliniek. Je to jednoduch\u00e9, praktick\u00e9 a prin\u00e1\u0161a to rados\u0165 z pestovania a \u010derstv\u00fdch produktov priamo na dosah ruky. Ne\u010dakajte a pripojte sa k rast\u00facej revol\u00facii e\u0161te dnes!<\/p>\n","protected":false},"excerpt":{"rendered":"<p><strong>Z\u00e1vesn\u00fd kvetin\u00e1\u010d alebo vrecko na jednoduch\u00e9 pestovanie v\u0161etk\u00fdch druhov zeleniny, \u0161\u0165avnat\u00fdch dom\u00e1cich jah\u00f4d alebo \u010derstv\u00fdch byliniek do dom\u00e1cej kuchyne<\/strong>. Pre v\u00e1\u0161 interi\u00e9r m\u00e1me k dispoz\u00edcii zelen\u00fa a oran\u017eov\u00fa farbu. M\u00e1 8 otvorov na jednoduch\u00e9 sadenie a pestovanie r\u00f4znych druhov rastl\u00edn. V\u010faka pevnej rukov\u00e4ti udr\u017e\u00ed aj ve\u013ek\u00e9 plody a m\u00f4\u017eete ho umiestni\u0165 kamko\u013evek. M\u00f4\u017ee sa pou\u017e\u00edva\u0165 v z\u00e1hrade, na terase alebo na balk\u00f3ne. U\u0161etr\u00ed v\u00e1m to miesto na z\u00e1hone. Je prenosn\u00fd, ke\u010f ho nepotrebujete. V mrazoch neprask\u00e1 ako be\u017en\u00e9 kvetin\u00e1\u010de.<\/p>\n","protected":false},"featured_media":20042,"template":"","meta":{"site-sidebar-layout":"default","site-content-layout":"default","ast-global-header-display":"","ast-main-header-display":"","ast-hfb-above-header-display":"","ast-hfb-below-header-display":"","ast-hfb-mobile-header-display":"","site-post-title":"","ast-breadcrumbs-content":"","ast-featured-img":"","footer-sml-layout":"","theme-transparent-header-meta":"default","adv-header-id-meta":"","stick-header-meta":"","header-above-stick-meta":"","header-main-stick-meta":"","header-below-stick-meta":""},"product_brand":[],"product_cat":[144,151,147],"product_tag":[218,181,159,180],"class_list":{"0":"post-20044","1":"product","2":"type-product","3":"status-publish","4":"has-post-thumbnail","6":"product_cat-zahrada-sk","7":"product_cat-pestovanie-rastlin","8":"product_cat-tipy-na-darceky","9":"product_tag-kvetinac-sk","10":"product_tag-pestovanie","11":"product_tag-pestovanie-rastlin","12":"product_tag-zahrada-sk","13":"desktop-align-center","14":"tablet-align-center","15":"mobile-align-center","17":"first","18":"instock","19":"shipping-taxable","20":"purchasable","21":"product-type-simple"},"yoast_head":"<!-- This site is optimized with the Yoast SEO plugin v24.1 - https:\/\/yoast.com\/wordpress\/plugins\/seo\/ -->\n<title>Z\u00e1vesn\u00e9 vrece na pestovanie zeleniny, jah\u00f4d a byliniek (8 otvorov)<\/title>\n<meta name=\"description\" content=\"Z\u00e1vesn\u00fd kvetin\u00e1\u010d (vrecko) na jednoduch\u00e9 pestovanie v\u0161etk\u00fdch druhov zeleniny, jah\u00f4d alebo byliniek. Jeho 8 otvorov umo\u017e\u0148uje pohodln\u00e9 pestovanie a efekt\u00edvne vyu\u017eitie priestoru.\" \/>\n<meta name=\"robots\" content=\"index, follow, max-snippet:-1, max-image-preview:large, max-video-preview:-1\" \/>\n<link rel=\"canonical\" href=\"https:\/\/www.vermikompostuj.cz\/sk\/produkt\/zavesna-saucka-na-rastuce-zelene-priesady-a-bylinu-8-otvorov\/\" \/>\n<meta property=\"og:locale\" content=\"sk_SK\" \/>\n<meta property=\"og:type\" content=\"article\" \/>\n<meta property=\"og:title\" content=\"Z\u00e1vesn\u00e9 vrece na pestovanie zeleniny, jah\u00f4d a byliniek (8 otvorov)\" \/>\n<meta property=\"og:description\" content=\"Z\u00e1vesn\u00fd kvetin\u00e1\u010d (vrecko) na jednoduch\u00e9 pestovanie v\u0161etk\u00fdch druhov zeleniny, jah\u00f4d alebo byliniek. Jeho 8 otvorov umo\u017e\u0148uje pohodln\u00e9 pestovanie a efekt\u00edvne vyu\u017eitie priestoru.\" \/>\n<meta property=\"og:url\" content=\"https:\/\/www.vermikompostuj.cz\/sk\/produkt\/zavesna-saucka-na-rastuce-zelene-priesady-a-bylinu-8-otvorov\/\" \/>\n<meta property=\"og:site_name\" content=\"Vermikompostuj.cz\" \/>\n<meta property=\"article:publisher\" content=\"https:\/\/www.facebook.com\/prodejkalifornskychzizal\/\" \/>\n<meta property=\"article:modified_time\" content=\"2025-07-26T03:53:26+00:00\" \/>\n<meta property=\"og:image\" content=\"https:\/\/www.vermikompostuj.cz\/wp-content\/uploads\/2024\/01\/Zavesny-vak-na-pestovani-jahod-zeleniny-a-dalsich-rostlin-300x300.webp\" \/>\n<meta name=\"twitter:card\" content=\"summary_large_image\" \/>\n<meta name=\"twitter:title\" content=\"Z\u00e1vesn\u00e9 vrece na pestovanie zeleniny, jah\u00f4d a byliniek (8 otvorov)\" \/>\n<meta name=\"twitter:description\" content=\"Z\u00e1vesn\u00fd kvetin\u00e1\u010d (vrecko) na jednoduch\u00e9 pestovanie v\u0161etk\u00fdch druhov zeleniny, jah\u00f4d alebo byliniek. Jeho 8 otvorov umo\u017e\u0148uje pohodln\u00e9 pestovanie a efekt\u00edvne vyu\u017eitie priestoru.\" \/>\n<meta name=\"twitter:image\" content=\"https:\/\/www.vermikompostuj.cz\/wp-content\/uploads\/2024\/01\/Zavesny-vak-na-pestovani-jahod-zeleniny-a-dalsich-rostlin.webp\" \/>\n<meta name=\"twitter:label1\" content=\"Predpokladan\u00fd \u010das \u010d\u00edtania\" \/>\n\t<meta name=\"twitter:data1\" content=\"2 min\u00faty\" \/>\n<script type=\"application\/ld+json\" class=\"yoast-schema-graph\">{\"@context\":\"https:\/\/schema.org\",\"@graph\":[{\"@type\":\"WebPage\",\"@id\":\"https:\/\/www.vermikompostuj.cz\/sk\/produkt\/zavesna-saucka-na-rastuce-zelene-priesady-a-bylinu-8-otvorov\/\",\"url\":\"https:\/\/www.vermikompostuj.cz\/sk\/produkt\/zavesna-saucka-na-rastuce-zelene-priesady-a-bylinu-8-otvorov\/\",\"name\":\"Z\u00e1vesn\u00e9 vrece na pestovanie zeleniny, jah\u00f4d a byliniek (8 otvorov)\",\"isPartOf\":{\"@id\":\"https:\/\/www.vermikompostuj.cz\/sk\/cz\/#website\"},\"primaryImageOfPage\":{\"@id\":\"https:\/\/www.vermikompostuj.cz\/sk\/produkt\/zavesna-saucka-na-rastuce-zelene-priesady-a-bylinu-8-otvorov\/#primaryimage\"},\"image\":{\"@id\":\"https:\/\/www.vermikompostuj.cz\/sk\/produkt\/zavesna-saucka-na-rastuce-zelene-priesady-a-bylinu-8-otvorov\/#primaryimage\"},\"thumbnailUrl\":\"https:\/\/www.vermikompostuj.cz\/wp-content\/uploads\/2024\/01\/Zavesny-kvetinac-zelena.webp\",\"datePublished\":\"2024-01-15T17:18:49+00:00\",\"dateModified\":\"2025-07-26T03:53:26+00:00\",\"description\":\"Z\u00e1vesn\u00fd kvetin\u00e1\u010d (vrecko) na jednoduch\u00e9 pestovanie v\u0161etk\u00fdch druhov zeleniny, jah\u00f4d alebo byliniek. Jeho 8 otvorov umo\u017e\u0148uje pohodln\u00e9 pestovanie a efekt\u00edvne vyu\u017eitie priestoru.\",\"breadcrumb\":{\"@id\":\"https:\/\/www.vermikompostuj.cz\/sk\/produkt\/zavesna-saucka-na-rastuce-zelene-priesady-a-bylinu-8-otvorov\/#breadcrumb\"},\"inLanguage\":\"sk-SK\",\"potentialAction\":[{\"@type\":\"ReadAction\",\"target\":[\"https:\/\/www.vermikompostuj.cz\/sk\/produkt\/zavesna-saucka-na-rastuce-zelene-priesady-a-bylinu-8-otvorov\/\"]}]},{\"@type\":\"ImageObject\",\"inLanguage\":\"sk-SK\",\"@id\":\"https:\/\/www.vermikompostuj.cz\/sk\/produkt\/zavesna-saucka-na-rastuce-zelene-priesady-a-bylinu-8-otvorov\/#primaryimage\",\"url\":\"https:\/\/www.vermikompostuj.cz\/wp-content\/uploads\/2024\/01\/Zavesny-kvetinac-zelena.webp\",\"contentUrl\":\"https:\/\/www.vermikompostuj.cz\/wp-content\/uploads\/2024\/01\/Zavesny-kvetinac-zelena.webp\",\"width\":800,\"height\":800,\"caption\":\"Z\u00e1vesn\u00fd kvetin\u00e1\u010d - zelen\u00fd\"},{\"@type\":\"BreadcrumbList\",\"@id\":\"https:\/\/www.vermikompostuj.cz\/sk\/produkt\/zavesna-saucka-na-rastuce-zelene-priesady-a-bylinu-8-otvorov\/#breadcrumb\",\"itemListElement\":[{\"@type\":\"ListItem\",\"position\":1,\"name\":\"Dom\u016f\",\"item\":\"https:\/\/www.vermikompostuj.cz\/sk\/shop-2\/\"},{\"@type\":\"ListItem\",\"position\":2,\"name\":\"Shop\",\"item\":\"https:\/\/www.vermikompostuj.cz\/sk\/shop-2\/\"},{\"@type\":\"ListItem\",\"position\":3,\"name\":\"Z\u00e1vesn\u00e9 vrece na pestovanie zeleniny, jah\u00f4d a byliniek (8 otvorov) &#8211; oran\u017eov\u00e1\/zelen\u00e1\"}]},{\"@type\":\"WebSite\",\"@id\":\"https:\/\/www.vermikompostuj.cz\/sk\/cz\/#website\",\"url\":\"https:\/\/www.vermikompostuj.cz\/sk\/cz\/\",\"name\":\"Vermikompostuj.cz-Prodej kalifornsk\u00fdch \u017e\u00ed\u017eal\",\"description\":\"Prodej kalifornsk\u00fdch \u017e\u00ed\u017eal\",\"publisher\":{\"@id\":\"https:\/\/www.vermikompostuj.cz\/sk\/cz\/#organization\"},\"potentialAction\":[{\"@type\":\"SearchAction\",\"target\":{\"@type\":\"EntryPoint\",\"urlTemplate\":\"https:\/\/www.vermikompostuj.cz\/sk\/cz\/?s={search_term_string}\"},\"query-input\":{\"@type\":\"PropertyValueSpecification\",\"valueRequired\":true,\"valueName\":\"search_term_string\"}}],\"inLanguage\":\"sk-SK\"},{\"@type\":\"Organization\",\"@id\":\"https:\/\/www.vermikompostuj.cz\/sk\/cz\/#organization\",\"name\":\"Vermikompostuj.cz\",\"url\":\"https:\/\/www.vermikompostuj.cz\/sk\/cz\/\",\"logo\":{\"@type\":\"ImageObject\",\"inLanguage\":\"sk-SK\",\"@id\":\"https:\/\/www.vermikompostuj.cz\/sk\/cz\/#\/schema\/logo\/image\/\",\"url\":\"https:\/\/www.vermikompostuj.cz\/wp-content\/uploads\/2020\/02\/8593932_001V-1.jpg\",\"contentUrl\":\"https:\/\/www.vermikompostuj.cz\/wp-content\/uploads\/2020\/02\/8593932_001V-1.jpg\",\"width\":840,\"height\":558,\"caption\":\"Vermikompostuj.cz\"},\"image\":{\"@id\":\"https:\/\/www.vermikompostuj.cz\/sk\/cz\/#\/schema\/logo\/image\/\"},\"sameAs\":[\"https:\/\/www.facebook.com\/prodejkalifornskychzizal\/\",\"https:\/\/www.instagram.com\/vermikompostuj.cz\/\",\"https:\/\/cs.wikipedia.org\/wiki\/Vermikompost\"]}]}<\/script>\n<!-- \/ Yoast SEO plugin. -->","yoast_head_json":{"title":"Z\u00e1vesn\u00e9 vrece na pestovanie zeleniny, jah\u00f4d a byliniek (8 otvorov)","description":"Z\u00e1vesn\u00fd kvetin\u00e1\u010d (vrecko) na jednoduch\u00e9 pestovanie v\u0161etk\u00fdch druhov zeleniny, jah\u00f4d alebo byliniek. Jeho 8 otvorov umo\u017e\u0148uje pohodln\u00e9 pestovanie a efekt\u00edvne vyu\u017eitie priestoru.","robots":{"index":"index","follow":"follow","max-snippet":"max-snippet:-1","max-image-preview":"max-image-preview:large","max-video-preview":"max-video-preview:-1"},"canonical":"https:\/\/www.vermikompostuj.cz\/sk\/produkt\/zavesna-saucka-na-rastuce-zelene-priesady-a-bylinu-8-otvorov\/","og_locale":"sk_SK","og_type":"article","og_title":"Z\u00e1vesn\u00e9 vrece na pestovanie zeleniny, jah\u00f4d a byliniek (8 otvorov)","og_description":"Z\u00e1vesn\u00fd kvetin\u00e1\u010d (vrecko) na jednoduch\u00e9 pestovanie v\u0161etk\u00fdch druhov zeleniny, jah\u00f4d alebo byliniek. Jeho 8 otvorov umo\u017e\u0148uje pohodln\u00e9 pestovanie a efekt\u00edvne vyu\u017eitie priestoru.","og_url":"https:\/\/www.vermikompostuj.cz\/sk\/produkt\/zavesna-saucka-na-rastuce-zelene-priesady-a-bylinu-8-otvorov\/","og_site_name":"Vermikompostuj.cz","article_publisher":"https:\/\/www.facebook.com\/prodejkalifornskychzizal\/","article_modified_time":"2025-07-26T03:53:26+00:00","og_image":[{"url":"https:\/\/www.vermikompostuj.cz\/wp-content\/uploads\/2024\/01\/Zavesny-vak-na-pestovani-jahod-zeleniny-a-dalsich-rostlin-300x300.webp","type":"","width":"","height":""}],"twitter_card":"summary_large_image","twitter_title":"Z\u00e1vesn\u00e9 vrece na pestovanie zeleniny, jah\u00f4d a byliniek (8 otvorov)","twitter_description":"Z\u00e1vesn\u00fd kvetin\u00e1\u010d (vrecko) na jednoduch\u00e9 pestovanie v\u0161etk\u00fdch druhov zeleniny, jah\u00f4d alebo byliniek. Jeho 8 otvorov umo\u017e\u0148uje pohodln\u00e9 pestovanie a efekt\u00edvne vyu\u017eitie priestoru.","twitter_image":"https:\/\/www.vermikompostuj.cz\/wp-content\/uploads\/2024\/01\/Zavesny-vak-na-pestovani-jahod-zeleniny-a-dalsich-rostlin.webp","twitter_misc":{"Predpokladan\u00fd \u010das \u010d\u00edtania":"2 min\u00faty"},"schema":{"@context":"https:\/\/schema.org","@graph":[{"@type":"WebPage","@id":"https:\/\/www.vermikompostuj.cz\/sk\/produkt\/zavesna-saucka-na-rastuce-zelene-priesady-a-bylinu-8-otvorov\/","url":"https:\/\/www.vermikompostuj.cz\/sk\/produkt\/zavesna-saucka-na-rastuce-zelene-priesady-a-bylinu-8-otvorov\/","name":"Z\u00e1vesn\u00e9 vrece na pestovanie zeleniny, jah\u00f4d a byliniek (8 otvorov)","isPartOf":{"@id":"https:\/\/www.vermikompostuj.cz\/sk\/cz\/#website"},"primaryImageOfPage":{"@id":"https:\/\/www.vermikompostuj.cz\/sk\/produkt\/zavesna-saucka-na-rastuce-zelene-priesady-a-bylinu-8-otvorov\/#primaryimage"},"image":{"@id":"https:\/\/www.vermikompostuj.cz\/sk\/produkt\/zavesna-saucka-na-rastuce-zelene-priesady-a-bylinu-8-otvorov\/#primaryimage"},"thumbnailUrl":"https:\/\/www.vermikompostuj.cz\/wp-content\/uploads\/2024\/01\/Zavesny-kvetinac-zelena.webp","datePublished":"2024-01-15T17:18:49+00:00","dateModified":"2025-07-26T03:53:26+00:00","description":"Z\u00e1vesn\u00fd kvetin\u00e1\u010d (vrecko) na jednoduch\u00e9 pestovanie v\u0161etk\u00fdch druhov zeleniny, jah\u00f4d alebo byliniek. Jeho 8 otvorov umo\u017e\u0148uje pohodln\u00e9 pestovanie a efekt\u00edvne vyu\u017eitie priestoru.","breadcrumb":{"@id":"https:\/\/www.vermikompostuj.cz\/sk\/produkt\/zavesna-saucka-na-rastuce-zelene-priesady-a-bylinu-8-otvorov\/#breadcrumb"},"inLanguage":"sk-SK","potentialAction":[{"@type":"ReadAction","target":["https:\/\/www.vermikompostuj.cz\/sk\/produkt\/zavesna-saucka-na-rastuce-zelene-priesady-a-bylinu-8-otvorov\/"]}]},{"@type":"ImageObject","inLanguage":"sk-SK","@id":"https:\/\/www.vermikompostuj.cz\/sk\/produkt\/zavesna-saucka-na-rastuce-zelene-priesady-a-bylinu-8-otvorov\/#primaryimage","url":"https:\/\/www.vermikompostuj.cz\/wp-content\/uploads\/2024\/01\/Zavesny-kvetinac-zelena.webp","contentUrl":"https:\/\/www.vermikompostuj.cz\/wp-content\/uploads\/2024\/01\/Zavesny-kvetinac-zelena.webp","width":800,"height":800,"caption":"Z\u00e1vesn\u00fd kvetin\u00e1\u010d - zelen\u00fd"},{"@type":"BreadcrumbList","@id":"https:\/\/www.vermikompostuj.cz\/sk\/produkt\/zavesna-saucka-na-rastuce-zelene-priesady-a-bylinu-8-otvorov\/#breadcrumb","itemListElement":[{"@type":"ListItem","position":1,"name":"Dom\u016f","item":"https:\/\/www.vermikompostuj.cz\/sk\/shop-2\/"},{"@type":"ListItem","position":2,"name":"Shop","item":"https:\/\/www.vermikompostuj.cz\/sk\/shop-2\/"},{"@type":"ListItem","position":3,"name":"Z\u00e1vesn\u00e9 vrece na pestovanie zeleniny, jah\u00f4d a byliniek (8 otvorov) &#8211; oran\u017eov\u00e1\/zelen\u00e1"}]},{"@type":"WebSite","@id":"https:\/\/www.vermikompostuj.cz\/sk\/cz\/#website","url":"https:\/\/www.vermikompostuj.cz\/sk\/cz\/","name":"Vermikompostuj.cz-Prodej kalifornsk\u00fdch \u017e\u00ed\u017eal","description":"Prodej kalifornsk\u00fdch \u017e\u00ed\u017eal","publisher":{"@id":"https:\/\/www.vermikompostuj.cz\/sk\/cz\/#organization"},"potentialAction":[{"@type":"SearchAction","target":{"@type":"EntryPoint","urlTemplate":"https:\/\/www.vermikompostuj.cz\/sk\/cz\/?s={search_term_string}"},"query-input":{"@type":"PropertyValueSpecification","valueRequired":true,"valueName":"search_term_string"}}],"inLanguage":"sk-SK"},{"@type":"Organization","@id":"https:\/\/www.vermikompostuj.cz\/sk\/cz\/#organization","name":"Vermikompostuj.cz","url":"https:\/\/www.vermikompostuj.cz\/sk\/cz\/","logo":{"@type":"ImageObject","inLanguage":"sk-SK","@id":"https:\/\/www.vermikompostuj.cz\/sk\/cz\/#\/schema\/logo\/image\/","url":"https:\/\/www.vermikompostuj.cz\/wp-content\/uploads\/2020\/02\/8593932_001V-1.jpg","contentUrl":"https:\/\/www.vermikompostuj.cz\/wp-content\/uploads\/2020\/02\/8593932_001V-1.jpg","width":840,"height":558,"caption":"Vermikompostuj.cz"},"image":{"@id":"https:\/\/www.vermikompostuj.cz\/sk\/cz\/#\/schema\/logo\/image\/"},"sameAs":["https:\/\/www.facebook.com\/prodejkalifornskychzizal\/","https:\/\/www.instagram.com\/vermikompostuj.cz\/","https:\/\/cs.wikipedia.org\/wiki\/Vermikompost"]}]}},"_links":{"self":[{"href":"https:\/\/www.vermikompostuj.cz\/sk\/wp-json\/wp\/v2\/product\/20044","targetHints":{"allow":["GET"]}}],"collection":[{"href":"https:\/\/www.vermikompostuj.cz\/sk\/wp-json\/wp\/v2\/product"}],"about":[{"href":"https:\/\/www.vermikompostuj.cz\/sk\/wp-json\/wp\/v2\/types\/product"}],"version-history":[{"count":3,"href":"https:\/\/www.vermikompostuj.cz\/sk\/wp-json\/wp\/v2\/product\/20044\/revisions"}],"predecessor-version":[{"id":20227,"href":"https:\/\/www.vermikompostuj.cz\/sk\/wp-json\/wp\/v2\/product\/20044\/revisions\/20227"}],"wp:featuredmedia":[{"embeddable":true,"href":"https:\/\/www.vermikompostuj.cz\/sk\/wp-json\/wp\/v2\/media\/20042"}],"wp:attachment":[{"href":"https:\/\/www.vermikompostuj.cz\/sk\/wp-json\/wp\/v2\/media?parent=20044"}],"wp:term":[{"taxonomy":"product_brand","embeddable":true,"href":"https:\/\/www.vermikompostuj.cz\/sk\/wp-json\/wp\/v2\/product_brand?post=20044"},{"taxonomy":"product_cat","embeddable":true,"href":"https:\/\/www.vermikompostuj.cz\/sk\/wp-json\/wp\/v2\/product_cat?post=20044"},{"taxonomy":"product_tag","embeddable":true,"href":"https:\/\/www.vermikompostuj.cz\/sk\/wp-json\/wp\/v2\/product_tag?post=20044"}],"curies":[{"name":"wp","href":"https:\/\/api.w.org\/{rel}","templated":true}]}}