{"id":20091,"date":"2024-01-22T20:12:03","date_gmt":"2024-01-22T19:12:03","guid":{"rendered":"https:\/\/www.vermikompostuj.cz\/produkt\/samocistiaci-parny-masazny-hreben-pre-macky-a-psy-3v1\/"},"modified":"2025-11-05T00:43:19","modified_gmt":"2025-11-04T23:43:19","slug":"samoobsluzna-parna-masaz-hrebene-pre-macky-a-psy-3-v-1","status":"publish","type":"product","link":"https:\/\/www.vermikompostuj.cz\/sk\/produkt\/samoobsluzna-parna-masaz-hrebene-pre-macky-a-psy-3-v-1\/","title":{"rendered":"Samo\u010distiaci parn\u00fd mas\u00e1\u017eny hrebe\u0148 pre ma\u010dky a psy &#8211; 3v1"},"content":{"rendered":"<h5>M\u00e1te doma chlpat\u00e9ho dom\u00e1ceho mil\u00e1\u010dika, napr\u00edklad ma\u010dku, psa, kr\u00e1lika alebo mor\u010da?<\/h5>\n<p>Chcete, aby pekne vo\u0148ali a boli \u010dist\u00e9? Potom je tento hrebe\u0148 3 v 1 ur\u010den\u00fd pr\u00e1ve pre v\u00e1s. Elektrick\u00fd hrebienok s naparovan\u00edm je <strong>vhodn\u00fd na \u010desanie,<\/strong><strong>\u010distenie, mas\u00edrovanie, od\u010des\u00e1vanie alebo len na maznanie v\u00e1\u0161ho dom\u00e1ceho mazn\u00e1\u010dika<\/strong>, ktor\u00fd si to zamiluje a nebude chcie\u0165 presta\u0165. V\u010faka svojmu dizajnu sa pohodlne dr\u017e\u00ed v ruke a jeho pou\u017e\u00edvanie je ve\u013emi jednoduch\u00e9 a prin\u00e1\u0161a mno\u017estvo v\u00fdhod.<\/p>\n<h4>V\u00fdhody<\/h4>\n<ul>\n<li>\u013dahko odstra\u0148uje zat\u00falan\u00e9 ch\u013apky<\/li>\n<li>Vlasy v\u00e1m nebud\u00fa lieta\u0165 po celom byte<\/li>\n<li>Poskytuje pr\u00edjemn\u00fd z\u00e1\u017eitok z mas\u00e1\u017ee<\/li>\n<li>Vyu\u017e\u00edva jedine\u010dn\u00fa technol\u00f3giu hor\u00facej pary na odstr\u00e1nenie prachu a ne\u010dist\u00f4t<\/li>\n<li>Hor\u00faca para je bezpe\u010dn\u00e1 a jemne \u010dist\u00ed srs\u0165<\/li>\n<li>Va\u0161e dom\u00e1ce zvierat\u00e1 sa bud\u00fa c\u00edti\u0165 lep\u0161ie a bud\u00fa milova\u0165 va\u0161u starostlivos\u0165<\/li>\n<li>Dom\u00e1ce zvierat\u00e1 bud\u00fa vyzera\u0165 lep\u0161ie a upravenej\u0161ie<\/li>\n<li>V\u00e1\u0161 chlpat\u00fd priate\u013e bude \u010dist\u00fd a vo\u0148av\u00fd<\/li>\n<\/ul>\n<h4>Pou\u017eite<\/h4>\n<p>Pou\u017eitie je ve\u013emi jednoduch\u00e9, sta\u010d\u00ed odklopi\u0165 vrchn\u00fd uz\u00e1ver, nalia\u0165 do n\u00e1dobky vodu alebo vonn\u00fa esenciu. Zatvorte n\u00e1dobu a potom len podr\u017ete tla\u010didlo pary pri mas\u00edrovan\u00ed a kefovan\u00ed v\u00e1\u0161ho dom\u00e1ceho mazn\u00e1\u010dika. Vlasy, ktor\u00e9 sa zachytia na kefe, sa \u013eahko odstr\u00e1nia vcelku a m\u00f4\u017eete pokra\u010dova\u0165 v kefovan\u00ed. Hrebe\u0148 sa nab\u00edja cez USB, tak\u017ee nie s\u00fa potrebn\u00e9 \u017eiadne bat\u00e9rie.<\/p>\n<h4>\u0160pecifik\u00e1cie<\/h4>\n<ul>\n<li>Farba: zelen\u00e1<\/li>\n<li>Materi\u00e1l: plast<\/li>\n<li>Obsah balenia: elektrick\u00e1 kefka, nab\u00edjac\u00ed k\u00e1bel USB<\/li>\n<\/ul>\n","protected":false},"excerpt":{"rendered":"<p>Samo\u010distiaci hrebe\u0148 3 v 1 je vhodn\u00fd pre ma\u010dky, psy, kr\u00e1liky a mor\u010dat\u00e1. Vy aj va\u0161i dom\u00e1ci mil\u00e1\u010dikovia si ho zamilujete, preto\u017ee mas\u00edruje, peelinguje, kefuje a \u010dist\u00ed. T\u00e1to elektrick\u00e1 parn\u00e1 kefa je v\u010faka svojmu povrchu a technol\u00f3gii samo\u010distiaca, \u010do znamen\u00e1, \u017ee ch\u013apky mo\u017eno \u013eahko odstr\u00e1ni\u0165. Nab\u00edja sa cez k\u00e1bel USB. Starostlivos\u0165 o dom\u00e1ce zvierat\u00e1 nebola nikdy jednoduch\u0161ia.<\/p>\n","protected":false},"featured_media":20081,"template":"","meta":{"site-sidebar-layout":"default","site-content-layout":"default","ast-global-header-display":"","ast-main-header-display":"","ast-hfb-above-header-display":"","ast-hfb-below-header-display":"","ast-hfb-mobile-header-display":"","site-post-title":"","ast-breadcrumbs-content":"","ast-featured-img":"","footer-sml-layout":"","theme-transparent-header-meta":"default","adv-header-id-meta":"","stick-header-meta":"","header-above-stick-meta":"","header-main-stick-meta":"","header-below-stick-meta":""},"product_brand":[],"product_cat":[220,147,146],"product_tag":[222],"class_list":{"0":"post-20091","1":"product","2":"type-product","3":"status-publish","4":"has-post-thumbnail","6":"product_cat-pre-domace-zvierata","7":"product_cat-tipy-na-darceky","8":"product_cat-pre-deti","9":"product_tag-pre-domace-zvierata","10":"desktop-align-center","11":"tablet-align-center","12":"mobile-align-center","14":"first","15":"instock","16":"sale","17":"shipping-taxable","18":"purchasable","19":"product-type-simple"},"yoast_head":"<!-- This site is optimized with the Yoast SEO plugin v24.1 - https:\/\/yoast.com\/wordpress\/plugins\/seo\/ -->\n<title>Samo\u010distiaci parn\u00fd mas\u00e1\u017eny hrebe\u0148 pre ma\u010dky a psy - 3v1<\/title>\n<meta name=\"description\" content=\"Hrebe\u0148 3v1 pre ma\u010dky a psy. Elektrick\u00e1 parn\u00e1 kefa USB je samo\u010distiaca. \u00daprava, \u010distenie a mas\u00e1\u017e va\u0161ich \u0161tvornoh\u00fdch mil\u00e1\u010dikov nebola nikdy jednoduch\u0161ia.\" \/>\n<meta name=\"robots\" content=\"index, follow, max-snippet:-1, max-image-preview:large, max-video-preview:-1\" \/>\n<link rel=\"canonical\" href=\"https:\/\/www.vermikompostuj.cz\/sk\/produkt\/samoobsluzna-parna-masaz-hrebene-pre-macky-a-psy-3-v-1\/\" \/>\n<meta property=\"og:locale\" content=\"sk_SK\" \/>\n<meta property=\"og:type\" content=\"article\" \/>\n<meta property=\"og:title\" content=\"Samo\u010distiaci parn\u00fd mas\u00e1\u017eny hrebe\u0148 pre ma\u010dky a psy - 3v1\" \/>\n<meta property=\"og:description\" content=\"Hrebe\u0148 3v1 pre ma\u010dky a psy. Elektrick\u00e1 parn\u00e1 kefa USB je samo\u010distiaca. \u00daprava, \u010distenie a mas\u00e1\u017e va\u0161ich \u0161tvornoh\u00fdch mil\u00e1\u010dikov nebola nikdy jednoduch\u0161ia.\" \/>\n<meta property=\"og:url\" content=\"https:\/\/www.vermikompostuj.cz\/sk\/produkt\/samoobsluzna-parna-masaz-hrebene-pre-macky-a-psy-3-v-1\/\" \/>\n<meta property=\"og:site_name\" content=\"Vermikompostuj.cz\" \/>\n<meta property=\"article:publisher\" content=\"https:\/\/www.facebook.com\/prodejkalifornskychzizal\/\" \/>\n<meta property=\"article:modified_time\" content=\"2025-11-04T23:43:19+00:00\" \/>\n<meta property=\"og:image\" content=\"https:\/\/www.vermikompostuj.cz\/wp-content\/uploads\/2024\/01\/Naparovaci-kartac-pro-kocky-a-psy-300x300.webp\" \/>\n<meta name=\"twitter:card\" content=\"summary_large_image\" \/>\n<meta name=\"twitter:title\" content=\"Samo\u010distiaci parn\u00fd mas\u00e1\u017eny hrebe\u0148 pre ma\u010dky a psy - 3v1\" \/>\n<meta name=\"twitter:image\" content=\"https:\/\/www.vermikompostuj.cz\/wp-content\/uploads\/2024\/01\/Naparovaci-kartac-pro-kocky-a-psy.webp\" \/>\n<meta name=\"twitter:label1\" content=\"Predpokladan\u00fd \u010das \u010d\u00edtania\" \/>\n\t<meta name=\"twitter:data1\" content=\"1 min\u00fata\" \/>\n<script type=\"application\/ld+json\" class=\"yoast-schema-graph\">{\"@context\":\"https:\/\/schema.org\",\"@graph\":[{\"@type\":\"WebPage\",\"@id\":\"https:\/\/www.vermikompostuj.cz\/sk\/produkt\/samoobsluzna-parna-masaz-hrebene-pre-macky-a-psy-3-v-1\/\",\"url\":\"https:\/\/www.vermikompostuj.cz\/sk\/produkt\/samoobsluzna-parna-masaz-hrebene-pre-macky-a-psy-3-v-1\/\",\"name\":\"Samo\u010distiaci parn\u00fd mas\u00e1\u017eny hrebe\u0148 pre ma\u010dky a psy - 3v1\",\"isPartOf\":{\"@id\":\"https:\/\/www.vermikompostuj.cz\/sk\/cz\/#website\"},\"primaryImageOfPage\":{\"@id\":\"https:\/\/www.vermikompostuj.cz\/sk\/produkt\/samoobsluzna-parna-masaz-hrebene-pre-macky-a-psy-3-v-1\/#primaryimage\"},\"image\":{\"@id\":\"https:\/\/www.vermikompostuj.cz\/sk\/produkt\/samoobsluzna-parna-masaz-hrebene-pre-macky-a-psy-3-v-1\/#primaryimage\"},\"thumbnailUrl\":\"https:\/\/www.vermikompostuj.cz\/wp-content\/uploads\/2024\/01\/Naparovaci-kartac-pro-kocky-a-psy.webp\",\"datePublished\":\"2024-01-22T19:12:03+00:00\",\"dateModified\":\"2025-11-04T23:43:19+00:00\",\"description\":\"Hrebe\u0148 3v1 pre ma\u010dky a psy. Elektrick\u00e1 parn\u00e1 kefa USB je samo\u010distiaca. \u00daprava, \u010distenie a mas\u00e1\u017e va\u0161ich \u0161tvornoh\u00fdch mil\u00e1\u010dikov nebola nikdy jednoduch\u0161ia.\",\"breadcrumb\":{\"@id\":\"https:\/\/www.vermikompostuj.cz\/sk\/produkt\/samoobsluzna-parna-masaz-hrebene-pre-macky-a-psy-3-v-1\/#breadcrumb\"},\"inLanguage\":\"sk-SK\",\"potentialAction\":[{\"@type\":\"ReadAction\",\"target\":[\"https:\/\/www.vermikompostuj.cz\/sk\/produkt\/samoobsluzna-parna-masaz-hrebene-pre-macky-a-psy-3-v-1\/\"]}]},{\"@type\":\"ImageObject\",\"inLanguage\":\"sk-SK\",\"@id\":\"https:\/\/www.vermikompostuj.cz\/sk\/produkt\/samoobsluzna-parna-masaz-hrebene-pre-macky-a-psy-3-v-1\/#primaryimage\",\"url\":\"https:\/\/www.vermikompostuj.cz\/wp-content\/uploads\/2024\/01\/Naparovaci-kartac-pro-kocky-a-psy.webp\",\"contentUrl\":\"https:\/\/www.vermikompostuj.cz\/wp-content\/uploads\/2024\/01\/Naparovaci-kartac-pro-kocky-a-psy.webp\",\"width\":800,\"height\":800,\"caption\":\"Parn\u00fd hrebe\u0148 pre ma\u010dky a psy\"},{\"@type\":\"BreadcrumbList\",\"@id\":\"https:\/\/www.vermikompostuj.cz\/sk\/produkt\/samoobsluzna-parna-masaz-hrebene-pre-macky-a-psy-3-v-1\/#breadcrumb\",\"itemListElement\":[{\"@type\":\"ListItem\",\"position\":1,\"name\":\"Dom\u016f\",\"item\":\"https:\/\/www.vermikompostuj.cz\/sk\/shop-2\/\"},{\"@type\":\"ListItem\",\"position\":2,\"name\":\"Shop\",\"item\":\"https:\/\/www.vermikompostuj.cz\/sk\/shop-2\/\"},{\"@type\":\"ListItem\",\"position\":3,\"name\":\"Samo\u010distiaci parn\u00fd mas\u00e1\u017eny hrebe\u0148 pre ma\u010dky a psy &#8211; 3v1\"}]},{\"@type\":\"WebSite\",\"@id\":\"https:\/\/www.vermikompostuj.cz\/sk\/cz\/#website\",\"url\":\"https:\/\/www.vermikompostuj.cz\/sk\/cz\/\",\"name\":\"Vermikompostuj.cz-Prodej kalifornsk\u00fdch \u017e\u00ed\u017eal\",\"description\":\"Prodej kalifornsk\u00fdch \u017e\u00ed\u017eal\",\"publisher\":{\"@id\":\"https:\/\/www.vermikompostuj.cz\/sk\/cz\/#organization\"},\"potentialAction\":[{\"@type\":\"SearchAction\",\"target\":{\"@type\":\"EntryPoint\",\"urlTemplate\":\"https:\/\/www.vermikompostuj.cz\/sk\/cz\/?s={search_term_string}\"},\"query-input\":{\"@type\":\"PropertyValueSpecification\",\"valueRequired\":true,\"valueName\":\"search_term_string\"}}],\"inLanguage\":\"sk-SK\"},{\"@type\":\"Organization\",\"@id\":\"https:\/\/www.vermikompostuj.cz\/sk\/cz\/#organization\",\"name\":\"Vermikompostuj.cz\",\"url\":\"https:\/\/www.vermikompostuj.cz\/sk\/cz\/\",\"logo\":{\"@type\":\"ImageObject\",\"inLanguage\":\"sk-SK\",\"@id\":\"https:\/\/www.vermikompostuj.cz\/sk\/cz\/#\/schema\/logo\/image\/\",\"url\":\"https:\/\/www.vermikompostuj.cz\/wp-content\/uploads\/2020\/02\/8593932_001V-1.jpg\",\"contentUrl\":\"https:\/\/www.vermikompostuj.cz\/wp-content\/uploads\/2020\/02\/8593932_001V-1.jpg\",\"width\":840,\"height\":558,\"caption\":\"Vermikompostuj.cz\"},\"image\":{\"@id\":\"https:\/\/www.vermikompostuj.cz\/sk\/cz\/#\/schema\/logo\/image\/\"},\"sameAs\":[\"https:\/\/www.facebook.com\/prodejkalifornskychzizal\/\",\"https:\/\/www.instagram.com\/vermikompostuj.cz\/\",\"https:\/\/cs.wikipedia.org\/wiki\/Vermikompost\"]}]}<\/script>\n<!-- \/ Yoast SEO plugin. -->","yoast_head_json":{"title":"Samo\u010distiaci parn\u00fd mas\u00e1\u017eny hrebe\u0148 pre ma\u010dky a psy - 3v1","description":"Hrebe\u0148 3v1 pre ma\u010dky a psy. Elektrick\u00e1 parn\u00e1 kefa USB je samo\u010distiaca. \u00daprava, \u010distenie a mas\u00e1\u017e va\u0161ich \u0161tvornoh\u00fdch mil\u00e1\u010dikov nebola nikdy jednoduch\u0161ia.","robots":{"index":"index","follow":"follow","max-snippet":"max-snippet:-1","max-image-preview":"max-image-preview:large","max-video-preview":"max-video-preview:-1"},"canonical":"https:\/\/www.vermikompostuj.cz\/sk\/produkt\/samoobsluzna-parna-masaz-hrebene-pre-macky-a-psy-3-v-1\/","og_locale":"sk_SK","og_type":"article","og_title":"Samo\u010distiaci parn\u00fd mas\u00e1\u017eny hrebe\u0148 pre ma\u010dky a psy - 3v1","og_description":"Hrebe\u0148 3v1 pre ma\u010dky a psy. Elektrick\u00e1 parn\u00e1 kefa USB je samo\u010distiaca. \u00daprava, \u010distenie a mas\u00e1\u017e va\u0161ich \u0161tvornoh\u00fdch mil\u00e1\u010dikov nebola nikdy jednoduch\u0161ia.","og_url":"https:\/\/www.vermikompostuj.cz\/sk\/produkt\/samoobsluzna-parna-masaz-hrebene-pre-macky-a-psy-3-v-1\/","og_site_name":"Vermikompostuj.cz","article_publisher":"https:\/\/www.facebook.com\/prodejkalifornskychzizal\/","article_modified_time":"2025-11-04T23:43:19+00:00","og_image":[{"url":"https:\/\/www.vermikompostuj.cz\/wp-content\/uploads\/2024\/01\/Naparovaci-kartac-pro-kocky-a-psy-300x300.webp","type":"","width":"","height":""}],"twitter_card":"summary_large_image","twitter_title":"Samo\u010distiaci parn\u00fd mas\u00e1\u017eny hrebe\u0148 pre ma\u010dky a psy - 3v1","twitter_image":"https:\/\/www.vermikompostuj.cz\/wp-content\/uploads\/2024\/01\/Naparovaci-kartac-pro-kocky-a-psy.webp","twitter_misc":{"Predpokladan\u00fd \u010das \u010d\u00edtania":"1 min\u00fata"},"schema":{"@context":"https:\/\/schema.org","@graph":[{"@type":"WebPage","@id":"https:\/\/www.vermikompostuj.cz\/sk\/produkt\/samoobsluzna-parna-masaz-hrebene-pre-macky-a-psy-3-v-1\/","url":"https:\/\/www.vermikompostuj.cz\/sk\/produkt\/samoobsluzna-parna-masaz-hrebene-pre-macky-a-psy-3-v-1\/","name":"Samo\u010distiaci parn\u00fd mas\u00e1\u017eny hrebe\u0148 pre ma\u010dky a psy - 3v1","isPartOf":{"@id":"https:\/\/www.vermikompostuj.cz\/sk\/cz\/#website"},"primaryImageOfPage":{"@id":"https:\/\/www.vermikompostuj.cz\/sk\/produkt\/samoobsluzna-parna-masaz-hrebene-pre-macky-a-psy-3-v-1\/#primaryimage"},"image":{"@id":"https:\/\/www.vermikompostuj.cz\/sk\/produkt\/samoobsluzna-parna-masaz-hrebene-pre-macky-a-psy-3-v-1\/#primaryimage"},"thumbnailUrl":"https:\/\/www.vermikompostuj.cz\/wp-content\/uploads\/2024\/01\/Naparovaci-kartac-pro-kocky-a-psy.webp","datePublished":"2024-01-22T19:12:03+00:00","dateModified":"2025-11-04T23:43:19+00:00","description":"Hrebe\u0148 3v1 pre ma\u010dky a psy. Elektrick\u00e1 parn\u00e1 kefa USB je samo\u010distiaca. \u00daprava, \u010distenie a mas\u00e1\u017e va\u0161ich \u0161tvornoh\u00fdch mil\u00e1\u010dikov nebola nikdy jednoduch\u0161ia.","breadcrumb":{"@id":"https:\/\/www.vermikompostuj.cz\/sk\/produkt\/samoobsluzna-parna-masaz-hrebene-pre-macky-a-psy-3-v-1\/#breadcrumb"},"inLanguage":"sk-SK","potentialAction":[{"@type":"ReadAction","target":["https:\/\/www.vermikompostuj.cz\/sk\/produkt\/samoobsluzna-parna-masaz-hrebene-pre-macky-a-psy-3-v-1\/"]}]},{"@type":"ImageObject","inLanguage":"sk-SK","@id":"https:\/\/www.vermikompostuj.cz\/sk\/produkt\/samoobsluzna-parna-masaz-hrebene-pre-macky-a-psy-3-v-1\/#primaryimage","url":"https:\/\/www.vermikompostuj.cz\/wp-content\/uploads\/2024\/01\/Naparovaci-kartac-pro-kocky-a-psy.webp","contentUrl":"https:\/\/www.vermikompostuj.cz\/wp-content\/uploads\/2024\/01\/Naparovaci-kartac-pro-kocky-a-psy.webp","width":800,"height":800,"caption":"Parn\u00fd hrebe\u0148 pre ma\u010dky a psy"},{"@type":"BreadcrumbList","@id":"https:\/\/www.vermikompostuj.cz\/sk\/produkt\/samoobsluzna-parna-masaz-hrebene-pre-macky-a-psy-3-v-1\/#breadcrumb","itemListElement":[{"@type":"ListItem","position":1,"name":"Dom\u016f","item":"https:\/\/www.vermikompostuj.cz\/sk\/shop-2\/"},{"@type":"ListItem","position":2,"name":"Shop","item":"https:\/\/www.vermikompostuj.cz\/sk\/shop-2\/"},{"@type":"ListItem","position":3,"name":"Samo\u010distiaci parn\u00fd mas\u00e1\u017eny hrebe\u0148 pre ma\u010dky a psy &#8211; 3v1"}]},{"@type":"WebSite","@id":"https:\/\/www.vermikompostuj.cz\/sk\/cz\/#website","url":"https:\/\/www.vermikompostuj.cz\/sk\/cz\/","name":"Vermikompostuj.cz-Prodej kalifornsk\u00fdch \u017e\u00ed\u017eal","description":"Prodej kalifornsk\u00fdch \u017e\u00ed\u017eal","publisher":{"@id":"https:\/\/www.vermikompostuj.cz\/sk\/cz\/#organization"},"potentialAction":[{"@type":"SearchAction","target":{"@type":"EntryPoint","urlTemplate":"https:\/\/www.vermikompostuj.cz\/sk\/cz\/?s={search_term_string}"},"query-input":{"@type":"PropertyValueSpecification","valueRequired":true,"valueName":"search_term_string"}}],"inLanguage":"sk-SK"},{"@type":"Organization","@id":"https:\/\/www.vermikompostuj.cz\/sk\/cz\/#organization","name":"Vermikompostuj.cz","url":"https:\/\/www.vermikompostuj.cz\/sk\/cz\/","logo":{"@type":"ImageObject","inLanguage":"sk-SK","@id":"https:\/\/www.vermikompostuj.cz\/sk\/cz\/#\/schema\/logo\/image\/","url":"https:\/\/www.vermikompostuj.cz\/wp-content\/uploads\/2020\/02\/8593932_001V-1.jpg","contentUrl":"https:\/\/www.vermikompostuj.cz\/wp-content\/uploads\/2020\/02\/8593932_001V-1.jpg","width":840,"height":558,"caption":"Vermikompostuj.cz"},"image":{"@id":"https:\/\/www.vermikompostuj.cz\/sk\/cz\/#\/schema\/logo\/image\/"},"sameAs":["https:\/\/www.facebook.com\/prodejkalifornskychzizal\/","https:\/\/www.instagram.com\/vermikompostuj.cz\/","https:\/\/cs.wikipedia.org\/wiki\/Vermikompost"]}]}},"_links":{"self":[{"href":"https:\/\/www.vermikompostuj.cz\/sk\/wp-json\/wp\/v2\/product\/20091","targetHints":{"allow":["GET"]}}],"collection":[{"href":"https:\/\/www.vermikompostuj.cz\/sk\/wp-json\/wp\/v2\/product"}],"about":[{"href":"https:\/\/www.vermikompostuj.cz\/sk\/wp-json\/wp\/v2\/types\/product"}],"version-history":[{"count":1,"href":"https:\/\/www.vermikompostuj.cz\/sk\/wp-json\/wp\/v2\/product\/20091\/revisions"}],"predecessor-version":[{"id":20097,"href":"https:\/\/www.vermikompostuj.cz\/sk\/wp-json\/wp\/v2\/product\/20091\/revisions\/20097"}],"wp:featuredmedia":[{"embeddable":true,"href":"https:\/\/www.vermikompostuj.cz\/sk\/wp-json\/wp\/v2\/media\/20081"}],"wp:attachment":[{"href":"https:\/\/www.vermikompostuj.cz\/sk\/wp-json\/wp\/v2\/media?parent=20091"}],"wp:term":[{"taxonomy":"product_brand","embeddable":true,"href":"https:\/\/www.vermikompostuj.cz\/sk\/wp-json\/wp\/v2\/product_brand?post=20091"},{"taxonomy":"product_cat","embeddable":true,"href":"https:\/\/www.vermikompostuj.cz\/sk\/wp-json\/wp\/v2\/product_cat?post=20091"},{"taxonomy":"product_tag","embeddable":true,"href":"https:\/\/www.vermikompostuj.cz\/sk\/wp-json\/wp\/v2\/product_tag?post=20091"}],"curies":[{"name":"wp","href":"https:\/\/api.w.org\/{rel}","templated":true}]}}