{"id":20118,"date":"2024-01-24T15:30:39","date_gmt":"2024-01-24T14:30:39","guid":{"rendered":"https:\/\/www.vermikompostuj.cz\/produkt\/vodotesna-pracovna-podlozka-pre-vnutorne-a-vonkajsie-zahradnictvo-66x66-cm\/"},"modified":"2024-01-24T15:33:34","modified_gmt":"2024-01-24T14:33:34","slug":"pad-tomatoes-gardening","status":"publish","type":"product","link":"https:\/\/www.vermikompostuj.cz\/sk\/produkt\/pad-tomatoes-gardening\/","title":{"rendered":"Vodotesn\u00e1 pracovn\u00e1 podlo\u017eka pre vn\u00fatorn\u00e9 a vonkaj\u0161ie z\u00e1hradn\u00edctvo 66&#215;66 cm"},"content":{"rendered":"<p>Objavte rados\u0165 z pestovania bez neporiadku s na\u0161ou z\u00e1zra\u010dnou <strong>podlo\u017ekou pre dom\u00e1ce a vonkaj\u0161ie z\u00e1hradn\u00edctvo!<\/strong><\/p>\n<p>Predstavte si, \u017ee m\u00f4\u017eete pres\u00e1dza\u0165, sia\u0165 a sadi\u0165 bez toho, aby ste museli po ka\u017edej \u010dinnosti \u010disti\u0165 zvy\u0161ky p\u00f4dy a semien. Na\u0161a podlo\u017eka je navrhnut\u00e1 tak, aby v\u00e1m poskytla dokonal\u00fd priestor na v\u0161etky va\u0161e z\u00e1hradn\u00e9 \u010dinnosti s maxim\u00e1lnym komfortom a minim\u00e1lnou n\u00e1mahou pri \u010disten\u00ed.<\/p>\n<p>Vodoodoln\u00fd materi\u00e1l zaru\u010duje, \u017ee sa na st\u00f4l alebo podlahu nedostane voda ani zemina, zatia\u013e \u010do pru\u017en\u00e9 okraje poskytuj\u00fa potrebn\u00fa flexibilitu na jednoduch\u00fa manipul\u00e1ciu a ochranu pred ne\u017eiaducimi ne\u010distotami. V\u010faka svojej ide\u00e1lnej pracovnej ploche 50 \u00d7 50 cm v zlo\u017eenom stave a 66 \u00d7 66 cm v rozlo\u017eenom stave pon\u00faka dostatok priestoru na va\u0161e z\u00e1hradn\u00e9 projekty a z\u00e1rove\u0148 sa \u013eahko zmest\u00ed do v\u00e4\u010d\u0161iny priestorov. Ke\u010f ho nepotrebujete, sta\u010d\u00ed ho zlo\u017ei\u0165 a nezaberie v\u00e1m doma takmer \u017eiadne miesto.<\/p>\n<p>Dovo\u013ete zelen\u00e9mu raju vo va\u0161ej dom\u00e1cnosti prevzia\u0165 vl\u00e1du s na\u0161ou roho\u017eou, ktor\u00e1 v\u00e1m u\u0161etr\u00ed \u010das a n\u00e1mahu, ktor\u00e9 by ste inak museli vynalo\u017ei\u0165 na upratovanie. Vytvorte si vlastn\u00fd zelen\u00fd k\u00fatik s komfortom a \u010distotou, ktor\u00fa si zasl\u00fa\u017eite!<\/p>\n<h4><b>6 k\u013e\u00fa\u010dov\u00fdch v\u00fdhod podlo\u017eky Home Gardening Mat:<\/b><\/h4>\n<p>1. <b>\u010cistota na pracovisku<\/b>: Zabudnite na \u0161pinav\u00e9 podlahy a pracovn\u00e9 plochy po ka\u017edom z\u00e1hradn\u00edckom dobrodru\u017estve. S na\u0161ou podlo\u017ekou m\u00f4\u017eete \u013eahko a r\u00fdchlo udr\u017eiava\u0165 \u010distotu.<\/p>\n<p>2. <b>Vodotesn\u00fd materi\u00e1l<\/b>: u\u017e \u017eiadne obavy z rozliatej vody alebo p\u00f4dy. Na\u0161a roho\u017e ochr\u00e1ni va\u0161e povrchy a u\u013eah\u010d\u00ed \u010distenie.<\/p>\n<p>3. <b>Flexibiln\u00e9 a praktick\u00e9<\/b>: Pru\u017en\u00e9 okraje podlo\u017eky umo\u017e\u0148uj\u00fa jednoduch\u00e9 \u010distenie a premiest\u0148ovanie a z\u00e1rove\u0148 zabra\u0148uj\u00fa<\/p>\n<p>4. <b>Ide\u00e1lna ve\u013ekos\u0165 pracovnej plochy<\/b>: pracovn\u00e1 plocha s rozmermi 50 \u00d7 50 cm so zaoblen\u00fdmi okrajmi poskytuje dostatok priestoru na v\u0161etky va\u0161e z\u00e1hradn\u00edcke \u010dinnosti bez toho, aby zaberala pr\u00edli\u0161 ve\u013ea miesta.<\/p>\n<p>5. <b>Ide\u00e1lne<\/b> na pres\u00e1dzanie, jarn\u00fd v\u00fdsev, sadenie saden\u00edc a in\u00e9 z\u00e1hradn\u00edcke pr\u00e1ce, \u010di u\u017e ste za\u010diato\u010dn\u00edk alebo pokro\u010dil\u00fd z\u00e1hradn\u00edk.<\/p>\n<p>6. <strong>Skladovanie<\/strong>: podlo\u017eku mo\u017eno \u013eahko zlo\u017ei\u0165 do minim\u00e1lnej ve\u013ekosti, tak\u017ee v\u00e1m doma nezaberie takmer \u017eiadne miesto, ke\u010f ju nepotrebujete.<\/p>\n<h4>\u0160pecifik\u00e1cie<\/h4>\n<ul>\n<li>Materi\u00e1l: PE<\/li>\n<li>Farba: Zelen\u00e1<\/li>\n<li>Rozmery: 66&#215;66 cm<\/li>\n<li>Rozmery so zlo\u017een\u00fdmi okrajmi 50&#215;50 cm<\/li>\n<\/ul>\n<h4><strong>Odpor\u00fa\u010dania<\/strong><\/h4>\n<p>Vysk\u00fa\u0161ajte str\u00e1nku <em><br \/>\n  <strong><br \/>\n    <a href=\"https:\/\/www.vermikompostuj.cz\/produkt\/zahradni-mini-nacini-sada-3-kusu-lopaticka-rycek-hrabicky\/\">Mini sada z\u00e1hradn\u00e9ho n\u00e1radia<\/a><br \/>\n  <\/strong><br \/>\n<\/em>ktor\u00e9 s\u00fa skvel\u00e9 na starostlivos\u0165 o izbov\u00e9 rastliny a in\u00e9 rastliny v kvetin\u00e1\u010doch<\/p>\n","protected":false},"excerpt":{"rendered":"<p><strong>Vodeodoln\u00e1 pracovn\u00e1 podlo\u017eka s rozmermi 66 \u00d7 66 cm je<\/strong> <strong>vhodn\u00e1 na vn\u00fatorn\u00e9 aj vonkaj\u0161ie z\u00e1hradk\u00e1r\u010denie.<\/strong> Teraz m\u00f4\u017eete pres\u00e1dza\u0165 rastliny, stara\u0165 sa o ne, vysieva\u0165 semen\u00e1 alebo hnoji\u0165 kvetin\u00e1\u010de bez jedinej ne\u010distoty okolo seba. Je ve\u013emi praktick\u00e1, a to nielen v\u010faka svojmu materi\u00e1lu a pru\u017en\u00fdm okrajom. Ocen\u00edte aj jeho v\u0161estrannos\u0165, jednoduch\u00e9 skladovanie a predov\u0161etk\u00fdm praktickos\u0165.<\/p>\n<p>&nbsp;<\/p>\n","protected":false},"featured_media":20105,"template":"","meta":{"site-sidebar-layout":"default","site-content-layout":"default","ast-global-header-display":"","ast-main-header-display":"","ast-hfb-above-header-display":"","ast-hfb-below-header-display":"","ast-hfb-mobile-header-display":"","site-post-title":"","ast-breadcrumbs-content":"","ast-featured-img":"","footer-sml-layout":"","theme-transparent-header-meta":"default","adv-header-id-meta":"","stick-header-meta":"","header-above-stick-meta":"","header-main-stick-meta":"","header-below-stick-meta":""},"product_brand":[],"product_cat":[144,151,147,146],"product_tag":[159,180],"class_list":{"0":"post-20118","1":"product","2":"type-product","3":"status-publish","4":"has-post-thumbnail","6":"product_cat-zahrada-sk","7":"product_cat-pestovanie-rastlin","8":"product_cat-tipy-na-darceky","9":"product_cat-pre-deti","10":"product_tag-pestovanie-rastlin","11":"product_tag-zahrada-sk","12":"desktop-align-center","13":"tablet-align-center","14":"mobile-align-center","16":"first","17":"instock","18":"sale","19":"shipping-taxable","20":"purchasable","21":"product-type-simple"},"yoast_head":"<!-- This site is optimized with the Yoast SEO plugin v24.1 - https:\/\/yoast.com\/wordpress\/plugins\/seo\/ -->\n<title>Pracovn\u00e1 podlo\u017eka pre dom\u00e1ce z\u00e1hradn\u00edctvo 66x66 cm<\/title>\n<meta name=\"description\" content=\"Pracovn\u00e1 podlo\u017eka pre vn\u00fatorn\u00e9 a vonkaj\u0161ie z\u00e1hradn\u00edctvo 66x66 cm, vodotesn\u00e1 s pru\u017en\u00fdmi okrajmi. Teraz sa m\u00f4\u017eete o svoje kvety stara\u0165 v absol\u00fatnej \u010distote.\" \/>\n<meta name=\"robots\" content=\"index, follow, max-snippet:-1, max-image-preview:large, max-video-preview:-1\" \/>\n<link rel=\"canonical\" href=\"https:\/\/www.vermikompostuj.cz\/sk\/produkt\/pad-tomatoes-gardening\/\" \/>\n<meta property=\"og:locale\" content=\"sk_SK\" \/>\n<meta property=\"og:type\" content=\"article\" \/>\n<meta property=\"og:title\" content=\"Pracovn\u00e1 podlo\u017eka pre dom\u00e1ce z\u00e1hradn\u00edctvo 66x66 cm\" \/>\n<meta property=\"og:description\" content=\"Pracovn\u00e1 podlo\u017eka na z\u00e1hradk\u00e1r\u010denie v interi\u00e9ri a exteri\u00e9ri 66x66 cm, vodotesn\u00e1 s oh\u00fdbate\u013en\u00fdmi okrajmi. Teraz sa m\u00f4\u017eete o svoje kvety stara\u0165 v absol\u00fatnej \u010distote.\" \/>\n<meta property=\"og:url\" content=\"https:\/\/www.vermikompostuj.cz\/sk\/produkt\/pad-tomatoes-gardening\/\" \/>\n<meta property=\"og:site_name\" content=\"Vermikompostuj.cz\" \/>\n<meta property=\"article:publisher\" content=\"https:\/\/www.facebook.com\/prodejkalifornskychzizal\/\" \/>\n<meta property=\"article:modified_time\" content=\"2024-01-24T14:33:34+00:00\" \/>\n<meta property=\"og:image\" content=\"https:\/\/www.vermikompostuj.cz\/wp-content\/uploads\/2024\/01\/Podlozka-pro-domaci-zahradniceni-300x300.webp\" \/>\n<meta name=\"twitter:card\" content=\"summary_large_image\" \/>\n<meta name=\"twitter:description\" content=\"Pracovn\u00e1 podlo\u017eka na z\u00e1hradk\u00e1r\u010denie v interi\u00e9ri a exteri\u00e9ri 66x66 cm, vodotesn\u00e1 s oh\u00fdbate\u013en\u00fdmi okrajmi. Teraz sa m\u00f4\u017eete o svoje kvety stara\u0165 v absol\u00fatnej \u010distote.\" \/>\n<meta name=\"twitter:image\" content=\"https:\/\/www.vermikompostuj.cz\/wp-content\/uploads\/2024\/01\/Podlozka-pro-domaci-zahradniceni.webp\" \/>\n<meta name=\"twitter:label1\" content=\"Predpokladan\u00fd \u010das \u010d\u00edtania\" \/>\n\t<meta name=\"twitter:data1\" content=\"2 min\u00faty\" \/>\n<script type=\"application\/ld+json\" class=\"yoast-schema-graph\">{\"@context\":\"https:\/\/schema.org\",\"@graph\":[{\"@type\":\"WebPage\",\"@id\":\"https:\/\/www.vermikompostuj.cz\/sk\/produkt\/pad-tomatoes-gardening\/\",\"url\":\"https:\/\/www.vermikompostuj.cz\/sk\/produkt\/pad-tomatoes-gardening\/\",\"name\":\"Pracovn\u00e1 podlo\u017eka pre dom\u00e1ce z\u00e1hradn\u00edctvo 66x66 cm\",\"isPartOf\":{\"@id\":\"https:\/\/www.vermikompostuj.cz\/sk\/cz\/#website\"},\"primaryImageOfPage\":{\"@id\":\"https:\/\/www.vermikompostuj.cz\/sk\/produkt\/pad-tomatoes-gardening\/#primaryimage\"},\"image\":{\"@id\":\"https:\/\/www.vermikompostuj.cz\/sk\/produkt\/pad-tomatoes-gardening\/#primaryimage\"},\"thumbnailUrl\":\"https:\/\/www.vermikompostuj.cz\/wp-content\/uploads\/2024\/01\/Podlozka-pro-domaci-zahradniceni.webp\",\"datePublished\":\"2024-01-24T14:30:39+00:00\",\"dateModified\":\"2024-01-24T14:33:34+00:00\",\"description\":\"Pracovn\u00e1 podlo\u017eka pre vn\u00fatorn\u00e9 a vonkaj\u0161ie z\u00e1hradn\u00edctvo 66x66 cm, vodotesn\u00e1 s pru\u017en\u00fdmi okrajmi. Teraz sa m\u00f4\u017eete o svoje kvety stara\u0165 v absol\u00fatnej \u010distote.\",\"breadcrumb\":{\"@id\":\"https:\/\/www.vermikompostuj.cz\/sk\/produkt\/pad-tomatoes-gardening\/#breadcrumb\"},\"inLanguage\":\"sk-SK\",\"potentialAction\":[{\"@type\":\"ReadAction\",\"target\":[\"https:\/\/www.vermikompostuj.cz\/sk\/produkt\/pad-tomatoes-gardening\/\"]}]},{\"@type\":\"ImageObject\",\"inLanguage\":\"sk-SK\",\"@id\":\"https:\/\/www.vermikompostuj.cz\/sk\/produkt\/pad-tomatoes-gardening\/#primaryimage\",\"url\":\"https:\/\/www.vermikompostuj.cz\/wp-content\/uploads\/2024\/01\/Podlozka-pro-domaci-zahradniceni.webp\",\"contentUrl\":\"https:\/\/www.vermikompostuj.cz\/wp-content\/uploads\/2024\/01\/Podlozka-pro-domaci-zahradniceni.webp\",\"width\":800,\"height\":800,\"caption\":\"Podlo\u017eka pre dom\u00e1ce z\u00e1hradn\u00edctvo\"},{\"@type\":\"BreadcrumbList\",\"@id\":\"https:\/\/www.vermikompostuj.cz\/sk\/produkt\/pad-tomatoes-gardening\/#breadcrumb\",\"itemListElement\":[{\"@type\":\"ListItem\",\"position\":1,\"name\":\"Dom\u016f\",\"item\":\"https:\/\/www.vermikompostuj.cz\/sk\/shop-2\/\"},{\"@type\":\"ListItem\",\"position\":2,\"name\":\"Shop\",\"item\":\"https:\/\/www.vermikompostuj.cz\/sk\/shop-2\/\"},{\"@type\":\"ListItem\",\"position\":3,\"name\":\"Vodotesn\u00e1 pracovn\u00e1 podlo\u017eka pre vn\u00fatorn\u00e9 a vonkaj\u0161ie z\u00e1hradn\u00edctvo 66&#215;66 cm\"}]},{\"@type\":\"WebSite\",\"@id\":\"https:\/\/www.vermikompostuj.cz\/sk\/cz\/#website\",\"url\":\"https:\/\/www.vermikompostuj.cz\/sk\/cz\/\",\"name\":\"Vermikompostuj.cz-Prodej kalifornsk\u00fdch \u017e\u00ed\u017eal\",\"description\":\"Prodej kalifornsk\u00fdch \u017e\u00ed\u017eal\",\"publisher\":{\"@id\":\"https:\/\/www.vermikompostuj.cz\/sk\/cz\/#organization\"},\"potentialAction\":[{\"@type\":\"SearchAction\",\"target\":{\"@type\":\"EntryPoint\",\"urlTemplate\":\"https:\/\/www.vermikompostuj.cz\/sk\/cz\/?s={search_term_string}\"},\"query-input\":{\"@type\":\"PropertyValueSpecification\",\"valueRequired\":true,\"valueName\":\"search_term_string\"}}],\"inLanguage\":\"sk-SK\"},{\"@type\":\"Organization\",\"@id\":\"https:\/\/www.vermikompostuj.cz\/sk\/cz\/#organization\",\"name\":\"Vermikompostuj.cz\",\"url\":\"https:\/\/www.vermikompostuj.cz\/sk\/cz\/\",\"logo\":{\"@type\":\"ImageObject\",\"inLanguage\":\"sk-SK\",\"@id\":\"https:\/\/www.vermikompostuj.cz\/sk\/cz\/#\/schema\/logo\/image\/\",\"url\":\"https:\/\/www.vermikompostuj.cz\/wp-content\/uploads\/2020\/02\/8593932_001V-1.jpg\",\"contentUrl\":\"https:\/\/www.vermikompostuj.cz\/wp-content\/uploads\/2020\/02\/8593932_001V-1.jpg\",\"width\":840,\"height\":558,\"caption\":\"Vermikompostuj.cz\"},\"image\":{\"@id\":\"https:\/\/www.vermikompostuj.cz\/sk\/cz\/#\/schema\/logo\/image\/\"},\"sameAs\":[\"https:\/\/www.facebook.com\/prodejkalifornskychzizal\/\",\"https:\/\/www.instagram.com\/vermikompostuj.cz\/\",\"https:\/\/cs.wikipedia.org\/wiki\/Vermikompost\"]}]}<\/script>\n<!-- \/ Yoast SEO plugin. -->","yoast_head_json":{"title":"Pracovn\u00e1 podlo\u017eka pre dom\u00e1ce z\u00e1hradn\u00edctvo 66x66 cm","description":"Pracovn\u00e1 podlo\u017eka pre vn\u00fatorn\u00e9 a vonkaj\u0161ie z\u00e1hradn\u00edctvo 66x66 cm, vodotesn\u00e1 s pru\u017en\u00fdmi okrajmi. Teraz sa m\u00f4\u017eete o svoje kvety stara\u0165 v absol\u00fatnej \u010distote.","robots":{"index":"index","follow":"follow","max-snippet":"max-snippet:-1","max-image-preview":"max-image-preview:large","max-video-preview":"max-video-preview:-1"},"canonical":"https:\/\/www.vermikompostuj.cz\/sk\/produkt\/pad-tomatoes-gardening\/","og_locale":"sk_SK","og_type":"article","og_title":"Pracovn\u00e1 podlo\u017eka pre dom\u00e1ce z\u00e1hradn\u00edctvo 66x66 cm","og_description":"Pracovn\u00e1 podlo\u017eka na z\u00e1hradk\u00e1r\u010denie v interi\u00e9ri a exteri\u00e9ri 66x66 cm, vodotesn\u00e1 s oh\u00fdbate\u013en\u00fdmi okrajmi. Teraz sa m\u00f4\u017eete o svoje kvety stara\u0165 v absol\u00fatnej \u010distote.","og_url":"https:\/\/www.vermikompostuj.cz\/sk\/produkt\/pad-tomatoes-gardening\/","og_site_name":"Vermikompostuj.cz","article_publisher":"https:\/\/www.facebook.com\/prodejkalifornskychzizal\/","article_modified_time":"2024-01-24T14:33:34+00:00","og_image":[{"url":"https:\/\/www.vermikompostuj.cz\/wp-content\/uploads\/2024\/01\/Podlozka-pro-domaci-zahradniceni-300x300.webp","type":"","width":"","height":""}],"twitter_card":"summary_large_image","twitter_description":"Pracovn\u00e1 podlo\u017eka na z\u00e1hradk\u00e1r\u010denie v interi\u00e9ri a exteri\u00e9ri 66x66 cm, vodotesn\u00e1 s oh\u00fdbate\u013en\u00fdmi okrajmi. Teraz sa m\u00f4\u017eete o svoje kvety stara\u0165 v absol\u00fatnej \u010distote.","twitter_image":"https:\/\/www.vermikompostuj.cz\/wp-content\/uploads\/2024\/01\/Podlozka-pro-domaci-zahradniceni.webp","twitter_misc":{"Predpokladan\u00fd \u010das \u010d\u00edtania":"2 min\u00faty"},"schema":{"@context":"https:\/\/schema.org","@graph":[{"@type":"WebPage","@id":"https:\/\/www.vermikompostuj.cz\/sk\/produkt\/pad-tomatoes-gardening\/","url":"https:\/\/www.vermikompostuj.cz\/sk\/produkt\/pad-tomatoes-gardening\/","name":"Pracovn\u00e1 podlo\u017eka pre dom\u00e1ce z\u00e1hradn\u00edctvo 66x66 cm","isPartOf":{"@id":"https:\/\/www.vermikompostuj.cz\/sk\/cz\/#website"},"primaryImageOfPage":{"@id":"https:\/\/www.vermikompostuj.cz\/sk\/produkt\/pad-tomatoes-gardening\/#primaryimage"},"image":{"@id":"https:\/\/www.vermikompostuj.cz\/sk\/produkt\/pad-tomatoes-gardening\/#primaryimage"},"thumbnailUrl":"https:\/\/www.vermikompostuj.cz\/wp-content\/uploads\/2024\/01\/Podlozka-pro-domaci-zahradniceni.webp","datePublished":"2024-01-24T14:30:39+00:00","dateModified":"2024-01-24T14:33:34+00:00","description":"Pracovn\u00e1 podlo\u017eka pre vn\u00fatorn\u00e9 a vonkaj\u0161ie z\u00e1hradn\u00edctvo 66x66 cm, vodotesn\u00e1 s pru\u017en\u00fdmi okrajmi. Teraz sa m\u00f4\u017eete o svoje kvety stara\u0165 v absol\u00fatnej \u010distote.","breadcrumb":{"@id":"https:\/\/www.vermikompostuj.cz\/sk\/produkt\/pad-tomatoes-gardening\/#breadcrumb"},"inLanguage":"sk-SK","potentialAction":[{"@type":"ReadAction","target":["https:\/\/www.vermikompostuj.cz\/sk\/produkt\/pad-tomatoes-gardening\/"]}]},{"@type":"ImageObject","inLanguage":"sk-SK","@id":"https:\/\/www.vermikompostuj.cz\/sk\/produkt\/pad-tomatoes-gardening\/#primaryimage","url":"https:\/\/www.vermikompostuj.cz\/wp-content\/uploads\/2024\/01\/Podlozka-pro-domaci-zahradniceni.webp","contentUrl":"https:\/\/www.vermikompostuj.cz\/wp-content\/uploads\/2024\/01\/Podlozka-pro-domaci-zahradniceni.webp","width":800,"height":800,"caption":"Podlo\u017eka pre dom\u00e1ce z\u00e1hradn\u00edctvo"},{"@type":"BreadcrumbList","@id":"https:\/\/www.vermikompostuj.cz\/sk\/produkt\/pad-tomatoes-gardening\/#breadcrumb","itemListElement":[{"@type":"ListItem","position":1,"name":"Dom\u016f","item":"https:\/\/www.vermikompostuj.cz\/sk\/shop-2\/"},{"@type":"ListItem","position":2,"name":"Shop","item":"https:\/\/www.vermikompostuj.cz\/sk\/shop-2\/"},{"@type":"ListItem","position":3,"name":"Vodotesn\u00e1 pracovn\u00e1 podlo\u017eka pre vn\u00fatorn\u00e9 a vonkaj\u0161ie z\u00e1hradn\u00edctvo 66&#215;66 cm"}]},{"@type":"WebSite","@id":"https:\/\/www.vermikompostuj.cz\/sk\/cz\/#website","url":"https:\/\/www.vermikompostuj.cz\/sk\/cz\/","name":"Vermikompostuj.cz-Prodej kalifornsk\u00fdch \u017e\u00ed\u017eal","description":"Prodej kalifornsk\u00fdch \u017e\u00ed\u017eal","publisher":{"@id":"https:\/\/www.vermikompostuj.cz\/sk\/cz\/#organization"},"potentialAction":[{"@type":"SearchAction","target":{"@type":"EntryPoint","urlTemplate":"https:\/\/www.vermikompostuj.cz\/sk\/cz\/?s={search_term_string}"},"query-input":{"@type":"PropertyValueSpecification","valueRequired":true,"valueName":"search_term_string"}}],"inLanguage":"sk-SK"},{"@type":"Organization","@id":"https:\/\/www.vermikompostuj.cz\/sk\/cz\/#organization","name":"Vermikompostuj.cz","url":"https:\/\/www.vermikompostuj.cz\/sk\/cz\/","logo":{"@type":"ImageObject","inLanguage":"sk-SK","@id":"https:\/\/www.vermikompostuj.cz\/sk\/cz\/#\/schema\/logo\/image\/","url":"https:\/\/www.vermikompostuj.cz\/wp-content\/uploads\/2020\/02\/8593932_001V-1.jpg","contentUrl":"https:\/\/www.vermikompostuj.cz\/wp-content\/uploads\/2020\/02\/8593932_001V-1.jpg","width":840,"height":558,"caption":"Vermikompostuj.cz"},"image":{"@id":"https:\/\/www.vermikompostuj.cz\/sk\/cz\/#\/schema\/logo\/image\/"},"sameAs":["https:\/\/www.facebook.com\/prodejkalifornskychzizal\/","https:\/\/www.instagram.com\/vermikompostuj.cz\/","https:\/\/cs.wikipedia.org\/wiki\/Vermikompost"]}]}},"_links":{"self":[{"href":"https:\/\/www.vermikompostuj.cz\/sk\/wp-json\/wp\/v2\/product\/20118","targetHints":{"allow":["GET"]}}],"collection":[{"href":"https:\/\/www.vermikompostuj.cz\/sk\/wp-json\/wp\/v2\/product"}],"about":[{"href":"https:\/\/www.vermikompostuj.cz\/sk\/wp-json\/wp\/v2\/types\/product"}],"version-history":[{"count":1,"href":"https:\/\/www.vermikompostuj.cz\/sk\/wp-json\/wp\/v2\/product\/20118\/revisions"}],"predecessor-version":[{"id":20120,"href":"https:\/\/www.vermikompostuj.cz\/sk\/wp-json\/wp\/v2\/product\/20118\/revisions\/20120"}],"wp:featuredmedia":[{"embeddable":true,"href":"https:\/\/www.vermikompostuj.cz\/sk\/wp-json\/wp\/v2\/media\/20105"}],"wp:attachment":[{"href":"https:\/\/www.vermikompostuj.cz\/sk\/wp-json\/wp\/v2\/media?parent=20118"}],"wp:term":[{"taxonomy":"product_brand","embeddable":true,"href":"https:\/\/www.vermikompostuj.cz\/sk\/wp-json\/wp\/v2\/product_brand?post=20118"},{"taxonomy":"product_cat","embeddable":true,"href":"https:\/\/www.vermikompostuj.cz\/sk\/wp-json\/wp\/v2\/product_cat?post=20118"},{"taxonomy":"product_tag","embeddable":true,"href":"https:\/\/www.vermikompostuj.cz\/sk\/wp-json\/wp\/v2\/product_tag?post=20118"}],"curies":[{"name":"wp","href":"https:\/\/api.w.org\/{rel}","templated":true}]}}