{"id":20160,"date":"2024-01-26T11:43:51","date_gmt":"2024-01-26T10:43:51","guid":{"rendered":"https:\/\/www.vermikompostuj.cz\/produkt\/nahradna-filtracna-textilia-vermicomposter-economy-sada-3-ks\/"},"modified":"2024-01-26T11:44:09","modified_gmt":"2024-01-26T10:44:09","slug":"nahradny-filter-textilny-vermikomposter-ekonomicka-sada-3-kusy","status":"publish","type":"product","link":"https:\/\/www.vermikompostuj.cz\/sk\/produkt\/nahradny-filter-textilny-vermikomposter-ekonomicka-sada-3-kusy\/","title":{"rendered":"N\u00e1hradn\u00e1 filtra\u010dn\u00e1 text\u00edlia &#8211; Vermicomposter Economy &#8211; sada 3 ks"},"content":{"rendered":"<h4>\u0160pecifik\u00e1cie produktu:<\/h4>\n<ul>\n<li>Balenie obsahuje: 3 kusy filtra\u010dnej tkaniny pre vermikompost\u00e9r Economy<\/li>\n<li>Rozmery: 24,5 x 24,5 cm<\/li>\n<li>Farba biela<\/li>\n<\/ul>\n<p>&nbsp;<\/p>\n<p><strong>Nem\u00e1te e\u0161te vermikomputer<\/strong>? Potom si pozrite <a href=\"https:\/\/www.vermikompostuj.cz\/kategorie-produktu\/vermikompostovani-2\/kompostery\/\">n\u00e1\u0161 sortiment vermikompost\u00e9rov<\/a> a v\u0161etko, \u010do potrebujete na chov kalifornsk\u00fdch d\u00e1\u017e\u010foviek.<\/p>\n","protected":false},"excerpt":{"rendered":"<p><strong>Sada 3 n\u00e1hradn\u00fdch filtra\u010dn\u00fdch tkan\u00edn pre v\u00e1\u0161 vermikompost\u00e9r Economy od Plastie<\/strong>. Ucp\u00e1va sa filter na dne v\u00e1\u0161ho vermikompost\u00e9ra? Je p\u00f4da vo vn\u00fatri pr\u00edli\u0161 vlhk\u00e1? Alebo chcete za\u010da\u0165 s chovom od za\u010diatku alebo sa v\u00e1m roztrhla filtra\u010dn\u00e1 tkanina? Potom je tento produkt ur\u010den\u00fd pre v\u00e1s.<\/p>\n","protected":false},"featured_media":20154,"template":"","meta":{"site-sidebar-layout":"default","site-content-layout":"default","ast-global-header-display":"","ast-main-header-display":"","ast-hfb-above-header-display":"","ast-hfb-below-header-display":"","ast-hfb-mobile-header-display":"","site-post-title":"","ast-breadcrumbs-content":"","ast-featured-img":"","footer-sml-layout":"","theme-transparent-header-meta":"default","adv-header-id-meta":"","stick-header-meta":"","header-above-stick-meta":"","header-main-stick-meta":"","header-below-stick-meta":""},"product_brand":[],"product_cat":[145,169,147],"product_tag":[],"class_list":{"0":"post-20160","1":"product","2":"type-product","3":"status-publish","4":"has-post-thumbnail","6":"product_cat-vsetko-pre-vermikompostovanie","7":"product_cat-kompostery-sk","8":"product_cat-tipy-na-darceky","9":"desktop-align-center","10":"tablet-align-center","11":"mobile-align-center","13":"first","14":"instock","15":"shipping-taxable","16":"purchasable","17":"product-type-simple"},"yoast_head":"<!-- This site is optimized with the Yoast SEO plugin v24.1 - https:\/\/yoast.com\/wordpress\/plugins\/seo\/ -->\n<title>N\u00e1hradn\u00e1 filtra\u010dn\u00e1 text\u00edlia - Vermicomposter Economy - sada 3 ks<\/title>\n<meta name=\"description\" content=\"N\u00e1hradn\u00e1 filtra\u010dn\u00e1 tkanina pre vermikompost\u00e9r Economy od spolo\u010dnosti Plastia - sada obsahuje 3 ks. Vhodn\u00e9, ak znovu in\u0161talujete vermikompost\u00e9r alebo ak je upchat\u00fd\" \/>\n<meta name=\"robots\" content=\"index, follow, max-snippet:-1, max-image-preview:large, max-video-preview:-1\" \/>\n<link rel=\"canonical\" href=\"https:\/\/www.vermikompostuj.cz\/sk\/produkt\/nahradny-filter-textilny-vermikomposter-ekonomicka-sada-3-kusy\/\" \/>\n<meta property=\"og:locale\" content=\"sk_SK\" \/>\n<meta property=\"og:type\" content=\"article\" \/>\n<meta property=\"og:title\" content=\"N\u00e1hradn\u00e1 filtra\u010dn\u00e1 text\u00edlia - Vermicomposter Economy - sada 3 ks\" \/>\n<meta property=\"og:description\" content=\"N\u00e1hradn\u00e1 filtra\u010dn\u00e1 tkanina pre vermikompost\u00e9r Economy od spolo\u010dnosti Plastia - sada obsahuje 3 ks. Ide\u00e1lne, ak znovu in\u0161talujete vermikompost\u00e9r alebo ak sa upch\u00e1.\" \/>\n<meta property=\"og:url\" content=\"https:\/\/www.vermikompostuj.cz\/sk\/produkt\/nahradny-filter-textilny-vermikomposter-ekonomicka-sada-3-kusy\/\" \/>\n<meta property=\"og:site_name\" content=\"Vermikompostuj.cz\" \/>\n<meta property=\"article:publisher\" content=\"https:\/\/www.facebook.com\/prodejkalifornskychzizal\/\" \/>\n<meta property=\"article:modified_time\" content=\"2024-01-26T10:44:09+00:00\" \/>\n<meta property=\"og:image\" content=\"https:\/\/www.vermikompostuj.cz\/wp-content\/uploads\/2024\/01\/Filtracni-textilie-Vermikomposter-Economy-set-3-ks.jpg\" \/>\n<meta name=\"twitter:card\" content=\"summary_large_image\" \/>\n<meta name=\"twitter:title\" content=\"N\u00e1hradn\u00e1 filtra\u010dn\u00e1 text\u00edlia - Vermicomposter Economy - sada 3 ks\" \/>\n<meta name=\"twitter:description\" content=\"N\u00e1hradn\u00e1 filtra\u010dn\u00e1 tkanina pre vermikompost\u00e9r Economy od spolo\u010dnosti Plastia - sada obsahuje 3 ks. Ide\u00e1lne, ak znovu in\u0161talujete vermikompost\u00e9r alebo ak sa upch\u00e1.\" \/>\n<meta name=\"twitter:image\" content=\"https:\/\/www.vermikompostuj.cz\/wp-content\/uploads\/2024\/01\/Filtracni-textilie-Vermikomposter-Economy-set-3-ks.jpg\" \/>\n<script type=\"application\/ld+json\" class=\"yoast-schema-graph\">{\"@context\":\"https:\/\/schema.org\",\"@graph\":[{\"@type\":\"WebPage\",\"@id\":\"https:\/\/www.vermikompostuj.cz\/sk\/produkt\/nahradny-filter-textilny-vermikomposter-ekonomicka-sada-3-kusy\/\",\"url\":\"https:\/\/www.vermikompostuj.cz\/sk\/produkt\/nahradny-filter-textilny-vermikomposter-ekonomicka-sada-3-kusy\/\",\"name\":\"N\u00e1hradn\u00e1 filtra\u010dn\u00e1 text\u00edlia - Vermicomposter Economy - sada 3 ks\",\"isPartOf\":{\"@id\":\"https:\/\/www.vermikompostuj.cz\/sk\/cz\/#website\"},\"primaryImageOfPage\":{\"@id\":\"https:\/\/www.vermikompostuj.cz\/sk\/produkt\/nahradny-filter-textilny-vermikomposter-ekonomicka-sada-3-kusy\/#primaryimage\"},\"image\":{\"@id\":\"https:\/\/www.vermikompostuj.cz\/sk\/produkt\/nahradny-filter-textilny-vermikomposter-ekonomicka-sada-3-kusy\/#primaryimage\"},\"thumbnailUrl\":\"https:\/\/www.vermikompostuj.cz\/wp-content\/uploads\/2024\/01\/Filtracni-textilie-Vermikomposter-Economy-set-3-ks.jpg\",\"datePublished\":\"2024-01-26T10:43:51+00:00\",\"dateModified\":\"2024-01-26T10:44:09+00:00\",\"description\":\"N\u00e1hradn\u00e1 filtra\u010dn\u00e1 tkanina pre vermikompost\u00e9r Economy od spolo\u010dnosti Plastia - sada obsahuje 3 ks. Vhodn\u00e9, ak znovu in\u0161talujete vermikompost\u00e9r alebo ak je upchat\u00fd\",\"breadcrumb\":{\"@id\":\"https:\/\/www.vermikompostuj.cz\/sk\/produkt\/nahradny-filter-textilny-vermikomposter-ekonomicka-sada-3-kusy\/#breadcrumb\"},\"inLanguage\":\"sk-SK\",\"potentialAction\":[{\"@type\":\"ReadAction\",\"target\":[\"https:\/\/www.vermikompostuj.cz\/sk\/produkt\/nahradny-filter-textilny-vermikomposter-ekonomicka-sada-3-kusy\/\"]}]},{\"@type\":\"ImageObject\",\"inLanguage\":\"sk-SK\",\"@id\":\"https:\/\/www.vermikompostuj.cz\/sk\/produkt\/nahradny-filter-textilny-vermikomposter-ekonomicka-sada-3-kusy\/#primaryimage\",\"url\":\"https:\/\/www.vermikompostuj.cz\/wp-content\/uploads\/2024\/01\/Filtracni-textilie-Vermikomposter-Economy-set-3-ks.jpg\",\"contentUrl\":\"https:\/\/www.vermikompostuj.cz\/wp-content\/uploads\/2024\/01\/Filtracni-textilie-Vermikomposter-Economy-set-3-ks.jpg\",\"width\":575,\"height\":431,\"caption\":\"Filtra\u010dn\u00e9 tkaniny - Vermicomposter Economy - sada 3 ks\"},{\"@type\":\"BreadcrumbList\",\"@id\":\"https:\/\/www.vermikompostuj.cz\/sk\/produkt\/nahradny-filter-textilny-vermikomposter-ekonomicka-sada-3-kusy\/#breadcrumb\",\"itemListElement\":[{\"@type\":\"ListItem\",\"position\":1,\"name\":\"Dom\u016f\",\"item\":\"https:\/\/www.vermikompostuj.cz\/sk\/shop-2\/\"},{\"@type\":\"ListItem\",\"position\":2,\"name\":\"Shop\",\"item\":\"https:\/\/www.vermikompostuj.cz\/sk\/shop-2\/\"},{\"@type\":\"ListItem\",\"position\":3,\"name\":\"N\u00e1hradn\u00e1 filtra\u010dn\u00e1 text\u00edlia &#8211; Vermicomposter Economy &#8211; sada 3 ks\"}]},{\"@type\":\"WebSite\",\"@id\":\"https:\/\/www.vermikompostuj.cz\/sk\/cz\/#website\",\"url\":\"https:\/\/www.vermikompostuj.cz\/sk\/cz\/\",\"name\":\"Vermikompostuj.cz-Prodej kalifornsk\u00fdch \u017e\u00ed\u017eal\",\"description\":\"Prodej kalifornsk\u00fdch \u017e\u00ed\u017eal\",\"publisher\":{\"@id\":\"https:\/\/www.vermikompostuj.cz\/sk\/cz\/#organization\"},\"potentialAction\":[{\"@type\":\"SearchAction\",\"target\":{\"@type\":\"EntryPoint\",\"urlTemplate\":\"https:\/\/www.vermikompostuj.cz\/sk\/cz\/?s={search_term_string}\"},\"query-input\":{\"@type\":\"PropertyValueSpecification\",\"valueRequired\":true,\"valueName\":\"search_term_string\"}}],\"inLanguage\":\"sk-SK\"},{\"@type\":\"Organization\",\"@id\":\"https:\/\/www.vermikompostuj.cz\/sk\/cz\/#organization\",\"name\":\"Vermikompostuj.cz\",\"url\":\"https:\/\/www.vermikompostuj.cz\/sk\/cz\/\",\"logo\":{\"@type\":\"ImageObject\",\"inLanguage\":\"sk-SK\",\"@id\":\"https:\/\/www.vermikompostuj.cz\/sk\/cz\/#\/schema\/logo\/image\/\",\"url\":\"https:\/\/www.vermikompostuj.cz\/wp-content\/uploads\/2020\/02\/8593932_001V-1.jpg\",\"contentUrl\":\"https:\/\/www.vermikompostuj.cz\/wp-content\/uploads\/2020\/02\/8593932_001V-1.jpg\",\"width\":840,\"height\":558,\"caption\":\"Vermikompostuj.cz\"},\"image\":{\"@id\":\"https:\/\/www.vermikompostuj.cz\/sk\/cz\/#\/schema\/logo\/image\/\"},\"sameAs\":[\"https:\/\/www.facebook.com\/prodejkalifornskychzizal\/\",\"https:\/\/www.instagram.com\/vermikompostuj.cz\/\",\"https:\/\/cs.wikipedia.org\/wiki\/Vermikompost\"]}]}<\/script>\n<!-- \/ Yoast SEO plugin. -->","yoast_head_json":{"title":"N\u00e1hradn\u00e1 filtra\u010dn\u00e1 text\u00edlia - Vermicomposter Economy - sada 3 ks","description":"N\u00e1hradn\u00e1 filtra\u010dn\u00e1 tkanina pre vermikompost\u00e9r Economy od spolo\u010dnosti Plastia - sada obsahuje 3 ks. Vhodn\u00e9, ak znovu in\u0161talujete vermikompost\u00e9r alebo ak je upchat\u00fd","robots":{"index":"index","follow":"follow","max-snippet":"max-snippet:-1","max-image-preview":"max-image-preview:large","max-video-preview":"max-video-preview:-1"},"canonical":"https:\/\/www.vermikompostuj.cz\/sk\/produkt\/nahradny-filter-textilny-vermikomposter-ekonomicka-sada-3-kusy\/","og_locale":"sk_SK","og_type":"article","og_title":"N\u00e1hradn\u00e1 filtra\u010dn\u00e1 text\u00edlia - Vermicomposter Economy - sada 3 ks","og_description":"N\u00e1hradn\u00e1 filtra\u010dn\u00e1 tkanina pre vermikompost\u00e9r Economy od spolo\u010dnosti Plastia - sada obsahuje 3 ks. Ide\u00e1lne, ak znovu in\u0161talujete vermikompost\u00e9r alebo ak sa upch\u00e1.","og_url":"https:\/\/www.vermikompostuj.cz\/sk\/produkt\/nahradny-filter-textilny-vermikomposter-ekonomicka-sada-3-kusy\/","og_site_name":"Vermikompostuj.cz","article_publisher":"https:\/\/www.facebook.com\/prodejkalifornskychzizal\/","article_modified_time":"2024-01-26T10:44:09+00:00","og_image":[{"url":"https:\/\/www.vermikompostuj.cz\/wp-content\/uploads\/2024\/01\/Filtracni-textilie-Vermikomposter-Economy-set-3-ks.jpg","type":"","width":"","height":""}],"twitter_card":"summary_large_image","twitter_title":"N\u00e1hradn\u00e1 filtra\u010dn\u00e1 text\u00edlia - Vermicomposter Economy - sada 3 ks","twitter_description":"N\u00e1hradn\u00e1 filtra\u010dn\u00e1 tkanina pre vermikompost\u00e9r Economy od spolo\u010dnosti Plastia - sada obsahuje 3 ks. Ide\u00e1lne, ak znovu in\u0161talujete vermikompost\u00e9r alebo ak sa upch\u00e1.","twitter_image":"https:\/\/www.vermikompostuj.cz\/wp-content\/uploads\/2024\/01\/Filtracni-textilie-Vermikomposter-Economy-set-3-ks.jpg","schema":{"@context":"https:\/\/schema.org","@graph":[{"@type":"WebPage","@id":"https:\/\/www.vermikompostuj.cz\/sk\/produkt\/nahradny-filter-textilny-vermikomposter-ekonomicka-sada-3-kusy\/","url":"https:\/\/www.vermikompostuj.cz\/sk\/produkt\/nahradny-filter-textilny-vermikomposter-ekonomicka-sada-3-kusy\/","name":"N\u00e1hradn\u00e1 filtra\u010dn\u00e1 text\u00edlia - Vermicomposter Economy - sada 3 ks","isPartOf":{"@id":"https:\/\/www.vermikompostuj.cz\/sk\/cz\/#website"},"primaryImageOfPage":{"@id":"https:\/\/www.vermikompostuj.cz\/sk\/produkt\/nahradny-filter-textilny-vermikomposter-ekonomicka-sada-3-kusy\/#primaryimage"},"image":{"@id":"https:\/\/www.vermikompostuj.cz\/sk\/produkt\/nahradny-filter-textilny-vermikomposter-ekonomicka-sada-3-kusy\/#primaryimage"},"thumbnailUrl":"https:\/\/www.vermikompostuj.cz\/wp-content\/uploads\/2024\/01\/Filtracni-textilie-Vermikomposter-Economy-set-3-ks.jpg","datePublished":"2024-01-26T10:43:51+00:00","dateModified":"2024-01-26T10:44:09+00:00","description":"N\u00e1hradn\u00e1 filtra\u010dn\u00e1 tkanina pre vermikompost\u00e9r Economy od spolo\u010dnosti Plastia - sada obsahuje 3 ks. Vhodn\u00e9, ak znovu in\u0161talujete vermikompost\u00e9r alebo ak je upchat\u00fd","breadcrumb":{"@id":"https:\/\/www.vermikompostuj.cz\/sk\/produkt\/nahradny-filter-textilny-vermikomposter-ekonomicka-sada-3-kusy\/#breadcrumb"},"inLanguage":"sk-SK","potentialAction":[{"@type":"ReadAction","target":["https:\/\/www.vermikompostuj.cz\/sk\/produkt\/nahradny-filter-textilny-vermikomposter-ekonomicka-sada-3-kusy\/"]}]},{"@type":"ImageObject","inLanguage":"sk-SK","@id":"https:\/\/www.vermikompostuj.cz\/sk\/produkt\/nahradny-filter-textilny-vermikomposter-ekonomicka-sada-3-kusy\/#primaryimage","url":"https:\/\/www.vermikompostuj.cz\/wp-content\/uploads\/2024\/01\/Filtracni-textilie-Vermikomposter-Economy-set-3-ks.jpg","contentUrl":"https:\/\/www.vermikompostuj.cz\/wp-content\/uploads\/2024\/01\/Filtracni-textilie-Vermikomposter-Economy-set-3-ks.jpg","width":575,"height":431,"caption":"Filtra\u010dn\u00e9 tkaniny - Vermicomposter Economy - sada 3 ks"},{"@type":"BreadcrumbList","@id":"https:\/\/www.vermikompostuj.cz\/sk\/produkt\/nahradny-filter-textilny-vermikomposter-ekonomicka-sada-3-kusy\/#breadcrumb","itemListElement":[{"@type":"ListItem","position":1,"name":"Dom\u016f","item":"https:\/\/www.vermikompostuj.cz\/sk\/shop-2\/"},{"@type":"ListItem","position":2,"name":"Shop","item":"https:\/\/www.vermikompostuj.cz\/sk\/shop-2\/"},{"@type":"ListItem","position":3,"name":"N\u00e1hradn\u00e1 filtra\u010dn\u00e1 text\u00edlia &#8211; Vermicomposter Economy &#8211; sada 3 ks"}]},{"@type":"WebSite","@id":"https:\/\/www.vermikompostuj.cz\/sk\/cz\/#website","url":"https:\/\/www.vermikompostuj.cz\/sk\/cz\/","name":"Vermikompostuj.cz-Prodej kalifornsk\u00fdch \u017e\u00ed\u017eal","description":"Prodej kalifornsk\u00fdch \u017e\u00ed\u017eal","publisher":{"@id":"https:\/\/www.vermikompostuj.cz\/sk\/cz\/#organization"},"potentialAction":[{"@type":"SearchAction","target":{"@type":"EntryPoint","urlTemplate":"https:\/\/www.vermikompostuj.cz\/sk\/cz\/?s={search_term_string}"},"query-input":{"@type":"PropertyValueSpecification","valueRequired":true,"valueName":"search_term_string"}}],"inLanguage":"sk-SK"},{"@type":"Organization","@id":"https:\/\/www.vermikompostuj.cz\/sk\/cz\/#organization","name":"Vermikompostuj.cz","url":"https:\/\/www.vermikompostuj.cz\/sk\/cz\/","logo":{"@type":"ImageObject","inLanguage":"sk-SK","@id":"https:\/\/www.vermikompostuj.cz\/sk\/cz\/#\/schema\/logo\/image\/","url":"https:\/\/www.vermikompostuj.cz\/wp-content\/uploads\/2020\/02\/8593932_001V-1.jpg","contentUrl":"https:\/\/www.vermikompostuj.cz\/wp-content\/uploads\/2020\/02\/8593932_001V-1.jpg","width":840,"height":558,"caption":"Vermikompostuj.cz"},"image":{"@id":"https:\/\/www.vermikompostuj.cz\/sk\/cz\/#\/schema\/logo\/image\/"},"sameAs":["https:\/\/www.facebook.com\/prodejkalifornskychzizal\/","https:\/\/www.instagram.com\/vermikompostuj.cz\/","https:\/\/cs.wikipedia.org\/wiki\/Vermikompost"]}]}},"_links":{"self":[{"href":"https:\/\/www.vermikompostuj.cz\/sk\/wp-json\/wp\/v2\/product\/20160","targetHints":{"allow":["GET"]}}],"collection":[{"href":"https:\/\/www.vermikompostuj.cz\/sk\/wp-json\/wp\/v2\/product"}],"about":[{"href":"https:\/\/www.vermikompostuj.cz\/sk\/wp-json\/wp\/v2\/types\/product"}],"version-history":[{"count":1,"href":"https:\/\/www.vermikompostuj.cz\/sk\/wp-json\/wp\/v2\/product\/20160\/revisions"}],"predecessor-version":[{"id":20161,"href":"https:\/\/www.vermikompostuj.cz\/sk\/wp-json\/wp\/v2\/product\/20160\/revisions\/20161"}],"wp:featuredmedia":[{"embeddable":true,"href":"https:\/\/www.vermikompostuj.cz\/sk\/wp-json\/wp\/v2\/media\/20154"}],"wp:attachment":[{"href":"https:\/\/www.vermikompostuj.cz\/sk\/wp-json\/wp\/v2\/media?parent=20160"}],"wp:term":[{"taxonomy":"product_brand","embeddable":true,"href":"https:\/\/www.vermikompostuj.cz\/sk\/wp-json\/wp\/v2\/product_brand?post=20160"},{"taxonomy":"product_cat","embeddable":true,"href":"https:\/\/www.vermikompostuj.cz\/sk\/wp-json\/wp\/v2\/product_cat?post=20160"},{"taxonomy":"product_tag","embeddable":true,"href":"https:\/\/www.vermikompostuj.cz\/sk\/wp-json\/wp\/v2\/product_tag?post=20160"}],"curies":[{"name":"wp","href":"https:\/\/api.w.org\/{rel}","templated":true}]}}